{"id":116,"date":"2017-08-17T17:28:30","date_gmt":"2017-08-17T17:28:30","guid":{"rendered":"https:\/\/playwrights.ca?page_id=116"},"modified":"2021-10-13T11:03:14","modified_gmt":"2021-10-13T15:03:14","slug":"interdisciplinary-writers-lab","status":"publish","type":"page","link":"https:\/\/www.playwrights.ca\/fr\/residencies-programming\/interdisciplinary-writers-lab\/","title":{"rendered":"Laboratoire d\u2019\u00e9criture interdisciplinaire"},"content":{"rendered":"<p>Le Laboratoire d\u2019\u00e9criture interdisciplinaire est un groupe d\u2019artistes aux pratiques diverses qui travaillent ensemble sur un m\u00eame projet pendant l\u2019enti\u00e8re dur\u00e9e du laboratoire. Sous la direction de la dramaturge Sarah Elkashef, le laboratoire est con\u00e7u pour favoriser la pollinisation crois\u00e9e des id\u00e9es relatives \u00e0 la cr\u00e9ation et au d\u00e9veloppement et pour stimuler la collaboration interdisciplinaire. Les membres du laboratoire se rassemblent toutes les six semaines pour partager leur travail et leurs commentaires, ainsi que dans le cadre d\u2019ateliers individuels de dramaturgie et d\u2019exploration au fur et \u00e0 mesure que les \u0153uvres \u00e9voluent.<\/p>\n\n\n\n<p>Les disciplines incluses dans le laboratoire par le pass\u00e9 comptent les arts visuels, le cirque, les arts de la sc\u00e8ne, le th\u00e9\u00e2tre, les marionnettes, la danse, l\u2019animation et l\u2019astrophysique.<\/p>\n\n\n\n<div class=\"wp-block-image\"><figure class=\"aligncenter size-large\"><img loading=\"lazy\" decoding=\"async\" width=\"1024\" height=\"684\" src=\"https:\/\/www.playwrights.ca\/wp-content\/uploads\/2018\/11\/DSC_7072-1024x684.jpg\" alt=\"High Z\" class=\"wp-image-3513\" srcset=\"https:\/\/www.playwrights.ca\/wp-content\/uploads\/2018\/11\/DSC_7072-1024x684.jpg 1024w, https:\/\/www.playwrights.ca\/wp-content\/uploads\/2018\/11\/DSC_7072-300x200.jpg 300w, https:\/\/www.playwrights.ca\/wp-content\/uploads\/2018\/11\/DSC_7072-768x513.jpg 768w, https:\/\/www.playwrights.ca\/wp-content\/uploads\/2018\/11\/DSC_7072.jpg 1600w\" sizes=\"auto, (max-width: 706px) 89vw, (max-width: 767px) 82vw, 740px\" \/><\/figure><\/div>\n\n\n\n<h2 class=\"wp-block-heading\"><a href=\"https:\/\/www.playwrights.ca\/fr\/2019\/10\/31\/announcing-the-participants-interdisciplinary-writers-lab\/\">Click here to learn more about the 2019-2022 Lab Participants<\/a><\/h2>\n\n\n\n<h3 class=\"wp-block-heading\">Les Laboratoires d\u2019\u00e9criture interdisciplinaires pr\u00e9c\u00e9dents :<\/h3>\n\n\n\n<h4 class=\"wp-block-heading\"><span style=\"color: #2f0bc3;\">2017-2019<\/span><\/h4>\n\n\n\n<ul class=\"wp-block-list\"><li>Jonathan Garfinkel<\/li><li>Nadia Myre<\/li><li>Jesse Orr<\/li><li>Thea Patterson<\/li><\/ul>\n\n\n\n<h4 class=\"wp-block-heading\"><span style=\"color: #2f0bc3;\">2014-2016<\/span><\/h4>\n\n\n\n<ul class=\"wp-block-list\"><li>Leslie Baker &amp; Emma Tibaldo<\/li><li>Kerri Flannigan<\/li><li>Krin Haglund<\/li><li>Emilie Monnet<\/li><li>Na\u00efma Kristel Phillips<\/li><li>Karen Elaine Spencer<\/li><\/ul>\n\n\n\n<article class=\"donate\">\n<h2 class=\"messy stronger\">Soutenez la recherche artistique.<\/h2>\n<h6 id=\"white-hover\" class=\"click\"><a class=\"blanc\" href=\"https:\/\/www.playwrights.ca\/fr\/donate\/\">Donnez maintenant<\/a><\/h6>\n<\/article>","protected":false},"excerpt":{"rendered":"<p>The Interdisciplinary Writers\u2019 Lab is a group of artists with diverse practices each working on a single project for the duration of the Lab. Curated and led by dramaturg Sarah Elkashef, the Lab is designed to cross-pollinate ideas around creation and development and to foster collaboration across disciplines. The Lab meets every six weeks to &hellip; <\/p>\n<p class=\"link-more\"><a href=\"https:\/\/www.playwrights.ca\/fr\/residencies-programming\/interdisciplinary-writers-lab\/\" class=\"more-link\">Continuer la lecture<span class=\"screen-reader-text\"> de &laquo; Interdisciplinary Writers&#8217; Lab &raquo;<\/span><\/a><\/p>","protected":false},"author":14,"featured_media":4702,"parent":114,"menu_order":0,"comment_status":"closed","ping_status":"closed","template":"","meta":{"inline_featured_image":false,"ub_ctt_via":"","_exactmetrics_skip_tracking":false,"_exactmetrics_sitenote_active":false,"_exactmetrics_sitenote_note":"","_exactmetrics_sitenote_category":0,"footnotes":""},"class_list":["post-116","page","type-page","status-publish","has-post-thumbnail","hentry"],"featured_image_src":"https:\/\/www.playwrights.ca\/wp-content\/uploads\/2019\/03\/Interdisciplinary-Writers\u2019-Lab_web-header.png","yoast_head":"<!-- This site is optimized with the Yoast SEO plugin v15.0 - https:\/\/yoast.com\/wordpress\/plugins\/seo\/ -->\n<title>Interdisciplinary Writers&#039; Lab<\/title>\n<meta name=\"description\" content=\"The Interdisciplinary Writers\u2019 Lab is a group of artists with diverse practices each working on a single project.\" \/>\n<meta name=\"robots\" content=\"index, follow, max-snippet:-1, max-image-preview:large, max-video-preview:-1\" \/>\n<link rel=\"canonical\" href=\"https:\/\/www.playwrights.ca\/fr\/residencies-programming\/interdisciplinary-writers-lab\/\" \/>\n<meta property=\"og:locale\" content=\"fr_CA\" \/>\n<meta property=\"og:type\" content=\"article\" \/>\n<meta property=\"og:title\" content=\"Interdisciplinary Writers&#039; Lab\" \/>\n<meta property=\"og:description\" content=\"The Interdisciplinary Writers\u2019 Lab is a group of artists with diverse practices each working on a single project.\" \/>\n<meta property=\"og:url\" content=\"https:\/\/www.playwrights.ca\/fr\/residencies-programming\/interdisciplinary-writers-lab\/\" \/>\n<meta property=\"og:site_name\" content=\"Playwrights&#039; Workshop Montr\u00e9al\" \/>\n<meta property=\"article:publisher\" content=\"https:\/\/www.facebook.com\/PlaywrightsWorkshopMontreal\/\" \/>\n<meta property=\"article:modified_time\" content=\"2021-10-13T15:03:14+00:00\" \/>\n<meta property=\"og:image\" content=\"https:\/\/www.playwrights.ca\/wp-content\/uploads\/2019\/03\/Interdisciplinary-Writers\u2019-Lab_web-header.png\" \/>\n\t<meta property=\"og:image:width\" content=\"2000\" \/>\n\t<meta property=\"og:image:height\" content=\"500\" \/>\n<meta name=\"twitter:card\" content=\"summary\" \/>\n<meta name=\"twitter:creator\" content=\"@PWMontreal\" \/>\n<meta name=\"twitter:site\" content=\"@PWMontreal\" \/>\n<script type=\"application\/ld+json\" class=\"yoast-schema-graph\">{\"@context\":\"https:\/\/schema.org\",\"@graph\":[{\"@type\":\"WebSite\",\"@id\":\"https:\/\/www.playwrights.ca\/fr\/#website\",\"url\":\"https:\/\/www.playwrights.ca\/fr\/\",\"name\":\"Playwrights&#039; Workshop Montr\\u00e9al\",\"description\":\"Nationally-mandated theatre development centre\",\"potentialAction\":[{\"@type\":\"SearchAction\",\"target\":\"https:\/\/www.playwrights.ca\/fr\/?s={search_term_string}\",\"query-input\":\"required name=search_term_string\"}],\"inLanguage\":\"fr-CA\"},{\"@type\":\"ImageObject\",\"@id\":\"https:\/\/www.playwrights.ca\/residencies-programming\/interdisciplinary-writers-lab\/#primaryimage\",\"inLanguage\":\"fr-CA\",\"url\":\"https:\/\/www.playwrights.ca\/wp-content\/uploads\/2019\/03\/Interdisciplinary-Writers\\u2019-Lab_web-header.png\",\"width\":2000,\"height\":500,\"caption\":\"Interdisciplinary Writers\\u2019 Lab\"},{\"@type\":\"WebPage\",\"@id\":\"https:\/\/www.playwrights.ca\/residencies-programming\/interdisciplinary-writers-lab\/#webpage\",\"url\":\"https:\/\/www.playwrights.ca\/residencies-programming\/interdisciplinary-writers-lab\/\",\"name\":\"Interdisciplinary Writers' Lab\",\"isPartOf\":{\"@id\":\"https:\/\/www.playwrights.ca\/fr\/#website\"},\"primaryImageOfPage\":{\"@id\":\"https:\/\/www.playwrights.ca\/residencies-programming\/interdisciplinary-writers-lab\/#primaryimage\"},\"datePublished\":\"2017-08-17T17:28:30+00:00\",\"dateModified\":\"2021-10-13T15:03:14+00:00\",\"description\":\"The Interdisciplinary Writers\\u2019 Lab is a group of artists with diverse practices each working on a single project.\",\"inLanguage\":\"fr-CA\",\"potentialAction\":[{\"@type\":\"ReadAction\",\"target\":[\"https:\/\/www.playwrights.ca\/residencies-programming\/interdisciplinary-writers-lab\/\"]}]}]}<\/script>\n<!-- \/ Yoast SEO plugin. -->","jetpack_sharing_enabled":true,"_links":{"self":[{"href":"https:\/\/www.playwrights.ca\/fr\/wp-json\/wp\/v2\/pages\/116","targetHints":{"allow":["GET"]}}],"collection":[{"href":"https:\/\/www.playwrights.ca\/fr\/wp-json\/wp\/v2\/pages"}],"about":[{"href":"https:\/\/www.playwrights.ca\/fr\/wp-json\/wp\/v2\/types\/page"}],"author":[{"embeddable":true,"href":"https:\/\/www.playwrights.ca\/fr\/wp-json\/wp\/v2\/users\/14"}],"replies":[{"embeddable":true,"href":"https:\/\/www.playwrights.ca\/fr\/wp-json\/wp\/v2\/comments?post=116"}],"version-history":[{"count":56,"href":"https:\/\/www.playwrights.ca\/fr\/wp-json\/wp\/v2\/pages\/116\/revisions"}],"predecessor-version":[{"id":10054,"href":"https:\/\/www.playwrights.ca\/fr\/wp-json\/wp\/v2\/pages\/116\/revisions\/10054"}],"up":[{"embeddable":true,"href":"https:\/\/www.playwrights.ca\/fr\/wp-json\/wp\/v2\/pages\/114"}],"wp:featuredmedia":[{"embeddable":true,"href":"https:\/\/www.playwrights.ca\/fr\/wp-json\/wp\/v2\/media\/4702"}],"wp:attachment":[{"href":"https:\/\/www.playwrights.ca\/fr\/wp-json\/wp\/v2\/media?parent=116"}],"curies":[{"name":"wp","href":"https:\/\/api.w.org\/{rel}","templated":true}]}}