{"id":141,"date":"2017-08-17T20:06:33","date_gmt":"2017-08-17T20:06:33","guid":{"rendered":"https:\/\/playwrights.ca?page_id=141"},"modified":"2026-05-08T11:57:44","modified_gmt":"2026-05-08T15:57:44","slug":"gros-morne-playwrights-residency","status":"publish","type":"page","link":"https:\/\/www.playwrights.ca\/fr\/partnerships\/gros-morne-playwrights-residency\/","title":{"rendered":"R\u00e9sidence d\u2019\u00e9criture th\u00e9\u00e2trale de Gros-morne"},"content":{"rendered":"<div class=\"wp-block-getwid-section element-full-width\"><div class=\"wp-block-getwid-section__wrapper\" style=\"padding-top:12px;padding-bottom:12px\"><div class=\"wp-block-getwid-section__inner-wrapper\"><div class=\"wp-block-getwid-section__background-holder\"><div class=\"wp-block-getwid-section__background\"><\/div><div class=\"wp-block-getwid-section__foreground\" style=\"opacity:0.82\"><\/div><\/div><div class=\"wp-block-getwid-section__content\"><div class=\"wp-block-getwid-section__inner-content\">\n<h3 class=\"wp-block-heading has-text-align-center\">Applications are currently closed Gros Morne Playwrights&#8217; Residency. <a href=\"https:\/\/www.zeffy.com\/en-CA\/newsletter-form\/subscribe-to-get-notified-about-new-events-29226\" target=\"_blank\" rel=\"noreferrer noopener\">Subscribe to our newsletter for open opportunities.<\/a><\/h3>\n<\/div><\/div><\/div><\/div><\/div>\n\n\n\n<hr class=\"wp-block-separator has-css-opacity\"\/>\n\n\n\n<p>The Gros Morne Playwrights\u2019 Residency <strong>brings French and English playwrights from across Canada together to write<\/strong>,<strong> dream, share and create<\/strong>. Playwrights\u2019 Workshop Montr\u00e9al (PWM) and le <a href=\"https:\/\/www.cead.qc.ca\/_accueil\">Centre des auteurs dramatiques<\/a> (CEAD) in partnership with <a href=\"https:\/\/creativegrosmorne.com\/\">Creative Gros Morne<\/a>, the <a href=\"https:\/\/www.mun.ca\/bonnebay\/\">Bonne Bay <\/a>Aquarium, the <a href=\"https:\/\/www.colefoundation.ca\/en\/home-2\/\">Fondation Cole<\/a>, and <a href=\"https:\/\/artisticfraud.com\/\">Artistic Fraud<\/a>, the program offers dramaturgy in both official languages. Selected playwrights fly to the Bonne Bay Marine Station at Gros Morne National Park, Newfoundland for a ten-day retreat where they can benefit from a combination of unstructured writing time, individual dramaturgical sessions, and daily formalized exchanges on process. Located on Newfoundland\u2019s breathtaking west coast within the vibrant community of Norris Point, the Bonne Bay Marine Station is beautifully set up for an artistic residency that inspires new work.<\/p>\n\n\n\n<p>La R\u00e9sidence d\u2019\u00e9criture dramatique \u00e0 Gros-Morne est aujourd\u2019hui la pierre angulaire des \u00e9changes nationaux. Gr\u00e2ce \u00e0 cette r\u00e9sidence, programm\u00e9e en partenariat avec le CEAD, nous affrontons des obstacles tout en \u00e9changeant des id\u00e9es, des perspectives culturelles et des pratiques cr\u00e9atives.<\/p>\n\n\n\n<p>Created by Playwrights\u2019 Workshop Montr\u00e9al (PWM) and the\u00a0<a href=\"https:\/\/www.cead.qc.ca\/_accueil\" target=\"_blank\" rel=\"noreferrer noopener\">Centre des auteurs dramatiques<\/a>\u00a0(CEAD), this Residency is held in partnership with\u00a0<a href=\"https:\/\/artisticfraud.com\/\" target=\"_blank\" rel=\"noreferrer noopener\">Artistic Fraud<\/a>\u00a0of Newfoundland,\u00a0<a href=\"https:\/\/creativegrosmorne.com\/\" target=\"_blank\" rel=\"noreferrer noopener\">Creative Gros Morne<\/a>, the\u00a0<a href=\"https:\/\/www.mun.ca\/grenfellcampus\/research\/bonne-bay-aquarium--research-station\/\" target=\"_blank\" rel=\"noreferrer noopener\">Bonne Bay Aquarium &amp; Research Station\u00a0<\/a>and with the vital support of the\u00a0<a href=\"https:\/\/www.colefoundation.ca\/en\/home-2\/\" target=\"_blank\" rel=\"noreferrer noopener\">Fondation Cole<\/a>.<\/p>\n\n\n\n<div class=\"wp-block-columns is-layout-flex wp-container-core-columns-is-layout-9d6595d7 wp-block-columns-is-layout-flex\">\n<div class=\"wp-block-column is-layout-flow wp-block-column-is-layout-flow\">\n<figure class=\"wp-block-image\"><img loading=\"lazy\" decoding=\"async\" width=\"300\" height=\"257\" src=\"https:\/\/www.playwrights.ca\/wp-content\/uploads\/2019\/03\/Gros-Morne-web-1-300x257.png\" alt=\"\" class=\"wp-image-4766\" srcset=\"https:\/\/www.playwrights.ca\/wp-content\/uploads\/2019\/03\/Gros-Morne-web-1-300x257.png 300w, https:\/\/www.playwrights.ca\/wp-content\/uploads\/2019\/03\/Gros-Morne-web-1.png 350w\" sizes=\"auto, (max-width: 300px) 100vw, 300px\" \/><\/figure>\n<\/div>\n\n\n\n<div class=\"wp-block-column is-layout-flow wp-block-column-is-layout-flow\">\n<figure class=\"wp-block-image\"><img loading=\"lazy\" decoding=\"async\" width=\"300\" height=\"257\" src=\"https:\/\/www.playwrights.ca\/wp-content\/uploads\/2019\/03\/Gros-Morne-web-2-300x257.png\" alt=\"\" class=\"wp-image-4767\" srcset=\"https:\/\/www.playwrights.ca\/wp-content\/uploads\/2019\/03\/Gros-Morne-web-2-300x257.png 300w, https:\/\/www.playwrights.ca\/wp-content\/uploads\/2019\/03\/Gros-Morne-web-2.png 350w\" sizes=\"auto, (max-width: 300px) 100vw, 300px\" \/><\/figure>\n<\/div>\n\n\n\n<div class=\"wp-block-column is-layout-flow wp-block-column-is-layout-flow\">\n<figure class=\"wp-block-image\"><img loading=\"lazy\" decoding=\"async\" width=\"300\" height=\"257\" src=\"https:\/\/www.playwrights.ca\/wp-content\/uploads\/2019\/03\/Gros-Morne-web-3-300x257.png\" alt=\"\" class=\"wp-image-4768\" srcset=\"https:\/\/www.playwrights.ca\/wp-content\/uploads\/2019\/03\/Gros-Morne-web-3-300x257.png 300w, https:\/\/www.playwrights.ca\/wp-content\/uploads\/2019\/03\/Gros-Morne-web-3.png 350w\" sizes=\"auto, (max-width: 300px) 100vw, 300px\" \/><\/figure>\n<\/div>\n<\/div>\n\n\n\n<h4 class=\"wp-block-heading\"><span style=\"color: #333333;\">Appel \u00e0 candidatures<\/span><\/h4>\n\n\n\n<p>The Gros Morne Playwrights&#8217; Residency takes place annually. <\/p>\n\n\n\n<p><a href=\"https:\/\/us7.list-manage.com\/subscribe?u=f7a5a7cdb1e30bcbb7aca8cf4&amp;id=846174290b\">Souscrire \u00e0 notre infolettre<\/a> or follow us on social media to stay informed about our programs. <\/p>\n\n\n\n<h4 class=\"wp-block-heading\"><span style=\"color: #333333;\">Crit\u00e8res d\u2019admissibilit\u00e9<\/span><\/h4>\n\n\n\n<p>&#8211; applicants must be available for the whole residency<br>&#8211; applicants must be willing to participate in all activities prepared for the residency<br>&#8211; the play submitted for consideration should be in the early stages of development (first draft or slightly beyond)<\/p>\n\n\n\n<h4 class=\"wp-block-heading\"><span style=\"color: #333333;\">Brochures du programme<\/span><\/h4>\n\n\n\n<h5 class=\"wp-block-heading has-black-color has-text-color has-link-color wp-elements-33ec5389264a08a5ab096f0643aef0ae\"><a href=\"https:\/\/www.playwrights.ca\/wp-content\/uploads\/2025\/11\/Gros-Morne-Residency-Brochure-2025.pdf\" target=\"_blank\" rel=\"noreferrer noopener\">2025<\/a>, <a href=\"https:\/\/www.playwrights.ca\/wp-content\/uploads\/2024\/11\/The-2024-Gros-Morne-Residency-Brochure.pdf\" target=\"_blank\" rel=\"noreferrer noopener\">2024<\/a>, <a href=\"https:\/\/www.playwrights.ca\/wp-content\/uploads\/2024\/03\/The-2023-Gros-Morne-Residency-brochure_WEB.pdf\" target=\"_blank\" rel=\"noreferrer noopener\">2023<\/a>, <a href=\"https:\/\/www.playwrights.ca\/wp-content\/uploads\/2023\/03\/The-2022-Residency-in-GROS-MORNE-Brochure-A4-21-x-29.7-cm.pdf\">2022<\/a>, <a href=\"https:\/\/www.playwrights.ca\/wp-content\/uploads\/2020\/04\/2019_Gros-Morne-brochure_web.pdf\">2019<\/a>, <a href=\"https:\/\/www.playwrights.ca\/wp-content\/uploads\/2019\/02\/The-2018-Gros-Morne-Playwrights-Residency-Brochure.pdf\">2018<\/a>,&nbsp;<a href=\"https:\/\/www.playwrights.ca\/wp-content\/uploads\/2019\/04\/9Nov2017_Updated-Gros-Morne-Brochure.pdf\">2017<\/a>,&nbsp;<a href=\"https:\/\/www.playwrights.ca\/wp-content\/uploads\/2018\/01\/The-2016-Gros-Morne-Playwrights%E2%80%99-Residency.pdf\">2016<\/a><\/h5>\n\n\n\n<hr class=\"wp-block-separator has-css-opacity\"\/>\n\n\n\n<p>La R\u00e9sidence d\u2019\u00e9criture dramatique \u00e0 Gros-Morne est rendue possible gr\u00e2ce au soutien de Creative Gros Morne, de la Memorial University of Newfoundland, de la Fondation Cole, du Conseil des arts du Canada, du Conseil des arts et des lettres du Qu\u00e9bec et du Conseil des arts de Montr\u00e9al.<\/p>\n\n\n\n<hr class=\"wp-block-separator has-css-opacity\"\/>\n\n\n\n<div class=\"wp-block-columns is-layout-flex wp-container-core-columns-is-layout-9d6595d7 wp-block-columns-is-layout-flex\">\n<div class=\"wp-block-column is-layout-flow wp-block-column-is-layout-flow\"><div class=\"wp-block-image\">\n<figure class=\"aligncenter size-medium is-resized\"><a href=\"\/fr\/cead.qc.ca\/\"><img loading=\"lazy\" decoding=\"async\" width=\"300\" height=\"150\" src=\"https:\/\/www.playwrights.ca\/wp-content\/uploads\/2022\/08\/Centre_des_auteurs_dramatiques-300x150.png\" alt=\"\" class=\"wp-image-13594\" style=\"width:218px;height:109px\" srcset=\"https:\/\/www.playwrights.ca\/wp-content\/uploads\/2022\/08\/Centre_des_auteurs_dramatiques-300x150.png 300w, https:\/\/www.playwrights.ca\/wp-content\/uploads\/2022\/08\/Centre_des_auteurs_dramatiques-1024x511.png 1024w, https:\/\/www.playwrights.ca\/wp-content\/uploads\/2022\/08\/Centre_des_auteurs_dramatiques-768x383.png 768w, https:\/\/www.playwrights.ca\/wp-content\/uploads\/2022\/08\/Centre_des_auteurs_dramatiques-18x9.png 18w, https:\/\/www.playwrights.ca\/wp-content\/uploads\/2022\/08\/Centre_des_auteurs_dramatiques.png 1200w\" sizes=\"auto, (max-width: 300px) 100vw, 300px\" \/><\/a><\/figure>\n<\/div><\/div>\n\n\n\n<div class=\"wp-block-column is-layout-flow wp-block-column-is-layout-flow\"><div class=\"wp-block-image\">\n<figure class=\"aligncenter size-full is-resized\"><a href=\"https:\/\/artisticfraud.com\"><img loading=\"lazy\" decoding=\"async\" width=\"250\" height=\"90\" src=\"https:\/\/www.playwrights.ca\/wp-content\/uploads\/2022\/08\/Artistic_Fraud_RGB-website.png\" alt=\"\" class=\"wp-image-13595\" style=\"width:255px;height:92px\" srcset=\"https:\/\/www.playwrights.ca\/wp-content\/uploads\/2022\/08\/Artistic_Fraud_RGB-website.png 250w, https:\/\/www.playwrights.ca\/wp-content\/uploads\/2022\/08\/Artistic_Fraud_RGB-website-18x6.png 18w\" sizes=\"auto, (max-width: 250px) 100vw, 250px\" \/><\/a><\/figure>\n<\/div><\/div>\n<\/div>\n\n\n\n<div class=\"wp-block-columns is-layout-flex wp-container-core-columns-is-layout-9d6595d7 wp-block-columns-is-layout-flex\">\n<div class=\"wp-block-column is-layout-flow wp-block-column-is-layout-flow\"><div class=\"wp-block-image\">\n<figure class=\"aligncenter size-medium is-resized\"><a href=\"https:\/\/creativegrosmorne.com\"><img loading=\"lazy\" decoding=\"async\" width=\"300\" height=\"166\" src=\"https:\/\/www.playwrights.ca\/wp-content\/uploads\/2022\/08\/GMC_LOGO-300x166.jpg\" alt=\"\" class=\"wp-image-13596\" style=\"width:163px;height:89px\" srcset=\"https:\/\/www.playwrights.ca\/wp-content\/uploads\/2022\/08\/GMC_LOGO-300x166.jpg 300w, https:\/\/www.playwrights.ca\/wp-content\/uploads\/2022\/08\/GMC_LOGO-18x10.jpg 18w, https:\/\/www.playwrights.ca\/wp-content\/uploads\/2022\/08\/GMC_LOGO.jpg 395w\" sizes=\"auto, (max-width: 300px) 100vw, 300px\" \/><\/a><\/figure>\n<\/div><\/div>\n\n\n\n<div class=\"wp-block-column is-layout-flow wp-block-column-is-layout-flow\">\n<figure class=\"wp-block-image size-large\"><a href=\"https:\/\/mun.ca\/grenfellcampus\/research\/bonne-bay-aquarium--research-station\/\"><img loading=\"lazy\" decoding=\"async\" width=\"1024\" height=\"614\" src=\"https:\/\/www.playwrights.ca\/wp-content\/uploads\/2025\/04\/BBARS_MainLogo_RGB-1024x614.jpg\" alt=\"\" class=\"wp-image-18063\" srcset=\"https:\/\/www.playwrights.ca\/wp-content\/uploads\/2025\/04\/BBARS_MainLogo_RGB-1024x614.jpg 1024w, https:\/\/www.playwrights.ca\/wp-content\/uploads\/2025\/04\/BBARS_MainLogo_RGB-300x180.jpg 300w, https:\/\/www.playwrights.ca\/wp-content\/uploads\/2025\/04\/BBARS_MainLogo_RGB-150x90.jpg 150w, https:\/\/www.playwrights.ca\/wp-content\/uploads\/2025\/04\/BBARS_MainLogo_RGB-768x461.jpg 768w, https:\/\/www.playwrights.ca\/wp-content\/uploads\/2025\/04\/BBARS_MainLogo_RGB-1536x922.jpg 1536w, https:\/\/www.playwrights.ca\/wp-content\/uploads\/2025\/04\/BBARS_MainLogo_RGB-2048x1229.jpg 2048w, https:\/\/www.playwrights.ca\/wp-content\/uploads\/2025\/04\/BBARS_MainLogo_RGB-18x12.jpg 18w, https:\/\/www.playwrights.ca\/wp-content\/uploads\/2025\/04\/BBARS_MainLogo_RGB-2000x1200.jpg 2000w\" sizes=\"auto, (max-width: 706px) 89vw, (max-width: 767px) 82vw, 740px\" \/><\/a><\/figure>\n<\/div>\n\n\n\n<div class=\"wp-block-column is-layout-flow wp-block-column-is-layout-flow\"><div class=\"wp-block-image\">\n<figure class=\"aligncenter size-medium is-resized\"><a href=\"https:\/\/grenfell.mun.ca\/Pages\/home.aspx\"><img loading=\"lazy\" decoding=\"async\" width=\"300\" height=\"70\" src=\"https:\/\/www.playwrights.ca\/wp-content\/uploads\/2022\/08\/logo-300x70.png\" alt=\"\" class=\"wp-image-13598\" style=\"width:242px;height:56px\" srcset=\"https:\/\/www.playwrights.ca\/wp-content\/uploads\/2022\/08\/logo-300x70.png 300w, https:\/\/www.playwrights.ca\/wp-content\/uploads\/2022\/08\/logo-18x4.png 18w, https:\/\/www.playwrights.ca\/wp-content\/uploads\/2022\/08\/logo.png 682w\" sizes=\"auto, (max-width: 300px) 100vw, 300px\" \/><\/a><\/figure>\n<\/div>\n\n\n<p><\/p>\n<\/div>\n<\/div>\n\n\n\n<div class=\"wp-block-columns is-layout-flex wp-container-core-columns-is-layout-9d6595d7 wp-block-columns-is-layout-flex\">\n<div class=\"wp-block-column is-layout-flow wp-block-column-is-layout-flow\"><\/div>\n\n\n\n<div class=\"wp-block-column is-layout-flow wp-block-column-is-layout-flow\"><div class=\"wp-block-image\">\n<figure class=\"aligncenter size-medium is-resized\"><a href=\"https:\/\/www.colefoundation.ca\"><img loading=\"lazy\" decoding=\"async\" width=\"300\" height=\"157\" src=\"https:\/\/www.playwrights.ca\/wp-content\/uploads\/2018\/10\/Cole-Foundation_Logo-300x157.png\" alt=\"Logo of the Cole Foundation\" class=\"wp-image-3993\" style=\"width:146px;height:76px\" srcset=\"https:\/\/www.playwrights.ca\/wp-content\/uploads\/2018\/10\/Cole-Foundation_Logo-300x157.png 300w, https:\/\/www.playwrights.ca\/wp-content\/uploads\/2018\/10\/Cole-Foundation_Logo-768x402.png 768w, https:\/\/www.playwrights.ca\/wp-content\/uploads\/2018\/10\/Cole-Foundation_Logo-1024x536.png 1024w, https:\/\/www.playwrights.ca\/wp-content\/uploads\/2018\/10\/Cole-Foundation_Logo.png 1562w\" sizes=\"auto, (max-width: 300px) 100vw, 300px\" \/><\/a><\/figure>\n<\/div><\/div>\n\n\n\n<div class=\"wp-block-column is-layout-flow wp-block-column-is-layout-flow\"><\/div>\n<\/div>\n\n\n\n<div class=\"dc1\">\n<article class=\"donate\">\n<h2 class=\"messy stronger\">Soutenez la recherche artistique.<\/h2>\n<h6 id=\"white-hover\" class=\"click\"><a class=\"blanc\" href=\"https:\/\/www.playwrights.ca\/fr\/donate\/\">Donnez maintenant<\/a><\/h6>\n<\/article>\n<\/div>","protected":false},"excerpt":{"rendered":"<p>The Gros Morne Playwrights\u2019 Residency brings French and English playwrights from across Canada together to write, dream, share and create. Playwrights\u2019 Workshop Montr\u00e9al (PWM) and le Centre des auteurs dramatiques (CEAD) in partnership with Creative Gros Morne, the Bonne Bay Aquarium, the Cole Foundation, and Artistic Fraud, the program offers dramaturgy in both official languages. &hellip; <\/p>\n<p class=\"link-more\"><a href=\"https:\/\/www.playwrights.ca\/fr\/partnerships\/gros-morne-playwrights-residency\/\" class=\"more-link\">Continuer la lecture<span class=\"screen-reader-text\"> de &laquo; Gros Morne Playwrights&#8217; Residency &raquo;<\/span><\/a><\/p>","protected":false},"author":14,"featured_media":13851,"parent":137,"menu_order":0,"comment_status":"closed","ping_status":"closed","template":"","meta":{"inline_featured_image":false,"ub_ctt_via":"","_exactmetrics_skip_tracking":false,"_exactmetrics_sitenote_active":false,"_exactmetrics_sitenote_note":"","_exactmetrics_sitenote_category":0,"footnotes":""},"class_list":["post-141","page","type-page","status-publish","has-post-thumbnail","hentry"],"featured_image_src":"https:\/\/www.playwrights.ca\/wp-content\/uploads\/2023\/04\/2023-Gros-Morne-CfA-Annoucnement-2000-\u00d7-578-px.png","yoast_head":"<!-- This site is optimized with the Yoast SEO plugin v15.0 - https:\/\/yoast.com\/wordpress\/plugins\/seo\/ -->\n<title>Gros Morne Playwrights&#039; Residency<\/title>\n<meta name=\"description\" content=\"The Gros Morne Playwrights&#039; Residency in Newfoundland brings French and English playwrights from across Canada together to write, dream, share and create.\" \/>\n<meta name=\"robots\" content=\"index, follow, max-snippet:-1, max-image-preview:large, max-video-preview:-1\" \/>\n<link rel=\"canonical\" href=\"https:\/\/www.playwrights.ca\/fr\/partnerships\/gros-morne-playwrights-residency\/\" \/>\n<meta property=\"og:locale\" content=\"fr_CA\" \/>\n<meta property=\"og:type\" content=\"article\" \/>\n<meta property=\"og:title\" content=\"Gros Morne Playwrights&#039; Residency\" \/>\n<meta property=\"og:description\" content=\"The Gros Morne Playwrights&#039; Residency in Newfoundland brings French and English playwrights from across Canada together to write, dream, share and create.\" \/>\n<meta property=\"og:url\" content=\"https:\/\/www.playwrights.ca\/fr\/partnerships\/gros-morne-playwrights-residency\/\" \/>\n<meta property=\"og:site_name\" content=\"Playwrights&#039; Workshop Montr\u00e9al\" \/>\n<meta property=\"article:publisher\" content=\"https:\/\/www.facebook.com\/PlaywrightsWorkshopMontreal\/\" \/>\n<meta property=\"article:modified_time\" content=\"2026-05-08T15:57:44+00:00\" \/>\n<meta property=\"og:image\" content=\"https:\/\/www.playwrights.ca\/wp-content\/uploads\/2023\/04\/2023-Gros-Morne-CfA-Annoucnement-2000-\u00d7-578-px.png\" \/>\n\t<meta property=\"og:image:width\" content=\"2000\" \/>\n\t<meta property=\"og:image:height\" content=\"578\" \/>\n<meta name=\"twitter:card\" content=\"summary\" \/>\n<meta name=\"twitter:creator\" content=\"@PWMontreal\" \/>\n<meta name=\"twitter:site\" content=\"@PWMontreal\" \/>\n<script type=\"application\/ld+json\" class=\"yoast-schema-graph\">{\"@context\":\"https:\/\/schema.org\",\"@graph\":[{\"@type\":\"WebSite\",\"@id\":\"https:\/\/www.playwrights.ca\/fr\/#website\",\"url\":\"https:\/\/www.playwrights.ca\/fr\/\",\"name\":\"Playwrights&#039; Workshop Montr\\u00e9al\",\"description\":\"Nationally-mandated theatre development centre\",\"potentialAction\":[{\"@type\":\"SearchAction\",\"target\":\"https:\/\/www.playwrights.ca\/fr\/?s={search_term_string}\",\"query-input\":\"required name=search_term_string\"}],\"inLanguage\":\"fr-CA\"},{\"@type\":\"ImageObject\",\"@id\":\"https:\/\/www.playwrights.ca\/partnerships\/gros-morne-playwrights-residency\/#primaryimage\",\"inLanguage\":\"fr-CA\",\"url\":\"https:\/\/www.playwrights.ca\/wp-content\/uploads\/2023\/04\/2023-Gros-Morne-CfA-Annoucnement-2000-\\u00d7-578-px.png\",\"width\":2000,\"height\":578},{\"@type\":\"WebPage\",\"@id\":\"https:\/\/www.playwrights.ca\/partnerships\/gros-morne-playwrights-residency\/#webpage\",\"url\":\"https:\/\/www.playwrights.ca\/partnerships\/gros-morne-playwrights-residency\/\",\"name\":\"Gros Morne Playwrights' Residency\",\"isPartOf\":{\"@id\":\"https:\/\/www.playwrights.ca\/fr\/#website\"},\"primaryImageOfPage\":{\"@id\":\"https:\/\/www.playwrights.ca\/partnerships\/gros-morne-playwrights-residency\/#primaryimage\"},\"datePublished\":\"2017-08-17T20:06:33+00:00\",\"dateModified\":\"2026-05-08T15:57:44+00:00\",\"description\":\"The Gros Morne Playwrights' Residency in Newfoundland brings French and English playwrights from across Canada together to write, dream, share and create.\",\"inLanguage\":\"fr-CA\",\"potentialAction\":[{\"@type\":\"ReadAction\",\"target\":[\"https:\/\/www.playwrights.ca\/partnerships\/gros-morne-playwrights-residency\/\"]}]}]}<\/script>\n<!-- \/ Yoast SEO plugin. -->","jetpack_sharing_enabled":true,"_links":{"self":[{"href":"https:\/\/www.playwrights.ca\/fr\/wp-json\/wp\/v2\/pages\/141","targetHints":{"allow":["GET"]}}],"collection":[{"href":"https:\/\/www.playwrights.ca\/fr\/wp-json\/wp\/v2\/pages"}],"about":[{"href":"https:\/\/www.playwrights.ca\/fr\/wp-json\/wp\/v2\/types\/page"}],"author":[{"embeddable":true,"href":"https:\/\/www.playwrights.ca\/fr\/wp-json\/wp\/v2\/users\/14"}],"replies":[{"embeddable":true,"href":"https:\/\/www.playwrights.ca\/fr\/wp-json\/wp\/v2\/comments?post=141"}],"version-history":[{"count":179,"href":"https:\/\/www.playwrights.ca\/fr\/wp-json\/wp\/v2\/pages\/141\/revisions"}],"predecessor-version":[{"id":19314,"href":"https:\/\/www.playwrights.ca\/fr\/wp-json\/wp\/v2\/pages\/141\/revisions\/19314"}],"up":[{"embeddable":true,"href":"https:\/\/www.playwrights.ca\/fr\/wp-json\/wp\/v2\/pages\/137"}],"wp:featuredmedia":[{"embeddable":true,"href":"https:\/\/www.playwrights.ca\/fr\/wp-json\/wp\/v2\/media\/13851"}],"wp:attachment":[{"href":"https:\/\/www.playwrights.ca\/fr\/wp-json\/wp\/v2\/media?parent=141"}],"curies":[{"name":"wp","href":"https:\/\/api.w.org\/{rel}","templated":true}]}}