{"id":1458,"date":"2018-03-09T04:38:21","date_gmt":"2018-03-09T04:38:21","guid":{"rendered":"https:\/\/www.playwrights.ca\/?page_id=1458"},"modified":"2018-05-15T22:09:01","modified_gmt":"2018-05-15T22:09:01","slug":"appel-de-soumissions-residence-de-traduction-glassco-tadoussac-2018","status":"publish","type":"page","link":"https:\/\/www.playwrights.ca\/fr\/appel-de-soumissions-residence-de-traduction-glassco-tadoussac-2018\/","title":{"rendered":"Appel de soumissions : R\u00e9sidence de Traduction Glassco \u00e0 Tadoussac 2018"},"content":{"rendered":"<p>&nbsp;<\/p>\n<p>Le Playwrights Workshop Montr\u00e9al, en partenariat avec la Fondation Cole, vous invite \u00e0 proposer des projets pour <strong>la R\u00e9sidence de traduction Glassco \u00e0 Tadoussac 2018<\/strong>. La R\u00e9sidence se d\u00e9roulera <strong>du 13 et 23 juin 2018<\/strong>, dans la maison du regrett\u00e9 <strong>Bill Glassco<\/strong>, \u00e0 Tadoussac, au Qu\u00e9bec.<\/p>\n<p>La R\u00e9sidence accueille \u00e0 Tadoussac des auteurs dramatiques du Qu\u00e9bec et du Canada, en compagnie de leurs traducteurs, pour travailler en profondeur leurs projets de traduction ou d\u2019adaptation.<\/p>\n<p>Les participants s\u00e9lectionn\u00e9s se voient ainsi offrir une occasion unique de se concentrer sur leurs projets et de partager leurs expertises dans une ambiance propice. Les traductions vers toutes langues sont bienvenues. Au cours des dix derni\u00e8res ann\u00e9es nous avons soutenu des projets de traduction en cri, en fran\u00e7ais, en anglais, en espagnol, en catalan, en cantonnais et en italien. Le r\u00e9put\u00e9 auteur dramatique et traducteur, <strong>Bobby Theodore<\/strong>, agira comme h\u00f4te et conseiller dramaturgique.<\/p>\n<p>Nous acceptons les projets de pi\u00e8ces pr\u00eates \u00e0 la traduction. Les pi\u00e8ces doivent, id\u00e9alement, avoir \u00e9t\u00e9 produites dans leur version originale. Au moins, un des \u00e9l\u00e9ments du projet doit \u00eatre canadien. Nous encourageons grandement les artistes autochtones \u00e0 soumettre leurs projets.<\/p>\n<p><strong>Veuillez nous faire parvenir&nbsp;:<\/strong><\/p>\n<ul>\n<li>Une description du projet indiquant les noms du traducteur et de l\u2019auteur, ainsi que les bienfaits attendus de la r\u00e9sidence pour le projet et toutes informations relatives \u00e0 une \u00e9ventuelle production.<\/li>\n<li>Les biographies de l\u2019auteur et du traducteur<\/li>\n<li>Un exemplaire de la pi\u00e8ce dans sa langue originale.<\/li>\n<\/ul>\n<p>Un des crit\u00e8res de s\u00e9lection des projets est la possibilit\u00e9 pour l\u2019auteur et de son traducteur de participer ensemble, en m\u00eame temps, \u00e0 la r\u00e9sidence.<\/p>\n<p><strong>Date limite du d\u00e9p\u00f4t&nbsp;:<\/strong>&nbsp;le 14 avril 2018<br \/>\nVeuillez soumettre par courriel vos projets (Format PDF, 1 fichier seulement) \u00e0 residency@playwrights.ca<br \/>\nObjet&nbsp;: R\u00e9sidence de traduction Glassco \u00e0 Tadoussac<\/p>\n<p><strong>Accessibilit\u00e9&nbsp;:<\/strong> La r\u00e9sidence a lieu dans une maison en bois rond du 18e si\u00e8cle, \u00e0 Tadoussac, au Qu\u00e9bec. Un escalier de huit marches m\u00e8ne \u00e0 l\u2019entr\u00e9e de la maison. Les salles de bain ne sont pas accessibles aux fauteuils roulants. Veuillez communiquer avec Emma Tibaldo \u00e0 <a href=\"mailto:emma@playwrights.ca\">emma@playwrights.ca<\/a> pour toutes autres questions ou informations.<\/p>\n<hr>\n<p><span lang=\"fr-CA\">La R\u00e9sidence de Traduction Glassco <\/span><span lang=\"fr-CA\">est rendue possible gr\u00e2ce au partenariat de la Fondation Cole, et le soutien de la famille et les amis de Bill Glassco.<\/span><\/p>\n<p><img loading=\"lazy\" decoding=\"async\" class=\"size-medium wp-image-1110 aligncenter\" src=\"https:\/\/www.playwrights.ca\/wp-content\/uploads\/2017\/08\/Cole_Foundation_Logo_Couleur_CMYK-300x157.jpg\" alt=\"Cole Foundation Logo\" width=\"300\" height=\"157\" srcset=\"https:\/\/www.playwrights.ca\/wp-content\/uploads\/2017\/08\/Cole_Foundation_Logo_Couleur_CMYK-300x157.jpg 300w, https:\/\/www.playwrights.ca\/wp-content\/uploads\/2017\/08\/Cole_Foundation_Logo_Couleur_CMYK-768x402.jpg 768w, https:\/\/www.playwrights.ca\/wp-content\/uploads\/2017\/08\/Cole_Foundation_Logo_Couleur_CMYK-1024x536.jpg 1024w, https:\/\/www.playwrights.ca\/wp-content\/uploads\/2017\/08\/Cole_Foundation_Logo_Couleur_CMYK.jpg 1562w\" sizes=\"auto, (max-width: 300px) 100vw, 300px\" \/><\/p>","protected":false},"excerpt":{"rendered":"<p>&nbsp; Le Playwrights Workshop Montr\u00e9al, en partenariat avec la Fondation Cole, vous invite \u00e0 proposer des projets pour la R\u00e9sidence de traduction Glassco \u00e0 Tadoussac 2018. La R\u00e9sidence se d\u00e9roulera du 13 et 23 juin 2018, dans la maison du regrett\u00e9 Bill Glassco, \u00e0 Tadoussac, au Qu\u00e9bec. La R\u00e9sidence accueille \u00e0 Tadoussac des auteurs dramatiques &hellip; <\/p>\n<p class=\"link-more\"><a href=\"https:\/\/www.playwrights.ca\/fr\/appel-de-soumissions-residence-de-traduction-glassco-tadoussac-2018\/\" class=\"more-link\">Continuer la lecture<span class=\"screen-reader-text\"> de &laquo; Appel de soumissions : R\u00e9sidence de Traduction Glassco \u00e0 Tadoussac 2018 &raquo;<\/span><\/a><\/p>","protected":false},"author":13,"featured_media":1598,"parent":0,"menu_order":0,"comment_status":"closed","ping_status":"closed","template":"","meta":{"inline_featured_image":false,"ub_ctt_via":"","_exactmetrics_skip_tracking":false,"_exactmetrics_sitenote_active":false,"_exactmetrics_sitenote_note":"","_exactmetrics_sitenote_category":0,"footnotes":""},"class_list":["post-1458","page","type-page","status-publish","has-post-thumbnail","hentry"],"featured_image_src":"https:\/\/www.playwrights.ca\/wp-content\/uploads\/2018\/03\/LA-R\u00c9SIDENCE-DE-TRADUCTION-GLASSCO-\u00c0-TADOUSSAC-2018.png","yoast_head":"<!-- This site is optimized with the Yoast SEO plugin v15.0 - https:\/\/yoast.com\/wordpress\/plugins\/seo\/ -->\n<title>Appel de soumissions : R\u00e9sidence de Traduction Glassco \u00e0 Tadoussac 2018 - Playwrights&#039; Workshop Montr\u00e9al<\/title>\n<meta name=\"robots\" content=\"index, follow, max-snippet:-1, max-image-preview:large, max-video-preview:-1\" \/>\n<link rel=\"canonical\" href=\"https:\/\/www.playwrights.ca\/fr\/appel-de-soumissions-residence-de-traduction-glassco-tadoussac-2018\/\" \/>\n<meta property=\"og:locale\" content=\"fr_CA\" \/>\n<meta property=\"og:type\" content=\"article\" \/>\n<meta property=\"og:title\" content=\"Appel de soumissions : R\u00e9sidence de Traduction Glassco \u00e0 Tadoussac 2018 - Playwrights&#039; Workshop Montr\u00e9al\" \/>\n<meta property=\"og:description\" content=\"&nbsp; Le Playwrights Workshop Montr\u00e9al, en partenariat avec la Fondation Cole, vous invite \u00e0 proposer des projets pour la R\u00e9sidence de traduction Glassco \u00e0 Tadoussac 2018. La R\u00e9sidence se d\u00e9roulera du 13 et 23 juin 2018, dans la maison du regrett\u00e9 Bill Glassco, \u00e0 Tadoussac, au Qu\u00e9bec. La R\u00e9sidence accueille \u00e0 Tadoussac des auteurs dramatiques &hellip; Continuer la lecture de &laquo; Appel de soumissions : R\u00e9sidence de Traduction Glassco \u00e0 Tadoussac 2018 &raquo;\" \/>\n<meta property=\"og:url\" content=\"https:\/\/www.playwrights.ca\/fr\/appel-de-soumissions-residence-de-traduction-glassco-tadoussac-2018\/\" \/>\n<meta property=\"og:site_name\" content=\"Playwrights&#039; Workshop Montr\u00e9al\" \/>\n<meta property=\"article:publisher\" content=\"https:\/\/www.facebook.com\/PlaywrightsWorkshopMontreal\/\" \/>\n<meta property=\"article:modified_time\" content=\"2018-05-15T22:09:01+00:00\" \/>\n<meta property=\"og:image\" content=\"https:\/\/www.playwrights.ca\/wp-content\/uploads\/2018\/03\/LA-R\u00c9SIDENCE-DE-TRADUCTION-GLASSCO-\u00c0-TADOUSSAC-2018.png\" \/>\n\t<meta property=\"og:image:width\" content=\"900\" \/>\n\t<meta property=\"og:image:height\" content=\"500\" \/>\n<meta name=\"twitter:card\" content=\"summary\" \/>\n<meta name=\"twitter:creator\" content=\"@PWMontreal\" \/>\n<meta name=\"twitter:site\" content=\"@PWMontreal\" \/>\n<script type=\"application\/ld+json\" class=\"yoast-schema-graph\">{\"@context\":\"https:\/\/schema.org\",\"@graph\":[{\"@type\":\"WebSite\",\"@id\":\"https:\/\/www.playwrights.ca\/fr\/#website\",\"url\":\"https:\/\/www.playwrights.ca\/fr\/\",\"name\":\"Playwrights&#039; Workshop Montr\\u00e9al\",\"description\":\"Nationally-mandated theatre development centre\",\"potentialAction\":[{\"@type\":\"SearchAction\",\"target\":\"https:\/\/www.playwrights.ca\/fr\/?s={search_term_string}\",\"query-input\":\"required name=search_term_string\"}],\"inLanguage\":\"fr-CA\"},{\"@type\":\"ImageObject\",\"@id\":\"https:\/\/www.playwrights.ca\/appel-de-soumissions-residence-de-traduction-glassco-tadoussac-2018\/#primaryimage\",\"inLanguage\":\"fr-CA\",\"url\":\"https:\/\/www.playwrights.ca\/wp-content\/uploads\/2018\/03\/LA-R\\u00c9SIDENCE-DE-TRADUCTION-GLASSCO-\\u00c0-TADOUSSAC-2018.png\",\"width\":900,\"height\":500},{\"@type\":\"WebPage\",\"@id\":\"https:\/\/www.playwrights.ca\/appel-de-soumissions-residence-de-traduction-glassco-tadoussac-2018\/#webpage\",\"url\":\"https:\/\/www.playwrights.ca\/appel-de-soumissions-residence-de-traduction-glassco-tadoussac-2018\/\",\"name\":\"Appel de soumissions : R\\u00e9sidence de Traduction Glassco \\u00e0 Tadoussac 2018 - Playwrights&#039; Workshop Montr\\u00e9al\",\"isPartOf\":{\"@id\":\"https:\/\/www.playwrights.ca\/fr\/#website\"},\"primaryImageOfPage\":{\"@id\":\"https:\/\/www.playwrights.ca\/appel-de-soumissions-residence-de-traduction-glassco-tadoussac-2018\/#primaryimage\"},\"datePublished\":\"2018-03-09T04:38:21+00:00\",\"dateModified\":\"2018-05-15T22:09:01+00:00\",\"inLanguage\":\"fr-CA\",\"potentialAction\":[{\"@type\":\"ReadAction\",\"target\":[\"https:\/\/www.playwrights.ca\/appel-de-soumissions-residence-de-traduction-glassco-tadoussac-2018\/\"]}]}]}<\/script>\n<!-- \/ Yoast SEO plugin. -->","jetpack_sharing_enabled":true,"_links":{"self":[{"href":"https:\/\/www.playwrights.ca\/fr\/wp-json\/wp\/v2\/pages\/1458","targetHints":{"allow":["GET"]}}],"collection":[{"href":"https:\/\/www.playwrights.ca\/fr\/wp-json\/wp\/v2\/pages"}],"about":[{"href":"https:\/\/www.playwrights.ca\/fr\/wp-json\/wp\/v2\/types\/page"}],"author":[{"embeddable":true,"href":"https:\/\/www.playwrights.ca\/fr\/wp-json\/wp\/v2\/users\/13"}],"replies":[{"embeddable":true,"href":"https:\/\/www.playwrights.ca\/fr\/wp-json\/wp\/v2\/comments?post=1458"}],"version-history":[{"count":9,"href":"https:\/\/www.playwrights.ca\/fr\/wp-json\/wp\/v2\/pages\/1458\/revisions"}],"predecessor-version":[{"id":2345,"href":"https:\/\/www.playwrights.ca\/fr\/wp-json\/wp\/v2\/pages\/1458\/revisions\/2345"}],"wp:featuredmedia":[{"embeddable":true,"href":"https:\/\/www.playwrights.ca\/fr\/wp-json\/wp\/v2\/media\/1598"}],"wp:attachment":[{"href":"https:\/\/www.playwrights.ca\/fr\/wp-json\/wp\/v2\/media?parent=1458"}],"curies":[{"name":"wp","href":"https:\/\/api.w.org\/{rel}","templated":true}]}}