{"id":147,"date":"2017-08-17T20:14:15","date_gmt":"2017-08-17T20:14:15","guid":{"rendered":"https:\/\/playwrights.ca?page_id=147"},"modified":"2026-04-13T09:52:07","modified_gmt":"2026-04-13T13:52:07","slug":"exploring-practice","status":"publish","type":"page","link":"https:\/\/www.playwrights.ca\/fr\/professional-development\/exploring-practice\/","title":{"rendered":"d'Exploration des pratiques!"},"content":{"rendered":"<p>L\u2019exploration de la pratique est un \u00e9l\u00e9ment cl\u00e9 de notre programmation en mati\u00e8re de perfectionnement professionnel. Chaque s\u00e9rie aborde un aspect diff\u00e9rent du processus de cr\u00e9ation. Au cours de plusieurs courtes rencontres, des artistes invit\u00e9s partagent leur expertise avec les membres participants. Il s\u2019agit de belles occasions pour les artistes locaux de nourrir et d\u2019approfondir leur pratique artistique.<\/p>\n\n\n\n<h2 class=\"wp-block-heading\">Applications are now closed for Exploring Practice workshops. To know more about open opportunities, sign up for our <a href=\"https:\/\/www.zeffy.com\/en-CA\/newsletter-form\/subscribe-to-get-notified-about-new-events-29226\" target=\"_blank\" rel=\"noreferrer noopener\">newsletter<\/a>.<\/h2>\n\n\n\n<hr class=\"wp-block-separator has-css-opacity\"\/>\n\n\n\n<div class=\"wp-block-columns is-layout-flex wp-container-core-columns-is-layout-9d6595d7 wp-block-columns-is-layout-flex\">\n<div class=\"wp-block-column is-layout-flow wp-block-column-is-layout-flow\" style=\"flex-basis:67%\">\n<h4 class=\"wp-block-heading\">Exemples de la programmation que nous avons offerte par le pass\u00e9 :<\/h4>\n\n\n\n<ul class=\"wp-block-list\">\n<li><a href=\"https:\/\/www.playwrights.ca\/fr\/2026\/02\/04\/adaptation-101-from-inspiration-to-action-with-nick-carpenter\/\" target=\"_blank\" rel=\"noreferrer noopener\">Adaptation 101; From Inspiration to Action<\/a> with Nick Carpenter<\/li>\n\n\n\n<li><a href=\"https:\/\/www.playwrights.ca\/fr\/2025\/11\/17\/buildingyourgrantproposalexploringpractice\/\" target=\"_blank\" rel=\"noreferrer noopener\">Construire votre demande de subvention<\/a> avec Jesse Stong<\/li>\n\n\n\n<li><a href=\"https:\/\/www.playwrights.ca\/fr\/2025\/10\/20\/the-collaborative-dramaturgical-process-with-emma-tibaldo\/\" target=\"_blank\" rel=\"noreferrer noopener\">The Collaborative Dramaturgical Process<\/a> with Emma Tibaldo<\/li>\n\n\n\n<li><a href=\"https:\/\/www.playwrights.ca\/fr\/2025\/01\/20\/approaches-to-consent-forward-practices-in-performance-making\/\">Approaches to Consent-Forward Practices in Performance Making<\/a> with Burcu Eme\u00e7<\/li>\n\n\n\n<li><a href=\"https:\/\/www.playwrights.ca\/fr\/2024\/09\/11\/introduction-to-theatre-translation-with-leanna-brodie\/\" target=\"_blank\" rel=\"noreferrer noopener\">Introduction to Theatre Translation<\/a> with Leanna Brodie.<\/li>\n\n\n\n<li><a href=\"https:\/\/www.playwrights.ca\/fr\/2024\/01\/30\/building-your-grant-proposal\/\" target=\"_blank\" rel=\"noreferrer noopener\">Construire votre demande de subvention<\/a> avec Jesse Stong<\/li>\n\n\n\n<li><a href=\"https:\/\/www.playwrights.ca\/fr\/2024\/01\/23\/exploring-practice-whats-collective\/\" target=\"_blank\" rel=\"noreferrer noopener\">What&#8217;s Collective?<\/a> with Public Recordings<\/li>\n\n\n\n<li><a href=\"https:\/\/www.playwrights.ca\/fr\/2023\/11\/27\/germination-2-0-with-kalale-dalton-lutale-and-gillian-clark\/\">Germination<\/a> with Kalale Dalton-Lutale and Gillian Clark <\/li>\n\n\n\n<li><a href=\"https:\/\/www.playwrights.ca\/fr\/2023\/09\/12\/marilo-nunez-exploring-practice\/\">The Forn\u00e9s Workshop <\/a>with Maril\u00f3 Nu\u00f1ez<\/li>\n\n\n\n<li><a href=\"https:\/\/www.playwrights.ca\/fr\/2023\/02\/08\/tetsuro-shigematsu-exploring-practice-2023\/\">The MBA for Lefty, Anti-Capitalist Theatre Artists: staging the next act of your theatre career<\/a>, with Tetsuro Shigematsu<\/li>\n\n\n\n<li><a href=\"https:\/\/www.playwrights.ca\/fr\/2022\/12\/02\/the-dramaturgical-process-first-principles-and-practical-applications-with-andrea-romaldi\/\">The Dramaturgical Process: First Principles and Practical Applications<\/a>, with Andrea Romaldi<\/li>\n\n\n\n<li><a href=\"https:\/\/www.playwrights.ca\/fr\/2022\/12\/15\/building-your-grant-proposal-feb-23\/\">Construire votre demande de subvention<\/a> avec Jesse Stong<\/li>\n\n\n\n<li><a href=\"https:\/\/www.playwrights.ca\/fr\/2022\/03\/15\/exploring-practice-spatial-dramatugy\/\">Spatial Dramaturgy: Developing an Urban Performance Practice<\/a> with Shauna Janssen<\/li>\n\n\n\n<li><a href=\"https:\/\/www.playwrights.ca\/fr\/2021\/09\/17\/script-analysis\/\">Script Analysis<\/a> with Maureen Labont\u00e9<\/li>\n\n\n\n<li><a href=\"https:\/\/www.playwrights.ca\/fr\/2021\/05\/04\/creating-object-theatre\/\">\u00c9crire pour l\u2019objet, \u00e9crire par l\u2019objet<\/a> with La Pire Esp\u00e8ce<\/li>\n\n\n\n<li><a href=\"https:\/\/www.playwrights.ca\/fr\/2021\/03\/18\/workshop-grant-proposal\/\">Construire votre demande de subvention<\/a> avec Jesse Stong<\/li>\n\n\n\n<li><a href=\"http:\/\/CIRCUS \u2014 Writing in the In-Between with Andr\u00e9ane Leclerc\">CIRCUS \u2014 Writing in the In-Between<\/a> with Andr\u00e9ane Leclerc<\/li>\n\n\n\n<li><a href=\"https:\/\/www.playwrights.ca\/fr\/2020\/12\/14\/archipelago-dramaturgies\/\">Archipelago Dramaturgies \u2014 a world in process<\/a> with Jessie Mill and Katalin Trencs\u00e9nyi<\/li>\n\n\n\n<li><a href=\"https:\/\/www.playwrights.ca\/fr\/2020\/11\/12\/writing-the-political-through-the-personal\/\">Writing the political through the personal<\/a> with Carmen Aguirre<\/li>\n\n\n\n<li><a href=\"https:\/\/www.playwrights.ca\/fr\/2020\/01\/21\/apply-now-reshaping-borders-with-naima-kristel-phillips\/\">Re:Shaping Borders<\/a>&nbsp;with&nbsp;Na\u00efma Kristel Phillips <\/li>\n\n\n\n<li><a href=\"https:\/\/www.playwrights.ca\/fr\/2019\/08\/30\/clea_en\/\">Writing and Devising Puppet Theatre<\/a> avec Clea Minaker<\/li>\n\n\n\n<li><a href=\"https:\/\/www.playwrights.ca\/fr\/2019\/06\/12\/apply-now-theatre-translation-workshop-with-frank-heibert\/\">Theatre Translation Workshop with Frank Heibert<\/a> with Frank Heibert<\/li>\n\n\n\n<li><a href=\"https:\/\/www.playwrights.ca\/fr\/2019\/03\/28\/register-now-preparing-project-grants-for-emerging-artists\/\">Grant Writing Workshop for Emerging Artists<\/a> avec Jesse Stong<\/li>\n\n\n\n<li><a href=\"https:\/\/www.playwrights.ca\/fr\/2019\/02\/07\/register-now-structure-for-writers-who-hate-structure\/\">Structure (For Writers who Hate Structure)<\/a> avec Eric Micha Holmes<\/li>\n\n\n\n<li><a href=\"https:\/\/www.playwrights.ca\/fr\/2018\/12\/12\/seeking-participants-interdisciplinary-dramaturgy-lab\/\">Interdisciplinary Dramaturgy Lab<\/a> (Present\u00e9 en collaboration avec Studio 303) avec Kathy Casey, Dana Dugan et Sarah Elkashef<\/li>\n\n\n\n<li><a href=\"https:\/\/www.playwrights.ca\/fr\/2018\/10\/12\/protective-practices-for-playwrights\/\">Protective Practices for Playwrights<\/a> avec\u00a0Robin Sokoloski<\/li>\n\n\n\n<li><a href=\"https:\/\/www.playwrights.ca\/fr\/2018\/09\/19\/dramaturgy-with-katalin-trencsenyi\/\">Dramaturgy with Katalin Trencs\u00e9nyi<\/a><\/li>\n\n\n\n<li><a href=\"https:\/\/www.playwrights.ca\/fr\/2018\/04\/18\/exploring-practice-donna-michelle-st-bernard-may-17-20-2018\/\">Social Justice as an Engine for Theatrical Creation<\/a> avec\u00a0Donna-Michelle St.\u00a0Bernard<\/li>\n\n\n\n<li><a href=\"https:\/\/www.playwrights.ca\/fr\/2017\/11\/03\/exploring-practice-subverting-canon-writing-plays-though-race-class-gender-sexual-orientation-mattered-corrina-hodgson\/\">Subverting the canon: Writing plays as though race, class, gender and sexual orientation mattered<\/a> avec Corrina Hodgson<\/li>\n\n\n\n<li><a href=\"https:\/\/www.playwrights.ca\/fr\/2017\/02\/01\/exploration-puppetry-creation-process\/\">An Exploration of the Puppetry Creation Process<\/a> avec Clea Minaker<\/li>\n\n\n\n<li><a href=\"https:\/\/www.playwrights.ca\/fr\/2016\/02\/01\/exploring-practice-brian-drader\/\">Alternative Narrative<\/a> avec Brian Drader<\/li>\n\n\n\n<li><a href=\"https:\/\/www.playwrights.ca\/fr\/2016\/06\/01\/exploring-practice-dean-fleming\/\">Contemporary American Theatre<\/a> avec\u00a0Jonathan Garfinkel<\/li>\n\n\n\n<li><a href=\"https:\/\/www.playwrights.ca\/fr\/2018\/03\/15\/exploring-practice-tara-beagan\/\">Writing Home: Finding Story in Bloodlines<\/a> avec Tara Beagan<\/li>\n\n\n\n<li><a href=\"https:\/\/www.playwrights.ca\/fr\/2015\/03\/01\/writing-young-audiences-dean-fleming\/\">Writing for Young Audiences<\/a> avec Dean Fleming<\/li>\n\n\n\n<li><a href=\"https:\/\/www.playwrights.ca\/fr\/2015\/11\/14\/2078\/\">Creating Documentary Theatre for the Contemporary Stage<\/a> avec Annabel Soutar<\/li>\n\n\n\n<li><a href=\"https:\/\/www.playwrights.ca\/fr\/2015\/05\/01\/exploring-practice-erin-shields\/\">Adaptation for the Stage<\/a> avec Erin Shields<\/li>\n\n\n\n<li><a href=\"https:\/\/www.playwrights.ca\/fr\/2018\/05\/15\/exploring-practice-michael-mackenzie\/\">Myth, Memory, History and Theatre<\/a> avec\u00a0Michael Mackenzie<\/li>\n\n\n\n<li><a href=\"https:\/\/www.playwrights.ca\/fr\/2014\/11\/01\/exploring-practice-lois-brown\/\">Writing&nbsp;For&nbsp;Non-Traditional Space<\/a> avec Lois Brown<\/li>\n\n\n\n<li><a href=\"https:\/\/www.playwrights.ca\/fr\/2013\/03\/01\/exploring-practice-jonathan-garfinkel\/\">Autobiographical Fiction<\/a> avec\u00a0Jonathan Garfinkel<\/li>\n<\/ul>\n<\/div>\n\n\n\n<div class=\"wp-block-column is-layout-flow wp-block-column-is-layout-flow\" style=\"flex-basis:33%\"><\/div>\n<\/div>\n\n\n<div class=\"wp-block-image\">\n<figure class=\"aligncenter size-large is-resized\"><img loading=\"lazy\" decoding=\"async\" width=\"1024\" height=\"619\" src=\"https:\/\/www.playwrights.ca\/wp-content\/uploads\/2018\/04\/Exploring-Practice-with-Jesse-Stong-1024x619.png\" alt=\"Exploring Practice: Preparing Project Grants for Emerging Artists with Jesse Stong\" class=\"wp-image-1750\" style=\"width:512px;height:310px\" srcset=\"https:\/\/www.playwrights.ca\/wp-content\/uploads\/2018\/04\/Exploring-Practice-with-Jesse-Stong-1024x619.png 1024w, https:\/\/www.playwrights.ca\/wp-content\/uploads\/2018\/04\/Exploring-Practice-with-Jesse-Stong-300x181.png 300w, https:\/\/www.playwrights.ca\/wp-content\/uploads\/2018\/04\/Exploring-Practice-with-Jesse-Stong-768x464.png 768w\" sizes=\"auto, (max-width: 706px) 89vw, (max-width: 767px) 82vw, 740px\" \/><\/figure>\n<\/div>\n\n\n<hr class=\"wp-block-separator has-css-opacity\"\/>\n\n\n\n<h4 class=\"wp-block-heading\">Comment s'inscrire :<\/h4>\n\n\n\n<p class=\"translation-block\">Restez \u00e0 l'\u00e9coute tout au long de l\u2019ann\u00e9e pour des annonces concernant les prochaines sessions d'Explorer la pratique. <a href=\"http:\/\/playwrights.us7.list-manage1.com\/subscribe?u=f7a5a7cdb1e30bcbb7aca8cf4&amp;id=846174290b\" target=\"_self\">Inscrivez-vous \u00e0 notre infolettre<\/a> ou suivez-nous sur les r\u00e9seaux sociaux afin de vous tenir au courant de notre programmation. Nous publions des renseignements sp\u00e9cifiques quant aux d\u00e9marches \u00e0 suivre pour faire une demande au moment du lancement de chaque atelier.<\/p>\n\n\n\n<hr class=\"wp-block-separator has-css-opacity\"\/>\n\n\n\n<h5 class=\"wp-block-heading\">Exploring Practice and other professional development activities are&nbsp; made possible by:<\/h5>\n\n\n\n<div class=\"wp-block-columns is-layout-flex wp-container-core-columns-is-layout-9d6595d7 wp-block-columns-is-layout-flex\">\n<div class=\"wp-block-column is-layout-flow wp-block-column-is-layout-flow\">\n<div class=\"wp-block-columns is-layout-flex wp-container-core-columns-is-layout-9d6595d7 wp-block-columns-is-layout-flex\">\n<div class=\"wp-block-column is-layout-flow wp-block-column-is-layout-flow\">\n<figure class=\"wp-block-image size-full\"><img loading=\"lazy\" decoding=\"async\" width=\"800\" height=\"800\" src=\"https:\/\/www.playwrights.ca\/wp-content\/uploads\/2023\/09\/visuels_intervention-competences_nouveau_descripteur.jpeg\" alt=\"\" class=\"wp-image-14985\" srcset=\"https:\/\/www.playwrights.ca\/wp-content\/uploads\/2023\/09\/visuels_intervention-competences_nouveau_descripteur.jpeg 800w, https:\/\/www.playwrights.ca\/wp-content\/uploads\/2023\/09\/visuels_intervention-competences_nouveau_descripteur-300x300.jpeg 300w, https:\/\/www.playwrights.ca\/wp-content\/uploads\/2023\/09\/visuels_intervention-competences_nouveau_descripteur-150x150.jpeg 150w, https:\/\/www.playwrights.ca\/wp-content\/uploads\/2023\/09\/visuels_intervention-competences_nouveau_descripteur-768x768.jpeg 768w, https:\/\/www.playwrights.ca\/wp-content\/uploads\/2023\/09\/visuels_intervention-competences_nouveau_descripteur-12x12.jpeg 12w, https:\/\/www.playwrights.ca\/wp-content\/uploads\/2023\/09\/visuels_intervention-competences_nouveau_descripteur-100x100.jpeg 100w\" sizes=\"auto, (max-width: 706px) 89vw, (max-width: 767px) 82vw, 740px\" \/><\/figure>\n<\/div>\n\n\n\n<div class=\"wp-block-column is-layout-flow wp-block-column-is-layout-flow\">\n<figure class=\"wp-block-image size-full\"><img loading=\"lazy\" decoding=\"async\" width=\"600\" height=\"494\" src=\"https:\/\/www.playwrights.ca\/wp-content\/uploads\/2024\/07\/logo-CFC_v7-1-Modifie.png\" alt=\"\" class=\"wp-image-16599\" srcset=\"https:\/\/www.playwrights.ca\/wp-content\/uploads\/2024\/07\/logo-CFC_v7-1-Modifie.png 600w, https:\/\/www.playwrights.ca\/wp-content\/uploads\/2024\/07\/logo-CFC_v7-1-Modifie-300x247.png 300w, https:\/\/www.playwrights.ca\/wp-content\/uploads\/2024\/07\/logo-CFC_v7-1-Modifie-150x124.png 150w, https:\/\/www.playwrights.ca\/wp-content\/uploads\/2024\/07\/logo-CFC_v7-1-Modifie-15x12.png 15w\" sizes=\"auto, (max-width: 600px) 100vw, 600px\" \/><\/figure>\n<\/div>\n\n\n\n<div class=\"wp-block-column is-layout-flow wp-block-column-is-layout-flow\">\n<figure class=\"wp-block-image size-large\"><img loading=\"lazy\" decoding=\"async\" width=\"1024\" height=\"497\" src=\"https:\/\/www.playwrights.ca\/wp-content\/uploads\/2018\/12\/COMPETENCE_Culture_Logo-1024x497.png\" alt=\"Comp\u00e9tence Culture Logo\" class=\"wp-image-3641\" srcset=\"https:\/\/www.playwrights.ca\/wp-content\/uploads\/2018\/12\/COMPETENCE_Culture_Logo-1024x497.png 1024w, https:\/\/www.playwrights.ca\/wp-content\/uploads\/2018\/12\/COMPETENCE_Culture_Logo-300x146.png 300w, https:\/\/www.playwrights.ca\/wp-content\/uploads\/2018\/12\/COMPETENCE_Culture_Logo-768x373.png 768w, https:\/\/www.playwrights.ca\/wp-content\/uploads\/2018\/12\/COMPETENCE_Culture_Logo.png 1800w\" sizes=\"auto, (max-width: 706px) 89vw, (max-width: 767px) 82vw, 740px\" \/><\/figure>\n<\/div>\n<\/div>\n<\/div>\n<\/div>\n\n\n\n<article class=\"donate\">\n<h2 class=\"messy stronger\">Soutenez la recherche artistique.<\/h2>\n<h6 id=\"white-hover\" class=\"click\"><a class=\"blanc\" href=\"https:\/\/www.playwrights.ca\/fr\/donate\/\">Donnez maintenant<\/a><\/h6>\n<\/article>","protected":false},"excerpt":{"rendered":"<p>Exploring Practice is a key part of our professional development programming. Each series delves into a different aspect of the creation process. Over several short encounters, guest artists share their expertise with participants. These are opportunities for local artists to nourish and deepen their craft. Applications are now closed for Exploring Practice workshops. To know &hellip; <\/p>\n<p class=\"link-more\"><a href=\"https:\/\/www.playwrights.ca\/fr\/professional-development\/exploring-practice\/\" class=\"more-link\">Continuer la lecture<span class=\"screen-reader-text\"> de &laquo; Exploring Practice &raquo;<\/span><\/a><\/p>","protected":false},"author":14,"featured_media":15220,"parent":143,"menu_order":0,"comment_status":"closed","ping_status":"closed","template":"","meta":{"inline_featured_image":false,"ub_ctt_via":"","_exactmetrics_skip_tracking":false,"_exactmetrics_sitenote_active":false,"_exactmetrics_sitenote_note":"","_exactmetrics_sitenote_category":0,"footnotes":""},"class_list":["post-147","page","type-page","status-publish","has-post-thumbnail","hentry"],"featured_image_src":"https:\/\/www.playwrights.ca\/wp-content\/uploads\/2023\/09\/Exploring-Practice-program-banner.jpg","yoast_head":"<!-- This site is optimized with the Yoast SEO plugin v15.0 - https:\/\/yoast.com\/wordpress\/plugins\/seo\/ -->\n<title>Exploring Practice<\/title>\n<meta name=\"description\" content=\"Exploring Practice series delves into a different aspect of the creation process. It&#039;s for local artists to nourish and deepen their craft.\" \/>\n<meta name=\"robots\" content=\"index, follow, max-snippet:-1, max-image-preview:large, max-video-preview:-1\" \/>\n<link rel=\"canonical\" href=\"https:\/\/www.playwrights.ca\/fr\/professional-development\/exploring-practice\/\" \/>\n<meta property=\"og:locale\" content=\"fr_CA\" \/>\n<meta property=\"og:type\" content=\"article\" \/>\n<meta property=\"og:title\" content=\"Exploring Practice\" \/>\n<meta property=\"og:description\" content=\"Exploring Practice series delves into a different aspect of the creation process. It&#039;s for local artists to nourish and deepen their craft.\" \/>\n<meta property=\"og:url\" content=\"https:\/\/www.playwrights.ca\/fr\/professional-development\/exploring-practice\/\" \/>\n<meta property=\"og:site_name\" content=\"Playwrights&#039; Workshop Montr\u00e9al\" \/>\n<meta property=\"article:publisher\" content=\"https:\/\/www.facebook.com\/PlaywrightsWorkshopMontreal\/\" \/>\n<meta property=\"article:modified_time\" content=\"2026-04-13T13:52:07+00:00\" \/>\n<meta property=\"og:image\" content=\"https:\/\/www.playwrights.ca\/wp-content\/uploads\/2023\/09\/Exploring-Practice-program-banner.jpg\" \/>\n\t<meta property=\"og:image:width\" content=\"1872\" \/>\n\t<meta property=\"og:image:height\" content=\"445\" \/>\n<meta name=\"twitter:card\" content=\"summary\" \/>\n<meta name=\"twitter:creator\" content=\"@PWMontreal\" \/>\n<meta name=\"twitter:site\" content=\"@PWMontreal\" \/>\n<script type=\"application\/ld+json\" class=\"yoast-schema-graph\">{\"@context\":\"https:\/\/schema.org\",\"@graph\":[{\"@type\":\"WebSite\",\"@id\":\"https:\/\/www.playwrights.ca\/fr\/#website\",\"url\":\"https:\/\/www.playwrights.ca\/fr\/\",\"name\":\"Playwrights&#039; Workshop Montr\\u00e9al\",\"description\":\"Nationally-mandated theatre development centre\",\"potentialAction\":[{\"@type\":\"SearchAction\",\"target\":\"https:\/\/www.playwrights.ca\/fr\/?s={search_term_string}\",\"query-input\":\"required name=search_term_string\"}],\"inLanguage\":\"fr-CA\"},{\"@type\":\"ImageObject\",\"@id\":\"https:\/\/www.playwrights.ca\/professional-development\/exploring-practice\/#primaryimage\",\"inLanguage\":\"fr-CA\",\"url\":\"https:\/\/www.playwrights.ca\/wp-content\/uploads\/2023\/09\/Exploring-Practice-program-banner.jpg\",\"width\":1872,\"height\":445},{\"@type\":\"WebPage\",\"@id\":\"https:\/\/www.playwrights.ca\/professional-development\/exploring-practice\/#webpage\",\"url\":\"https:\/\/www.playwrights.ca\/professional-development\/exploring-practice\/\",\"name\":\"Exploring Practice\",\"isPartOf\":{\"@id\":\"https:\/\/www.playwrights.ca\/fr\/#website\"},\"primaryImageOfPage\":{\"@id\":\"https:\/\/www.playwrights.ca\/professional-development\/exploring-practice\/#primaryimage\"},\"datePublished\":\"2017-08-17T20:14:15+00:00\",\"dateModified\":\"2026-04-13T13:52:07+00:00\",\"description\":\"Exploring Practice series delves into a different aspect of the creation process. It's for local artists to nourish and deepen their craft.\",\"inLanguage\":\"fr-CA\",\"potentialAction\":[{\"@type\":\"ReadAction\",\"target\":[\"https:\/\/www.playwrights.ca\/professional-development\/exploring-practice\/\"]}]}]}<\/script>\n<!-- \/ Yoast SEO plugin. -->","jetpack_sharing_enabled":true,"_links":{"self":[{"href":"https:\/\/www.playwrights.ca\/fr\/wp-json\/wp\/v2\/pages\/147","targetHints":{"allow":["GET"]}}],"collection":[{"href":"https:\/\/www.playwrights.ca\/fr\/wp-json\/wp\/v2\/pages"}],"about":[{"href":"https:\/\/www.playwrights.ca\/fr\/wp-json\/wp\/v2\/types\/page"}],"author":[{"embeddable":true,"href":"https:\/\/www.playwrights.ca\/fr\/wp-json\/wp\/v2\/users\/14"}],"replies":[{"embeddable":true,"href":"https:\/\/www.playwrights.ca\/fr\/wp-json\/wp\/v2\/comments?post=147"}],"version-history":[{"count":150,"href":"https:\/\/www.playwrights.ca\/fr\/wp-json\/wp\/v2\/pages\/147\/revisions"}],"predecessor-version":[{"id":19147,"href":"https:\/\/www.playwrights.ca\/fr\/wp-json\/wp\/v2\/pages\/147\/revisions\/19147"}],"up":[{"embeddable":true,"href":"https:\/\/www.playwrights.ca\/fr\/wp-json\/wp\/v2\/pages\/143"}],"wp:featuredmedia":[{"embeddable":true,"href":"https:\/\/www.playwrights.ca\/fr\/wp-json\/wp\/v2\/media\/15220"}],"wp:attachment":[{"href":"https:\/\/www.playwrights.ca\/fr\/wp-json\/wp\/v2\/media?parent=147"}],"curies":[{"name":"wp","href":"https:\/\/api.w.org\/{rel}","templated":true}]}}