{"id":149,"date":"2017-08-17T20:15:43","date_gmt":"2017-08-17T20:15:43","guid":{"rendered":"https:\/\/playwrights.ca?page_id=149"},"modified":"2021-05-15T13:53:46","modified_gmt":"2021-05-15T17:53:46","slug":"exploring-practice-intensive","status":"publish","type":"page","link":"https:\/\/www.playwrights.ca\/fr\/professional-development\/exploring-practice-intensive\/","title":{"rendered":"Exploration des pratiques - Intensif"},"content":{"rendered":"<p><span style=\"font-size: inherit;\">Les artistes professionnels sont constamment en besoin d\u2019occasions d\u2019\u00e9tendre et d\u2019approfondir leur pratique th\u00e9\u00e2trale. Nos semaines intensives d\u2019exploration de la pratique sont des ateliers ax\u00e9s sur l\u2019\u0153uvre des membres participants et guid\u00e9s par des invit\u00e9s sp\u00e9ciaux experts dans leur domaine.<\/span><\/p>\n\n\n\n<div class=\"wp-block-columns is-layout-flex wp-container-core-columns-is-layout-9d6595d7 wp-block-columns-is-layout-flex\">\n<div class=\"wp-block-column is-layout-flow wp-block-column-is-layout-flow\" style=\"flex-basis:60%\">\n<h4 class=\"wp-block-heading\">Exemples de la programmation que nous avons offerte par le pass\u00e9 :<\/h4>\n\n\n\n<ul class=\"wp-block-list\"><li><a href=\"https:\/\/www.playwrights.ca\/fr\/2020\/12\/14\/archipelago-dramaturgies\/\">Archipelago Dramaturgies<\/a> with Jessie Mill and Katalin Trencs\u00e9nyi<\/li><li><a href=\"https:\/\/www.playwrights.ca\/fr\/2018\/06\/27\/dramaturgy-with-katalin-trencsenyi\/\">Dramaturgie<\/a>\u00a0avec Katalin Trencs\u00e9nyi<\/li><li><a href=\"https:\/\/www.playwrights.ca\/fr\/2017\/12\/14\/master-class-arrivals-legacy-project-diane-roberts\/\">The Arrivals Legacy Project<\/a> avec Diane Roberts<\/li><li><a href=\"https:\/\/www.playwrights.ca\/fr\/2017\/03\/14\/master-class-sherry-yoon\/\">Exploring Micro Performance<\/a> avec Sherry Yoon<\/li><li><a href=\"https:\/\/www.playwrights.ca\/fr\/2015\/11\/14\/master-class-jill-murray\/\">Game Writing for Playwrights<\/a> avec Jill Murray<\/li><li><a href=\"https:\/\/www.playwrights.ca\/fr\/2014\/11\/14\/spectacularly-un-spectacular-nadia-ross-sto-union\/\">The spectacularly Un-spectacular<\/a> avec Nadia Ross (STO Union)<\/li><li><a href=\"https:\/\/www.playwrights.ca\/fr\/2018\/05\/15\/master-class-2boys-tv\/\">Arcade<\/a> with Stephen Lawson\u00a0and\u00a0Aaron Pollard of 2boys.TV<\/li><\/ul>\n<\/div>\n\n\n\n<div class=\"wp-block-column is-layout-flow wp-block-column-is-layout-flow\" style=\"flex-basis:40%\">\n<div class=\"wp-block-image\"><figure class=\"alignright size-large\"><img loading=\"lazy\" decoding=\"async\" width=\"1024\" height=\"768\" src=\"https:\/\/www.playwrights.ca\/wp-content\/uploads\/2017\/08\/Clea-Minaker-1024x768.jpg\" alt=\"Photo of Amy Chartrand performing mask\" class=\"wp-image-52\" srcset=\"https:\/\/www.playwrights.ca\/wp-content\/uploads\/2017\/08\/Clea-Minaker-1024x768.jpg 1024w, https:\/\/www.playwrights.ca\/wp-content\/uploads\/2017\/08\/Clea-Minaker-300x225.jpg 300w, https:\/\/www.playwrights.ca\/wp-content\/uploads\/2017\/08\/Clea-Minaker-768x576.jpg 768w, https:\/\/www.playwrights.ca\/wp-content\/uploads\/2017\/08\/Clea-Minaker.jpg 2048w\" sizes=\"auto, (max-width: 706px) 89vw, (max-width: 767px) 82vw, 740px\" \/><\/figure><\/div>\n<\/div>\n<\/div>\n\n\n\n<h4 class=\"wp-block-heading\">Comment postuler :<\/h4>\n\n\n\n<p class=\"translation-block\">Restez \u00e0 l'\u00e9coute tout au long de l\u2019ann\u00e9e pour des annonces concernant les prochaines sessions d'Explorer la pratique - Intensif. <a href=\"http:\/\/playwrights.us7.list-manage1.com\/subscribe?u=f7a5a7cdb1e30bcbb7aca8cf4&amp;id=846174290b\" target=\"_self\">Inscrivez-vous \u00e0 notre infolettre<\/a> ou suivez-nous sur les r\u00e9seaux sociaux afin de vous tenir au courant de notre programmation. Nous publions des renseignements sp\u00e9cifiques quant aux d\u00e9marches \u00e0 suivre pour faire une demande au moment du lancement de chaque atelier.<\/p>\n\n\n\n<p class=\"has-text-align-center\">Formations rendues possibles par<\/p>\n\n\n\n<div class=\"wp-block-image\"><figure class=\"aligncenter\"><img loading=\"lazy\" decoding=\"async\" width=\"300\" height=\"105\" src=\"https:\/\/www.playwrights.ca\/wp-content\/uploads\/2017\/08\/Emploi-Qu\u00e9bec-300x105.png\" alt=\"Emploi-Qu\u00e9bec_Logo\" class=\"wp-image-1108\" srcset=\"https:\/\/www.playwrights.ca\/wp-content\/uploads\/2017\/08\/Emploi-Qu\u00e9bec-300x105.png 300w, https:\/\/www.playwrights.ca\/wp-content\/uploads\/2017\/08\/Emploi-Qu\u00e9bec-768x269.png 768w, https:\/\/www.playwrights.ca\/wp-content\/uploads\/2017\/08\/Emploi-Qu\u00e9bec-1024x359.png 1024w, https:\/\/www.playwrights.ca\/wp-content\/uploads\/2017\/08\/Emploi-Qu\u00e9bec.png 1035w\" sizes=\"auto, (max-width: 300px) 100vw, 300px\" \/><\/figure><\/div>","protected":false},"excerpt":{"rendered":"<p>Opportunities to exchange and delve deeply into theatrical practice are crucial for professional artists. Our Exploring Practice Intensive are week-long explorations into participant\u2019s work guided by guest theatre artists who are experts in their form. Past programming has included: Archipelago Dramaturgies with Jessie Mill and Katalin Trencs\u00e9nyi Dramaturgy\u00a0with Katalin Trencs\u00e9nyi The Arrivals Legacy Project with &hellip; <\/p>\n<p class=\"link-more\"><a href=\"https:\/\/www.playwrights.ca\/fr\/professional-development\/exploring-practice-intensive\/\" class=\"more-link\">Continuer la lecture<span class=\"screen-reader-text\"> de &laquo; Exploring Practice Intensive &raquo;<\/span><\/a><\/p>","protected":false},"author":14,"featured_media":29,"parent":143,"menu_order":0,"comment_status":"closed","ping_status":"closed","template":"","meta":{"inline_featured_image":false,"ub_ctt_via":"","_exactmetrics_skip_tracking":false,"_exactmetrics_sitenote_active":false,"_exactmetrics_sitenote_note":"","_exactmetrics_sitenote_category":0,"footnotes":""},"class_list":["post-149","page","type-page","status-publish","has-post-thumbnail","hentry"],"featured_image_src":"https:\/\/www.playwrights.ca\/wp-content\/uploads\/2017\/08\/Master-classes.png","yoast_head":"<!-- This site is optimized with the Yoast SEO plugin v15.0 - https:\/\/yoast.com\/wordpress\/plugins\/seo\/ -->\n<title>Exploring Practice Intensive<\/title>\n<meta name=\"description\" content=\"Exploring Practice Intensive are week-long explorations into participant\u2019s work guided by guest theatre artists who are experts in their form.\" \/>\n<meta name=\"robots\" content=\"index, follow, max-snippet:-1, max-image-preview:large, max-video-preview:-1\" \/>\n<link rel=\"canonical\" href=\"https:\/\/www.playwrights.ca\/fr\/professional-development\/exploring-practice-intensive\/\" \/>\n<meta property=\"og:locale\" content=\"fr_CA\" \/>\n<meta property=\"og:type\" content=\"article\" \/>\n<meta property=\"og:title\" content=\"Exploring Practice Intensive\" \/>\n<meta property=\"og:description\" content=\"Exploring Practice Intensive are week-long explorations into participant\u2019s work guided by guest theatre artists who are experts in their form.\" \/>\n<meta property=\"og:url\" content=\"https:\/\/www.playwrights.ca\/fr\/professional-development\/exploring-practice-intensive\/\" \/>\n<meta property=\"og:site_name\" content=\"Playwrights&#039; Workshop Montr\u00e9al\" \/>\n<meta property=\"article:publisher\" content=\"https:\/\/www.facebook.com\/PlaywrightsWorkshopMontreal\/\" \/>\n<meta property=\"article:modified_time\" content=\"2021-05-15T17:53:46+00:00\" \/>\n<meta property=\"og:image\" content=\"https:\/\/www.playwrights.ca\/wp-content\/uploads\/2017\/08\/Master-classes.png\" \/>\n\t<meta property=\"og:image:width\" content=\"2000\" \/>\n\t<meta property=\"og:image:height\" content=\"475\" \/>\n<meta name=\"twitter:card\" content=\"summary\" \/>\n<meta name=\"twitter:creator\" content=\"@PWMontreal\" \/>\n<meta name=\"twitter:site\" content=\"@PWMontreal\" \/>\n<script type=\"application\/ld+json\" class=\"yoast-schema-graph\">{\"@context\":\"https:\/\/schema.org\",\"@graph\":[{\"@type\":\"WebSite\",\"@id\":\"https:\/\/www.playwrights.ca\/fr\/#website\",\"url\":\"https:\/\/www.playwrights.ca\/fr\/\",\"name\":\"Playwrights&#039; Workshop Montr\\u00e9al\",\"description\":\"Nationally-mandated theatre development centre\",\"potentialAction\":[{\"@type\":\"SearchAction\",\"target\":\"https:\/\/www.playwrights.ca\/fr\/?s={search_term_string}\",\"query-input\":\"required name=search_term_string\"}],\"inLanguage\":\"fr-CA\"},{\"@type\":\"ImageObject\",\"@id\":\"https:\/\/www.playwrights.ca\/professional-development\/exploring-practice-intensive\/#primaryimage\",\"inLanguage\":\"fr-CA\",\"url\":\"https:\/\/www.playwrights.ca\/wp-content\/uploads\/2017\/08\/Master-classes.png\",\"width\":2000,\"height\":475,\"caption\":\"black and white photo of participants performing for sherry yoon's master class\"},{\"@type\":\"WebPage\",\"@id\":\"https:\/\/www.playwrights.ca\/professional-development\/exploring-practice-intensive\/#webpage\",\"url\":\"https:\/\/www.playwrights.ca\/professional-development\/exploring-practice-intensive\/\",\"name\":\"Exploring Practice Intensive\",\"isPartOf\":{\"@id\":\"https:\/\/www.playwrights.ca\/fr\/#website\"},\"primaryImageOfPage\":{\"@id\":\"https:\/\/www.playwrights.ca\/professional-development\/exploring-practice-intensive\/#primaryimage\"},\"datePublished\":\"2017-08-17T20:15:43+00:00\",\"dateModified\":\"2021-05-15T17:53:46+00:00\",\"description\":\"Exploring Practice Intensive are week-long explorations into participant\\u2019s work guided by guest theatre artists who are experts in their form.\",\"inLanguage\":\"fr-CA\",\"potentialAction\":[{\"@type\":\"ReadAction\",\"target\":[\"https:\/\/www.playwrights.ca\/professional-development\/exploring-practice-intensive\/\"]}]}]}<\/script>\n<!-- \/ Yoast SEO plugin. -->","jetpack_sharing_enabled":true,"_links":{"self":[{"href":"https:\/\/www.playwrights.ca\/fr\/wp-json\/wp\/v2\/pages\/149","targetHints":{"allow":["GET"]}}],"collection":[{"href":"https:\/\/www.playwrights.ca\/fr\/wp-json\/wp\/v2\/pages"}],"about":[{"href":"https:\/\/www.playwrights.ca\/fr\/wp-json\/wp\/v2\/types\/page"}],"author":[{"embeddable":true,"href":"https:\/\/www.playwrights.ca\/fr\/wp-json\/wp\/v2\/users\/14"}],"replies":[{"embeddable":true,"href":"https:\/\/www.playwrights.ca\/fr\/wp-json\/wp\/v2\/comments?post=149"}],"version-history":[{"count":61,"href":"https:\/\/www.playwrights.ca\/fr\/wp-json\/wp\/v2\/pages\/149\/revisions"}],"predecessor-version":[{"id":9329,"href":"https:\/\/www.playwrights.ca\/fr\/wp-json\/wp\/v2\/pages\/149\/revisions\/9329"}],"up":[{"embeddable":true,"href":"https:\/\/www.playwrights.ca\/fr\/wp-json\/wp\/v2\/pages\/143"}],"wp:featuredmedia":[{"embeddable":true,"href":"https:\/\/www.playwrights.ca\/fr\/wp-json\/wp\/v2\/media\/29"}],"wp:attachment":[{"href":"https:\/\/www.playwrights.ca\/fr\/wp-json\/wp\/v2\/media?parent=149"}],"curies":[{"name":"wp","href":"https:\/\/api.w.org\/{rel}","templated":true}]}}