{"id":1847,"date":"2018-04-23T14:39:41","date_gmt":"2018-04-23T18:39:41","guid":{"rendered":"https:\/\/www.playwrights.ca\/?page_id=1847"},"modified":"2019-11-18T13:37:20","modified_gmt":"2019-11-18T18:37:20","slug":"exploration-des-pratiques-avec-donna-michelle-st-bernard","status":"publish","type":"page","link":"https:\/\/www.playwrights.ca\/fr\/exploration-des-pratiques-avec-donna-michelle-st-bernard\/","title":{"rendered":"\u00ab Social Justice as an Engine for Theatrical Creation \u00bb"},"content":{"rendered":"<p>&nbsp;<\/p>\n<p><span style=\"color: #2f0bc3;\">Nous acceptons&nbsp;d\u00e8s&nbsp;maintenant&nbsp;les inscriptions&nbsp;pour notre prochaine&nbsp;formation avec Donna-Michelle St. Bernard<\/span><\/p>\n<p><strong>Dates&nbsp;:<\/strong>&nbsp;17 au 20 mai 2018<br \/>\n<strong>Horaire&nbsp;:&nbsp;<\/strong>19h-21h, le 17; 10h-18h, les 18 et 19; 10h-14h, le 20<br \/>\n<strong>Lieu :<\/strong>&nbsp;<a href=\"https:\/\/www.monumentnational.com\/fr\/\">Monument-National<\/a><br \/>\n<strong>Frais&nbsp;:<\/strong>&nbsp;45&nbsp;$&nbsp;<\/p>\n<p>Une histoire est un univers; son auteur(e) est un(e) cr\u00e9ateur(trice) d\u2019univers. Votre vision politique teinte in\u00e9vitablement votre travail, mais une pi\u00e8ce n\u2019est pas un essai politique. Explorer diverses mani\u00e8res de raconter votre histoire sans mettre de c\u00f4t\u00e9 vos valeurs. Articulez vos explorations artistiques \u00e0 la justice sociale par une pratique inclusive et un processus conscientis\u00e9. Examinez des d\u00e9placements voulus, diverses cosmologies, l\u2019universalit\u00e9 du particulier, les codes de classes, de nouveaux vocabulaires.<\/p>\n<p><strong>Note&nbsp;:<\/strong> Cette exploration des pratiques est offerte en partenariat avec le chantier de r\u00e9flexion MontreALL Diverse City Commons. Les participants seront d\u2019ailleurs invit\u00e9s \u00e0 assister \u00e0 ce chantier.<\/p>\n<p><strong>Directives d\u2019inscription&nbsp;:&nbsp;<\/strong>Pour s\u2019inscrire \u00e0 cet atelier, veuillez soumettre une bio, un CV et un court texte (1 ou 2 paragraphes) expliquant votre int\u00e9r\u00eat pour ce sujet ou de quelle fa\u00e7on la lutte contre l\u2019oppression influence votre pratique. Les demandes d\u2019inscription doivent \u00eatre envoy\u00e9es \u00e0&nbsp;<a href=\"mailto:emma@playwrights.ca\">emma@playwrights.ca<\/a><br \/>\n<strong>Objet&nbsp;:<\/strong> Exploration des pratiques&nbsp;avec Donna-Michelle St. Bernard<br \/>\n<strong>Date limite&nbsp;:&nbsp;<\/strong>Lundi 30 avril 2018<\/p>\n<p><strong>Donna-Michelle St. Bernard<\/strong> est animatrice, auteure dramatique et activiste. Parmi ses \u0153uvres pour la sc\u00e8ne figurent Sound of the Beast, Cake, They Say He Fell, A Man A Fish, The House You Build, Dark Love, The First Stone, Roominhouse, Salome\u2019s Clothes et Gas Girls. Son travail a \u00e9t\u00e9 nomm\u00e9 pour un prix SATAward et plusieurs prix du Gouverneur g\u00e9n\u00e9ral et salu\u00e9 par des prix Herman Voaden, Dora Mavor Moore, Siminovitch et KM Hunter. Elle est la directrice artistique de New Harlem Productions, coordonnatrice de l\u2019 ADHOC Assembly, auteure en r\u00e9sidence chez lemonTree creations et animatrice en r\u00e9sidence au Theatre Passe Muraille.<\/p>\n<p style=\"text-align: center;\"><strong>Ce programme de&nbsp;formation&nbsp;est&nbsp;rendu possible&nbsp;gr\u00e2ce \u00e0 la participation financi\u00e8re d&#8217;Emploi-Qu\u00e9bec<\/strong><\/p>\n<p style=\"text-align: center;\"><img loading=\"lazy\" decoding=\"async\" class=\"aligncenter wp-image-920 size-medium\" src=\"https:\/\/www.playwrights.ca\/wp-content\/uploads\/2017\/11\/EQ-logo-300x78.png\" alt=\"Emploi-Qu\u00e9be Logo\" width=\"300\" height=\"78\" srcset=\"https:\/\/www.playwrights.ca\/wp-content\/uploads\/2017\/11\/EQ-logo-300x78.png 300w, https:\/\/www.playwrights.ca\/wp-content\/uploads\/2017\/11\/EQ-logo-768x201.png 768w, https:\/\/www.playwrights.ca\/wp-content\/uploads\/2017\/11\/EQ-logo.png 902w\" sizes=\"auto, (max-width: 300px) 100vw, 300px\" \/><\/p>","protected":false},"excerpt":{"rendered":"<p>&nbsp; Nous acceptons&nbsp;d\u00e8s&nbsp;maintenant&nbsp;les inscriptions&nbsp;pour notre prochaine&nbsp;formation avec Donna-Michelle St. Bernard Dates&nbsp;:&nbsp;17 au 20 mai 2018 Horaire&nbsp;:&nbsp;19h-21h, le 17; 10h-18h, les 18 et 19; 10h-14h, le 20 Lieu :&nbsp;Monument-National Frais&nbsp;:&nbsp;45&nbsp;$&nbsp; Une histoire est un univers; son auteur(e) est un(e) cr\u00e9ateur(trice) d\u2019univers. Votre vision politique teinte in\u00e9vitablement votre travail, mais une pi\u00e8ce n\u2019est pas un essai politique. &hellip; <\/p>\n<p class=\"link-more\"><a href=\"https:\/\/www.playwrights.ca\/fr\/exploration-des-pratiques-avec-donna-michelle-st-bernard\/\" class=\"more-link\">Continuer la lecture<span class=\"screen-reader-text\"> de &laquo; \u00ab Social Justice as an Engine for Theatrical Creation \u00bb &raquo;<\/span><\/a><\/p>","protected":false},"author":14,"featured_media":2333,"parent":0,"menu_order":0,"comment_status":"closed","ping_status":"closed","template":"","meta":{"inline_featured_image":false,"ub_ctt_via":"","_exactmetrics_skip_tracking":false,"_exactmetrics_sitenote_active":false,"_exactmetrics_sitenote_note":"","_exactmetrics_sitenote_category":0,"footnotes":""},"class_list":["post-1847","page","type-page","status-publish","has-post-thumbnail","hentry"],"featured_image_src":"https:\/\/www.playwrights.ca\/wp-content\/uploads\/2018\/05\/EXPLORATION-DES-PRATIQUES-AVEC-DONNA-MICHELLE-ST.-BERNARD_v2.png","yoast_head":"<!-- This site is optimized with the Yoast SEO plugin v15.0 - https:\/\/yoast.com\/wordpress\/plugins\/seo\/ -->\n<title>\u00ab Social Justice as an Engine for Theatrical Creation \u00bb - Playwrights&#039; Workshop Montr\u00e9al<\/title>\n<meta name=\"robots\" content=\"index, follow, max-snippet:-1, max-image-preview:large, max-video-preview:-1\" \/>\n<link rel=\"canonical\" href=\"https:\/\/www.playwrights.ca\/fr\/exploration-des-pratiques-avec-donna-michelle-st-bernard\/\" \/>\n<meta property=\"og:locale\" content=\"fr_CA\" \/>\n<meta property=\"og:type\" content=\"article\" \/>\n<meta property=\"og:title\" content=\"\u00ab Social Justice as an Engine for Theatrical Creation \u00bb - Playwrights&#039; Workshop Montr\u00e9al\" \/>\n<meta property=\"og:description\" content=\"&nbsp; Nous acceptons&nbsp;d\u00e8s&nbsp;maintenant&nbsp;les inscriptions&nbsp;pour notre prochaine&nbsp;formation avec Donna-Michelle St. Bernard Dates&nbsp;:&nbsp;17 au 20 mai 2018 Horaire&nbsp;:&nbsp;19h-21h, le 17; 10h-18h, les 18 et 19; 10h-14h, le 20 Lieu :&nbsp;Monument-National Frais&nbsp;:&nbsp;45&nbsp;$&nbsp; Une histoire est un univers; son auteur(e) est un(e) cr\u00e9ateur(trice) d\u2019univers. Votre vision politique teinte in\u00e9vitablement votre travail, mais une pi\u00e8ce n\u2019est pas un essai politique. &hellip; Continuer la lecture de &laquo; \u00ab Social Justice as an Engine for Theatrical Creation \u00bb &raquo;\" \/>\n<meta property=\"og:url\" content=\"https:\/\/www.playwrights.ca\/fr\/exploration-des-pratiques-avec-donna-michelle-st-bernard\/\" \/>\n<meta property=\"og:site_name\" content=\"Playwrights&#039; Workshop Montr\u00e9al\" \/>\n<meta property=\"article:publisher\" content=\"https:\/\/www.facebook.com\/PlaywrightsWorkshopMontreal\/\" \/>\n<meta property=\"article:modified_time\" content=\"2019-11-18T18:37:20+00:00\" \/>\n<meta property=\"og:image\" content=\"https:\/\/www.playwrights.ca\/wp-content\/uploads\/2018\/05\/EXPLORATION-DES-PRATIQUES-AVEC-DONNA-MICHELLE-ST.-BERNARD_v2.png\" \/>\n\t<meta property=\"og:image:width\" content=\"900\" \/>\n\t<meta property=\"og:image:height\" content=\"500\" \/>\n<meta name=\"twitter:card\" content=\"summary\" \/>\n<meta name=\"twitter:creator\" content=\"@PWMontreal\" \/>\n<meta name=\"twitter:site\" content=\"@PWMontreal\" \/>\n<script type=\"application\/ld+json\" class=\"yoast-schema-graph\">{\"@context\":\"https:\/\/schema.org\",\"@graph\":[{\"@type\":\"WebSite\",\"@id\":\"https:\/\/www.playwrights.ca\/fr\/#website\",\"url\":\"https:\/\/www.playwrights.ca\/fr\/\",\"name\":\"Playwrights&#039; Workshop Montr\\u00e9al\",\"description\":\"Nationally-mandated theatre development centre\",\"potentialAction\":[{\"@type\":\"SearchAction\",\"target\":\"https:\/\/www.playwrights.ca\/fr\/?s={search_term_string}\",\"query-input\":\"required name=search_term_string\"}],\"inLanguage\":\"fr-CA\"},{\"@type\":\"ImageObject\",\"@id\":\"https:\/\/www.playwrights.ca\/exploration-des-pratiques-avec-donna-michelle-st-bernard\/#primaryimage\",\"inLanguage\":\"fr-CA\",\"url\":\"https:\/\/www.playwrights.ca\/wp-content\/uploads\/2018\/05\/EXPLORATION-DES-PRATIQUES-AVEC-DONNA-MICHELLE-ST.-BERNARD_v2.png\",\"width\":900,\"height\":500,\"caption\":\"Exploration Des Pratiques Avec Donna-michelle St. Bernard\"},{\"@type\":\"WebPage\",\"@id\":\"https:\/\/www.playwrights.ca\/exploration-des-pratiques-avec-donna-michelle-st-bernard\/#webpage\",\"url\":\"https:\/\/www.playwrights.ca\/exploration-des-pratiques-avec-donna-michelle-st-bernard\/\",\"name\":\"\\u00ab Social Justice as an Engine for Theatrical Creation \\u00bb - Playwrights&#039; Workshop Montr\\u00e9al\",\"isPartOf\":{\"@id\":\"https:\/\/www.playwrights.ca\/fr\/#website\"},\"primaryImageOfPage\":{\"@id\":\"https:\/\/www.playwrights.ca\/exploration-des-pratiques-avec-donna-michelle-st-bernard\/#primaryimage\"},\"datePublished\":\"2018-04-23T18:39:41+00:00\",\"dateModified\":\"2019-11-18T18:37:20+00:00\",\"inLanguage\":\"fr-CA\",\"potentialAction\":[{\"@type\":\"ReadAction\",\"target\":[\"https:\/\/www.playwrights.ca\/exploration-des-pratiques-avec-donna-michelle-st-bernard\/\"]}]}]}<\/script>\n<!-- \/ Yoast SEO plugin. -->","jetpack_sharing_enabled":true,"_links":{"self":[{"href":"https:\/\/www.playwrights.ca\/fr\/wp-json\/wp\/v2\/pages\/1847","targetHints":{"allow":["GET"]}}],"collection":[{"href":"https:\/\/www.playwrights.ca\/fr\/wp-json\/wp\/v2\/pages"}],"about":[{"href":"https:\/\/www.playwrights.ca\/fr\/wp-json\/wp\/v2\/types\/page"}],"author":[{"embeddable":true,"href":"https:\/\/www.playwrights.ca\/fr\/wp-json\/wp\/v2\/users\/14"}],"replies":[{"embeddable":true,"href":"https:\/\/www.playwrights.ca\/fr\/wp-json\/wp\/v2\/comments?post=1847"}],"version-history":[{"count":8,"href":"https:\/\/www.playwrights.ca\/fr\/wp-json\/wp\/v2\/pages\/1847\/revisions"}],"predecessor-version":[{"id":2344,"href":"https:\/\/www.playwrights.ca\/fr\/wp-json\/wp\/v2\/pages\/1847\/revisions\/2344"}],"wp:featuredmedia":[{"embeddable":true,"href":"https:\/\/www.playwrights.ca\/fr\/wp-json\/wp\/v2\/media\/2333"}],"wp:attachment":[{"href":"https:\/\/www.playwrights.ca\/fr\/wp-json\/wp\/v2\/media?parent=1847"}],"curies":[{"name":"wp","href":"https:\/\/api.w.org\/{rel}","templated":true}]}}