{"id":1852,"date":"2018-04-23T15:37:30","date_gmt":"2018-04-23T15:37:30","guid":{"rendered":"https:\/\/www.playwrights.ca\/?page_id=1852"},"modified":"2022-10-12T13:43:36","modified_gmt":"2022-10-12T17:43:36","slug":"community-calls","status":"publish","type":"page","link":"https:\/\/www.playwrights.ca\/fr\/community-calls\/","title":{"rendered":"Appels de la communaut\u00e9"},"content":{"rendered":"<h2 class=\"wp-block-heading\"><span style=\"color: #333333;\">Une ressource pour les cr\u00e9ateurs de th\u00e9\u00e2tre canadiens!<\/span><\/h2>\n\n\n\n<h4 class=\"wp-block-heading\">HOW TO SUBMIT A POSTING TO PWM<\/h4>\n\n\n\n<p><span style=\"color: #333333;\">Playwrights&#8217; Workshop Montr\u00e9al promotes shows, readings, and calls related to the work that we do that benefit our members and community. Have an event to promote?  Email our Communications Manager Quinlan at communications@playwrights.ca<\/span><\/p>\n\n\n\n<hr class=\"wp-block-separator is-style-wide\"\/>\n\n\n\n<h4 class=\"wp-block-heading\">PRIX, CONCOURS ET SUBVENTIONS<\/h4>\n\n\n\n<p><strong>THE NATIONAL CREATION FUND<\/strong>&nbsp;<br>Le <strong>National Arts Centre<\/strong>&#8216;s fund is a catalyst for Canadian artists to take their projects to a new level.&nbsp; It provides the additional time and resources that bold, ambitious projects need to be successful on the national and international stage.<\/p>\n\n\n\n<p><br>The fund will invest up to $3 million a year in the development of 15 to 20&nbsp; new Canadian works in theatre. For the application form go&nbsp;<a aria-label=\" (opens in a new tab)\" rel=\"noreferrer noopener\" href=\"https:\/\/nac-cna.ca\/en\/creationfund\/submit\" target=\"_blank\">ici<\/a>.<\/p>\n\n\n\n<p><strong><br>CANADIAN JEWISH PLAYWRITING COMPETITION OPEN FOR SUBMISSIONS<\/strong><br>This&nbsp;one of a kind&nbsp;competition&nbsp;recognizes the most outstanding, unproduced, Canadian plays with a Jewish focus.&nbsp;The winning playwright will receive $1,000 (CDN) and an 8-hour CAEA ITA workshop with a director and up to six actors. This workshop concludes with a public reading. (A virtual workshop and reading will take place in lieu of a live public performance if we are unable to meet safely in person).&nbsp;The winning playwright will also receive one session with a dramaturge before the playwright, director and actors meet for the workshop\/reading. <\/p>\n\n\n\n<p>The 2021 competition is&nbsp;co-presented by&nbsp;The Winnipeg Jewish Theatre (Manitoba), The Miles Nadal Jewish Community Centre (Ontario) The&nbsp;Harold Green Jewish Theatre Company (Ontario),&nbsp;The&nbsp;Segal&nbsp;Centre for the Performing Arts (Quebec), and&nbsp;Neptune Theatre (Nova Scotia) Generously supported by the Asper Foundation.&nbsp;For information on how to submit,&nbsp;<a href=\"https:\/\/www.mnjcc.org\/theatre\" target=\"_blank\" rel=\"noreferrer noopener\">click here<\/a>. Deadline Sept 7, 2021.<\/p>\n\n\n\n<hr class=\"wp-block-separator\"\/>\n\n\n\n<h4 class=\"wp-block-heading\">FESTIVALS ET \u00c9V\u00c8NEMENTS<\/h4>\n\n\n\n<p><strong><strong>A LIFE IN THE TIMES OF COVID-19 TIME CAPSULE<\/strong><\/strong><br>Life in the time of COVID-19 is different from anything our world has experienced as a collective before. The Department of Imaginary Affairs believes that the stories we tell ourselves about this moment will shape our individual and collective realities for years to come. For their newest project,&nbsp;<strong>Life in the Time of COVID-19: A Time Capsule<\/strong>, the Department of Imaginary Affairs is looking for letters, stories, and artifacts from this moment for our future selves, and invites all to participate in its development. For more information go&nbsp;<a rel=\"noreferrer noopener\" href=\"https:\/\/dia.space\/covid-time-capsule\/#1585154908613-0c43b04c-705b\" target=\"_blank\">ici<\/a>.<\/p>\n\n\n\n<p><strong>SOCIAL DISTANCING FESTIVAL<\/strong><br>Le<strong>&nbsp;Social Distancing Festival<\/strong>&nbsp;is an online artist\u2019s community made to celebrate and showcase the work of the many artists around the world who have been affected by the need for social distancing due to the spread of Coronavirus (COVID-19).&nbsp;The project has&nbsp;three main goals: help get some of the great work that artists have done out to the world, and showcase projects that were cancelled get the word of mouth that they missed out on; maintain a sense of artistic community, even from our living rooms; allow artists to continue to engage with their projects by making videos, sharing work, and celebrating the work of others. Visit the&nbsp;<a rel=\"noreferrer noopener\" href=\"https:\/\/www.socialdistancingfestival.com\/\" target=\"_blank\">website<\/a> to submit your work.<\/p>\n\n\n\n<hr class=\"wp-block-separator\"\/>\n\n\n\n<h4 class=\"wp-block-heading translation-block\">CONF\u00c9RENCES ET S\u00c9MINAIRES<\/h4>\n\n\n\n<p><strong>WOMEN PLAYWRIGHTS INTERNATIONAL CONFERENCE 2022<br><\/strong>A gathering of women playwrights from all around the world coming to Montreal, Canada in 2022 ! The conference will be held at Dawson College from June 18-23 and will feature plays, workshops and round-table discussions led by theatre practitioners from around the world. For more information, please email&nbsp;<a rel=\"noreferrer noopener\" href=\"mailto:wpimontreal2021@gmail.com\" target=\"_blank\">wpimontreal2021@gmail.com<\/a>, their <a rel=\"noreferrer noopener\" href=\"https:\/\/www.facebook.com\/groups\/703428866782742\/\" target=\"_blank\">Facebook page<\/a>, or their <a href=\"https:\/\/www.womenplaywrightsinternationalmontreal2021.com\/\">website<\/a>.<br>(Dates: June 18-23, 2022)<\/p>\n\n\n\n<hr class=\"wp-block-separator\"\/>\n\n\n\n<h4 class=\"wp-block-heading\">PERSONAL &amp; PROFESSIONAL DEVELOPMENT<\/h4>\n\n\n\n<p><strong>GHOSTLIGHT CREATIVE SERVICES: STUDIO SESSIONS<\/strong><br>GhostLight is a digital theatrical training ground and digital performance space. Studio Sessions is an interview\/conversation series curated by Charlotte Gowdy that provides insight into the artistic processes of the masters.&nbsp;You\u2019ll learn tips, techniques and personal secrets of the craft from a variety of actors, directors, playwrights, stage managers, designers and creators. Conversations are followed by a live Q&amp;A session, open to all. Public sessions are broadcast on a regular basis at 11am EST on Facebook Live. For dates and more information on past and upcoming Studio Sessions, please go&nbsp;<strong><a href=\"https:\/\/www.ghostlight.ca\/studio-sessions\" target=\"_blank\" rel=\"noreferrer noopener\">ici<\/a><\/strong>.<\/p>\n\n\n\n<p><strong>RISER<\/strong> <strong>PROJECT<\/strong><br>Le <strong>RISER Project<\/strong> is a collaborative producing model for theatre artists and companies to create and present new work. It was developed by Why Not Theatre in 2013 in order to address some of the challenges of producing independent theatre, and to provide more opportunity for artists to take on risks in producing their work. <br><a href=\"https:\/\/riserproject.org\/#apply\">riserproject.org<\/a><\/p>\n\n\n\n<hr class=\"wp-block-separator\"\/>\n\n\n\n<h4 class=\"wp-block-heading\">R\u00c9SIDENCES ET RETRAITES<\/h4>\n\n\n\n<p><strong>SATORI ARTIST RETREAT<\/strong><br><strong>Satori Artist Retreat<\/strong>&nbsp;is a quiet place to create. On Panmure Island, PE, you can breathe and reconnect with your creative self. Contact&nbsp;<a rel=\"noreferrer noopener\" href=\"mailto:panmuresatori@gmail.com\" target=\"_blank\">panmuresatori@gmail.com<\/a> or&nbsp;<a rel=\"noreferrer noopener\" href=\"mailto:sharonrobson@yahoo.com\" target=\"_blank\">sharonrobso@yahoo.com<\/a>&nbsp;for more information.&nbsp;<\/p>\n\n\n\n<hr class=\"wp-block-separator\"\/>\n\n\n\n<h4 class=\"wp-block-heading\">SOUMETTRE UNE PI\u00c8CE<\/h4>\n\n\n\n<p><strong>PLAYWRIGHTS CANADA PRESS SEEKING MONOLOGUES FOR 2SLGBTQ+ AND NON-BINARY VOICES<\/strong><br><strong>Playwrights Canada Press<\/strong> invites you to submit monologues for publication in its latest anthology, a collection of monologues for 2SLGBTQ+ and non-binary voices. Playwrights are asked to submit a monologue of approximately 1-2 pages. Submissions may come from produced plays, workshopped plays, or a stand-alone monologue that has already been written or is responding to this particular submission call. If your piece has already been published, you must include information on how to contact the publisher. Send your submissions to<a href=\"mailto:https:\/\/www.playwrightscanada.com\/Blog\/2020\/Call-for-submissions-for-2SLGBTQ-Monologues-anthology\" target=\"_blank\" rel=\"noreferrer noopener\"><strong>&nbsp;monologues@playwrightscanada.com<\/strong><\/a>&nbsp;and go&nbsp;<a href=\"https:\/\/www.playwrightscanada.com\/Blog\/2020\/Call-for-submissions-for-2SLGBTQ-Monologues-anthology\" target=\"_blank\" rel=\"noreferrer noopener\"><strong>ici<\/strong><\/a>&nbsp;for more information.&nbsp;<br>(Deadline: June 30, 2021)<\/p>\n\n\n\n<p><strong>CONVERGENCE THEATRE: THE COVID COMMISSIONS<\/strong><br>At the end of March,&nbsp;<strong>Convergence Theatre<\/strong>&nbsp;put out a call to the public: \u201cleave a voicemail or write an e-mail telling us about the impact that COVID-19 is having on your life\u201d. To date, the company has received over 111 of these COVID Confessions. As part of a fundraising campaign for out-of-work artists, the company is currently accepting commission donations from folks at home who want to see a piece of artwork created in response to one of these&nbsp;<em><strong>COVID Confessions<\/strong><\/em>. The $100 donations are split equally between an Artist who will have just 10 days to make a surprise creation inspired by a COVID Confession, and an Actor in their ongoing &#8220;Phone Play Cycle&#8221; The Corona Variations. Interested artists are invited to join the roster &#8211; playwrights, poets, writers of any kind, dancers, musicians, filmmakers, etc.  Eventually, every artist&#8217;s piece will be featured on the&nbsp;<strong>Convergence Theatre<\/strong>&nbsp;website (along with an excerpt of the anonymous COVID Confession that inspired it) as a way to further support and showcase each artist and their work. The deadline is rolling. Go<strong>&nbsp;<a rel=\"noreferrer noopener\" href=\"http:\/\/www.convergencetheatre.com\/covid-commissions\" target=\"_blank\">ici<\/a><\/strong>&nbsp;for more information.<\/p>\n\n\n\n<p><strong>READ MY PLAY<\/strong><br>A free Script Exchange Service for Playwrights.<br><a href=\"http:\/\/www.readmyplay.com\">www.readmyplay.com<\/a><\/p>\n\n\n\n<hr class=\"wp-block-separator\"\/>\n\n\n\n<h4 class=\"wp-block-heading\">APPELS PERMANENTS<\/h4>\n\n\n\n<p><strong>BLACK THEATRE WORKSHOP<\/strong><br><strong>Black Theatre Workshop&nbsp;(BTW)<\/strong> is always on the lookout for new works.&nbsp;<br><a href=\"http:\/\/www.blacktheatreworkshop.ca\/script-submissions\/\">www.blacktheatreworkshop.ca<\/a><\/p>\n\n\n\n<p><strong>CAHOOTS THEATRE<\/strong><br><strong>Cahoots Theatre<\/strong> accepts unsolicited scripts by writers and creators.&nbsp;<br><a rel=\"noopener noreferrer\" data-cke-saved-href=\"http:\/\/www.cahoots.ca\/contact\/opportunitiesatcahoots\/\" href=\"http:\/\/www.cahoots.ca\/contact\/opportunitiesatcahoots\/\" target=\"_blank\">www.cahoots.ca<\/a><\/p>\n\n\n\n<p><strong>CHAMELEON THEATRE COMPANY<\/strong><br><strong>Chameleon Theatre Company <\/strong>welcomes new work by women<strong>.&nbsp;<\/strong><br><a rel=\"noopener noreferrer\" data-cke-saved-href=\"http:\/\/www.chameleontheatrephilly.com\/contact-us\/play-submission\/\" href=\"http:\/\/www.chameleontheatrephilly.com\/contact-us\/play-submission\/\" target=\"_blank\">www.chameleontheatrephilly.com<\/a><\/p>\n\n\n\n<p><strong>DANCING SKY THEATRE<\/strong><br><strong>Dancing Sky Theatre<\/strong> accepts unsolicited manuscripts of full-length and original plays.&nbsp;<br><a href=\"https:\/\/www.dancingskytheatre.com\/contact\">www.dancingskytheatre.com<\/a><\/p>\n\n\n\n<p><strong>FABRICATE THEATRE<\/strong><br>If you are a playwright with a script to develop, get in touch with&nbsp;<strong>Fabricate Productions<\/strong>.&nbsp;<br><a rel=\"noreferrer noopener\" aria-label=\" (opens in a new tab)\" href=\"http:\/\/www.fabricateproductions.com\/contact-us\/4594436174\" target=\"_blank\">www.fabricatetheatre.com<\/a><\/p>\n\n\n\n<p><strong>GREAT CANADIAN THEATRE COMPANY<\/strong><br><strong>Great Canadian Theatre Company&nbsp;(GCTC)<\/strong> produces a subscription season of six full-length plays in English for adult audiences.&nbsp;<br><a href=\"https:\/\/www.gctc.ca\/script-submission-guidelines\">www.gctc.ca<\/a><\/p>\n\n\n\n<p><strong>INTERMISSION MAGAZINE<\/strong><br>If there is a story you want to report on, an issue that needs exploring, or an artist you believe merits a profile, get in touch with <strong>Intermission<\/strong>.&nbsp;<br><a rel=\"noopener noreferrer\" data-cke-saved-href=\"https:\/\/www.intermissionmagazine.ca\/submissions\/\" href=\"https:\/\/www.intermissionmagazine.ca\/submissions\/\" target=\"_blank\">www.intermissionmagazine.ca<\/a><\/p>\n\n\n\n<p><strong>NATIONAL ARTS CENTRE<\/strong><br>Submit your theatre project proposal to&nbsp;<strong>The National Arts Centre<\/strong>.&nbsp;<br><a rel=\"noopener noreferrer\" data-cke-saved-href=\"https:\/\/nac-cna.ca\/en\/creationfund\/submit\" href=\"https:\/\/nac-cna.ca\/en\/creationfund\/submit\" target=\"_blank\">www.nac-cna.ca<\/a><\/p>\n\n\n\n<p><strong>NATIVE EARTH PERFORMING ARTS<\/strong><br>Submit a script to<strong>&nbsp;Native Earth Performing Arts.&nbsp;<\/strong><br><a rel=\"noopener noreferrer\" data-cke-saved-href=\"http:\/\/www.nativeearth.ca\/artists\/script-submissions\/\" href=\"http:\/\/www.nativeearth.ca\/artists\/script-submissions\/\" target=\"_blank\">www.nativeearth.ca<\/a><\/p>\n\n\n\n<p><strong>PLAYCONNECT<\/strong><br>Launched in April 2017, PlayConnect is Playwrights Guild of Canada&#8217;s revamped version of the Canada Council Readings Program. It connects playwrights with communities and new audiences by providing an opportunity for travel funding, promotion, and professional development. As a network liaison, PGC ensures that the program is accessible and inclusive of a wide-ranging group of artists and audiences. <br><a rel=\"noopener noreferrer\" data-cke-saved-href=\"https:\/\/playwrightsguild.ca\/browse\/playconnect\/\" href=\"https:\/\/playwrightsguild.ca\/browse\/playconnect\/\" target=\"_blank\">www.playwrightsguild.ca<\/a><\/p>\n\n\n\n<p><strong>PLAYME CBC PODCAST<\/strong><br>Submit plays or short stories to&nbsp;<strong>Playme Podcast<\/strong> for&nbsp;a unique opportunity to produce your work in podcast format.&nbsp;<br><a rel=\"noopener noreferrer\" data-cke-saved-href=\"http:\/\/www.playmepodcast.com\/submissions\/\" href=\"http:\/\/www.playmepodcast.com\/submissions\/\" target=\"_blank\">www.playmepodcast.com<\/a><\/p>\n\n\n\n<p><strong>PLEDGE PROJECT<\/strong><br><\/p>\n\n\n\n<p><strong>PLEDGE PROJECT<\/strong><br><strong>The Pledge Project<\/strong>&nbsp;is a searchable database&nbsp;of large-cast (six characters or more)&nbsp;that includes&nbsp;plays written by Canadian women.&nbsp;<br><a href=\"http:\/\/www.pledgeproject.ca\/\" target=\"_blank\" rel=\"noreferrer noopener\">www.pledgeproject.ca<\/a><\/p>\n\n\n\n<p><strong>THE PURPLE ROSE<\/strong><br>Submit a script to&nbsp;the<strong> Purple Rose Theatre Company&nbsp;<\/strong>&#8211;&nbsp;dedicated to the development and production of new plays and emerging playwrights. <br><a href=\"http:\/\/www.purplerosetheatre.org\">www.purplerosetheatre.org<\/a><\/p>\n\n\n\n<p><strong>RESOURCE CENTRE FOR THE ARTS<\/strong><br>Le <strong>Resource Centre for the Arts<\/strong>&nbsp;wants to present your play.&nbsp;<br><a rel=\"noopener noreferrer\" data-cke-saved-href=\"http:\/\/rca.nf.ca\/capf-presentation-series\/\" href=\"http:\/\/rca.nf.ca\/capf-presentation-series\/\" target=\"_blank\">www.rca.nf.ca<\/a><\/p>\n\n\n\n<p><strong>STUDIO 180 THEATRE<\/strong><br>Submit a play to&nbsp;<strong>Studio 180 Theatre<\/strong>.&nbsp;<br><a rel=\"noopener noreferrer\" data-cke-saved-href=\"http:\/\/studio180theatre.com\/contact\/submission-guidelines\/\" href=\"http:\/\/studio180theatre.com\/contact\/submission-guidelines\/\" target=\"_blank\">www.studio180theatre.com<\/a><\/p>\n\n\n\n<p><strong>SUBLETSERIES:&nbsp;CO-OP<br><\/strong>Apply to&nbsp;<strong>SUBLETSERIES@HERE<\/strong> for a chance to receive&nbsp;space, equipment, box office services, and technical support.&nbsp;<br><a rel=\"noopener noreferrer\" data-cke-saved-href=\"http:\/\/here.org\/programs\/subletseries\/\" href=\"http:\/\/here.org\/programs\/subletseries\/\" target=\"_blank\">www.here.org<\/a><\/p>\n\n\n\n<p><strong>TEESRI DUNIYA THEATRE<\/strong><br><strong>Teesri Duniya Theatre<\/strong>&nbsp;seeks&nbsp;culturally diverse and First Nation plays.&nbsp;<br><a rel=\"noreferrer noopener\" aria-label=\"teesriduniyatheatre.com (opens in a new tab)\" href=\"https:\/\/www.teesriduniyatheatre.com\/getinvolved\" target=\"_blank\">www.teesriduniyatheatre.com<\/a><\/p>\n\n\n\n<p><strong>THEATRE NDG<\/strong><br><strong>Theatre NDG<\/strong> hosts a monthly play-reading series of original works. <br><a rel=\"noopener noreferrer\" data-cke-saved-href=\"https:\/\/www.facebook.com\/theatrendg\/posts\/1569203616526094\" href=\"https:\/\/www.facebook.com\/theatrendg\/posts\/1569203616526094\" target=\"_blank\">theatrendg<\/a> (Facebook group)<\/p>\n\n\n\n<p><strong>THEATRE NEW BRUNSWICK<\/strong><br><strong>Theatre New Brunswick<\/strong>&nbsp;invites playwrights to submit scripts for future consideration for both Main Stage and Studio Theatre productions. <br><a rel=\"noopener noreferrer\" data-cke-saved-href=\"http:\/\/www.tnb.nb.ca\/script-submissions\/\" href=\"http:\/\/www.tnb.nb.ca\/script-submissions\/\" target=\"_blank\">www.tnb.nb.ca<\/a><\/p>\n\n\n\n<p><strong>THEATRE TIMES<br>Theatre Times<\/strong> is a rapidly expanding global theatre portal. If you\u2019re passionate about world theatre, consider joining their team as&nbsp;Regional Editors, Managing Editors, Bloggers, or Editorial Assistants.<br><a href=\"https:\/\/thetheatretimes.com\/join\/\">www.thetheatretimes.com<\/a><\/p>\n\n\n\n<p><strong>THEATRE ART LIFE<\/strong><br>Love to write or have something to say? Become a contributor to <strong>Theatre Art Life<\/strong>!&nbsp;<br><a rel=\"noopener noreferrer\" data-cke-saved-href=\"https:\/\/theatreartlife.com\/contribute\/\" href=\"https:\/\/theatreartlife.com\/contribute\/\" target=\"_blank\">www.theatreartlife.com<\/a><\/p>\n\n\n\n<p><strong>URBANSTAGES<\/strong><br>Submit a play to&nbsp;<strong>Urban Stages<\/strong>.<br><a rel=\"noopener noreferrer\" href=\"http:\/\/urbanstages.org\/submissions\/\" target=\"_blank\">www.urbanstages.org<\/a><\/p>\n\n\n\n<p><strong>WOMEN ARTS BLOG<\/strong><br>Do you have an idea for an article you would like to write for the&nbsp;<strong>Women Arts Blog<\/strong>?<br><a rel=\"noopener noreferrer\" data-cke-saved-href=\"https:\/\/www.womenarts.org\/blog\/womenarts-blog-submission-guidelines\/\" href=\"https:\/\/www.womenarts.org\/blog\/womenarts-blog-submission-guidelines\/\" target=\"_blank\">www.womenarts.org<\/a><\/p>\n\n\n\n<p><strong>YOUNG PEOPLE&#8217;S THEATRE<\/strong><br>Submit a script for&nbsp;developmental support with&nbsp;<strong>Young People\u2019s Theatre<a rel=\"noopener noreferrer\" data-cke-saved-href=\"http:\/\/www.youngpeoplestheatre.ca\/artists\/script-submissions\/\" href=\"http:\/\/www.youngpeoplestheatre.ca\/artists\/script-submissions\/\" target=\"_blank\">.<\/a><\/strong><br><a href=\"https:\/\/www.youngpeoplestheatre.org\/about-ypt\/new-play-development\/script-submissions\/\">www.youngpeoplestheatre.org<\/a><\/p>","protected":false},"excerpt":{"rendered":"<p>A resource for Canadian theatre creators! HOW TO SUBMIT A POSTING TO PWM Playwrights&#8217; Workshop Montr\u00e9al promotes shows, readings, and calls related to the work that we do that benefit our members and community. Have an event to promote? Email our Communications Manager Quinlan at communications@playwrights.ca AWARDS, COMPETITIONS, &amp; GRANTS THE NATIONAL CREATION FUND&nbsp;The National &hellip; <\/p>\n<p class=\"link-more\"><a href=\"https:\/\/www.playwrights.ca\/fr\/community-calls\/\" class=\"more-link\">Continuer la lecture<span class=\"screen-reader-text\"> de &laquo; Calls from the community &raquo;<\/span><\/a><\/p>","protected":false},"author":13,"featured_media":4792,"parent":0,"menu_order":0,"comment_status":"closed","ping_status":"closed","template":"","meta":{"inline_featured_image":false,"ub_ctt_via":"","_exactmetrics_skip_tracking":false,"_exactmetrics_sitenote_active":false,"_exactmetrics_sitenote_note":"","_exactmetrics_sitenote_category":0,"footnotes":""},"class_list":["post-1852","page","type-page","status-publish","has-post-thumbnail","hentry"],"featured_image_src":"https:\/\/www.playwrights.ca\/wp-content\/uploads\/2019\/03\/Calls-from-the-community_web-header.png","yoast_head":"<!-- This site is optimized with the Yoast SEO plugin v15.0 - https:\/\/yoast.com\/wordpress\/plugins\/seo\/ -->\n<title>Calls from the community - Playwrights&#039; Workshop Montr\u00e9al<\/title>\n<meta name=\"robots\" content=\"index, follow, max-snippet:-1, max-image-preview:large, max-video-preview:-1\" \/>\n<link rel=\"canonical\" href=\"https:\/\/www.playwrights.ca\/fr\/community-calls\/\" \/>\n<meta property=\"og:locale\" content=\"fr_CA\" \/>\n<meta property=\"og:type\" content=\"article\" \/>\n<meta property=\"og:title\" content=\"Calls from the community - Playwrights&#039; Workshop Montr\u00e9al\" \/>\n<meta property=\"og:description\" content=\"A resource for Canadian theatre creators! HOW TO SUBMIT A POSTING TO PWM Playwrights&#8217; Workshop Montr\u00e9al promotes shows, readings, and calls related to the work that we do that benefit our members and community. Have an event to promote? Email our Communications Manager Quinlan at communications@playwrights.ca AWARDS, COMPETITIONS, &amp; GRANTS THE NATIONAL CREATION FUND&nbsp;The National &hellip; Continuer la lecture de &laquo; Calls from the community &raquo;\" \/>\n<meta property=\"og:url\" content=\"https:\/\/www.playwrights.ca\/fr\/community-calls\/\" \/>\n<meta property=\"og:site_name\" content=\"Playwrights&#039; Workshop Montr\u00e9al\" \/>\n<meta property=\"article:publisher\" content=\"https:\/\/www.facebook.com\/PlaywrightsWorkshopMontreal\/\" \/>\n<meta property=\"article:modified_time\" content=\"2022-10-12T17:43:36+00:00\" \/>\n<meta property=\"og:image\" content=\"https:\/\/www.playwrights.ca\/wp-content\/uploads\/2019\/03\/Calls-from-the-community_web-header.png\" \/>\n\t<meta property=\"og:image:width\" content=\"2000\" \/>\n\t<meta property=\"og:image:height\" content=\"500\" \/>\n<meta name=\"twitter:card\" content=\"summary\" \/>\n<meta name=\"twitter:creator\" content=\"@PWMontreal\" \/>\n<meta name=\"twitter:site\" content=\"@PWMontreal\" \/>\n<script type=\"application\/ld+json\" class=\"yoast-schema-graph\">{\"@context\":\"https:\/\/schema.org\",\"@graph\":[{\"@type\":\"WebSite\",\"@id\":\"https:\/\/www.playwrights.ca\/fr\/#website\",\"url\":\"https:\/\/www.playwrights.ca\/fr\/\",\"name\":\"Playwrights&#039; Workshop Montr\\u00e9al\",\"description\":\"Nationally-mandated theatre development centre\",\"potentialAction\":[{\"@type\":\"SearchAction\",\"target\":\"https:\/\/www.playwrights.ca\/fr\/?s={search_term_string}\",\"query-input\":\"required name=search_term_string\"}],\"inLanguage\":\"fr-CA\"},{\"@type\":\"ImageObject\",\"@id\":\"https:\/\/www.playwrights.ca\/community-calls\/#primaryimage\",\"inLanguage\":\"fr-CA\",\"url\":\"https:\/\/www.playwrights.ca\/wp-content\/uploads\/2019\/03\/Calls-from-the-community_web-header.png\",\"width\":2000,\"height\":500},{\"@type\":\"WebPage\",\"@id\":\"https:\/\/www.playwrights.ca\/community-calls\/#webpage\",\"url\":\"https:\/\/www.playwrights.ca\/community-calls\/\",\"name\":\"Calls from the community - Playwrights&#039; Workshop Montr\\u00e9al\",\"isPartOf\":{\"@id\":\"https:\/\/www.playwrights.ca\/fr\/#website\"},\"primaryImageOfPage\":{\"@id\":\"https:\/\/www.playwrights.ca\/community-calls\/#primaryimage\"},\"datePublished\":\"2018-04-23T15:37:30+00:00\",\"dateModified\":\"2022-10-12T17:43:36+00:00\",\"inLanguage\":\"fr-CA\",\"potentialAction\":[{\"@type\":\"ReadAction\",\"target\":[\"https:\/\/www.playwrights.ca\/community-calls\/\"]}]}]}<\/script>\n<!-- \/ Yoast SEO plugin. -->","jetpack_sharing_enabled":true,"_links":{"self":[{"href":"https:\/\/www.playwrights.ca\/fr\/wp-json\/wp\/v2\/pages\/1852","targetHints":{"allow":["GET"]}}],"collection":[{"href":"https:\/\/www.playwrights.ca\/fr\/wp-json\/wp\/v2\/pages"}],"about":[{"href":"https:\/\/www.playwrights.ca\/fr\/wp-json\/wp\/v2\/types\/page"}],"author":[{"embeddable":true,"href":"https:\/\/www.playwrights.ca\/fr\/wp-json\/wp\/v2\/users\/13"}],"replies":[{"embeddable":true,"href":"https:\/\/www.playwrights.ca\/fr\/wp-json\/wp\/v2\/comments?post=1852"}],"version-history":[{"count":419,"href":"https:\/\/www.playwrights.ca\/fr\/wp-json\/wp\/v2\/pages\/1852\/revisions"}],"predecessor-version":[{"id":12393,"href":"https:\/\/www.playwrights.ca\/fr\/wp-json\/wp\/v2\/pages\/1852\/revisions\/12393"}],"wp:featuredmedia":[{"embeddable":true,"href":"https:\/\/www.playwrights.ca\/fr\/wp-json\/wp\/v2\/media\/4792"}],"wp:attachment":[{"href":"https:\/\/www.playwrights.ca\/fr\/wp-json\/wp\/v2\/media?parent=1852"}],"curies":[{"name":"wp","href":"https:\/\/api.w.org\/{rel}","templated":true}]}}