{"id":2,"date":"2017-08-16T18:38:40","date_gmt":"2017-08-16T18:38:40","guid":{"rendered":"https:\/\/playwrights.ca?page_id=2"},"modified":"2019-11-18T13:38:29","modified_gmt":"2019-11-18T18:38:29","slug":"young-creators","status":"publish","type":"page","link":"https:\/\/www.playwrights.ca\/fr\/young-creators\/","title":{"rendered":"2015 &#8211; 2016 Young Creators"},"content":{"rendered":"<div>\n<p><img loading=\"lazy\" decoding=\"async\" class=\"alignleft wp-image-5466\" src=\"https:\/\/www.playwrights.ca\/wp-content\/uploads\/2019\/04\/Adrienne-Buell_Headshot-250x300.png\" alt=\"Adrienne Buell\" width=\"169\" height=\"202\" srcset=\"https:\/\/www.playwrights.ca\/wp-content\/uploads\/2019\/04\/Adrienne-Buell_Headshot-250x300.png 250w, https:\/\/www.playwrights.ca\/wp-content\/uploads\/2019\/04\/Adrienne-Buell_Headshot.png 313w\" sizes=\"auto, (max-width: 169px) 100vw, 169px\" \/><strong>Adrienne Buell<\/strong><\/p>\n<p>Andy is a student in their 4th year at Westmount High School, looking for involvement in theater projects outside of the school drama curriculum. They are testing their talents and abilities as a writer and creator through this workshop, and hoping to create something easily relatable to other people their age.<\/p>\n<p><strong>Play in development:<\/strong> <span style=\"color: #2f0bc3;\"><em>GNDR<\/em><\/span> is meant to be a quick look into the life of an agender teenager named Taylor. It hopes to explore themes of anxiety, identity, and validation that emulate realistic teenage experiences, and comment on transphobia and representation and their impacts.<\/p>\n<p><img loading=\"lazy\" decoding=\"async\" class=\"alignleft wp-image-5467\" src=\"https:\/\/www.playwrights.ca\/wp-content\/uploads\/2019\/04\/Alexandra-Maynard_Headshot-250x300.png\" alt=\"Alexandra Maynard\" width=\"169\" height=\"202\" srcset=\"https:\/\/www.playwrights.ca\/wp-content\/uploads\/2019\/04\/Alexandra-Maynard_Headshot-250x300.png 250w, https:\/\/www.playwrights.ca\/wp-content\/uploads\/2019\/04\/Alexandra-Maynard_Headshot.png 313w\" sizes=\"auto, (max-width: 169px) 100vw, 169px\" \/><strong>Alexandra Maynard<\/strong><\/p>\n<p>Alexandra is a graduate of York University with a B.A. in Theatre, majoring in Creative Ensemble and Playwriting. She received a certificate in ballet, modern, and folkloric dance from internationally L\u2019\u00c9cole sup\u00e9rieure de ballet du Qu\u00e9bec. Recent credits include Janet in Imperial\u2019s annual <em>The Rocky Horror Picture Show<\/em> (2015), producer of <em>Anytime, Anywhere\u2019s Heartlines<\/em> in London, England (2014), and an assistant director in Theatre@York\u2019s Murder in the Cathedral in Toronto (2013).<\/p>\n<p><strong>Play in development:<\/strong><span style=\"color: #2f0bc3;\"><em> Trench<\/em> <\/span>centers around the idea that faith does not define you, you define your faith. A two person show that takes place in present-day Montreal.<\/p>\n<p data-canvas-width=\"312.27007999999995\"><img loading=\"lazy\" decoding=\"async\" class=\"alignleft wp-image-5479\" src=\"https:\/\/www.playwrights.ca\/wp-content\/uploads\/2019\/04\/Alyssa-Harms-Wiebe_Headshot-250x300.png\" alt=\"Alyssa Harms-Wiebe\" width=\"169\" height=\"202\" srcset=\"https:\/\/www.playwrights.ca\/wp-content\/uploads\/2019\/04\/Alyssa-Harms-Wiebe_Headshot-250x300.png 250w, https:\/\/www.playwrights.ca\/wp-content\/uploads\/2019\/04\/Alyssa-Harms-Wiebe_Headshot.png 313w\" sizes=\"auto, (max-width: 169px) 100vw, 169px\" \/><strong>Alyssa Harms-Wiebe<\/strong><\/p>\n<p>Alyssa is an emerging director. Recent credits include\u00a0<em>EMUNAH<\/em> (2014) an original co-creation produced at the Montreal Fringe, and <em>If Phones Could Talk<\/em> (2013), a play she also wrote and produced at Mainline Theatre. Most recently, she published her first children\u2019s book, <em>Megan\u2019s Meltdown<\/em> (2015), on climate change.<\/p>\n<p><strong>Play in development:<\/strong> <span style=\"color: #2f0bc3;\"><em>Camelopardalis<\/em><\/span> &#8211; Lila, a young giraffe, wanders a few steps too far from home, following her intrigue of distant star-lit skies. Lost and vulnerable, Lila faces a challenge: letting herself be boxed in by the desert or embracing new discoveries about the way she was made.<\/p>\n<p><img loading=\"lazy\" decoding=\"async\" class=\"alignleft wp-image-5481\" src=\"https:\/\/www.playwrights.ca\/wp-content\/uploads\/2019\/04\/Caroline-Thibault_Headshot-250x300.png\" alt=\"Caroline Thibault\" width=\"169\" height=\"202\" srcset=\"https:\/\/www.playwrights.ca\/wp-content\/uploads\/2019\/04\/Caroline-Thibault_Headshot-250x300.png 250w, https:\/\/www.playwrights.ca\/wp-content\/uploads\/2019\/04\/Caroline-Thibault_Headshot.png 313w\" sizes=\"auto, (max-width: 169px) 100vw, 169px\" \/><strong>Caroline Thibault<\/strong><\/p>\n<p>Caroline was an assistant director and performer at Ici par les arts. Her passion for art comes from a desire to support people to believe they deserve to be loved.<\/p>\n<p><strong>Play in development:<\/strong> <span style=\"color: #2f0bc3;\"><em>10 Times I Wasn\u2019t Myself<\/em><\/span>\u00a0looks at different characters who are forcing themselves to act one way when they feel differently. A plant that pretends to be a person, a woman that pretends to be a man, and many other stories of people attempting to become self-actualized.<\/p>\n<p><strong><img loading=\"lazy\" decoding=\"async\" class=\"alignleft wp-image-5468\" src=\"https:\/\/www.playwrights.ca\/wp-content\/uploads\/2019\/04\/Devin-MacKinnon_Headshot-250x300.png\" alt=\"Devin MacKinnon\" width=\"169\" height=\"202\" srcset=\"https:\/\/www.playwrights.ca\/wp-content\/uploads\/2019\/04\/Devin-MacKinnon_Headshot-250x300.png 250w, https:\/\/www.playwrights.ca\/wp-content\/uploads\/2019\/04\/Devin-MacKinnon_Headshot.png 313w\" sizes=\"auto, (max-width: 169px) 100vw, 169px\" \/>Devin MacKinnon<\/strong><\/p>\n<p>Devin was born and raised on Prince Edward Island. He completed an undergraduate degree in Psychology at UPEI before being accepted to the National Theatre School of Canada. This is his first self-created work.<\/p>\n<p><strong>Play in development:<\/strong> <span style=\"color: #2f0bc3;\"><em>Starlight Tours<\/em> <\/span>&#8211; Based on true cases of police neglect and brutality in First Nation communities; a police officer is interrogated over his involvement in the death of an elder man, abandoned in the cold of night in handcuffs.<\/p>\n<p><img loading=\"lazy\" decoding=\"async\" class=\"alignleft wp-image-5469\" src=\"https:\/\/www.playwrights.ca\/wp-content\/uploads\/2019\/04\/Justin-Shaw_Headshot-250x300.png\" alt=\"Justin Shaw\" width=\"169\" height=\"202\" srcset=\"https:\/\/www.playwrights.ca\/wp-content\/uploads\/2019\/04\/Justin-Shaw_Headshot-250x300.png 250w, https:\/\/www.playwrights.ca\/wp-content\/uploads\/2019\/04\/Justin-Shaw_Headshot.png 313w\" sizes=\"auto, (max-width: 169px) 100vw, 169px\" \/><strong>Justin Shaw<\/strong><\/p>\n<p>Justin is an actor and stand-up comic from the Prince Edward Island. He is studying acting at the National Theatre School of Canada. When he\u2019s not working on scripts, or Tweeting his life away (@Wrath_of_Shaw), Justin can be found performing stand-up comedy at various clubs and bars around the city.<\/p>\n<p><strong>Play in development:<\/strong> <em><span style=\"color: #2f0bc3;\">From Parts Unknown<\/span> <\/em>explores what it means to step out of one\u2019s comfort zone and take your life into your own hands to discover happiness. For the character of Charles Macklin, this means leaving his job as a teacher to become a professional wrestler in Mexico.<\/p>\n<p><img loading=\"lazy\" decoding=\"async\" class=\"alignleft wp-image-5470\" src=\"https:\/\/www.playwrights.ca\/wp-content\/uploads\/2019\/04\/Kalale-Dalton-Lutale_Headshot-250x300.png\" alt=\"Kalale Dalton-Lutale\" width=\"169\" height=\"202\" srcset=\"https:\/\/www.playwrights.ca\/wp-content\/uploads\/2019\/04\/Kalale-Dalton-Lutale_Headshot-250x300.png 250w, https:\/\/www.playwrights.ca\/wp-content\/uploads\/2019\/04\/Kalale-Dalton-Lutale_Headshot.png 313w\" sizes=\"auto, (max-width: 169px) 100vw, 169px\" \/><strong>Kalale Dalton-Lutale<\/strong><\/p>\n<p>Kalale\u00a0is a writer and performer from Toronto currently finishing her degree in Creative Writing at Concordia University. Her work explores the various modalities of performance as well as narratives that involve intersectional ideas of queer, feminist and racialize experiences.<\/p>\n<p><strong>Play in development:<\/strong> <span style=\"color: #2f0bc3;\"><em>Cry Baby<\/em><\/span> &#8211; So you have these memories, right? All sorta hanging above your head like tangled mobiles. Pieces of songs that remind you of your dad in college, the smell of chlorine, your mother\u2019s hand writing, a card you made for your sister. I will overwhelm you, I will tell you, I will unravel, I will show you, I will show you, I will show you.<\/p>\n<p><img loading=\"lazy\" decoding=\"async\" class=\"alignleft wp-image-5471\" src=\"https:\/\/www.playwrights.ca\/wp-content\/uploads\/2019\/04\/Kenny-Streule_Headshot-250x300.png\" alt=\"Kenny Streule\" width=\"169\" height=\"202\" srcset=\"https:\/\/www.playwrights.ca\/wp-content\/uploads\/2019\/04\/Kenny-Streule_Headshot-250x300.png 250w, https:\/\/www.playwrights.ca\/wp-content\/uploads\/2019\/04\/Kenny-Streule_Headshot.png 313w\" sizes=\"auto, (max-width: 169px) 100vw, 169px\" \/><strong>Kenny Streule<\/strong><\/p>\n<p>Kenny\u2019s passion for creating has led him to establish his own theatre company Plaid Thursday Productions. Recently, Kenny was in Chocolate Moose Theatre Company\u2019s production of <em>Conspiracy!<\/em> Presently, Kenny hosts the crowd-pleasing improv show, <em>Wild Fucking Improvisers in Action<\/em> and has written a play <em>City Boy<\/em> that will be having a public reading during\u00a0Shorstanding Festival.<\/p>\n<p><strong>Play in development:<\/strong> Mal Understood is\u00a0based on his own challenges of being bilingual in a monolingual world. Three versions of the same man; Kindergarten, Elementary, and High School all dealing with an evolving insecurity from living between two languages.<\/p>\n<p><img loading=\"lazy\" decoding=\"async\" class=\"alignleft wp-image-5472\" src=\"https:\/\/www.playwrights.ca\/wp-content\/uploads\/2019\/04\/Laurent-McCuaig-Pitre_Headshot-250x300.png\" alt=\"Laurent McCuaig-Pitre\" width=\"169\" height=\"202\" srcset=\"https:\/\/www.playwrights.ca\/wp-content\/uploads\/2019\/04\/Laurent-McCuaig-Pitre_Headshot-250x300.png 250w, https:\/\/www.playwrights.ca\/wp-content\/uploads\/2019\/04\/Laurent-McCuaig-Pitre_Headshot.png 313w\" sizes=\"auto, (max-width: 169px) 100vw, 169px\" \/><strong>Laurent McCuaig-Pitre<\/strong><\/p>\n<p>Laurent is a graduate of Dawson College\u2019s Professional Theatre and is currently in his last year of Playwriting at Concordia University.\u00a0His theatre company, 32-Hour Theatre, experienced a phenomenal debut at MainLine with his play <em>If Only<\/em>.\u00a032-HTC also produced his play,\u00a0<em>This is Not a Play<\/em>\u00a0in the Montreal Fringe.<\/p>\n<p><strong>Play in development:<\/strong> <span style=\"color: #2f0bc3;\"><em>A Perfect Picture<\/em> <\/span>&#8211; At the age of 33, after soaring to the heights of recognition with a Pulitzer prize for his picture of the vulture and the child, Kevin Carter committed suicide.\u00a0The play\u00a0invites the audience into Kevin\u2019s world through the sardonic and insightful host \u201cThe Vulture\u201d.<\/p>\n<p><img loading=\"lazy\" decoding=\"async\" class=\"alignleft wp-image-5473\" src=\"https:\/\/www.playwrights.ca\/wp-content\/uploads\/2019\/04\/Margaret-Rose_Headshot-250x300.png\" alt=\"Margaret Rose\" width=\"169\" height=\"202\" srcset=\"https:\/\/www.playwrights.ca\/wp-content\/uploads\/2019\/04\/Margaret-Rose_Headshot-250x300.png 250w, https:\/\/www.playwrights.ca\/wp-content\/uploads\/2019\/04\/Margaret-Rose_Headshot.png 313w\" sizes=\"auto, (max-width: 169px) 100vw, 169px\" \/><strong>Margaret Rose<\/strong><\/p>\n<p>Margaret is a Torontonian currently living in Montreal. She is on her gap year exploring new places and things. Next year she plans on attending theatre school and continue to write stories.<\/p>\n<p><strong>Play in development:<\/strong> <span style=\"color: #2f0bc3;\"><em>SIDE B<\/em><\/span> &#8211; And then she woke up. Realized that she didn\u2019t quite remember who she was, what she wanted or where she was going. A young woman caught in the limbo of her own life.<\/p>\n<p><img loading=\"lazy\" decoding=\"async\" class=\"alignleft wp-image-5474\" src=\"https:\/\/www.playwrights.ca\/wp-content\/uploads\/2019\/04\/Nick-Gue\u0301nette-Vaudry_Headshot-250x300.png\" alt=\"Nick Gue\u0301nette Vaudry\" width=\"169\" height=\"202\" srcset=\"https:\/\/www.playwrights.ca\/wp-content\/uploads\/2019\/04\/Nick-Gue\u0301nette-Vaudry_Headshot-250x300.png 250w, https:\/\/www.playwrights.ca\/wp-content\/uploads\/2019\/04\/Nick-Gue\u0301nette-Vaudry_Headshot.png 313w\" sizes=\"auto, (max-width: 169px) 100vw, 169px\" \/><strong>Nick Gu\u00e9nette Vaudry<\/strong><\/p>\n<p>Over the last two years Nick has had the opportunity to take part in theatre workshops at Ici par les arts, and worked on developing an adaptation of George Orwell\u2019s <em>Animal Farm<\/em> for the stage.<\/p>\n<p><strong>Play in development:<\/strong> Les Conformistes &#8211; This work explores the societal pressures on individuals who are perceived as misfits and how sometimes they are forced to conform to the norm.<\/p>\n<p><img loading=\"lazy\" decoding=\"async\" class=\"alignleft wp-image-5475\" src=\"https:\/\/www.playwrights.ca\/wp-content\/uploads\/2019\/04\/Rachel-Mutombo_Headshot-250x300.png\" alt=\"Rachel Mutombo\" width=\"169\" height=\"202\" srcset=\"https:\/\/www.playwrights.ca\/wp-content\/uploads\/2019\/04\/Rachel-Mutombo_Headshot-250x300.png 250w, https:\/\/www.playwrights.ca\/wp-content\/uploads\/2019\/04\/Rachel-Mutombo_Headshot.png 313w\" sizes=\"auto, (max-width: 169px) 100vw, 169px\" \/><strong>Rachel Mutombo<\/strong><\/p>\n<p>Rachel graduated from John Abbott College\u2019s professional acting program and\u00a0is currently in her second year of acting training at the National Theatre School of Canada. She had her first piece of writing published, a short story called <em>Caf\u00e9 M\u00fcller<\/em>. Most recently, Rachel played Lady Olivia in Repercussion Theatre\u2019s production of <em>Twelfth Night <\/em>(2015). One day in the cafeteria line, Djanet Sears told her to continue to write and create opportunities for herself\u2026 a year and half later, that is what she\u2019s doing.<\/p>\n<p><strong>Play in development:<\/strong> Black Suburbia tells the story of a family that escapes political unrest in Congo, 10,000 km away to safety in Canada \u2013 expectations shift when they are faced with a new reality in a foreign country.<\/p>\n<p><img loading=\"lazy\" decoding=\"async\" class=\"alignleft wp-image-5476\" src=\"https:\/\/www.playwrights.ca\/wp-content\/uploads\/2019\/04\/Rhiannon-Collett_Headshot-250x300.png\" alt=\"Rhiannon Collett\" width=\"169\" height=\"202\" srcset=\"https:\/\/www.playwrights.ca\/wp-content\/uploads\/2019\/04\/Rhiannon-Collett_Headshot-250x300.png 250w, https:\/\/www.playwrights.ca\/wp-content\/uploads\/2019\/04\/Rhiannon-Collett_Headshot.png 313w\" sizes=\"auto, (max-width: 169px) 100vw, 169px\" \/><strong>Rhiannon Collett<\/strong><\/p>\n<p>Rhiannon grew up in North Vancouver and moved to Montreal to study at Concordia University (Honours English Literature and Creative Writing, Major in Theatre). In March 2015 she wrote and performed in her solo show, <em>GIRLHOUSE<\/em> (Mainline Gala for Student Drama). She recently had the opportunity to read her monologue,<em> Celia\u00a0<\/em>as part of Unplugged festival. Her writing has been featured in the Globe and Mail. She was awarded the Jack Shadbolt Award for Multiple Arts Excellence in 2013.<\/p>\n<p><strong>Play in development:<\/strong> <span style=\"color: #2f0bc3;\"><em>Miranda and Dave begin again<\/em><\/span> &#8211; Miranda is curating a used underwear archive. Her boyfriend Dave is stalking women-experimentally. Her sister Eden is tired of only giving blowjobs. Is this the end, or just the beginning? This play will premiere at the Montreal Fringe Festival 2016.<\/p>\n<p><img loading=\"lazy\" decoding=\"async\" class=\"alignleft wp-image-5477\" src=\"https:\/\/www.playwrights.ca\/wp-content\/uploads\/2019\/04\/Trevor-Barrette_Headshot-250x300.png\" alt=\"Trevor Barrette\" width=\"169\" height=\"202\" srcset=\"https:\/\/www.playwrights.ca\/wp-content\/uploads\/2019\/04\/Trevor-Barrette_Headshot-250x300.png 250w, https:\/\/www.playwrights.ca\/wp-content\/uploads\/2019\/04\/Trevor-Barrette_Headshot.png 313w\" sizes=\"auto, (max-width: 169px) 100vw, 169px\" \/><strong>Trevor Barrette<\/strong><\/p>\n<p>Trevor is a Montreal-based actor, director and playwright. A graduate of John Abbott College\u2019s professional theatre, he most recently spent a year studying Classics and Drama at the University of Toronto where he was awarded the 2015 Robert Gill Award for Directing. In 2011 he founded Kaleidoscope Theatre Montreal (2015 Frankie for Most Promising Local English Company) and has directed their eight productions including his own bilingual Mixtape and musicals <em>To Be and Captain Aurora: A Superhero Musical.<\/em><\/p>\n<p><strong>Play in development:<\/strong> <span style=\"color: #2f0bc3;\"><em>Memento Mori<\/em> <\/span>&#8211; On the other side, Morty prepares tea and cookies and patiently waits for his ragtag group to arrive, to share their stories and life experiences. They have only one thing in common, they\u2019re dead. Come share with us.<\/p>\n<p><img loading=\"lazy\" decoding=\"async\" class=\"alignleft wp-image-5478\" src=\"https:\/\/www.playwrights.ca\/wp-content\/uploads\/2019\/04\/Yousef-Kadoura_Headshot-250x300.png\" alt=\"Yousef Kadoura\" width=\"169\" height=\"202\" srcset=\"https:\/\/www.playwrights.ca\/wp-content\/uploads\/2019\/04\/Yousef-Kadoura_Headshot-250x300.png 250w, https:\/\/www.playwrights.ca\/wp-content\/uploads\/2019\/04\/Yousef-Kadoura_Headshot.png 313w\" sizes=\"auto, (max-width: 169px) 100vw, 169px\" \/><strong>Yousef Kadoura<\/strong><\/p>\n<p>Yousef is an actor and a student at the National Theatre School of Canada. Born in Dearborn, Michigan, and raised in Ottawa surrounded by literature and political discussion, Yousef has worked alongside disability groups and youth mentorship initiatives. He has since dedicated himself to performance and storytelling as tools for education and social education.<\/p>\n<p><strong>Play in development:<\/strong> <span style=\"color: #2f0bc3;\"><em>One Night<\/em><\/span>\u00a0is a collision of a thousand and one years of fantasy and reality. As a young man returns to his family\u2019s middle-eastern home, haunted by history and driving himself towards destruction.<\/p>\n<\/div>\n<div style=\"text-align: center;\"><\/div>\n<article class=\"donate\">\n<h2 class=\"messy stronger\">Soutenez la recherche artistique.<\/h2>\n<h6 id=\"white-hover\" class=\"click\"><a class=\"blanc\" href=\"https:\/\/www.playwrights.ca\/fr\/donate\/\">Donnez maintenant<\/a><\/h6>\n<\/article>","protected":false},"excerpt":{"rendered":"<p>Adrienne Buell Andy is a student in their 4th year at Westmount High School, looking for involvement in theater projects outside of the school drama curriculum. They are testing their talents and abilities as a writer and creator through this workshop, and hoping to create something easily relatable to other people their age. Play in &hellip; <\/p>\n<p class=\"link-more\"><a href=\"https:\/\/www.playwrights.ca\/fr\/young-creators\/\" class=\"more-link\">Continuer la lecture<span class=\"screen-reader-text\"> de &laquo; 2015 &#8211; 2016 Young Creators &raquo;<\/span><\/a><\/p>","protected":false},"author":14,"featured_media":5486,"parent":0,"menu_order":0,"comment_status":"closed","ping_status":"open","template":"","meta":{"inline_featured_image":false,"ub_ctt_via":"","_exactmetrics_skip_tracking":false,"_exactmetrics_sitenote_active":false,"_exactmetrics_sitenote_note":"","_exactmetrics_sitenote_category":0,"footnotes":""},"class_list":["post-2","page","type-page","status-publish","has-post-thumbnail","hentry"],"featured_image_src":"https:\/\/www.playwrights.ca\/wp-content\/uploads\/2019\/04\/2015-16-YCU-Showcase_web-header.png","yoast_head":"<!-- This site is optimized with the Yoast SEO plugin v15.0 - https:\/\/yoast.com\/wordpress\/plugins\/seo\/ -->\n<title>2015 - 2016 Young Creators<\/title>\n<meta name=\"description\" content=\"Meet the first members of our Young Creators&#039; Unit.\" \/>\n<meta name=\"robots\" content=\"index, follow, max-snippet:-1, max-image-preview:large, max-video-preview:-1\" \/>\n<link rel=\"canonical\" href=\"https:\/\/www.playwrights.ca\/fr\/young-creators\/\" \/>\n<meta property=\"og:locale\" content=\"fr_CA\" \/>\n<meta property=\"og:type\" content=\"article\" \/>\n<meta property=\"og:title\" content=\"2015 - 2016 Young Creators\" \/>\n<meta property=\"og:description\" content=\"Meet the first members of our Young Creators&#039; Unit.\" \/>\n<meta property=\"og:url\" content=\"https:\/\/www.playwrights.ca\/fr\/young-creators\/\" \/>\n<meta property=\"og:site_name\" content=\"Playwrights&#039; Workshop Montr\u00e9al\" \/>\n<meta property=\"article:publisher\" content=\"https:\/\/www.facebook.com\/PlaywrightsWorkshopMontreal\/\" \/>\n<meta property=\"article:modified_time\" content=\"2019-11-18T18:38:29+00:00\" \/>\n<meta property=\"og:image\" content=\"https:\/\/www.playwrights.ca\/wp-content\/uploads\/2019\/04\/2015-16-YCU-Showcase_web-header.png\" \/>\n\t<meta property=\"og:image:width\" content=\"2000\" \/>\n\t<meta property=\"og:image:height\" content=\"600\" \/>\n<meta name=\"twitter:card\" content=\"summary\" \/>\n<meta name=\"twitter:creator\" content=\"@PWMontreal\" \/>\n<meta name=\"twitter:site\" content=\"@PWMontreal\" \/>\n<script type=\"application\/ld+json\" class=\"yoast-schema-graph\">{\"@context\":\"https:\/\/schema.org\",\"@graph\":[{\"@type\":\"WebSite\",\"@id\":\"https:\/\/www.playwrights.ca\/fr\/#website\",\"url\":\"https:\/\/www.playwrights.ca\/fr\/\",\"name\":\"Playwrights&#039; Workshop Montr\\u00e9al\",\"description\":\"Nationally-mandated theatre development centre\",\"potentialAction\":[{\"@type\":\"SearchAction\",\"target\":\"https:\/\/www.playwrights.ca\/fr\/?s={search_term_string}\",\"query-input\":\"required name=search_term_string\"}],\"inLanguage\":\"fr-CA\"},{\"@type\":\"ImageObject\",\"@id\":\"https:\/\/www.playwrights.ca\/young-creators\/#primaryimage\",\"inLanguage\":\"fr-CA\",\"url\":\"https:\/\/www.playwrights.ca\/wp-content\/uploads\/2019\/04\/2015-16-YCU-Showcase_web-header.png\",\"width\":2000,\"height\":600,\"caption\":\"2015-16 YCU Showcase\"},{\"@type\":\"WebPage\",\"@id\":\"https:\/\/www.playwrights.ca\/young-creators\/#webpage\",\"url\":\"https:\/\/www.playwrights.ca\/young-creators\/\",\"name\":\"2015 - 2016 Young Creators\",\"isPartOf\":{\"@id\":\"https:\/\/www.playwrights.ca\/fr\/#website\"},\"primaryImageOfPage\":{\"@id\":\"https:\/\/www.playwrights.ca\/young-creators\/#primaryimage\"},\"datePublished\":\"2017-08-16T18:38:40+00:00\",\"dateModified\":\"2019-11-18T18:38:29+00:00\",\"description\":\"Meet the first members of our Young Creators' Unit.\",\"inLanguage\":\"fr-CA\",\"potentialAction\":[{\"@type\":\"ReadAction\",\"target\":[\"https:\/\/www.playwrights.ca\/young-creators\/\"]}]}]}<\/script>\n<!-- \/ Yoast SEO plugin. -->","jetpack_sharing_enabled":true,"_links":{"self":[{"href":"https:\/\/www.playwrights.ca\/fr\/wp-json\/wp\/v2\/pages\/2","targetHints":{"allow":["GET"]}}],"collection":[{"href":"https:\/\/www.playwrights.ca\/fr\/wp-json\/wp\/v2\/pages"}],"about":[{"href":"https:\/\/www.playwrights.ca\/fr\/wp-json\/wp\/v2\/types\/page"}],"author":[{"embeddable":true,"href":"https:\/\/www.playwrights.ca\/fr\/wp-json\/wp\/v2\/users\/14"}],"replies":[{"embeddable":true,"href":"https:\/\/www.playwrights.ca\/fr\/wp-json\/wp\/v2\/comments?post=2"}],"version-history":[{"count":62,"href":"https:\/\/www.playwrights.ca\/fr\/wp-json\/wp\/v2\/pages\/2\/revisions"}],"predecessor-version":[{"id":6759,"href":"https:\/\/www.playwrights.ca\/fr\/wp-json\/wp\/v2\/pages\/2\/revisions\/6759"}],"wp:featuredmedia":[{"embeddable":true,"href":"https:\/\/www.playwrights.ca\/fr\/wp-json\/wp\/v2\/media\/5486"}],"wp:attachment":[{"href":"https:\/\/www.playwrights.ca\/fr\/wp-json\/wp\/v2\/media?parent=2"}],"curies":[{"name":"wp","href":"https:\/\/api.w.org\/{rel}","templated":true}]}}