{"id":2498,"date":"2018-05-28T13:00:55","date_gmt":"2018-05-28T13:00:55","guid":{"rendered":"https:\/\/www.playwrights.ca\/?page_id=2498"},"modified":"2024-11-17T10:51:13","modified_gmt":"2024-11-17T15:51:13","slug":"accessibility-contact","status":"publish","type":"page","link":"https:\/\/www.playwrights.ca\/fr\/accessibility-contact\/","title":{"rendered":"Contact Us &#038; Accessibility"},"content":{"rendered":"<div class=\"wp-block-columns is-layout-flex wp-container-core-columns-is-layout-9d6595d7 wp-block-columns-is-layout-flex\">\n<div class=\"wp-block-column is-layout-flow wp-block-column-is-layout-flow\">\n<h3 class=\"wp-block-heading has-text-align-center\"><a href=\"https:\/\/www.playwrights.ca\/fr\/who-we-are\/\">Email addresses for each member of our staff are available on our team page.<\/a><\/h3>\n<\/div>\n\n\n\n<div class=\"wp-block-column is-layout-flow wp-block-column-is-layout-flow\">\n<h3 class=\"wp-block-heading has-text-align-center\">\u25b6\ufe0f&nbsp;<a href=\"https:\/\/youtu.be\/TEePSUMU0rI\">Watch this video to learn more about our website&#8217;s accessibility features.<\/a><\/h3>\n<\/div>\n<\/div>\n\n\n\n<p>Our studio-office is located on the border of Little Italy and Mile-Ex, just a short walk from De Castelnau metro station, the Jean-Talon market and Jarry Park. Click <a href=\"#accessibility-video\">ici<\/a> to watch our accessibility videos detailing how to arrive at PWM.<\/p>\n\n\n\n<p>Our studio-office is a scent-free and nut-free environment. We kindly ask guests to refrain from using scented products before attending in-person events and\/or workshops, and to avoid bringing nuts in the office space and studio.<\/p>\n\n\n\n<div class=\"wp-block-columns is-layout-flex wp-container-core-columns-is-layout-9d6595d7 wp-block-columns-is-layout-flex\">\n<div class=\"wp-block-column is-layout-flow wp-block-column-is-layout-flow\">\n<h4 class=\"wp-block-heading\">Adresse :<\/h4>\n\n\n\n<p>7250 rue Clark, #103<br>Montr\u00e9al, QC<br>H2R 2Y3<\/p>\n\n\n\n<h4 class=\"wp-block-heading\">Transit Routes<\/h4>\n\n\n\n<p><strong>M\u00e9tro :<\/strong> De Castelnau station and Jean Talon station (wheelchair accessible)<br><strong>Bus :<\/strong> 55<\/p>\n\n\n\n<p><strong>T\u00e9l : <\/strong><a href=\"tel:1-514-843-3685\">514.843.3685<\/a><br><strong>Courriel :<\/strong><a href=\"mailto:info@playwrights.ca\"> info@playwrights.c<\/a>a<\/p>\n<\/div>\n\n\n\n<div class=\"wp-block-column is-layout-flow wp-block-column-is-layout-flow\">\n<iframe loading=\"lazy\" style=\"border: 0;\" src=\"https:\/\/www.google.com\/maps\/embed?pb=!1m18!1m12!1m3!1d2794.7894555878174!2d-73.62238188492101!3d45.534442279101796!2m3!1f0!2f0!3f0!3m2!1i1024!2i768!4f13.1!3m3!1m2!1s0x4cc91912241a3609%3A0xe7582ff3ec809f0!2s7250+Clark+St%2C+Montreal%2C+QC+H2R+2Y3!5e0!3m2!1sen!2sca!4v1499202638358\" width=\"400\" height=\"300\" frameborder=\"0\" allowfullscreen=\"allowfullscreen\"><\/iframe>\n\n\n\n<p><\/p>\n<\/div>\n<\/div>\n\n\n\n<h4 class=\"wp-block-heading\">Stationnement<\/h4>\n\n\n\n<p>Please note that there is no dedicated parking area for our visitors, and at times it may be difficult to find nearby parking. Free parking is available directly in front of our building Monday-Saturday after 7 p.m. and all day on Sunday. As of September 2024, two free parking spaces with a two-hour time limit will be designated near the entrance, available Monday to Friday from 9 a.m. to 5 p.m. There is paid street parking available a block away from us on Jean-Talon. Please contact us ahead of time if you have questions about parking availability on a given day.<\/p>\n\n\n\n<figure class=\"wp-block-image size-large is-resized\"><img loading=\"lazy\" decoding=\"async\" src=\"https:\/\/www.playwrights.ca\/wp-content\/uploads\/2024\/10\/IMG_20240930_145935-576x1024.jpg\" alt=\"\" class=\"wp-image-17092\" width=\"221\" height=\"392\" srcset=\"https:\/\/www.playwrights.ca\/wp-content\/uploads\/2024\/10\/IMG_20240930_145935-576x1024.jpg 576w, https:\/\/www.playwrights.ca\/wp-content\/uploads\/2024\/10\/IMG_20240930_145935-169x300.jpg 169w, https:\/\/www.playwrights.ca\/wp-content\/uploads\/2024\/10\/IMG_20240930_145935-84x150.jpg 84w, https:\/\/www.playwrights.ca\/wp-content\/uploads\/2024\/10\/IMG_20240930_145935-768x1365.jpg 768w, https:\/\/www.playwrights.ca\/wp-content\/uploads\/2024\/10\/IMG_20240930_145935-864x1536.jpg 864w, https:\/\/www.playwrights.ca\/wp-content\/uploads\/2024\/10\/IMG_20240930_145935-1152x2048.jpg 1152w, https:\/\/www.playwrights.ca\/wp-content\/uploads\/2024\/10\/IMG_20240930_145935-7x12.jpg 7w, https:\/\/www.playwrights.ca\/wp-content\/uploads\/2024\/10\/IMG_20240930_145935.jpg 1440w\" sizes=\"auto, (max-width: 221px) 100vw, 221px\" \/><\/figure>\n\n\n\n<h4 class=\"wp-block-heading\">Acc\u00e8s par transport collectif<\/h4>\n\n\n\n<p id=\"accessibility-video\">Nous vous invitons \u00e0 visionner les visites vid\u00e9o pour plus d\u2019information sur les moyens de se rendre au Playwrights\u2019 Workshop Montr\u00e9al et de circuler dans notre b\u00e2timent.<\/p>\n\n\n\n<p>Le PWM est entour\u00e9 d\u2019arr\u00eats d\u2019autobus figurant sur les trajets 55, 363, 93 et 95. Les stations de m\u00e9tro les plus proches sont Castelnau (non accessible pour les fauteuils roulants) et Jean-Talon (accessible pour les fauteuils roulants).&nbsp;<\/p>\n\n\n\n<div class=\"wp-block-getwid-section\"><div class=\"wp-block-getwid-section__wrapper\"><div class=\"wp-block-getwid-section__inner-wrapper\"><div class=\"wp-block-getwid-section__background-holder\"><div class=\"wp-block-getwid-section__background\"><\/div><div class=\"wp-block-getwid-section__foreground\"><\/div><\/div><div class=\"wp-block-getwid-section__content\"><div class=\"wp-block-getwid-section__inner-content\">\n<h4 class=\"wp-block-heading\">Aller \u00e0 PWM \u00e0 partir du l'arr\u00eat de bus Jean Talon et Clark<\/h4>\n\n\n\n<figure class=\"wp-block-embed is-type-video is-provider-youtube wp-block-embed-youtube wp-embed-aspect-16-9 wp-has-aspect-ratio\"><div class=\"wp-block-embed__wrapper\">\n<iframe loading=\"lazy\" title=\"Getting to PWM from the Bus Stop - English\" width=\"525\" height=\"295\" src=\"https:\/\/www.youtube.com\/embed\/rnmJ1dOT4Ko?feature=oembed\" frameborder=\"0\" allow=\"accelerometer; autoplay; clipboard-write; encrypted-media; gyroscope; picture-in-picture; web-share\" referrerpolicy=\"strict-origin-when-cross-origin\" allowfullscreen><\/iframe>\n<\/div><\/figure>\n\n\n\n<figure class=\"wp-block-embed is-type-video is-provider-youtube wp-block-embed-youtube wp-embed-aspect-16-9 wp-has-aspect-ratio\"><div class=\"wp-block-embed__wrapper\">\n<iframe loading=\"lazy\" title=\"Se rendre \u00e0 PWM de l&#039;arr\u00eat d&#039;autobus - fran\u00e7ais\" width=\"525\" height=\"295\" src=\"https:\/\/www.youtube.com\/embed\/ZahRFBHhhAs?feature=oembed\" frameborder=\"0\" allow=\"accelerometer; autoplay; clipboard-write; encrypted-media; gyroscope; picture-in-picture; web-share\" referrerpolicy=\"strict-origin-when-cross-origin\" allowfullscreen><\/iframe>\n<\/div><\/figure>\n\n\n\n<h4 class=\"wp-block-heading\">Aller \u00e0 PWM \u00e0 partir du m\u00e9tro de Castelnau<\/h4>\n\n\n\n<figure class=\"wp-block-embed is-type-video is-provider-youtube wp-block-embed-youtube wp-embed-aspect-16-9 wp-has-aspect-ratio\"><div class=\"wp-block-embed__wrapper\">\n<iframe loading=\"lazy\" title=\"Getting to PWM from the Metro - English\" width=\"525\" height=\"295\" src=\"https:\/\/www.youtube.com\/embed\/jiWDNvTydWw?feature=oembed\" frameborder=\"0\" allow=\"accelerometer; autoplay; clipboard-write; encrypted-media; gyroscope; picture-in-picture; web-share\" referrerpolicy=\"strict-origin-when-cross-origin\" allowfullscreen><\/iframe>\n<\/div><\/figure>\n\n\n\n<figure class=\"wp-block-embed is-type-video is-provider-youtube wp-block-embed-youtube wp-embed-aspect-16-9 wp-has-aspect-ratio\"><div class=\"wp-block-embed__wrapper\">\n<iframe loading=\"lazy\" title=\"Se rendre \u00e0 PWM du m\u00e9tro - fran\u00e7ais\" width=\"525\" height=\"295\" src=\"https:\/\/www.youtube.com\/embed\/gGAVWkwwVts?feature=oembed\" frameborder=\"0\" allow=\"accelerometer; autoplay; clipboard-write; encrypted-media; gyroscope; picture-in-picture; web-share\" referrerpolicy=\"strict-origin-when-cross-origin\" allowfullscreen><\/iframe>\n<\/div><\/figure>\n\n\n\n<h4 class=\"wp-block-heading\">Aller \u00e0 PWM \u00e0 partir de l'entr\u00e9e du b\u00e2timent &amp; tour du studio<\/h4>\n\n\n\n<figure class=\"wp-block-embed is-type-video is-provider-youtube wp-block-embed-youtube wp-embed-aspect-16-9 wp-has-aspect-ratio\"><div class=\"wp-block-embed__wrapper\">\n<iframe loading=\"lazy\" title=\"Tour of the PWM Office - English\" width=\"525\" height=\"295\" src=\"https:\/\/www.youtube.com\/embed\/kFur-5mdXnQ?feature=oembed\" frameborder=\"0\" allow=\"accelerometer; autoplay; clipboard-write; encrypted-media; gyroscope; picture-in-picture; web-share\" referrerpolicy=\"strict-origin-when-cross-origin\" allowfullscreen><\/iframe>\n<\/div><\/figure>\n\n\n\n<figure class=\"wp-block-embed is-type-video is-provider-youtube wp-block-embed-youtube wp-embed-aspect-16-9 wp-has-aspect-ratio\"><div class=\"wp-block-embed__wrapper\">\n<iframe loading=\"lazy\" title=\"Tourn\u00e9e des bureaux PWM - fran\u00e7ais\" width=\"525\" height=\"295\" src=\"https:\/\/www.youtube.com\/embed\/tbsRPXxd8n4?feature=oembed\" frameborder=\"0\" allow=\"accelerometer; autoplay; clipboard-write; encrypted-media; gyroscope; picture-in-picture; web-share\" referrerpolicy=\"strict-origin-when-cross-origin\" allowfullscreen><\/iframe>\n<\/div><\/figure>\n\n\n\n<h4 class=\"wp-block-heading\">Aller \u00e0 toilette \u00e0 partir de bureau de PWM<\/h4>\n\n\n\n<figure class=\"wp-block-embed is-type-video is-provider-youtube wp-block-embed-youtube wp-embed-aspect-16-9 wp-has-aspect-ratio\"><div class=\"wp-block-embed__wrapper\">\n<iframe loading=\"lazy\" title=\"Getting to the Restroom from the PWM Office - English\" width=\"525\" height=\"295\" src=\"https:\/\/www.youtube.com\/embed\/3L7EjsG3-sg?feature=oembed\" frameborder=\"0\" allow=\"accelerometer; autoplay; clipboard-write; encrypted-media; gyroscope; picture-in-picture; web-share\" referrerpolicy=\"strict-origin-when-cross-origin\" allowfullscreen><\/iframe>\n<\/div><\/figure>\n\n\n\n<figure class=\"wp-block-embed is-type-video is-provider-youtube wp-block-embed-youtube wp-embed-aspect-16-9 wp-has-aspect-ratio\"><div class=\"wp-block-embed__wrapper\">\n<iframe loading=\"lazy\" title=\"Se rendre aux toilettes des bureaux de PWM - fran\u00e7ais\" width=\"525\" height=\"295\" src=\"https:\/\/www.youtube.com\/embed\/z_nhDhTRZic?feature=oembed\" frameborder=\"0\" allow=\"accelerometer; autoplay; clipboard-write; encrypted-media; gyroscope; picture-in-picture; web-share\" referrerpolicy=\"strict-origin-when-cross-origin\" allowfullscreen><\/iframe>\n<\/div><\/figure>\n\n\n\n<h2 class=\"wp-block-heading\">Studio:<\/h2>\n\n\n\n<figure class=\"wp-block-gallery has-nested-images columns-default is-cropped wp-block-gallery-1 is-layout-flex wp-block-gallery-is-layout-flex\">\n<figure class=\"wp-block-image size-large\"><img loading=\"lazy\" decoding=\"async\" width=\"1024\" height=\"683\" data-id=\"1747\" src=\"https:\/\/www.playwrights.ca\/wp-content\/uploads\/2018\/04\/Exploring-Practice-Web-Photo_bw-1024x683.png\" alt=\"Exploring Practice with Corrina Hodgson\" class=\"wp-image-1747\" srcset=\"https:\/\/www.playwrights.ca\/wp-content\/uploads\/2018\/04\/Exploring-Practice-Web-Photo_bw-1024x683.png 1024w, https:\/\/www.playwrights.ca\/wp-content\/uploads\/2018\/04\/Exploring-Practice-Web-Photo_bw-300x200.png 300w, https:\/\/www.playwrights.ca\/wp-content\/uploads\/2018\/04\/Exploring-Practice-Web-Photo_bw-768x512.png 768w\" sizes=\"auto, (max-width: 706px) 89vw, (max-width: 767px) 82vw, 740px\" \/><figcaption class=\"wp-element-caption\">Studio with people<\/figcaption><\/figure>\n\n\n\n<figure class=\"wp-block-image size-large\"><img loading=\"lazy\" decoding=\"async\" width=\"1024\" height=\"683\" data-id=\"9880\" src=\"https:\/\/www.playwrights.ca\/wp-content\/uploads\/2021\/08\/IMG_0573-1-1024x683.jpg\" alt=\"\" class=\"wp-image-9880\" srcset=\"https:\/\/www.playwrights.ca\/wp-content\/uploads\/2021\/08\/IMG_0573-1-1024x683.jpg 1024w, https:\/\/www.playwrights.ca\/wp-content\/uploads\/2021\/08\/IMG_0573-1-300x200.jpg 300w, https:\/\/www.playwrights.ca\/wp-content\/uploads\/2021\/08\/IMG_0573-1-768x512.jpg 768w, https:\/\/www.playwrights.ca\/wp-content\/uploads\/2021\/08\/IMG_0573-1-1536x1024.jpg 1536w, https:\/\/www.playwrights.ca\/wp-content\/uploads\/2021\/08\/IMG_0573-1-2048x1365.jpg 2048w, https:\/\/www.playwrights.ca\/wp-content\/uploads\/2021\/08\/IMG_0573-1-16x12.jpg 16w\" sizes=\"auto, (max-width: 706px) 89vw, (max-width: 767px) 82vw, 740px\" \/><figcaption class=\"wp-element-caption\">Empty studio<\/figcaption><\/figure>\n<\/figure>\n<\/div><\/div><\/div><\/div><\/div>\n\n\n\n<h2 class=\"wp-block-heading\">Accessibilit\u00e9<\/h2>\n\n\n\n<p>Please note that Playwrights\u2019 Workshop Montr\u00e9al is not located in a fully accessible building. Our space is located above street level and is only accessible via a flight of stairs (ten steps).<\/p>\n\n\n\n<p><a href=\"http:\/\/www.keroul.qc.ca\/\">K\u00e9roul<\/a> conducted an accessibility audit of our space in 2019. You may find additional information, including photographs of our space, on Keroul\u2019s profile of Playwrights\u2019 Workshop Montr\u00e9al\u2019s <a href=\"http:\/\/www.keroul.qc.ca\/en\/establishment\/montreal\/attrait\/10509-playwrights-workshop-montreal.html\">ici<\/a>. <\/p>\n\n\n\n<p class=\"translation-block\">N\u2019h\u00e9sitez pas \u00e0 communiquer avec nous \u00e0 <a href=\"mailto:accessibility@playwrights.ca\" target=\"_self\">accessibility@playwrights.ca&lt;\/a pour toute question ou nous demander une assistance pour acc\u00e9der au b\u00e2timent.<\/p>\n\n\n\n<p>All doorways and corridors in the building are wide enough to accommodate most visitors using assistive devices.<\/p>\n\n\n\n<p>The building is equipped with a washroom that is wheelchair-accessible with help.<\/p>\n\n\n\n<h4 class=\"wp-block-heading\">\u00c0 propos de notre studio et notre bureau<\/h4>\n\n\n\n<p>L\u2019espace du PWM occupe le studio 103 du b\u00e2timent. Une fois que l\u2019escalier pour atteindre l\u2019\u00e9tage est franchi, nous acc\u00e9dons de plain-pied \u00e0 notre espace. Nous nous effor\u00e7ons de rendre notre lieu accessible \u00e0 toutes et tous, c\u2019est pourquoi nous avons am\u00e9nag\u00e9 les \u00e9quipements suivants:<\/p>\n\n\n\n<ul class=\"wp-block-list\">\n<li>Un \u00e9clairage r\u00e9glable au plafond dans notre studio et notre bureau<\/li>\n\n\n\n<li>Des bureaux ajustables dans notre espace commun de travail<\/li>\n\n\n\n<li>A calm room \/ quiet space is available for guests to use, including at in-person public events.<\/li>\n<\/ul>\n\n\n\n<h4 class=\"wp-block-heading\">Dispositifs d'assistance<\/h4>\n\n\n\n<p>Des si\u00e8ges peuvent \u00eatre am\u00e9nag\u00e9s pour les visiteurs utilisant des dispositifs d'assistance (cannes, d\u00e9ambulateurs, fauteuils roulants, etc.) pendant les \u00e9v\u00e9nements.<\/p>\n\n\n\n<h4 class=\"wp-block-heading\">Animaux d'assistance<\/h4>\n\n\n\n<p>Les animaux d'assistance sont les bienvenus au Playwrights\u2019 Workshop Montr\u00e9al. Pendant les \u00e9v\u00e9nements, des places assises peuvent \u00eatre am\u00e9nag\u00e9es pour les visiteurs accompagn\u00e9s d'animaux d'assistance.<\/p>\n\n\n\n<h4 class=\"wp-block-heading\">Commentaires<\/h4>\n\n\n\n<p>Playwrights\u2019 Workshop Montr\u00e9al is committed to improving the accessibility of our space and of our services. In the 2020-21 season, we consulted with Accessibility and Inclusion Consultant <a href=\"https:\/\/sparkclarity.ca\/pages\/consulting-2020\">Clary Chambers<\/a>, and with artists in the community to gather feedback, insights and suggestions on how to improve our physical, cultural and digital accessibility. <\/p>\n\n\n\n<p>Accessibility concerns are central to how we structure our programs, and we\u2019ve learned a lot from our Accessibility Committee conversations.<strong>&nbsp;<a target=\"_blank\" href=\"https:\/\/www.playwrights.ca\/fr\/2022\/02\/14\/accessibility-committee\/\" rel=\"noreferrer noopener\">Click here to read more about the work done by PWM\u2019s accessibility committee<\/a><\/strong>.<\/p>\n\n\n\n<p>We are always thankful for any feedback.<\/p>\n\n\n\n<p>Email <a href=\"mailto:accessibility@playwrights.ca\">accessibility@playwrights.ca<\/a> or <a href=\"mailto:heather@playwrights.ca\">heather@playwrights.ca<\/a>. Alternatively, you can call us at 514-848-3685<\/p>","protected":false},"excerpt":{"rendered":"<p>Email addresses for each member of our staff are available on our team page. \u25b6\ufe0f&nbsp;Watch this video to learn more about our website&#8217;s accessibility features. Our studio-office is located on the border of Little Italy and Mile-Ex, just a short walk from De Castelnau metro station, the Jean-Talon market and Jarry Park. Click here to &hellip; <\/p>\n<p class=\"link-more\"><a href=\"https:\/\/www.playwrights.ca\/fr\/accessibility-contact\/\" class=\"more-link\">Continuer la lecture<span class=\"screen-reader-text\"> de &laquo; Contact Us &#038; Accessibility &raquo;<\/span><\/a><\/p>","protected":false},"author":13,"featured_media":0,"parent":0,"menu_order":0,"comment_status":"closed","ping_status":"closed","template":"","meta":{"inline_featured_image":false,"ub_ctt_via":"","_exactmetrics_skip_tracking":false,"_exactmetrics_sitenote_active":false,"_exactmetrics_sitenote_note":"","_exactmetrics_sitenote_category":0,"footnotes":""},"class_list":["post-2498","page","type-page","status-publish","hentry"],"featured_image_src":null,"yoast_head":"<!-- This site is optimized with the Yoast SEO plugin v15.0 - https:\/\/yoast.com\/wordpress\/plugins\/seo\/ -->\n<title>Playwrights\u2019 Workshop Montr\u00e9al Accessibility<\/title>\n<meta name=\"description\" content=\"Playwrights\u2019 Workshop Montr\u00e9al is not located in a fully accessible building. There is no dedicated parking area. Service animals are welcome.\" \/>\n<meta name=\"robots\" content=\"index, follow, max-snippet:-1, max-image-preview:large, max-video-preview:-1\" \/>\n<link rel=\"canonical\" href=\"https:\/\/www.playwrights.ca\/fr\/accessibility-contact\/\" \/>\n<meta property=\"og:locale\" content=\"fr_CA\" \/>\n<meta property=\"og:type\" content=\"article\" \/>\n<meta property=\"og:title\" content=\"Playwrights\u2019 Workshop Montr\u00e9al Accessibility\" \/>\n<meta property=\"og:description\" content=\"Playwrights\u2019 Workshop Montr\u00e9al is not located in a fully accessible building. There is no dedicated parking area. Service animals are welcome.\" \/>\n<meta property=\"og:url\" content=\"https:\/\/www.playwrights.ca\/fr\/accessibility-contact\/\" \/>\n<meta property=\"og:site_name\" content=\"Playwrights&#039; Workshop Montr\u00e9al\" \/>\n<meta property=\"article:publisher\" content=\"https:\/\/www.facebook.com\/PlaywrightsWorkshopMontreal\/\" \/>\n<meta property=\"article:modified_time\" content=\"2024-11-17T15:51:13+00:00\" \/>\n<meta property=\"og:image\" content=\"https:\/\/www.playwrights.ca\/wp-content\/uploads\/2024\/10\/IMG_20240930_145935-576x1024.jpg\" \/>\n<meta name=\"twitter:card\" content=\"summary\" \/>\n<meta name=\"twitter:creator\" content=\"@PWMontreal\" \/>\n<meta name=\"twitter:site\" content=\"@PWMontreal\" \/>\n<script type=\"application\/ld+json\" class=\"yoast-schema-graph\">{\"@context\":\"https:\/\/schema.org\",\"@graph\":[{\"@type\":\"WebSite\",\"@id\":\"https:\/\/www.playwrights.ca\/fr\/#website\",\"url\":\"https:\/\/www.playwrights.ca\/fr\/\",\"name\":\"Playwrights&#039; Workshop Montr\\u00e9al\",\"description\":\"Nationally-mandated theatre development centre\",\"potentialAction\":[{\"@type\":\"SearchAction\",\"target\":\"https:\/\/www.playwrights.ca\/fr\/?s={search_term_string}\",\"query-input\":\"required name=search_term_string\"}],\"inLanguage\":\"fr-CA\"},{\"@type\":\"ImageObject\",\"@id\":\"https:\/\/www.playwrights.ca\/accessibility-contact\/#primaryimage\",\"inLanguage\":\"fr-CA\",\"url\":\"https:\/\/www.playwrights.ca\/wp-content\/uploads\/2024\/10\/IMG_20240930_145935.jpg\",\"width\":1440,\"height\":2560},{\"@type\":\"WebPage\",\"@id\":\"https:\/\/www.playwrights.ca\/accessibility-contact\/#webpage\",\"url\":\"https:\/\/www.playwrights.ca\/accessibility-contact\/\",\"name\":\"Playwrights\\u2019 Workshop Montr\\u00e9al Accessibility\",\"isPartOf\":{\"@id\":\"https:\/\/www.playwrights.ca\/fr\/#website\"},\"primaryImageOfPage\":{\"@id\":\"https:\/\/www.playwrights.ca\/accessibility-contact\/#primaryimage\"},\"datePublished\":\"2018-05-28T13:00:55+00:00\",\"dateModified\":\"2024-11-17T15:51:13+00:00\",\"description\":\"Playwrights\\u2019 Workshop Montr\\u00e9al is not located in a fully accessible building. There is no dedicated parking area. Service animals are welcome.\",\"inLanguage\":\"fr-CA\",\"potentialAction\":[{\"@type\":\"ReadAction\",\"target\":[\"https:\/\/www.playwrights.ca\/accessibility-contact\/\"]}]}]}<\/script>\n<!-- \/ Yoast SEO plugin. -->","jetpack_sharing_enabled":true,"_links":{"self":[{"href":"https:\/\/www.playwrights.ca\/fr\/wp-json\/wp\/v2\/pages\/2498","targetHints":{"allow":["GET"]}}],"collection":[{"href":"https:\/\/www.playwrights.ca\/fr\/wp-json\/wp\/v2\/pages"}],"about":[{"href":"https:\/\/www.playwrights.ca\/fr\/wp-json\/wp\/v2\/types\/page"}],"author":[{"embeddable":true,"href":"https:\/\/www.playwrights.ca\/fr\/wp-json\/wp\/v2\/users\/13"}],"replies":[{"embeddable":true,"href":"https:\/\/www.playwrights.ca\/fr\/wp-json\/wp\/v2\/comments?post=2498"}],"version-history":[{"count":41,"href":"https:\/\/www.playwrights.ca\/fr\/wp-json\/wp\/v2\/pages\/2498\/revisions"}],"predecessor-version":[{"id":17169,"href":"https:\/\/www.playwrights.ca\/fr\/wp-json\/wp\/v2\/pages\/2498\/revisions\/17169"}],"wp:attachment":[{"href":"https:\/\/www.playwrights.ca\/fr\/wp-json\/wp\/v2\/media?parent=2498"}],"curies":[{"name":"wp","href":"https:\/\/api.w.org\/{rel}","templated":true}]}}