{"id":2649,"date":"2018-06-27T02:22:24","date_gmt":"2018-06-27T02:22:24","guid":{"rendered":"https:\/\/www.playwrights.ca\/?page_id=2649"},"modified":"2018-06-27T03:29:10","modified_gmt":"2018-06-27T03:29:10","slug":"dramaturgy-avec-katalin-trencsenyi","status":"publish","type":"page","link":"https:\/\/www.playwrights.ca\/fr\/dramaturgy-avec-katalin-trencsenyi\/","title":{"rendered":"Dramaturgy avec Katalin Trencs\u00e9nyi"},"content":{"rendered":"<h4>Nous acceptons&nbsp;d\u00e8s&nbsp;maintenant&nbsp;les inscriptions&nbsp;pour notre prochaine&nbsp;formation sur la dramaturgie avec&nbsp;Katalin Trencs\u00e9nyi<\/h4>\n<p><strong>Dates&nbsp;:&nbsp;<\/strong>24 au 28 septembre 2018<br \/>\n<strong>Horaire&nbsp;:&nbsp;<\/strong> 10h-18h<br \/>\n<strong>Lieu :<\/strong> PWM<br \/>\n<strong>Frais&nbsp;:&nbsp;<\/strong>50 $<br \/>\n<strong>Nombre de participants&nbsp;:<\/strong> 8 personnes (maximum)<\/p>\n<p>Ce cours de ma\u00eetre bilingue (anglais-fran\u00e7ais) d\u2019une semaine est destin\u00e9 aux dramaturges en mi-carri\u00e8re qui ressentent le besoin de faire une pause pour mieux revoir leurs connaissances, leurs pratiques et remettre en cause leurs th\u00e9ories. Anim\u00e9 par la dramaturge, artiste de th\u00e9\u00e2tre et chercheuse Katalin Trencs\u00e9nyi, ce cours offre un espace propice \u00e0 l\u2019\u00e9change des savoirs, des habilet\u00e9s et des pratiques entre les participants, ainsi qu\u2019\u00e0 un approfondissement de leur compr\u00e9hension de la dramaturgie dans un esprit de collaboration.<\/p>\n<p>V\u00e9ritable antidote aux rapides solutions miracles, ce cours \u00e9chelonn\u00e9 sur une semaine propose une \u00ab&nbsp;dramaturgie lente&nbsp;\u00bb, \u00e0 l\u2019\u00e9cart de la fr\u00e9n\u00e9sie des horaires surcharg\u00e9s (qui emp\u00eachent d\u2019avoir cette conversation, de lire cet article ou de voir ce spectacle), qui permettra aux participants de rassembler et r\u00e9organiser leurs connaissances dans un espace de partage. Le travail en groupe restreint favorisera le dialogue entre les participants sur la th\u00e9orie et la pratique. Ils pourront proc\u00e9der \u00e0 leur propre \u00ab&nbsp;chirurgie&nbsp;\u00bb, faire l\u2019inventaire de leur coffre \u00e0 outils et r\u00e9fl\u00e9chir ensemble \u00e0 ce qu\u2019est la dramaturgie au 21e si\u00e8cle. Les participants peuvent s\u2019attendre \u00e0 faire ensemble des d\u00e9couvertes \u2013 \u00e0 \u00eatre appel\u00e9s \u00e0 contribuer concr\u00e8tement et \u00e0 faire des commentaires.<\/p>\n<p><strong>IMPORTANT&nbsp;:<\/strong> Ce cours n\u2019est pas pour les d\u00e9butants. Il se tiendra dans un studio de th\u00e9\u00e2tre, veuillez donc porter des v\u00eatements confortables qui vous permettront de vous asseoir par terre ou de participer \u00e0 des exercices physiques.<\/p>\n<p>&nbsp;<\/p>\n<p><strong>Directives d\u2019inscription&nbsp;:&nbsp;<\/strong>Pour s\u2019inscrire \u00e0 cet atelier, veuillez soumettre une bio, un CV et un court texte (1 ou 2 paragraphes) expliquant votre int\u00e9r\u00eat pour ce sujet ou de quelle fa\u00e7on la lutte contre l\u2019oppression influence votre pratique.<br \/>\n<strong>Les demandes d\u2019inscription doivent \u00eatre envoy\u00e9es \u00e0&nbsp;<\/strong><a href=\"mailto:emma@playwrights.ca\">emma@playwrights.ca<\/a><br \/>\n<strong>Objet&nbsp;:<\/strong> Exploration des pratiques intensives avec&nbsp;Katalin Trencs\u00e9nyi<br \/>\n<strong>Date limite&nbsp;:<\/strong>&nbsp;28&nbsp;ao\u00fbt, 2018<\/p>\n<p>&nbsp;<\/p>\n<p><strong>KATALIN TRENCS\u00c9NYI<\/strong> (H\/R-U), r\u00e9sidente de Londres, est dramaturge, chercheuse et professeure associ\u00e9e \u00e0 la Royal Academy of Dramatic Art (RADA). Comme dramaturge pigiste, Katalin a collabor\u00e9 avec le National Theatre, le Royal Court Theatre, le Deafinitely Theatre, la Corali Dance Company et la Company of Angels. Elle a cofond\u00e9 du Dramaturgs\u2019 Network (d\u2019n), o\u00f9 elle a si\u00e9g\u00e9 \u00e0 de nombreux comit\u00e9s et agi comme pr\u00e9sidente de 2010 \u00e0 2012. Katalin est l\u2019auteure de Dramaturgy in the Making. A User\u2019s Guide for Theatre Practitioners (Bloomsbury Methuen Drama, 2015, \u00e9dition chinoise: Centre des arts de la sc\u00e8ne, Ta\u00efpei, 2016), co\u00e9ditrice de New Dramaturgy: International Perspectives on Theory and Practice (Bloomsbury Methuen Drama, 2014) et \u00e9ditrice de Working with Pina Bausch (Oberon Books, 2016). Ses recherches sur la dramaturgie chor\u00e9graphique lui ont valu une bourse Bly des Literary Managers and Dramaturgs of the Americas. Elle a obtenu son doctorat de l\u2019Universit\u00e9 E\u00f6tv\u00f6s Lor\u00e1nd, Budapest.<\/p>\n<p>&nbsp;<\/p>\n<p style=\"text-align: center;\"><strong>Ce programme de&nbsp;formation&nbsp;est&nbsp;rendu possible gr\u00e2ce \u00e0 la participation financi\u00e8re d&#8217;Emploi-Qu\u00e9bec<\/strong><\/p>\n<p><img loading=\"lazy\" decoding=\"async\" class=\"aligncenter\" src=\"https:\/\/www.playwrights.ca\/wp-content\/uploads\/2017\/11\/EQ-logo-300x78.png\" alt=\"Emploi-Qu\u00e9be Logo\" width=\"300\" height=\"78\"><\/p>","protected":false},"excerpt":{"rendered":"<p>Nous acceptons&nbsp;d\u00e8s&nbsp;maintenant&nbsp;les inscriptions&nbsp;pour notre prochaine&nbsp;formation sur la dramaturgie avec&nbsp;Katalin Trencs\u00e9nyi Dates&nbsp;:&nbsp;24 au 28 septembre 2018 Horaire&nbsp;:&nbsp; 10h-18h Lieu : PWM Frais&nbsp;:&nbsp;50 $ Nombre de participants&nbsp;: 8 personnes (maximum) Ce cours de ma\u00eetre bilingue (anglais-fran\u00e7ais) d\u2019une semaine est destin\u00e9 aux dramaturges en mi-carri\u00e8re qui ressentent le besoin de faire une pause pour mieux revoir leurs connaissances, &hellip; <\/p>\n<p class=\"link-more\"><a href=\"https:\/\/www.playwrights.ca\/fr\/dramaturgy-avec-katalin-trencsenyi\/\" class=\"more-link\">Continuer la lecture<span class=\"screen-reader-text\"> de &laquo; Dramaturgy avec Katalin Trencs\u00e9nyi &raquo;<\/span><\/a><\/p>","protected":false},"author":13,"featured_media":2650,"parent":0,"menu_order":0,"comment_status":"closed","ping_status":"closed","template":"","meta":{"inline_featured_image":false,"ub_ctt_via":"","_exactmetrics_skip_tracking":false,"_exactmetrics_sitenote_active":false,"_exactmetrics_sitenote_note":"","_exactmetrics_sitenote_category":0,"footnotes":""},"class_list":["post-2649","page","type-page","status-publish","has-post-thumbnail","hentry"],"featured_image_src":"https:\/\/www.playwrights.ca\/wp-content\/uploads\/2018\/06\/Explorations-des-Pratiques-Intensives-avec-Katalin-Trencse\u0301nyi.png","yoast_head":"<!-- This site is optimized with the Yoast SEO plugin v15.0 - https:\/\/yoast.com\/wordpress\/plugins\/seo\/ -->\n<title>Dramaturgy avec Katalin Trencs\u00e9nyi - Playwrights&#039; Workshop Montr\u00e9al<\/title>\n<meta name=\"robots\" content=\"index, follow, max-snippet:-1, max-image-preview:large, max-video-preview:-1\" \/>\n<link rel=\"canonical\" href=\"https:\/\/www.playwrights.ca\/fr\/dramaturgy-avec-katalin-trencsenyi\/\" \/>\n<meta property=\"og:locale\" content=\"fr_CA\" \/>\n<meta property=\"og:type\" content=\"article\" \/>\n<meta property=\"og:title\" content=\"Dramaturgy avec Katalin Trencs\u00e9nyi - Playwrights&#039; Workshop Montr\u00e9al\" \/>\n<meta property=\"og:description\" content=\"Nous acceptons&nbsp;d\u00e8s&nbsp;maintenant&nbsp;les inscriptions&nbsp;pour notre prochaine&nbsp;formation sur la dramaturgie avec&nbsp;Katalin Trencs\u00e9nyi Dates&nbsp;:&nbsp;24 au 28 septembre 2018 Horaire&nbsp;:&nbsp; 10h-18h Lieu : PWM Frais&nbsp;:&nbsp;50 $ Nombre de participants&nbsp;: 8 personnes (maximum) Ce cours de ma\u00eetre bilingue (anglais-fran\u00e7ais) d\u2019une semaine est destin\u00e9 aux dramaturges en mi-carri\u00e8re qui ressentent le besoin de faire une pause pour mieux revoir leurs connaissances, &hellip; Continuer la lecture de &laquo; Dramaturgy avec Katalin Trencs\u00e9nyi &raquo;\" \/>\n<meta property=\"og:url\" content=\"https:\/\/www.playwrights.ca\/fr\/dramaturgy-avec-katalin-trencsenyi\/\" \/>\n<meta property=\"og:site_name\" content=\"Playwrights&#039; Workshop Montr\u00e9al\" \/>\n<meta property=\"article:publisher\" content=\"https:\/\/www.facebook.com\/PlaywrightsWorkshopMontreal\/\" \/>\n<meta property=\"article:modified_time\" content=\"2018-06-27T03:29:10+00:00\" \/>\n<meta property=\"og:image\" content=\"https:\/\/www.playwrights.ca\/wp-content\/uploads\/2018\/06\/Explorations-des-Pratiques-Intensives-avec-Katalin-Trencse\u0301nyi.png\" \/>\n\t<meta property=\"og:image:width\" content=\"900\" \/>\n\t<meta property=\"og:image:height\" content=\"500\" \/>\n<meta name=\"twitter:card\" content=\"summary\" \/>\n<meta name=\"twitter:creator\" content=\"@PWMontreal\" \/>\n<meta name=\"twitter:site\" content=\"@PWMontreal\" \/>\n<script type=\"application\/ld+json\" class=\"yoast-schema-graph\">{\"@context\":\"https:\/\/schema.org\",\"@graph\":[{\"@type\":\"WebSite\",\"@id\":\"https:\/\/www.playwrights.ca\/fr\/#website\",\"url\":\"https:\/\/www.playwrights.ca\/fr\/\",\"name\":\"Playwrights&#039; Workshop Montr\\u00e9al\",\"description\":\"Nationally-mandated theatre development centre\",\"potentialAction\":[{\"@type\":\"SearchAction\",\"target\":\"https:\/\/www.playwrights.ca\/fr\/?s={search_term_string}\",\"query-input\":\"required name=search_term_string\"}],\"inLanguage\":\"fr-CA\"},{\"@type\":\"ImageObject\",\"@id\":\"https:\/\/www.playwrights.ca\/dramaturgy-avec-katalin-trencsenyi\/#primaryimage\",\"inLanguage\":\"fr-CA\",\"url\":\"https:\/\/www.playwrights.ca\/wp-content\/uploads\/2018\/06\/Explorations-des-Pratiques-Intensives-avec-Katalin-Trencse\\u0301nyi.png\",\"width\":900,\"height\":500,\"caption\":\"Explorations des Pratiques Intensives avec Katalin Trencse\\u0301nyi\"},{\"@type\":\"WebPage\",\"@id\":\"https:\/\/www.playwrights.ca\/dramaturgy-avec-katalin-trencsenyi\/#webpage\",\"url\":\"https:\/\/www.playwrights.ca\/dramaturgy-avec-katalin-trencsenyi\/\",\"name\":\"Dramaturgy avec Katalin Trencs\\u00e9nyi - Playwrights&#039; Workshop Montr\\u00e9al\",\"isPartOf\":{\"@id\":\"https:\/\/www.playwrights.ca\/fr\/#website\"},\"primaryImageOfPage\":{\"@id\":\"https:\/\/www.playwrights.ca\/dramaturgy-avec-katalin-trencsenyi\/#primaryimage\"},\"datePublished\":\"2018-06-27T02:22:24+00:00\",\"dateModified\":\"2018-06-27T03:29:10+00:00\",\"inLanguage\":\"fr-CA\",\"potentialAction\":[{\"@type\":\"ReadAction\",\"target\":[\"https:\/\/www.playwrights.ca\/dramaturgy-avec-katalin-trencsenyi\/\"]}]}]}<\/script>\n<!-- \/ Yoast SEO plugin. -->","jetpack_sharing_enabled":true,"_links":{"self":[{"href":"https:\/\/www.playwrights.ca\/fr\/wp-json\/wp\/v2\/pages\/2649","targetHints":{"allow":["GET"]}}],"collection":[{"href":"https:\/\/www.playwrights.ca\/fr\/wp-json\/wp\/v2\/pages"}],"about":[{"href":"https:\/\/www.playwrights.ca\/fr\/wp-json\/wp\/v2\/types\/page"}],"author":[{"embeddable":true,"href":"https:\/\/www.playwrights.ca\/fr\/wp-json\/wp\/v2\/users\/13"}],"replies":[{"embeddable":true,"href":"https:\/\/www.playwrights.ca\/fr\/wp-json\/wp\/v2\/comments?post=2649"}],"version-history":[{"count":4,"href":"https:\/\/www.playwrights.ca\/fr\/wp-json\/wp\/v2\/pages\/2649\/revisions"}],"predecessor-version":[{"id":2675,"href":"https:\/\/www.playwrights.ca\/fr\/wp-json\/wp\/v2\/pages\/2649\/revisions\/2675"}],"wp:featuredmedia":[{"embeddable":true,"href":"https:\/\/www.playwrights.ca\/fr\/wp-json\/wp\/v2\/media\/2650"}],"wp:attachment":[{"href":"https:\/\/www.playwrights.ca\/fr\/wp-json\/wp\/v2\/media?parent=2649"}],"curies":[{"name":"wp","href":"https:\/\/api.w.org\/{rel}","templated":true}]}}