{"id":3051,"date":"2018-10-01T19:45:46","date_gmt":"2018-10-01T19:45:46","guid":{"rendered":"https:\/\/www.playwrights.ca\/?page_id=3051"},"modified":"2018-10-09T13:13:01","modified_gmt":"2018-10-09T13:13:01","slug":"unite-des-jeunes-createurs-seance-dinformation","status":"publish","type":"page","link":"https:\/\/www.playwrights.ca\/fr\/unite-des-jeunes-createurs-seance-dinformation\/","title":{"rendered":"Unit\u00e9 des jeunes cr\u00e9ateurs : s\u00e9ance d&#8217;information"},"content":{"rendered":"<p>Gr\u00e2ce au soutien de Patrimoine canadien et la Fondation de la famille Zeller, l&#8217;\u00e9quipe du PWM a le plaisir d&#8217;annoncer que l&#8217;Unit\u00e9 des jeunes cr\u00e9ateurs conna\u00eetra une autre saison !<\/p>\n<p>Veuillez bien partager la pr\u00e9sente invitation, et si vous \u00eates vous-m\u00eame jeune cr\u00e9ateur de th\u00e9\u00e2tre (entre 16 et 30 ans), nous vous invitons \u00e0 participer \u00e0 une importante s\u00e9ance d&#8217;information qui aura lieu le mardi 9 octobre de 18 h \u00e0 19 h.<\/p>\n<p>Si vous avez d\u00e9j\u00e0 particip\u00e9 \u00e0 l&#8217;UJC ou s&#8217;il s&#8217;agit de votre premi\u00e8re fois mais vous \u00eates dans l&#8217;impossibilit\u00e9 d&#8217;assister \u00e0 la s\u00e9ance d&#8217;information, veuillez faire parvenir des renseignements \u00e0 votre sujet et au sujet du projet que vous aimeriez d\u00e9velopper par courriel \u00e0 Jesse Stong (<a href=\"mailto:jesse@playwrights.ca\">jesse@playwrights.ca<\/a>). Vous pouvez \u00e9galement communiquer avec Jesse pour toute interrogation concernant l&#8217;accessibilit\u00e9 et l&#8217;inclusion.<\/p>","protected":false},"excerpt":{"rendered":"<p>Gr\u00e2ce au soutien de Patrimoine canadien et la Fondation de la famille Zeller, l&#8217;\u00e9quipe du PWM a le plaisir d&#8217;annoncer que l&#8217;Unit\u00e9 des jeunes cr\u00e9ateurs conna\u00eetra une autre saison ! Veuillez bien partager la pr\u00e9sente invitation, et si vous \u00eates vous-m\u00eame jeune cr\u00e9ateur de th\u00e9\u00e2tre (entre 16 et 30 ans), nous vous invitons \u00e0 participer &hellip; <\/p>\n<p class=\"link-more\"><a href=\"https:\/\/www.playwrights.ca\/fr\/unite-des-jeunes-createurs-seance-dinformation\/\" class=\"more-link\">Continuer la lecture<span class=\"screen-reader-text\"> de &laquo; Unit\u00e9 des jeunes cr\u00e9ateurs : s\u00e9ance d&#8217;information &raquo;<\/span><\/a><\/p>","protected":false},"author":13,"featured_media":3185,"parent":0,"menu_order":0,"comment_status":"closed","ping_status":"closed","template":"","meta":{"inline_featured_image":false,"ub_ctt_via":"","_exactmetrics_skip_tracking":false,"_exactmetrics_sitenote_active":false,"_exactmetrics_sitenote_note":"","_exactmetrics_sitenote_category":0,"footnotes":""},"class_list":["post-3051","page","type-page","status-publish","has-post-thumbnail","hentry"],"featured_image_src":"https:\/\/www.playwrights.ca\/wp-content\/uploads\/2018\/10\/PWM_UNITE\u0301-DES-JEUNES-CRE\u0301ATEURS-2018-2019_web.png","yoast_head":"<!-- This site is optimized with the Yoast SEO plugin v15.0 - https:\/\/yoast.com\/wordpress\/plugins\/seo\/ -->\n<title>Unit\u00e9 des jeunes cr\u00e9ateurs : s\u00e9ance d&#039;information - Playwrights&#039; Workshop Montr\u00e9al<\/title>\n<meta name=\"robots\" content=\"index, follow, max-snippet:-1, max-image-preview:large, max-video-preview:-1\" \/>\n<link rel=\"canonical\" href=\"https:\/\/www.playwrights.ca\/fr\/unite-des-jeunes-createurs-seance-dinformation\/\" \/>\n<meta property=\"og:locale\" content=\"fr_CA\" \/>\n<meta property=\"og:type\" content=\"article\" \/>\n<meta property=\"og:title\" content=\"Unit\u00e9 des jeunes cr\u00e9ateurs : s\u00e9ance d&#039;information - Playwrights&#039; Workshop Montr\u00e9al\" \/>\n<meta property=\"og:description\" content=\"Gr\u00e2ce au soutien de Patrimoine canadien et la Fondation de la famille Zeller, l&#8217;\u00e9quipe du PWM a le plaisir d&#8217;annoncer que l&#8217;Unit\u00e9 des jeunes cr\u00e9ateurs conna\u00eetra une autre saison ! Veuillez bien partager la pr\u00e9sente invitation, et si vous \u00eates vous-m\u00eame jeune cr\u00e9ateur de th\u00e9\u00e2tre (entre 16 et 30 ans), nous vous invitons \u00e0 participer &hellip; Continuer la lecture de &laquo; Unit\u00e9 des jeunes cr\u00e9ateurs : s\u00e9ance d&#8217;information &raquo;\" \/>\n<meta property=\"og:url\" content=\"https:\/\/www.playwrights.ca\/fr\/unite-des-jeunes-createurs-seance-dinformation\/\" \/>\n<meta property=\"og:site_name\" content=\"Playwrights&#039; Workshop Montr\u00e9al\" \/>\n<meta property=\"article:publisher\" content=\"https:\/\/www.facebook.com\/PlaywrightsWorkshopMontreal\/\" \/>\n<meta property=\"article:modified_time\" content=\"2018-10-09T13:13:01+00:00\" \/>\n<meta property=\"og:image\" content=\"https:\/\/www.playwrights.ca\/wp-content\/uploads\/2018\/10\/PWM_UNITE\u0301-DES-JEUNES-CRE\u0301ATEURS-2018-2019_web.png\" \/>\n\t<meta property=\"og:image:width\" content=\"900\" \/>\n\t<meta property=\"og:image:height\" content=\"500\" \/>\n<meta name=\"twitter:card\" content=\"summary\" \/>\n<meta name=\"twitter:creator\" content=\"@PWMontreal\" \/>\n<meta name=\"twitter:site\" content=\"@PWMontreal\" \/>\n<script type=\"application\/ld+json\" class=\"yoast-schema-graph\">{\"@context\":\"https:\/\/schema.org\",\"@graph\":[{\"@type\":\"WebSite\",\"@id\":\"https:\/\/www.playwrights.ca\/fr\/#website\",\"url\":\"https:\/\/www.playwrights.ca\/fr\/\",\"name\":\"Playwrights&#039; Workshop Montr\\u00e9al\",\"description\":\"Nationally-mandated theatre development centre\",\"potentialAction\":[{\"@type\":\"SearchAction\",\"target\":\"https:\/\/www.playwrights.ca\/fr\/?s={search_term_string}\",\"query-input\":\"required name=search_term_string\"}],\"inLanguage\":\"fr-CA\"},{\"@type\":\"ImageObject\",\"@id\":\"https:\/\/www.playwrights.ca\/unite-des-jeunes-createurs-seance-dinformation\/#primaryimage\",\"inLanguage\":\"fr-CA\",\"url\":\"https:\/\/www.playwrights.ca\/wp-content\/uploads\/2018\/10\/PWM_UNITE\\u0301-DES-JEUNES-CRE\\u0301ATEURS-2018-2019_web.png\",\"width\":900,\"height\":500,\"caption\":\"PWM_UNITE\\u0301 DES JEUNES CRE\\u0301ATEURS 2018-2019\"},{\"@type\":\"WebPage\",\"@id\":\"https:\/\/www.playwrights.ca\/unite-des-jeunes-createurs-seance-dinformation\/#webpage\",\"url\":\"https:\/\/www.playwrights.ca\/unite-des-jeunes-createurs-seance-dinformation\/\",\"name\":\"Unit\\u00e9 des jeunes cr\\u00e9ateurs : s\\u00e9ance d'information - Playwrights&#039; Workshop Montr\\u00e9al\",\"isPartOf\":{\"@id\":\"https:\/\/www.playwrights.ca\/fr\/#website\"},\"primaryImageOfPage\":{\"@id\":\"https:\/\/www.playwrights.ca\/unite-des-jeunes-createurs-seance-dinformation\/#primaryimage\"},\"datePublished\":\"2018-10-01T19:45:46+00:00\",\"dateModified\":\"2018-10-09T13:13:01+00:00\",\"inLanguage\":\"fr-CA\",\"potentialAction\":[{\"@type\":\"ReadAction\",\"target\":[\"https:\/\/www.playwrights.ca\/unite-des-jeunes-createurs-seance-dinformation\/\"]}]}]}<\/script>\n<!-- \/ Yoast SEO plugin. -->","jetpack_sharing_enabled":true,"_links":{"self":[{"href":"https:\/\/www.playwrights.ca\/fr\/wp-json\/wp\/v2\/pages\/3051","targetHints":{"allow":["GET"]}}],"collection":[{"href":"https:\/\/www.playwrights.ca\/fr\/wp-json\/wp\/v2\/pages"}],"about":[{"href":"https:\/\/www.playwrights.ca\/fr\/wp-json\/wp\/v2\/types\/page"}],"author":[{"embeddable":true,"href":"https:\/\/www.playwrights.ca\/fr\/wp-json\/wp\/v2\/users\/13"}],"replies":[{"embeddable":true,"href":"https:\/\/www.playwrights.ca\/fr\/wp-json\/wp\/v2\/comments?post=3051"}],"version-history":[{"count":1,"href":"https:\/\/www.playwrights.ca\/fr\/wp-json\/wp\/v2\/pages\/3051\/revisions"}],"predecessor-version":[{"id":3053,"href":"https:\/\/www.playwrights.ca\/fr\/wp-json\/wp\/v2\/pages\/3051\/revisions\/3053"}],"wp:featuredmedia":[{"embeddable":true,"href":"https:\/\/www.playwrights.ca\/fr\/wp-json\/wp\/v2\/media\/3185"}],"wp:attachment":[{"href":"https:\/\/www.playwrights.ca\/fr\/wp-json\/wp\/v2\/media?parent=3051"}],"curies":[{"name":"wp","href":"https:\/\/api.w.org\/{rel}","templated":true}]}}