{"id":3251,"date":"2018-10-24T22:07:04","date_gmt":"2018-10-24T22:07:04","guid":{"rendered":"https:\/\/www.playwrights.ca\/?page_id=3251"},"modified":"2019-11-18T17:31:52","modified_gmt":"2019-11-18T22:31:52","slug":"mise-en-lecture-de-clean-slate","status":"publish","type":"page","link":"https:\/\/www.playwrights.ca\/fr\/mise-en-lecture-de-clean-slate\/","title":{"rendered":"Mise en lecture d&#8217;une nouvelle traduction le 9 novembre 2018 \u00e0 19h00"},"content":{"rendered":"<p>Rejoignez-nous pour une mise en lecture d&#8217;une nouvelle traduction : <span style=\"color: #2f0bc3;\"><em>Clean Slate<\/em><\/span> (<span style=\"color: #2f0bc3;\"><em>Table Rase, <\/em><\/span>repr\u00e9sentation\u00a0au Th\u00e9\u00e2tre Espace Libre lors de leur saison 2015-2016) de\u00a0<span style=\"color: #2f0bc3;\">Catherine Chabot e<span style=\"color: #000000;\">n collaboration avec<\/span>\u00a0Brigitte Poupart, Vicky Bertrand, Marie-Anick Blais, Rose-Anne D\u00e9ry, Sarah Laurendeau and\u00a0Marie-No\u00eblle Voisin.<\/span><\/p>\n<p>Traduction par\u00a0<span style=\"color: #2f0bc3;\">Jennie Herbin, <\/span>gagnante du concours de la Fondation Cole<br \/>\npour les traducteurs \u00e9mergents de PWM<\/p>\n<p>Dramaturge de traduction :\u00a0<span style=\"color: #2f0bc3;\">Maureen Labont\u00e9<\/span><\/p>\n<p>Dirig\u00e9e par <span style=\"color: #2f0bc3;\">Leslie Baker<\/span><\/p>\n<p>Avec\u00a0<span style=\"color: #2f0bc3;\">Stefanie Buxton, Cleopatra Boudreau, Gita Miller, Julie Trepanier, Rebecca Gibian, Anie Richer<\/span>, et\u00a0<span style=\"color: #2f0bc3;\">Brett Donahue<\/span><\/p>\n<p><span style=\"color: #2f0bc3;\">Date :<\/span>\u00a0vendredi le 9 novembre 2018<br \/>\n<span style=\"color: #2f0bc3;\">Heure :<\/span> 19h<br \/>\n<span style=\"color: #2f0bc3;\">Lieu :<\/span>\u00a0Studio PWM,\u00a07250 rue Clark, bureau 103, Montr<em>\u00e9<\/em>al, QC \u00a0H2R 2Y3<br \/>\nCette \u00e9v\u00e8nement est <span style=\"color: #2f0bc3;\">gratuit<\/span>. Les dons sont les bienvenus.<\/p>\n<p>Places limit\u00e9es.\u00a0<span style=\"color: #2f0bc3;\"><a style=\"color: #2f0bc3;\" href=\"https:\/\/docs.google.com\/forms\/d\/e\/1FAIpQLSfVy_8Z7U8-vi9Pm458hux-o_oXn-9x96QkCQpdWJih8QuiLQ\/viewform?usp=sf_link\">Cliquez ici pour confirmer votre pr\u00e9sence<\/a><\/span>.<\/p>\n<p><span style=\"color: #2f0bc3;\">Synopsis :<\/span><\/p>\n<p>Six jeunes femmes se r\u00e9unissent au chalet o\u00f9 elles ont pass\u00e9 leurs \u00e9t\u00e9s d&#8217;adolescentes : Elles boivent, elles rient, et s\u2019avouent les choses qu\u2019elles n\u2019ont jamais eu le courage de se dire. Dans un monde o\u00f9 les h\u00e9ros existent de moins en moins, ces femmes doivent s\u2019entre-aider et devenir leurs propres h\u00e9ro\u00efnes. Inspir\u00e9es par la d\u00e9cision incompr\u00e9hensible de leur amie, les filles font le pacte de laisser leurs probl\u00e8mes derri\u00e8re elles et d\u00e9cident de repartir \u00e0 z\u00e9ro. Dans toute l\u2019honn\u00eatet\u00e9 d\u2019une veill\u00e9e fun\u00e8bre, <em>Clean Slate<\/em> est un portrait authentique de la solidarit\u00e9 f\u00e9minine contemporaine.<\/p>\n<p><span style=\"color: #2f0bc3;\">Jennie Herbin :<\/span><\/p>\n<p>Jennie est fascin\u00e9e par le langage et la narration et leur capacit\u00e9 \u00e0 percer les fronti\u00e8res et \u00e0 fa\u00e7onner l&#8217;imagination collective. Native de la Nouvelle-\u00c9cosse, Jennie est dipl\u00f4m\u00e9e du programme de formation pr\u00e9professionnelle en th\u00e9\u00e2tre du Neptune Theatre \u00e0 Halifax. Son d\u00e9m\u00e9nagement \u00e0 Montr\u00e9al en 2011 a men\u00e9 \u00e0 des \u00e9tudes en litt\u00e9rature hispanique et en litt\u00e9rature fran\u00e7aise \u00e0 McGill, puis \u00e0 une ma\u00eetrise en traduction de l&#8217;Universit\u00e9 Concordia. Son exp\u00e9rience \u00e0 titre de cr\u00e9atrice et de traductrice de contenu num\u00e9rique couvre plusieurs domaines.<\/p>\n<p style=\"text-align: center;\"><span style=\"color: #2f0bc3;\">En partenariat avec<\/span><\/p>\n<p><img loading=\"lazy\" decoding=\"async\" class=\"wp-image-1110 size-medium aligncenter\" src=\"https:\/\/www.playwrights.ca\/wp-content\/uploads\/2017\/08\/Cole_Foundation_Logo_Couleur_CMYK-300x157.jpg\" alt=\"Cole Foundation Logo\" width=\"300\" height=\"157\" srcset=\"https:\/\/www.playwrights.ca\/wp-content\/uploads\/2017\/08\/Cole_Foundation_Logo_Couleur_CMYK-300x157.jpg 300w, https:\/\/www.playwrights.ca\/wp-content\/uploads\/2017\/08\/Cole_Foundation_Logo_Couleur_CMYK-768x402.jpg 768w, https:\/\/www.playwrights.ca\/wp-content\/uploads\/2017\/08\/Cole_Foundation_Logo_Couleur_CMYK-1024x536.jpg 1024w, https:\/\/www.playwrights.ca\/wp-content\/uploads\/2017\/08\/Cole_Foundation_Logo_Couleur_CMYK.jpg 1562w\" sizes=\"auto, (max-width: 300px) 100vw, 300px\" \/><\/p>\n<p style=\"text-align: center;\"><span style=\"color: #2f0bc3;\">En collaboration avec<\/span><\/p>\n<p style=\"text-align: center;\"><img loading=\"lazy\" decoding=\"async\" class=\"alignnone size-full wp-image-3258\" src=\"https:\/\/www.playwrights.ca\/wp-content\/uploads\/2018\/10\/talisman_logo.jpg\" alt=\"Talisman Theatre\" width=\"300\" height=\"100\" \/><\/p>","protected":false},"excerpt":{"rendered":"<p>Rejoignez-nous pour une mise en lecture d&#8217;une nouvelle traduction : Clean Slate (Table Rase, repr\u00e9sentation\u00a0au Th\u00e9\u00e2tre Espace Libre lors de leur saison 2015-2016) de\u00a0Catherine Chabot en collaboration avec\u00a0Brigitte Poupart, Vicky Bertrand, Marie-Anick Blais, Rose-Anne D\u00e9ry, Sarah Laurendeau and\u00a0Marie-No\u00eblle Voisin. Traduction par\u00a0Jennie Herbin, gagnante du concours de la Fondation Cole pour les traducteurs \u00e9mergents de PWM &hellip; <\/p>\n<p class=\"link-more\"><a href=\"https:\/\/www.playwrights.ca\/fr\/mise-en-lecture-de-clean-slate\/\" class=\"more-link\">Continuer la lecture<span class=\"screen-reader-text\"> de &laquo; Mise en lecture d&#8217;une nouvelle traduction le 9 novembre 2018 \u00e0 19h00 &raquo;<\/span><\/a><\/p>","protected":false},"author":13,"featured_media":3274,"parent":0,"menu_order":0,"comment_status":"closed","ping_status":"closed","template":"","meta":{"inline_featured_image":false,"ub_ctt_via":"","_exactmetrics_skip_tracking":false,"_exactmetrics_sitenote_active":false,"_exactmetrics_sitenote_note":"","_exactmetrics_sitenote_category":0,"footnotes":""},"class_list":["post-3251","page","type-page","status-publish","has-post-thumbnail","hentry"],"featured_image_src":"https:\/\/www.playwrights.ca\/wp-content\/uploads\/2018\/10\/FR_Clean-Slate_web_final.png","yoast_head":"<!-- This site is optimized with the Yoast SEO plugin v15.0 - https:\/\/yoast.com\/wordpress\/plugins\/seo\/ -->\n<title>Rejoignez-nous pour une lecture publique d&#039;une nouvelle traduction<\/title>\n<meta name=\"description\" content=\"Clean Slate (Table Rase) de\u00a0Catherine Chabot. Traduction par\u00a0Jennie Herbin, gagnante du concours de la Fondation Cole pour les traducteurs \u00e9mergents de PWM.\" \/>\n<meta name=\"robots\" content=\"index, follow, max-snippet:-1, max-image-preview:large, max-video-preview:-1\" \/>\n<link rel=\"canonical\" href=\"https:\/\/www.playwrights.ca\/fr\/mise-en-lecture-de-clean-slate\/\" \/>\n<meta property=\"og:locale\" content=\"fr_CA\" \/>\n<meta property=\"og:type\" content=\"article\" \/>\n<meta property=\"og:title\" content=\"Rejoignez-nous pour une lecture publique d&#039;une nouvelle traduction\" \/>\n<meta property=\"og:description\" content=\"Clean Slate (Table Rase) de\u00a0Catherine Chabot. Traduction par\u00a0Jennie Herbin, gagnante du concours de la Fondation Cole pour les traducteurs \u00e9mergents de PWM.\" \/>\n<meta property=\"og:url\" content=\"https:\/\/www.playwrights.ca\/fr\/mise-en-lecture-de-clean-slate\/\" \/>\n<meta property=\"og:site_name\" content=\"Playwrights&#039; Workshop Montr\u00e9al\" \/>\n<meta property=\"article:publisher\" content=\"https:\/\/www.facebook.com\/PlaywrightsWorkshopMontreal\/\" \/>\n<meta property=\"article:modified_time\" content=\"2019-11-18T22:31:52+00:00\" \/>\n<meta property=\"og:image\" content=\"https:\/\/www.playwrights.ca\/wp-content\/uploads\/2018\/10\/FR_Clean-Slate_web_final.png\" \/>\n\t<meta property=\"og:image:width\" content=\"900\" \/>\n\t<meta property=\"og:image:height\" content=\"500\" \/>\n<meta name=\"twitter:card\" content=\"summary\" \/>\n<meta name=\"twitter:creator\" content=\"@PWMontreal\" \/>\n<meta name=\"twitter:site\" content=\"@PWMontreal\" \/>\n<script type=\"application\/ld+json\" class=\"yoast-schema-graph\">{\"@context\":\"https:\/\/schema.org\",\"@graph\":[{\"@type\":\"WebSite\",\"@id\":\"https:\/\/www.playwrights.ca\/fr\/#website\",\"url\":\"https:\/\/www.playwrights.ca\/fr\/\",\"name\":\"Playwrights&#039; Workshop Montr\\u00e9al\",\"description\":\"Nationally-mandated theatre development centre\",\"potentialAction\":[{\"@type\":\"SearchAction\",\"target\":\"https:\/\/www.playwrights.ca\/fr\/?s={search_term_string}\",\"query-input\":\"required name=search_term_string\"}],\"inLanguage\":\"fr-CA\"},{\"@type\":\"ImageObject\",\"@id\":\"https:\/\/www.playwrights.ca\/fr\/mise-en-lecture-de-clean-slate\/#primaryimage\",\"inLanguage\":\"fr-CA\",\"url\":\"https:\/\/www.playwrights.ca\/wp-content\/uploads\/2018\/10\/FR_Clean-Slate_web_final.png\",\"width\":900,\"height\":500,\"caption\":\"Clean Slate\"},{\"@type\":\"WebPage\",\"@id\":\"https:\/\/www.playwrights.ca\/fr\/mise-en-lecture-de-clean-slate\/#webpage\",\"url\":\"https:\/\/www.playwrights.ca\/fr\/mise-en-lecture-de-clean-slate\/\",\"name\":\"Rejoignez-nous pour une lecture publique d'une nouvelle traduction\",\"isPartOf\":{\"@id\":\"https:\/\/www.playwrights.ca\/fr\/#website\"},\"primaryImageOfPage\":{\"@id\":\"https:\/\/www.playwrights.ca\/fr\/mise-en-lecture-de-clean-slate\/#primaryimage\"},\"datePublished\":\"2018-10-24T22:07:04+00:00\",\"dateModified\":\"2019-11-18T22:31:52+00:00\",\"description\":\"Clean Slate (Table Rase) de\\u00a0Catherine Chabot. Traduction par\\u00a0Jennie Herbin, gagnante du concours de la Fondation Cole pour les traducteurs \\u00e9mergents de PWM.\",\"inLanguage\":\"fr-CA\",\"potentialAction\":[{\"@type\":\"ReadAction\",\"target\":[\"https:\/\/www.playwrights.ca\/fr\/mise-en-lecture-de-clean-slate\/\"]}]}]}<\/script>\n<!-- \/ Yoast SEO plugin. -->","jetpack_sharing_enabled":true,"_links":{"self":[{"href":"https:\/\/www.playwrights.ca\/fr\/wp-json\/wp\/v2\/pages\/3251","targetHints":{"allow":["GET"]}}],"collection":[{"href":"https:\/\/www.playwrights.ca\/fr\/wp-json\/wp\/v2\/pages"}],"about":[{"href":"https:\/\/www.playwrights.ca\/fr\/wp-json\/wp\/v2\/types\/page"}],"author":[{"embeddable":true,"href":"https:\/\/www.playwrights.ca\/fr\/wp-json\/wp\/v2\/users\/13"}],"replies":[{"embeddable":true,"href":"https:\/\/www.playwrights.ca\/fr\/wp-json\/wp\/v2\/comments?post=3251"}],"version-history":[{"count":26,"href":"https:\/\/www.playwrights.ca\/fr\/wp-json\/wp\/v2\/pages\/3251\/revisions"}],"predecessor-version":[{"id":6796,"href":"https:\/\/www.playwrights.ca\/fr\/wp-json\/wp\/v2\/pages\/3251\/revisions\/6796"}],"wp:featuredmedia":[{"embeddable":true,"href":"https:\/\/www.playwrights.ca\/fr\/wp-json\/wp\/v2\/media\/3274"}],"wp:attachment":[{"href":"https:\/\/www.playwrights.ca\/fr\/wp-json\/wp\/v2\/media?parent=3251"}],"curies":[{"name":"wp","href":"https:\/\/api.w.org\/{rel}","templated":true}]}}