{"id":3282,"date":"2018-12-12T15:09:41","date_gmt":"2018-12-12T15:09:41","guid":{"rendered":"https:\/\/www.playwrights.ca\/?page_id=3282"},"modified":"2019-11-18T17:29:43","modified_gmt":"2019-11-18T22:29:43","slug":"laboratoire-de-dramaturgie-interdisciplinaire","status":"publish","type":"page","link":"https:\/\/www.playwrights.ca\/fr\/laboratoire-de-dramaturgie-interdisciplinaire\/","title":{"rendered":"Laboratoire de dramaturgie interdisciplinaire"},"content":{"rendered":"<p><span style=\"color: #333333;\"><b>Dates\u00a0: <\/b>4 au 8 f\u00e9vrier 2019<span id=\"more-2398\"><\/span>\u00a0<\/span><br \/>\n<span style=\"color: #333333;\"><b>Heure :\u00a0<\/b>9 h 30 \u00e0 13 h 30 (lun.-ven.)<\/span><br \/>\n<span style=\"color: #333333;\"><strong>Lieu :\u00a0<\/strong>Studio 303 (372 Ste-Catherine Ouest, Montr\u00e9al, QC)<\/span><br \/>\n<span style=\"color: #333333;\"><strong>Frais :<\/strong> 80 $<\/span><\/p>\n<p><span style=\"color: #333333;\"><b><\/b><b>Ouvert aux cr\u00e9ateur-rices, auteur-es, conseileirs dramaturgiques, dramaturges et chor\u00e9graphes de toutes disciplines \/ Professeures bilingues.<\/b><\/span><\/p>\n<p><span style=\"color: #333333;\"><strong>Directives d\u2019inscription\u00a0:\u00a0<\/strong>Pour s\u2019inscrire \u00e0 cet atelier, veuillez soumettre une bio, un CV et un court texte (1 ou 2 paragraphes) expliquant votre int\u00e9r\u00eat pour ce sujet ou comment la dramaturgie est li\u00e9e \u00e0 votre pratique ainsi que vos attentes pour cette formation. Les demandes d\u2019inscription doivent \u00eatre envoy\u00e9es \u00e0\u00a0<a style=\"color: #333333;\" href=\"mailto:emma@playwrights.ca\">emma@playwrights.ca<\/a>\u00a0et\u00a0<a style=\"color: #333333;\" href=\"mailto:harris@playwrights.ca\">harris@playwrights.ca<\/a><\/span><\/p>\n<p><span style=\"color: #333333;\"><strong>Objet\u00a0:\u00a0<\/strong>Laboratoire de dramaturgie interdisciplinaire<\/span><br \/>\n<span style=\"color: #333333;\"><strong>Date limite d\u2019inscription :<\/strong>\u00a0le 21 janvier 2019<\/span><\/p>\n<p><span style=\"color: #333333;\">Un laboratoire rassemblant des dramaturges de diff\u00e9rentes disciplines ayant comme objectif d\u2019\u00e9changer sur les meilleures pratiques et les aspects fondamentaux de chaque discipline des arts de la sc\u00e8ne. Il n\u2019existe aucune formation officielle de dramaturgie, les comp\u00e9tences sont d\u00e9velopp\u00e9es par les individus par l\u2019exp\u00e9rience et la pratique. Cette formation sera guid\u00e9e par\u00a0Kathey Casey\u00a0(<strong>danse<\/strong>),\u00a0Dana Dugan\u00a0(<strong>cirque<\/strong>) et\u00a0Sarah Elkashef\u00a0(<strong>th\u00e9\u00e2tre<\/strong>) souhaite cr\u00e9er un espace d\u2019\u00e9change autour des outils et des d\u00e9fis des dramaturges dans une perspective interdisciplinaire. Cette formation est une opportunit\u00e9 de reconna\u00eetre la dramaturgie comme une forme d\u2019art en soi.<\/span><\/p>\n<p><span style=\"color: #333333;\"><strong>Biographies des formatrices\u00a0:<\/strong><\/span><\/p>\n<p><span style=\"color: #333333;\">N\u00e9e \u00e0 Caroline du Nord,\u00a0<b>Kathy Casey<\/b>\u00a0a d\u00e9but\u00e9 sa carri\u00e8re en danse en 1979 au sein de la Chicago Moving Company. Install\u00e9e \u00e0 New York en 1980, elle a dans\u00e9 pour plusieurs chor\u00e9graphes avant de joindre le Lar Lubovitch Dance Company en 1984. En 1989 elle devient membre du Susan Marshall &amp; Comany, avec qui elle collabore depuis 1981. De 1985-1989 elle assiste \u00e9galement M. Lubovitch et Mme Marshall en cr\u00e9ation. Kathy Casey a dans\u00e9 en Europe, en Asie, en Am\u00e9rique du Nord et elle continue de donner de nombreux ateliers au travers du Canada et des \u00c9tats-Unis. Accueillie par Montr\u00e9al Danse en 199, elle est nomm\u00e9e directrice artistique de la compagnie en 1996. Maintenant, une partie majeure de son travail est de collaborer avec des chor\u00e9graphes et des dramaturges des \u0153uvres cr\u00e9\u00e9es pour la compagnie. En plus de son travail avec Montr\u00e9al Danse, elle travaille aussi comme conseill\u00e8re artistique avec des chor\u00e9graphes ind\u00e9pendants.<\/span><\/p>\n<p><span style=\"color: #333333;\"><b>Dana Dugan<\/b>\u00a0est une artiste de cirque, interpr\u00e8te, p\u00e9dagogue et intellectuelle am\u00e9ricaine bas\u00e9e \u00e0 Montr\u00e9al. Elle est membre fondatrice et a \u00e9t\u00e9 programmatrice, charg\u00e9e de projet et productrice du Chicago Contemporary Circus Festival et de CirqueOFF. Dana a r\u00e9cemment compl\u00e9t\u00e9 sa ma\u00eetrise \u00e0 l\u2019universit\u00e9 Concordia aupr\u00e8s d\u2019un groupe de recherche s\u2019int\u00e9ressant au corps circassien et la connaissance qu\u2019il inclut et incarne. Elle continue ses explorations de recherche et performance du corps circassien et les r\u00e9cits sp\u00e9culatifs de la performance en tant que candidate au PhD \u00e0 Concordia \u00e0 l\u2019automne 2018. Le travail de Dana refl\u00e8te une intention de d\u00e9fendre des performances pr\u00e9occup\u00e9es par les enjeux sociaux et les discours alternatifs, queer, f\u00e9ministes et politiques cultivant le pouvoir sur la sc\u00e8ne du cirque.<\/span><\/p>\n<p><span style=\"color: #333333;\"><b>Sarah Elkashef\u00a0<\/b>est une artiste de th\u00e9\u00e2tre, avant tout dramaturge, qui travail dans le d\u00e9veloppement et la cr\u00e9ation interdisciplinaire de nouvelles pi\u00e8ces. Elle enseigne des ateliers de laboratoire d\u2019\u00e9criture interdisciplinaire avec Playwrights\u2019 Workshop Montr\u00e9al et travaille aussi sur d\u2019autres projets pour l\u2019organisme. Elle travaille r\u00e9guli\u00e8rement \u00e0 l\u2019\u00c9cole Nationale de Th\u00e9\u00e2tre du Canada en tant que dramaturge, cr\u00e9atrice et enseignante et en 2016 elle a re\u00e7u le prix Bernard Amyot pour son enseignement \u00e0 l\u2019\u00e9cole. Sarah a r\u00e9cemment co-cr\u00e9er le spectacle de cirque\u00a0<i>Eat Sweet Feet\u00a0<\/i>et continue \u00e0 travailler sur une installation et performance immersive,\u00a0<i>High Z,\u00a0<\/i>pour les plan\u00e9tariums, bas\u00e9 sur la d\u00e9couverte de l\u2019acc\u00e9l\u00e9ration de l\u2019expansion de l\u2019univers qui a re\u00e7u le prix nobel en 2011. Avant de s\u2019installer au Canada elle a \u00e9t\u00e9\u00a0<i>Senior Reader<\/i>\u00a0au th\u00e9\u00e2tre Soho \u00e0 Londres, R.U.. Sarah a aussi \u00e9t\u00e9 productrice associ\u00e9e, gestionnaire de compagnie, \u00a0associ\u00e9e litt\u00e9raire et plus encore \u00e0 New York. Elle a obtenu un dipl\u00f4me \u00e0 l\u2019Universit\u00e9 Warwick en litt\u00e9rature anglaise et th\u00e9\u00e2tre et d\u00e9tient une ma\u00eetrise en th\u00e9\u00e2tre du Hunter College (CUNY, NYC) et un dipl\u00f4me en communications de l\u2019universit\u00e9 de Concordia.<\/span><\/p>\n<p style=\"text-align: center;\"><span style=\"color: #333333;\"><strong>Pr\u00e9sent\u00e9 en collaboration avec le Studio 303<\/strong><\/span><\/p>\n<p style=\"text-align: center;\"><span style=\"color: #333333;\"><img loading=\"lazy\" decoding=\"async\" class=\"alignnone size-full wp-image-3645\" src=\"https:\/\/www.playwrights.ca\/wp-content\/uploads\/2018\/12\/Studio_303.jpg\" alt=\"\" width=\"288\" height=\"141\" \/><\/span><\/p>\n<p style=\"text-align: center;\"><span style=\"color: #333333;\"><strong>Cette formation\u00a0est\u00a0rendue possible\u00a0gr\u00e2ce \u00e0 la participation financi\u00e8re de :<\/strong><\/span><\/p>\n<p style=\"text-align: center;\"><img loading=\"lazy\" decoding=\"async\" class=\"alignnone wp-image-4053 size-full\" src=\"https:\/\/www.playwrights.ca\/wp-content\/uploads\/2018\/12\/Emploi-Que\u0301bec-and-Compe\u0301tence-Culture-Logos_web.png\" alt=\"Emploi-Que\u0301bec and Compe\u0301tence Culture Logos\" width=\"700\" height=\"150\" \/><\/p>","protected":false},"excerpt":{"rendered":"<p>Dates\u00a0: 4 au 8 f\u00e9vrier 2019\u00a0 Heure :\u00a09 h 30 \u00e0 13 h 30 (lun.-ven.) Lieu :\u00a0Studio 303 (372 Ste-Catherine Ouest, Montr\u00e9al, QC) Frais : 80 $ Ouvert aux cr\u00e9ateur-rices, auteur-es, conseileirs dramaturgiques, dramaturges et chor\u00e9graphes de toutes disciplines \/ Professeures bilingues. Directives d\u2019inscription\u00a0:\u00a0Pour s\u2019inscrire \u00e0 cet atelier, veuillez soumettre une bio, un CV et &hellip; <\/p>\n<p class=\"link-more\"><a href=\"https:\/\/www.playwrights.ca\/fr\/laboratoire-de-dramaturgie-interdisciplinaire\/\" class=\"more-link\">Continuer la lecture<span class=\"screen-reader-text\"> de &laquo; Laboratoire de dramaturgie interdisciplinaire &raquo;<\/span><\/a><\/p>","protected":false},"author":13,"featured_media":3847,"parent":0,"menu_order":0,"comment_status":"closed","ping_status":"closed","template":"","meta":{"inline_featured_image":false,"ub_ctt_via":"","_exactmetrics_skip_tracking":false,"_exactmetrics_sitenote_active":false,"_exactmetrics_sitenote_note":"","_exactmetrics_sitenote_category":0,"footnotes":""},"class_list":["post-3282","page","type-page","status-publish","has-post-thumbnail","hentry"],"featured_image_src":"https:\/\/www.playwrights.ca\/wp-content\/uploads\/2018\/12\/FRENCH-Interdisciplinary-Dramaturgy-Lab-WEB.png","yoast_head":"<!-- This site is optimized with the Yoast SEO plugin v15.0 - https:\/\/yoast.com\/wordpress\/plugins\/seo\/ -->\n<title>Laboratoire de dramaturgie interdisciplinaire - Playwrights&#039; Workshop Montr\u00e9al<\/title>\n<meta name=\"robots\" content=\"index, follow, max-snippet:-1, max-image-preview:large, max-video-preview:-1\" \/>\n<link rel=\"canonical\" href=\"https:\/\/www.playwrights.ca\/fr\/laboratoire-de-dramaturgie-interdisciplinaire\/\" \/>\n<meta property=\"og:locale\" content=\"fr_CA\" \/>\n<meta property=\"og:type\" content=\"article\" \/>\n<meta property=\"og:title\" content=\"Laboratoire de dramaturgie interdisciplinaire - Playwrights&#039; Workshop Montr\u00e9al\" \/>\n<meta property=\"og:description\" content=\"Dates\u00a0: 4 au 8 f\u00e9vrier 2019\u00a0 Heure :\u00a09 h 30 \u00e0 13 h 30 (lun.-ven.) Lieu :\u00a0Studio 303 (372 Ste-Catherine Ouest, Montr\u00e9al, QC) Frais : 80 $ Ouvert aux cr\u00e9ateur-rices, auteur-es, conseileirs dramaturgiques, dramaturges et chor\u00e9graphes de toutes disciplines \/ Professeures bilingues. Directives d\u2019inscription\u00a0:\u00a0Pour s\u2019inscrire \u00e0 cet atelier, veuillez soumettre une bio, un CV et &hellip; Continuer la lecture de &laquo; Laboratoire de dramaturgie interdisciplinaire &raquo;\" \/>\n<meta property=\"og:url\" content=\"https:\/\/www.playwrights.ca\/fr\/laboratoire-de-dramaturgie-interdisciplinaire\/\" \/>\n<meta property=\"og:site_name\" content=\"Playwrights&#039; Workshop Montr\u00e9al\" \/>\n<meta property=\"article:publisher\" content=\"https:\/\/www.facebook.com\/PlaywrightsWorkshopMontreal\/\" \/>\n<meta property=\"article:modified_time\" content=\"2019-11-18T22:29:43+00:00\" \/>\n<meta property=\"og:image\" content=\"https:\/\/www.playwrights.ca\/wp-content\/uploads\/2018\/12\/FRENCH-Interdisciplinary-Dramaturgy-Lab-WEB.png\" \/>\n\t<meta property=\"og:image:width\" content=\"900\" \/>\n\t<meta property=\"og:image:height\" content=\"500\" \/>\n<meta name=\"twitter:card\" content=\"summary\" \/>\n<meta name=\"twitter:creator\" content=\"@PWMontreal\" \/>\n<meta name=\"twitter:site\" content=\"@PWMontreal\" \/>\n<script type=\"application\/ld+json\" class=\"yoast-schema-graph\">{\"@context\":\"https:\/\/schema.org\",\"@graph\":[{\"@type\":\"WebSite\",\"@id\":\"https:\/\/www.playwrights.ca\/fr\/#website\",\"url\":\"https:\/\/www.playwrights.ca\/fr\/\",\"name\":\"Playwrights&#039; Workshop Montr\\u00e9al\",\"description\":\"Nationally-mandated theatre development centre\",\"potentialAction\":[{\"@type\":\"SearchAction\",\"target\":\"https:\/\/www.playwrights.ca\/fr\/?s={search_term_string}\",\"query-input\":\"required name=search_term_string\"}],\"inLanguage\":\"fr-CA\"},{\"@type\":\"ImageObject\",\"@id\":\"https:\/\/www.playwrights.ca\/laboratoire-de-dramaturgie-interdisciplinaire\/#primaryimage\",\"inLanguage\":\"fr-CA\",\"url\":\"https:\/\/www.playwrights.ca\/wp-content\/uploads\/2018\/12\/FRENCH-Interdisciplinary-Dramaturgy-Lab-WEB.png\",\"width\":900,\"height\":500,\"caption\":\"Laboratoire de dramaturgie interdisciplinaire\"},{\"@type\":\"WebPage\",\"@id\":\"https:\/\/www.playwrights.ca\/laboratoire-de-dramaturgie-interdisciplinaire\/#webpage\",\"url\":\"https:\/\/www.playwrights.ca\/laboratoire-de-dramaturgie-interdisciplinaire\/\",\"name\":\"Laboratoire de dramaturgie interdisciplinaire - Playwrights&#039; Workshop Montr\\u00e9al\",\"isPartOf\":{\"@id\":\"https:\/\/www.playwrights.ca\/fr\/#website\"},\"primaryImageOfPage\":{\"@id\":\"https:\/\/www.playwrights.ca\/laboratoire-de-dramaturgie-interdisciplinaire\/#primaryimage\"},\"datePublished\":\"2018-12-12T15:09:41+00:00\",\"dateModified\":\"2019-11-18T22:29:43+00:00\",\"inLanguage\":\"fr-CA\",\"potentialAction\":[{\"@type\":\"ReadAction\",\"target\":[\"https:\/\/www.playwrights.ca\/laboratoire-de-dramaturgie-interdisciplinaire\/\"]}]}]}<\/script>\n<!-- \/ Yoast SEO plugin. -->","jetpack_sharing_enabled":true,"_links":{"self":[{"href":"https:\/\/www.playwrights.ca\/fr\/wp-json\/wp\/v2\/pages\/3282","targetHints":{"allow":["GET"]}}],"collection":[{"href":"https:\/\/www.playwrights.ca\/fr\/wp-json\/wp\/v2\/pages"}],"about":[{"href":"https:\/\/www.playwrights.ca\/fr\/wp-json\/wp\/v2\/types\/page"}],"author":[{"embeddable":true,"href":"https:\/\/www.playwrights.ca\/fr\/wp-json\/wp\/v2\/users\/13"}],"replies":[{"embeddable":true,"href":"https:\/\/www.playwrights.ca\/fr\/wp-json\/wp\/v2\/comments?post=3282"}],"version-history":[{"count":16,"href":"https:\/\/www.playwrights.ca\/fr\/wp-json\/wp\/v2\/pages\/3282\/revisions"}],"predecessor-version":[{"id":6789,"href":"https:\/\/www.playwrights.ca\/fr\/wp-json\/wp\/v2\/pages\/3282\/revisions\/6789"}],"wp:featuredmedia":[{"embeddable":true,"href":"https:\/\/www.playwrights.ca\/fr\/wp-json\/wp\/v2\/media\/3847"}],"wp:attachment":[{"href":"https:\/\/www.playwrights.ca\/fr\/wp-json\/wp\/v2\/media?parent=3282"}],"curies":[{"name":"wp","href":"https:\/\/api.w.org\/{rel}","templated":true}]}}