{"id":3340,"date":"2018-11-05T15:20:38","date_gmt":"2018-11-05T15:20:38","guid":{"rendered":"https:\/\/www.playwrights.ca\/?page_id=3340"},"modified":"2019-11-18T13:40:15","modified_gmt":"2019-11-18T18:40:15","slug":"assistez-a-la-mise-en-lecture-dune-nouvelle-piece-de-theatre","status":"publish","type":"page","link":"https:\/\/www.playwrights.ca\/fr\/assistez-a-la-mise-en-lecture-dune-nouvelle-piece-de-theatre\/","title":{"rendered":"Assistez \u00e0 la mise en lecture d&#8217;une nouvelle pi\u00e8ce de th\u00e9\u00e2tre"},"content":{"rendered":"<p><span style=\"color: #2f0bc3;\"><strong><em>I Am Byron<\/em><\/strong><\/span><br \/>\n<strong><span style=\"color: #333333;\">de\u00a0Don Druick<\/span><\/strong><\/p>\n<p><span style=\"color: #333333;\">Dirig\u00e9 par\u00a0Jesse Stong<\/span><\/p>\n<p><span style=\"color: #333333;\"><strong>Date :<\/strong> vendredi le 16 novembre 2018<\/span><br \/>\n<span style=\"color: #333333;\"><strong>Heure :<\/strong> 19h<\/span><br \/>\n<span style=\"color: #333333;\"><strong>Lieu :<\/strong> PWM (7250 Clark Street, bureau 103, Montr<em>\u00e9<\/em>al, QC \u00a0H2R 2Y3)<\/span><br \/>\n<span style=\"color: #333333;\">Places limit\u00e9es. <a style=\"color: #333333;\" href=\"https:\/\/docs.google.com\/forms\/d\/e\/1FAIpQLScFR0tTxMK4uGbgfIB-LjPakR7EKdbIpbHLChf2WgLTWx5zeA\/viewform\">Cliquez ici pour confirmer votre pr\u00e9sence<\/a>.<\/span><br \/>\n<span style=\"color: #333333;\"><em>Cette \u00e9v\u00e8nement est\u00a0gratuit. Les dons sont les bienvenus.<\/em><\/span><\/p>\n<p><strong><span style=\"color: #333333;\">Au sujet de la pi\u00e8ce :<\/span><\/strong><\/p>\n<p><span style=\"color: #333333;\">Situer Byron &#8211; un narcissique, une c\u00e9l\u00e9brit\u00e9 d\u00e9sesp\u00e9r\u00e9e, dans un \u00e9tat de vertige au cr\u00e9puscule de sa vingtaine qui lui \u00e9chappe rapidement. Situer Byron &#8211; un esprit au bord du gouffre, embourb\u00e9 dans la peur et la confusion.<\/span><\/p>\n<p><span style=\"color: #333333;\">L&#8217;effort, l&#8217;ambition, le d\u00e9sir sont au c\u0153ur de notre sens de nous-m\u00eames ; c&#8217;est ce que nous croyons que nous pouvons faire &#8211; pour le meilleur ou pour le pire &#8211; pour r\u00e9aliser, pour renforcer nos vies. Pour am\u00e9liorer notre vie, pour la rendre plus productive et, oui, plus heureuse. Assurer notre position dans le monde alors que nous devons constamment faire face \u00e0 la figure d\u00e9sagr\u00e9able d&#8217;un univers sombre. La m\u00e9lancolie de la condition humaine.<\/span><\/p>\n<p><span style=\"color: #333333;\">L&#8217;\u00e9chec de Byron \u00e0 \u00eatre autre que ce qu&#8217;il souhaiterait ; en chemin vers un avenir qu&#8217;il n&#8217;a pas envie de vivre, mais qu&#8217;il doit vivre. C&#8217;est le c\u0153ur de ma pi\u00e8ce, sa trag\u00e9die : le regret de Byron, le soulagement de Byron. Et comme tout type de trag\u00e9die, ma pi\u00e8ce se termine mal pour Byron.<\/span><\/p>\n<p><strong><span style=\"color: #333333;\">Don Druick :<\/span><\/strong><\/p>\n<p><span style=\"color: #333333;\">\u2013 montr\u00e9alais \u2013 dramaturge, traducteur et librettiste prim\u00e9 \u2013 musicien baroque \u2013 jardinier et chef cuisinier<\/span><\/p>\n<p><span style=\"color: #333333;\">Au cours de la carri\u00e8re de 50 ans de Don Druick, ses pi\u00e8ces ont \u00e9t\u00e9 produites pour la sc\u00e8ne, \u00e0 la radio et \u00e0 la t\u00e9l\u00e9vision au Canada, en Europe, au Japon et aux \u00c9tats-Unis.<\/span><\/p>\n<p><span style=\"color: #333333;\">Don demeure \u00e0 Elmira, une petite ville agricole mennonite pr\u00e8s de Waterloo en Ontario, avec l&#8217;artiste Jane Buyers.<\/span><\/p>","protected":false},"excerpt":{"rendered":"<p>I Am Byron de\u00a0Don Druick Dirig\u00e9 par\u00a0Jesse Stong Date : vendredi le 16 novembre 2018 Heure : 19h Lieu : PWM (7250 Clark Street, bureau 103, Montr\u00e9al, QC \u00a0H2R 2Y3) Places limit\u00e9es. Cliquez ici pour confirmer votre pr\u00e9sence. Cette \u00e9v\u00e8nement est\u00a0gratuit. Les dons sont les bienvenus. Au sujet de la pi\u00e8ce : Situer Byron &#8211; &hellip; <\/p>\n<p class=\"link-more\"><a href=\"https:\/\/www.playwrights.ca\/fr\/assistez-a-la-mise-en-lecture-dune-nouvelle-piece-de-theatre\/\" class=\"more-link\">Continuer la lecture<span class=\"screen-reader-text\"> de &laquo; Assistez \u00e0 la mise en lecture d&#8217;une nouvelle pi\u00e8ce de th\u00e9\u00e2tre &raquo;<\/span><\/a><\/p>","protected":false},"author":13,"featured_media":3344,"parent":0,"menu_order":0,"comment_status":"closed","ping_status":"closed","template":"","meta":{"inline_featured_image":false,"ub_ctt_via":"","_exactmetrics_skip_tracking":false,"_exactmetrics_sitenote_active":false,"_exactmetrics_sitenote_note":"","_exactmetrics_sitenote_category":0,"footnotes":""},"class_list":["post-3340","page","type-page","status-publish","has-post-thumbnail","hentry"],"featured_image_src":"https:\/\/www.playwrights.ca\/wp-content\/uploads\/2018\/11\/FR_I-am-Byron_web.png","yoast_head":"<!-- This site is optimized with the Yoast SEO plugin v15.0 - https:\/\/yoast.com\/wordpress\/plugins\/seo\/ -->\n<title>Assistez \u00e0 la mise en lecture d&#039;une nouvelle pi\u00e8ce de th\u00e9\u00e2tre - Playwrights&#039; Workshop Montr\u00e9al<\/title>\n<meta name=\"robots\" content=\"index, follow, max-snippet:-1, max-image-preview:large, max-video-preview:-1\" \/>\n<link rel=\"canonical\" href=\"https:\/\/www.playwrights.ca\/fr\/assistez-a-la-mise-en-lecture-dune-nouvelle-piece-de-theatre\/\" \/>\n<meta property=\"og:locale\" content=\"fr_CA\" \/>\n<meta property=\"og:type\" content=\"article\" \/>\n<meta property=\"og:title\" content=\"Assistez \u00e0 la mise en lecture d&#039;une nouvelle pi\u00e8ce de th\u00e9\u00e2tre - Playwrights&#039; Workshop Montr\u00e9al\" \/>\n<meta property=\"og:description\" content=\"I Am Byron de\u00a0Don Druick Dirig\u00e9 par\u00a0Jesse Stong Date : vendredi le 16 novembre 2018 Heure : 19h Lieu : PWM (7250 Clark Street, bureau 103, Montr\u00e9al, QC \u00a0H2R 2Y3) Places limit\u00e9es. Cliquez ici pour confirmer votre pr\u00e9sence. Cette \u00e9v\u00e8nement est\u00a0gratuit. Les dons sont les bienvenus. Au sujet de la pi\u00e8ce : Situer Byron &#8211; &hellip; Continuer la lecture de &laquo; Assistez \u00e0 la mise en lecture d&#8217;une nouvelle pi\u00e8ce de th\u00e9\u00e2tre &raquo;\" \/>\n<meta property=\"og:url\" content=\"https:\/\/www.playwrights.ca\/fr\/assistez-a-la-mise-en-lecture-dune-nouvelle-piece-de-theatre\/\" \/>\n<meta property=\"og:site_name\" content=\"Playwrights&#039; Workshop Montr\u00e9al\" \/>\n<meta property=\"article:publisher\" content=\"https:\/\/www.facebook.com\/PlaywrightsWorkshopMontreal\/\" \/>\n<meta property=\"article:modified_time\" content=\"2019-11-18T18:40:15+00:00\" \/>\n<meta property=\"og:image\" content=\"https:\/\/www.playwrights.ca\/wp-content\/uploads\/2018\/11\/FR_I-am-Byron_web.png\" \/>\n\t<meta property=\"og:image:width\" content=\"900\" \/>\n\t<meta property=\"og:image:height\" content=\"500\" \/>\n<meta name=\"twitter:card\" content=\"summary\" \/>\n<meta name=\"twitter:creator\" content=\"@PWMontreal\" \/>\n<meta name=\"twitter:site\" content=\"@PWMontreal\" \/>\n<script type=\"application\/ld+json\" class=\"yoast-schema-graph\">{\"@context\":\"https:\/\/schema.org\",\"@graph\":[{\"@type\":\"WebSite\",\"@id\":\"https:\/\/www.playwrights.ca\/fr\/#website\",\"url\":\"https:\/\/www.playwrights.ca\/fr\/\",\"name\":\"Playwrights&#039; Workshop Montr\\u00e9al\",\"description\":\"Nationally-mandated theatre development centre\",\"potentialAction\":[{\"@type\":\"SearchAction\",\"target\":\"https:\/\/www.playwrights.ca\/fr\/?s={search_term_string}\",\"query-input\":\"required name=search_term_string\"}],\"inLanguage\":\"fr-CA\"},{\"@type\":\"ImageObject\",\"@id\":\"https:\/\/www.playwrights.ca\/assistez-a-la-mise-en-lecture-dune-nouvelle-piece-de-theatre\/#primaryimage\",\"inLanguage\":\"fr-CA\",\"url\":\"https:\/\/www.playwrights.ca\/wp-content\/uploads\/2018\/11\/FR_I-am-Byron_web.png\",\"width\":900,\"height\":500,\"caption\":\"I Am Bryon\"},{\"@type\":\"WebPage\",\"@id\":\"https:\/\/www.playwrights.ca\/assistez-a-la-mise-en-lecture-dune-nouvelle-piece-de-theatre\/#webpage\",\"url\":\"https:\/\/www.playwrights.ca\/assistez-a-la-mise-en-lecture-dune-nouvelle-piece-de-theatre\/\",\"name\":\"Assistez \\u00e0 la mise en lecture d'une nouvelle pi\\u00e8ce de th\\u00e9\\u00e2tre - Playwrights&#039; Workshop Montr\\u00e9al\",\"isPartOf\":{\"@id\":\"https:\/\/www.playwrights.ca\/fr\/#website\"},\"primaryImageOfPage\":{\"@id\":\"https:\/\/www.playwrights.ca\/assistez-a-la-mise-en-lecture-dune-nouvelle-piece-de-theatre\/#primaryimage\"},\"datePublished\":\"2018-11-05T15:20:38+00:00\",\"dateModified\":\"2019-11-18T18:40:15+00:00\",\"inLanguage\":\"fr-CA\",\"potentialAction\":[{\"@type\":\"ReadAction\",\"target\":[\"https:\/\/www.playwrights.ca\/assistez-a-la-mise-en-lecture-dune-nouvelle-piece-de-theatre\/\"]}]}]}<\/script>\n<!-- \/ Yoast SEO plugin. -->","jetpack_sharing_enabled":true,"_links":{"self":[{"href":"https:\/\/www.playwrights.ca\/fr\/wp-json\/wp\/v2\/pages\/3340","targetHints":{"allow":["GET"]}}],"collection":[{"href":"https:\/\/www.playwrights.ca\/fr\/wp-json\/wp\/v2\/pages"}],"about":[{"href":"https:\/\/www.playwrights.ca\/fr\/wp-json\/wp\/v2\/types\/page"}],"author":[{"embeddable":true,"href":"https:\/\/www.playwrights.ca\/fr\/wp-json\/wp\/v2\/users\/13"}],"replies":[{"embeddable":true,"href":"https:\/\/www.playwrights.ca\/fr\/wp-json\/wp\/v2\/comments?post=3340"}],"version-history":[{"count":5,"href":"https:\/\/www.playwrights.ca\/fr\/wp-json\/wp\/v2\/pages\/3340\/revisions"}],"predecessor-version":[{"id":6768,"href":"https:\/\/www.playwrights.ca\/fr\/wp-json\/wp\/v2\/pages\/3340\/revisions\/6768"}],"wp:featuredmedia":[{"embeddable":true,"href":"https:\/\/www.playwrights.ca\/fr\/wp-json\/wp\/v2\/media\/3344"}],"wp:attachment":[{"href":"https:\/\/www.playwrights.ca\/fr\/wp-json\/wp\/v2\/media?parent=3340"}],"curies":[{"name":"wp","href":"https:\/\/api.w.org\/{rel}","templated":true}]}}