{"id":3407,"date":"2018-11-15T20:37:12","date_gmt":"2018-11-15T20:37:12","guid":{"rendered":"https:\/\/www.playwrights.ca\/?page_id=3407"},"modified":"2019-11-18T17:31:39","modified_gmt":"2019-11-18T22:31:39","slug":"mise-en-lecture-dune-nouvelle-traduction-le-14-novembre-2018-a-19h00","status":"publish","type":"page","link":"https:\/\/www.playwrights.ca\/fr\/mise-en-lecture-dune-nouvelle-traduction-le-14-novembre-2018-a-19h00\/","title":{"rendered":"Mise en lecture d&#8217;une nouvelle traduction le 23 novembre 2018 \u00e0 19h00"},"content":{"rendered":"<p><span style=\"color: #333333;\">Rejoignez-nous pour une mise en lecture d&#8217;une nouvelle traduction :<\/span><\/p>\n<p><span style=\"color: #2f0bc3;\"><strong><em>Wildfire<\/em><\/strong><\/span><br \/>\n<span style=\"color: #333333;\">(<em>Le Brasier<\/em>) de<strong> David Paquet<\/strong><\/span><\/p>\n<p><span style=\"color: #333333;\">Pr\u00e9sent\u00e9 par <strong>Talisman Theatre<\/strong><\/span><br \/>\n<span style=\"color: #333333;\">en collaboration avec\u00a0<strong>Le Playwrights' Workshop Montr\u00e9al<\/strong><\/span><\/p>\n<p><span style=\"color: #333333;\">Dramaturgie par <strong>Emma Tibaldo<\/strong><\/span><br \/>\n<span style=\"color: #333333;\">Dirig\u00e9e par <strong>Rachel Peake<\/strong><\/span><br \/>\n<span style=\"color: #333333;\">Avec <strong>Samantha Bitonti<\/strong>,\u00a0<strong>Adam Capriolo<\/strong>,\u00a0<strong>Amanda Silveira <\/strong>et <strong>Anie Richer<\/strong><\/span><\/p>\n<p><span style=\"color: #333333;\"><strong>Date :\u00a0<\/strong>vendredi le 23 novembre 2018<\/span><br \/>\n<span style=\"color: #333333;\"><strong>Heure :<\/strong> 19 h<\/span><br \/>\n<span style=\"color: #333333;\"><strong>Lieu :\u00a0<\/strong>Studio PWM (7250 rue Clark, bureau 103, Montr<em>\u00e9<\/em>al, QC \u00a0H2R 2Y3)<\/span><\/p>\n<p><span style=\"color: #333333;\">Places limit\u00e9es.\u00a0<a style=\"color: #333333;\" href=\"https:\/\/docs.google.com\/forms\/d\/e\/1FAIpQLSeG6JFER_5yqF-oKuLGvgoqzdYU1qVMCef13pCwC69q9wMW1A\/viewform\">Cliquez ici pour confirmer votre pr\u00e9sence<\/a>.<\/span><br \/>\n<span style=\"color: #333333;\"><em>Cette \u00e9v\u00e8nement est gratuit. Les dons sont les bienvenus.<\/em><\/span><\/p>\n<p><strong><span style=\"color: #333333;\">Synopsis :<\/span><\/strong><\/p>\n<p><span style=\"color: #333333;\">Des triple\u0301es e\u0301tranges qui flambent de douleur, un couple atypique qui se consume d\u2019amour, une femme seule qu\u2019un de\u0301sir interdit embrase : trois temps d\u2019une ronde infernale qui est a\u0300 la fois conte, comptine et carrousel male\u0301fique.<\/span><\/p>\n<p><span style=\"color: #333333;\">Entre humour noir et trage\u0301die grecque, cette come\u0301die fe\u0301roce est une ode a\u0300 l\u2019humanite\u0301 ordinaire. Enclos dans un cycle he\u0301re\u0301ditaire implacable, les e\u0302tres qui l\u2019habitent combattent leur solitude de fac\u0327on parfois loufoque, parfois tendre, parfois cruelle, toujours fulgurante.<\/span><\/p>\n<p><strong><span style=\"color: #333333;\">Leanna Brodie :<\/span><\/strong><\/p>\n<p><span style=\"color: #333333;\">Leanna Brodie est auteure, com\u00e9dienne, et aussi une traductrice de pi\u00e8ces qu\u00e9b\u00e9coises. <em>After Me<\/em> de Christian B\u00e9gin a connu un succ\u00e8s consid\u00e9rable \u00e0 Vancouver (5 nominations aux Jessie Awards pour Ruby Slippers Theatre, dont 2 prix), tout comme <em>I Lost My Husband<\/em> (qui jouait \u00e0 guichet ferm\u00e9 au Gateway Theatre). <em>You Are Happy<\/em> de R\u00e9becca D\u00e9raspe (en nomination pour les Tom Hendry Awards) a r\u00e9cemment eu sa premi\u00e8re \u00e0 Ottawa chez GCTC, et <em>I Am William<\/em> d\u00e9bute aux Festival Coups de th\u00e9\u00e2tre en novembre. Apr\u00e8s 600+ r\u00e9pr\u00e9sentations et plusieurs prix, <em>Baobab<\/em> (H\u00e9l\u00e8ne Ducharme, Th\u00e9\u00e2tre Motus) continue de faire le tour du monde. <em>The Paradise Arms<\/em>, sa traduction de la <em>Beaut\u00e9 du monde<\/em> d&#8217;Olivier Sylvestre, vient de remporter le Safewords National New Play Prize. De surcro\u00eet, trois traductions sont publi\u00e9es chez Playwrights Canada Press. Brodie a \u00e9galement des projets en cours, en tant que traductrice, avec les auteurs R\u00e9becca D\u00e9raspe, Olivier Sylvestre, Philippe Soldevila, David Paquet, Christian B\u00e9gin, et S\u00e9bastien Harrisson. Dans le cadre des Associates chez Playwrights Theatre Centre, Brodie collabore avec Jovanni Sy sur une pi\u00e8ce originale, <em>Salesman in China<\/em>.<\/span><\/p>\n<p><img loading=\"lazy\" decoding=\"async\" class=\"size-full wp-image-3398 aligncenter\" src=\"https:\/\/www.playwrights.ca\/wp-content\/uploads\/2018\/11\/Talisam-logo-2.jpg\" alt=\"Talisman Theatre logo\" width=\"300\" height=\"100\" \/><\/p>","protected":false},"excerpt":{"rendered":"<p>Rejoignez-nous pour une mise en lecture d&#8217;une nouvelle traduction : Wildfire (Le Brasier) de David Paquet Pr\u00e9sent\u00e9 par Talisman Theatre en collaboration avec\u00a0Playwrights&#8217; Workshop Montr\u00e9al Dramaturgie par Emma Tibaldo Dirig\u00e9e par Rachel Peake Avec Samantha Bitonti,\u00a0Adam Capriolo,\u00a0Amanda Silveira et Anie Richer Date :\u00a0vendredi le 23 novembre 2018 Heure : 19 h Lieu :\u00a0Studio PWM (7250 &hellip; <\/p>\n<p class=\"link-more\"><a href=\"https:\/\/www.playwrights.ca\/fr\/mise-en-lecture-dune-nouvelle-traduction-le-14-novembre-2018-a-19h00\/\" class=\"more-link\">Continuer la lecture<span class=\"screen-reader-text\"> de &laquo; Mise en lecture d&#8217;une nouvelle traduction le 23 novembre 2018 \u00e0 19h00 &raquo;<\/span><\/a><\/p>","protected":false},"author":13,"featured_media":3420,"parent":0,"menu_order":0,"comment_status":"closed","ping_status":"closed","template":"","meta":{"inline_featured_image":false,"ub_ctt_via":"","_exactmetrics_skip_tracking":false,"_exactmetrics_sitenote_active":false,"_exactmetrics_sitenote_note":"","_exactmetrics_sitenote_category":0,"footnotes":""},"class_list":["post-3407","page","type-page","status-publish","has-post-thumbnail","hentry"],"featured_image_src":"https:\/\/www.playwrights.ca\/wp-content\/uploads\/2018\/11\/Wildfire_web_FR.png","yoast_head":"<!-- This site is optimized with the Yoast SEO plugin v15.0 - https:\/\/yoast.com\/wordpress\/plugins\/seo\/ -->\n<title>Mise en lecture d&#039;une nouvelle traduction le 23 novembre 2018 \u00e0 19h00 - Playwrights&#039; Workshop Montr\u00e9al<\/title>\n<meta name=\"robots\" content=\"index, follow, max-snippet:-1, max-image-preview:large, max-video-preview:-1\" \/>\n<link rel=\"canonical\" href=\"https:\/\/www.playwrights.ca\/fr\/mise-en-lecture-dune-nouvelle-traduction-le-14-novembre-2018-a-19h00\/\" \/>\n<meta property=\"og:locale\" content=\"fr_CA\" \/>\n<meta property=\"og:type\" content=\"article\" \/>\n<meta property=\"og:title\" content=\"Mise en lecture d&#039;une nouvelle traduction le 23 novembre 2018 \u00e0 19h00 - Playwrights&#039; Workshop Montr\u00e9al\" \/>\n<meta property=\"og:description\" content=\"Rejoignez-nous pour une mise en lecture d&#8217;une nouvelle traduction : Wildfire (Le Brasier) de David Paquet Pr\u00e9sent\u00e9 par Talisman Theatre en collaboration avec\u00a0Playwrights&#8217; Workshop Montr\u00e9al Dramaturgie par Emma Tibaldo Dirig\u00e9e par Rachel Peake Avec Samantha Bitonti,\u00a0Adam Capriolo,\u00a0Amanda Silveira et Anie Richer Date :\u00a0vendredi le 23 novembre 2018 Heure : 19 h Lieu :\u00a0Studio PWM (7250 &hellip; Continuer la lecture de &laquo; Mise en lecture d&#8217;une nouvelle traduction le 23 novembre 2018 \u00e0 19h00 &raquo;\" \/>\n<meta property=\"og:url\" content=\"https:\/\/www.playwrights.ca\/fr\/mise-en-lecture-dune-nouvelle-traduction-le-14-novembre-2018-a-19h00\/\" \/>\n<meta property=\"og:site_name\" content=\"Playwrights&#039; Workshop Montr\u00e9al\" \/>\n<meta property=\"article:publisher\" content=\"https:\/\/www.facebook.com\/PlaywrightsWorkshopMontreal\/\" \/>\n<meta property=\"article:modified_time\" content=\"2019-11-18T22:31:39+00:00\" \/>\n<meta property=\"og:image\" content=\"https:\/\/www.playwrights.ca\/wp-content\/uploads\/2018\/11\/Wildfire_web_FR.png\" \/>\n\t<meta property=\"og:image:width\" content=\"900\" \/>\n\t<meta property=\"og:image:height\" content=\"500\" \/>\n<meta name=\"twitter:card\" content=\"summary\" \/>\n<meta name=\"twitter:creator\" content=\"@PWMontreal\" \/>\n<meta name=\"twitter:site\" content=\"@PWMontreal\" \/>\n<script type=\"application\/ld+json\" class=\"yoast-schema-graph\">{\"@context\":\"https:\/\/schema.org\",\"@graph\":[{\"@type\":\"WebSite\",\"@id\":\"https:\/\/www.playwrights.ca\/fr\/#website\",\"url\":\"https:\/\/www.playwrights.ca\/fr\/\",\"name\":\"Playwrights&#039; Workshop Montr\\u00e9al\",\"description\":\"Nationally-mandated theatre development centre\",\"potentialAction\":[{\"@type\":\"SearchAction\",\"target\":\"https:\/\/www.playwrights.ca\/fr\/?s={search_term_string}\",\"query-input\":\"required name=search_term_string\"}],\"inLanguage\":\"fr-CA\"},{\"@type\":\"ImageObject\",\"@id\":\"https:\/\/www.playwrights.ca\/fr\/mise-en-lecture-dune-nouvelle-traduction-le-14-novembre-2018-a-19h00\/#primaryimage\",\"inLanguage\":\"fr-CA\",\"url\":\"https:\/\/www.playwrights.ca\/wp-content\/uploads\/2018\/11\/Wildfire_web_FR.png\",\"width\":900,\"height\":500,\"caption\":\"Wildfire\"},{\"@type\":\"WebPage\",\"@id\":\"https:\/\/www.playwrights.ca\/fr\/mise-en-lecture-dune-nouvelle-traduction-le-14-novembre-2018-a-19h00\/#webpage\",\"url\":\"https:\/\/www.playwrights.ca\/fr\/mise-en-lecture-dune-nouvelle-traduction-le-14-novembre-2018-a-19h00\/\",\"name\":\"Mise en lecture d'une nouvelle traduction le 23 novembre 2018 \\u00e0 19h00 - Playwrights&#039; Workshop Montr\\u00e9al\",\"isPartOf\":{\"@id\":\"https:\/\/www.playwrights.ca\/fr\/#website\"},\"primaryImageOfPage\":{\"@id\":\"https:\/\/www.playwrights.ca\/fr\/mise-en-lecture-dune-nouvelle-traduction-le-14-novembre-2018-a-19h00\/#primaryimage\"},\"datePublished\":\"2018-11-15T20:37:12+00:00\",\"dateModified\":\"2019-11-18T22:31:39+00:00\",\"inLanguage\":\"fr-CA\",\"potentialAction\":[{\"@type\":\"ReadAction\",\"target\":[\"https:\/\/www.playwrights.ca\/fr\/mise-en-lecture-dune-nouvelle-traduction-le-14-novembre-2018-a-19h00\/\"]}]}]}<\/script>\n<!-- \/ Yoast SEO plugin. -->","jetpack_sharing_enabled":true,"_links":{"self":[{"href":"https:\/\/www.playwrights.ca\/fr\/wp-json\/wp\/v2\/pages\/3407","targetHints":{"allow":["GET"]}}],"collection":[{"href":"https:\/\/www.playwrights.ca\/fr\/wp-json\/wp\/v2\/pages"}],"about":[{"href":"https:\/\/www.playwrights.ca\/fr\/wp-json\/wp\/v2\/types\/page"}],"author":[{"embeddable":true,"href":"https:\/\/www.playwrights.ca\/fr\/wp-json\/wp\/v2\/users\/13"}],"replies":[{"embeddable":true,"href":"https:\/\/www.playwrights.ca\/fr\/wp-json\/wp\/v2\/comments?post=3407"}],"version-history":[{"count":7,"href":"https:\/\/www.playwrights.ca\/fr\/wp-json\/wp\/v2\/pages\/3407\/revisions"}],"predecessor-version":[{"id":6795,"href":"https:\/\/www.playwrights.ca\/fr\/wp-json\/wp\/v2\/pages\/3407\/revisions\/6795"}],"wp:featuredmedia":[{"embeddable":true,"href":"https:\/\/www.playwrights.ca\/fr\/wp-json\/wp\/v2\/media\/3420"}],"wp:attachment":[{"href":"https:\/\/www.playwrights.ca\/fr\/wp-json\/wp\/v2\/media?parent=3407"}],"curies":[{"name":"wp","href":"https:\/\/api.w.org\/{rel}","templated":true}]}}