{"id":3419,"date":"2018-11-15T20:58:38","date_gmt":"2018-11-15T20:58:38","guid":{"rendered":"https:\/\/www.playwrights.ca\/?page_id=3419"},"modified":"2019-11-18T17:31:33","modified_gmt":"2019-11-18T22:31:33","slug":"mise-en-lecture-dune-nouvelle-traduction-le-23-novembre-2018-a-19h00","status":"publish","type":"page","link":"https:\/\/www.playwrights.ca\/fr\/mise-en-lecture-dune-nouvelle-traduction-le-23-novembre-2018-a-19h00\/","title":{"rendered":"Mise en lecture d&#8217;une nouvelle traduction le 14 novembre 2018"},"content":{"rendered":"<p><span style=\"color: #333333;\">Rejoignez-nous pour une mise en lecture d&#8217;une nouvelle traduction :\u00a0<\/span><\/p>\n<p><span style=\"color: #2f0bc3;\"><strong><em>Midnight<\/em><\/strong><\/span><br \/>\n<strong><span style=\"color: #333333;\">(<em>Minuit<\/em>) de\u00a0Marie-H\u00e9l\u00e8ne Larose-Truchon<\/span><\/strong><\/p>\n<p><span style=\"color: #333333;\">Traduction par Alexis\u00a0Diamond<\/span><br \/>\n<span style=\"color: #333333;\">Dramaturge de traduction : Linda Gaboriau<\/span><br \/>\n<span style=\"color: #333333;\">Dirig\u00e9e par Emma Tibaldo<\/span><br \/>\n<span style=\"color: #333333;\">Avec\u00a0Danette Mackay, Stefanie Buxton, Marcel Jeannin, Gabe Maharjan et\u00a0Diana Fajrajsl<\/span><\/p>\n<p><span style=\"color: #333333;\"><strong>Date :<\/strong>\u00a0vendredi le 14 novembre 2018<\/span><br \/>\n<span style=\"color: #333333;\"><strong>Heure : <\/strong>19 h<\/span><br \/>\n<span style=\"color: #333333;\"><strong>Lieu :\u00a0<\/strong>Studio PWM\u00a0 (7250 rue Clark, bureau 103, Montr<em>\u00e9<\/em>al, QC \u00a0H2R 2Y3)<\/span><br \/>\n<span style=\"color: #333333;\">Places limit\u00e9es.\u00a0<a style=\"color: #333333;\" href=\"https:\/\/docs.google.com\/forms\/d\/e\/1FAIpQLSfzeer1srOBHJukVtcGBlS9UuCY7Zhw9HEjHZ7dqAqeTUGzeQ\/viewform\">Cliquez ici pour confirmer votre pr\u00e9sence<\/a>.<\/span><br \/>\n<span style=\"color: #333333;\"><em>Cette \u00e9v\u00e8nement est gratuit. Les dons sont les bienvenus.\u00a0<\/em><\/span><\/p>\n<p><strong><span style=\"color: #333333;\">Synopsis :<\/span><\/strong><\/p>\n<p><span style=\"color: #333333;\">Contre un pouvoir despote qui traque les vieux et les vide de leur m\u00e9moire, Minuit, femme d\u00e9mesur\u00e9e, d\u00e9cide avec sa fille de cacher sa m\u00e8re, et de pr\u00e9server en secret son monde enfoui. Elles troquent sourires tapageurs et mots disparus contre un peu de lumi\u00e8re et de nourriture, folles d\u2019amour, folles de rage, folles de peur.<\/span><\/p>\n<p><span style=\"color: #333333;\">Cet hommage \u00e0 une civilisation qui s\u2019\u00e9teint m\u00eale neige et subversion, culture ancestrale et pulsion : d\u00e9sir\u00e9, tritur\u00e9, malmen\u00e9, le pass\u00e9 en ressort \u00e9lectrifi\u00e9 et comme neuf.<\/span><\/p>\n<p><strong><span style=\"color: #333333;\">Alexis Diamond :<\/span><\/strong><\/p>\n<p><span style=\"color: #333333;\">Alexis Diamond est auteure, libr\u00e9ttiste, traductrice et commissaire th\u00e9\u00e2trale bas\u00e9e \u00e0 Montr\u00e9al. Ses propres \u0153uvres ainsi que ses traductions ont \u00e9t\u00e9 diffus\u00e9es sur sc\u00e8ne \u00e0 Montr\u00e9al, \u00e0 Toronto, \u00e0 Hamilton, \u00e0 Ottawa, \u00e0 Vancouver, aux \u00c9tats-Unis et en Europe. Elle cr\u00e9e des pi\u00e8ces de th\u00e9\u00e2tres, des com\u00e9dies-musicales et des livrets d\u2019op\u00e9ra pour publics jeunes et adultes, ainsi que des performances-installations avec des artistes \u00e0 l\u2019internationale. Pr\u00e9sentement, elle traduit des pi\u00e8ces de Pascal Brullemans, \u00c9rika Tremblay-Roy, Marie-H\u00e9l\u00e8ne La-Rose Truchon et Marie-Claude Verdier pour les compagnies de th\u00e9\u00e2tre Geordie, le Petit th\u00e9\u00e2tre de Sherbrooke et Talisman, ainsi que le Playwrights Canada Press. Elle est co-fondatrice de Composite Theatre Co. et la repr\u00e9sentante qu\u00e9becoise du Playwrights Guild of Canada. Alexis a suivi ses \u00e9tudes \u00e0 l\u2019Universit\u00e9 Concordia (Bacc. en cr\u00e9ation litt\u00e9raire) et a obtient une ma\u00eetrise en \u00e9tudes anglaises de l\u2019Universit\u00e9 de Montr\u00e9al.<\/span><\/p>\n<p><span style=\"color: #333333;\"><img loading=\"lazy\" decoding=\"async\" class=\"alignnone size-full wp-image-3398\" src=\"https:\/\/www.playwrights.ca\/wp-content\/uploads\/2018\/11\/Talisam-logo-2.jpg\" alt=\"Talisman Theatre logo\" width=\"300\" height=\"100\" \/><\/span><\/p>","protected":false},"excerpt":{"rendered":"<p>Rejoignez-nous pour une mise en lecture d&#8217;une nouvelle traduction :\u00a0 Midnight (Minuit) de\u00a0Marie-H\u00e9l\u00e8ne Larose-Truchon Traduction par Alexis\u00a0Diamond Dramaturge de traduction : Linda Gaboriau Dirig\u00e9e par Emma Tibaldo Avec\u00a0Danette Mackay, Stefanie Buxton, Marcel Jeannin, Gabe Maharjan et\u00a0Diana Fajrajsl Date :\u00a0vendredi le 14 novembre 2018 Heure : 19 h Lieu :\u00a0Studio PWM\u00a0 (7250 rue Clark, bureau 103, &hellip; <\/p>\n<p class=\"link-more\"><a href=\"https:\/\/www.playwrights.ca\/fr\/mise-en-lecture-dune-nouvelle-traduction-le-23-novembre-2018-a-19h00\/\" class=\"more-link\">Continuer la lecture<span class=\"screen-reader-text\"> de &laquo; Mise en lecture d&#8217;une nouvelle traduction le 14 novembre 2018 &raquo;<\/span><\/a><\/p>","protected":false},"author":13,"featured_media":3403,"parent":0,"menu_order":0,"comment_status":"closed","ping_status":"closed","template":"","meta":{"inline_featured_image":false,"ub_ctt_via":"","_exactmetrics_skip_tracking":false,"_exactmetrics_sitenote_active":false,"_exactmetrics_sitenote_note":"","_exactmetrics_sitenote_category":0,"footnotes":""},"class_list":["post-3419","page","type-page","status-publish","has-post-thumbnail","hentry"],"featured_image_src":"https:\/\/www.playwrights.ca\/wp-content\/uploads\/2018\/11\/Midnight_web_FR.png","yoast_head":"<!-- This site is optimized with the Yoast SEO plugin v15.0 - https:\/\/yoast.com\/wordpress\/plugins\/seo\/ -->\n<title>Mise en lecture d&#039;une nouvelle traduction le 14 novembre 2018 - Playwrights&#039; Workshop Montr\u00e9al<\/title>\n<meta name=\"robots\" content=\"index, follow, max-snippet:-1, max-image-preview:large, max-video-preview:-1\" \/>\n<link rel=\"canonical\" href=\"https:\/\/www.playwrights.ca\/fr\/mise-en-lecture-dune-nouvelle-traduction-le-23-novembre-2018-a-19h00\/\" \/>\n<meta property=\"og:locale\" content=\"fr_CA\" \/>\n<meta property=\"og:type\" content=\"article\" \/>\n<meta property=\"og:title\" content=\"Mise en lecture d&#039;une nouvelle traduction le 14 novembre 2018 - Playwrights&#039; Workshop Montr\u00e9al\" \/>\n<meta property=\"og:description\" content=\"Rejoignez-nous pour une mise en lecture d&#8217;une nouvelle traduction :\u00a0 Midnight (Minuit) de\u00a0Marie-H\u00e9l\u00e8ne Larose-Truchon Traduction par Alexis\u00a0Diamond Dramaturge de traduction : Linda Gaboriau Dirig\u00e9e par Emma Tibaldo Avec\u00a0Danette Mackay, Stefanie Buxton, Marcel Jeannin, Gabe Maharjan et\u00a0Diana Fajrajsl Date :\u00a0vendredi le 14 novembre 2018 Heure : 19 h Lieu :\u00a0Studio PWM\u00a0 (7250 rue Clark, bureau 103, &hellip; Continuer la lecture de &laquo; Mise en lecture d&#8217;une nouvelle traduction le 14 novembre 2018 &raquo;\" \/>\n<meta property=\"og:url\" content=\"https:\/\/www.playwrights.ca\/fr\/mise-en-lecture-dune-nouvelle-traduction-le-23-novembre-2018-a-19h00\/\" \/>\n<meta property=\"og:site_name\" content=\"Playwrights&#039; Workshop Montr\u00e9al\" \/>\n<meta property=\"article:publisher\" content=\"https:\/\/www.facebook.com\/PlaywrightsWorkshopMontreal\/\" \/>\n<meta property=\"article:modified_time\" content=\"2019-11-18T22:31:33+00:00\" \/>\n<meta property=\"og:image\" content=\"https:\/\/www.playwrights.ca\/wp-content\/uploads\/2018\/11\/Midnight_web_FR.png\" \/>\n\t<meta property=\"og:image:width\" content=\"900\" \/>\n\t<meta property=\"og:image:height\" content=\"500\" \/>\n<meta name=\"twitter:card\" content=\"summary\" \/>\n<meta name=\"twitter:creator\" content=\"@PWMontreal\" \/>\n<meta name=\"twitter:site\" content=\"@PWMontreal\" \/>\n<script type=\"application\/ld+json\" class=\"yoast-schema-graph\">{\"@context\":\"https:\/\/schema.org\",\"@graph\":[{\"@type\":\"WebSite\",\"@id\":\"https:\/\/www.playwrights.ca\/fr\/#website\",\"url\":\"https:\/\/www.playwrights.ca\/fr\/\",\"name\":\"Playwrights&#039; Workshop Montr\\u00e9al\",\"description\":\"Nationally-mandated theatre development centre\",\"potentialAction\":[{\"@type\":\"SearchAction\",\"target\":\"https:\/\/www.playwrights.ca\/fr\/?s={search_term_string}\",\"query-input\":\"required name=search_term_string\"}],\"inLanguage\":\"fr-CA\"},{\"@type\":\"ImageObject\",\"@id\":\"https:\/\/www.playwrights.ca\/mise-en-lecture-dune-nouvelle-traduction-le-23-novembre-2018-a-19h00\/#primaryimage\",\"inLanguage\":\"fr-CA\",\"url\":\"https:\/\/www.playwrights.ca\/wp-content\/uploads\/2018\/11\/Midnight_web_FR.png\",\"width\":900,\"height\":500,\"caption\":\"Midnight\"},{\"@type\":\"WebPage\",\"@id\":\"https:\/\/www.playwrights.ca\/mise-en-lecture-dune-nouvelle-traduction-le-23-novembre-2018-a-19h00\/#webpage\",\"url\":\"https:\/\/www.playwrights.ca\/mise-en-lecture-dune-nouvelle-traduction-le-23-novembre-2018-a-19h00\/\",\"name\":\"Mise en lecture d'une nouvelle traduction le 14 novembre 2018 - Playwrights&#039; Workshop Montr\\u00e9al\",\"isPartOf\":{\"@id\":\"https:\/\/www.playwrights.ca\/fr\/#website\"},\"primaryImageOfPage\":{\"@id\":\"https:\/\/www.playwrights.ca\/mise-en-lecture-dune-nouvelle-traduction-le-23-novembre-2018-a-19h00\/#primaryimage\"},\"datePublished\":\"2018-11-15T20:58:38+00:00\",\"dateModified\":\"2019-11-18T22:31:33+00:00\",\"inLanguage\":\"fr-CA\",\"potentialAction\":[{\"@type\":\"ReadAction\",\"target\":[\"https:\/\/www.playwrights.ca\/mise-en-lecture-dune-nouvelle-traduction-le-23-novembre-2018-a-19h00\/\"]}]}]}<\/script>\n<!-- \/ Yoast SEO plugin. -->","jetpack_sharing_enabled":true,"_links":{"self":[{"href":"https:\/\/www.playwrights.ca\/fr\/wp-json\/wp\/v2\/pages\/3419","targetHints":{"allow":["GET"]}}],"collection":[{"href":"https:\/\/www.playwrights.ca\/fr\/wp-json\/wp\/v2\/pages"}],"about":[{"href":"https:\/\/www.playwrights.ca\/fr\/wp-json\/wp\/v2\/types\/page"}],"author":[{"embeddable":true,"href":"https:\/\/www.playwrights.ca\/fr\/wp-json\/wp\/v2\/users\/13"}],"replies":[{"embeddable":true,"href":"https:\/\/www.playwrights.ca\/fr\/wp-json\/wp\/v2\/comments?post=3419"}],"version-history":[{"count":8,"href":"https:\/\/www.playwrights.ca\/fr\/wp-json\/wp\/v2\/pages\/3419\/revisions"}],"predecessor-version":[{"id":6794,"href":"https:\/\/www.playwrights.ca\/fr\/wp-json\/wp\/v2\/pages\/3419\/revisions\/6794"}],"wp:featuredmedia":[{"embeddable":true,"href":"https:\/\/www.playwrights.ca\/fr\/wp-json\/wp\/v2\/media\/3403"}],"wp:attachment":[{"href":"https:\/\/www.playwrights.ca\/fr\/wp-json\/wp\/v2\/media?parent=3419"}],"curies":[{"name":"wp","href":"https:\/\/api.w.org\/{rel}","templated":true}]}}