{"id":3858,"date":"2018-12-30T00:58:41","date_gmt":"2018-12-30T00:58:41","guid":{"rendered":"https:\/\/www.playwrights.ca\/?page_id=3858"},"modified":"2019-01-12T02:09:17","modified_gmt":"2019-01-12T02:09:17","slug":"entretien-avec-ed-roy-au-sujet-de-son-nouveau-spectacle-de-la-creativite-et-des-chaines-de-production","status":"publish","type":"page","link":"https:\/\/www.playwrights.ca\/fr\/entretien-avec-ed-roy-au-sujet-de-son-nouveau-spectacle-de-la-creativite-et-des-chaines-de-production\/","title":{"rendered":"Entretien avec Ed Roy au sujet de son nouveau spectacle, de la cr\u00e9ativit\u00e9 et des cha\u00eenes de production"},"content":{"rendered":"<p><span style=\"color: #333333;\">De Harris Frost<\/span><\/p>\n<h4><span style=\"color: #333333;\">Ed Roy, praticien de th\u00e9\u00e2tre laur\u00e9at d&#8217;un prix Dora, s\u2019est entretenu avec nous en juillet pour parler de son nouveau one-man-show <span style=\"color: #2f0bc3;\"><em>The History of the World<\/em><\/span>, qu&#8217;il d\u00e9veloppe actuellement en collaboration avec le PWM.<\/span><\/h4>\n<p>&nbsp;<\/p>\n<p><span style=\"color: #333333;\"><strong>PWM :<\/strong> Pour commencer, pourriez-vous nous parler bri\u00e8vement de ce nouveau projet sur lequel vous travaillez ?<\/span><\/p>\n<p><span style=\"color: #333333;\"><strong>Ed Roy :<\/strong> Je travaille sur un one-man-show qui s\u2019intitule <em>The History of the World<\/em> et qui s&#8217;inspire d&#8217;une sorte d\u2019enqu\u00eate au sujet de mon enfance et des gens qui m&#8217;ont \u00e9lev\u00e9. C&#8217;est \u00e0 la fois une le\u00e7on et un r\u00e9cit. La pi\u00e8ce traite des liens entre l&#8217;histoire personnelle des conf\u00e9renciers, ma propre histoire personnelle et des \u00e9v\u00e9nements historiques. Et comment des \u00e9v\u00e9nements de plus grande importance dans l&#8217;histoire peuvent venir changer nos vies de fa\u00e7on inconsciente.<\/span><\/p>\n<p><span style=\"color: #333333;\"><strong>PWM :<\/strong> Vous parlez de la pi\u00e8ce comme \u00e9tant une \u0153uvre hybride. Qu&#8217;est-ce que cela implique ?<\/span><\/p>\n<p><span style=\"color: #333333;\"><strong>Ed Roy :<\/strong> Eh bien, elle est interactive, dans un sens. Je propose non seulement une th\u00e8se, j\u2019interagis \u00e9galement avec le public en lui posant des questions sur sa propre relation avec l&#8217;histoire et la conscience. Il y a donc cet \u00e9l\u00e9ment, en plus des aspects th\u00e9\u00e2traux.<\/span><\/p>\n<p><span style=\"color: #333333;\"><strong>PWM :<\/strong> Je suis tomb\u00e9 sur une vid\u00e9o datant de 2013 dans laquelle vous interpr\u00e9tiez votre premi\u00e8re version de cette pi\u00e8ce. Dans quelle mesure a-t-elle \u00e9volu\u00e9 au cours des cinq derni\u00e8res ann\u00e9es ?<\/span><\/p>\n<p><span style=\"color: #333333;\"><strong>Ed Roy :<\/strong> J&#8217;ai \u00e9t\u00e9 enseignant \u00e0 l\u2019Universit\u00e9 de Guelph et c&#8217;est l\u00e0 que j&#8217;ai vraiment d\u00e9velopp\u00e9 mon style en tant que conf\u00e9rencier. Ce que j&#8217;ai d\u00e9couvert, c&#8217;est que mes \u00e9l\u00e8ves n&#8217;avaient pas de vue d&#8217;ensemble de l&#8217;histoire, de la culture, de l&#8217;art et de la fa\u00e7on dont ces sujets se recoupent avec leur propre esprit cr\u00e9ateur. Et cela m\u2019a inspir\u00e9 \u00e0 me mettre \u00e0 d\u00e9velopper une impro de trois minutes et demie intitul\u00e9e <em>The History of the World in 3 \u00bd Minutes<\/em>. J&#8217;ai commenc\u00e9 \u00e0 m&#8217;\u00e9tendre graduellement sur ce sujet au cours des ann\u00e9es qui ont suivi. Plus tard, lorsque j&#8217;\u00e9tais au festival Rubaboo \u00e0 Edmonton, le coordonnateur du festival m&#8217;a sugg\u00e9r\u00e9 d&#8217;en faire une version, \u00e0 la toute derni\u00e8re minute. Je l&#8217;ai ex\u00e9cut\u00e9e sans notes ou quoi que ce soit d&#8217;autre. Cela a dur\u00e9 quatre heures.<\/span><\/p>\n<p><span style=\"color: #333333;\">Lorsque nous en sommes arriv\u00e9s \u00e0 l&#8217;atelier [en 2013] que vous mentionnez, je commen\u00e7ais \u00e0 jouer avec des \u00e9l\u00e9ments physiques et je me suis dit : \u00ab Pourquoi est-ce que je donne des le\u00e7ons sur l&#8217;histoire du monde ? \u00bb et j&#8217;ai donc commenc\u00e9 \u00e0 intercaler ma propre histoire personnelle dans la pi\u00e8ce parce que j&#8217;avais commenc\u00e9 \u00e0 faire des recherches au sujet de mon histoire personnelle. Et mon histoire personnelle \u00e9tait vraiment troubl\u00e9e. J&#8217;ai donc commenc\u00e9 \u00e0 l\u2019incorporer dans ce genre de le\u00e7on. Mais c&#8217;\u00e9tait encore tr\u00e8s cru.<\/span><\/p>\n<p><span style=\"color: #333333;\">La fusion des histoires personnelles et de la le\u00e7on sur l\u2019histoire n&#8217;\u00e9tait pas encore tout \u00e0 fait m\u00fbrie, mais l&#8217;id\u00e9e y \u00e9tait. Et depuis ce moment-l\u00e0 et jusqu&#8217;\u00e0 aujourd&#8217;hui, ce projet m\u2019est rest\u00e9 dans la t\u00eate. La pi\u00e8ce telle qu\u2019elle est aujourd\u2019hui cannibalise beaucoup de ce qu&#8217;il y avait dans ces versions originales, donc je me retrouve vraiment avec trois pi\u00e8ces qui se sont fusionn\u00e9es en une seule. Pour moi, c\u2019est comme un tableau. Lorsqu\u2019on regarde une peinture, on voit en effet le r\u00e9sultat de bien d\u2019autres peintures superpos\u00e9es sous le r\u00e9sultat final que nous observons. C\u2019est \u00e7a, cette pi\u00e8ce. Et c\u2019est aussi \u00e7a, l\u2019histoire.<\/span><\/p>\n<p><span style=\"color: #333333;\"><strong>PWM :<\/strong> Dans quels genres d&#8217;espaces avez-vous l\u2019intention de pr\u00e9senter cette pi\u00e8ce ?<\/span><\/p>\n<p><span style=\"color: #333333;\"><strong>Ed Roy :<\/strong> Je ne sais pas encore exactement, mais j&#8217;ai eu l\u2019id\u00e9e de la pr\u00e9senter dans une salle de cours. Parce qu&#8217;une salle de cours, c\u2019est invariablement un environnement th\u00e9\u00e2tral. Tous les ingr\u00e9dients n\u00e9cessaires \u00e0 la cr\u00e9ation de th\u00e9\u00e2tre s\u2019y retrouvent. Il pourrait donc \u00eatre int\u00e9ressant de faire \u00e7a l\u00e0. La pi\u00e8ce demande un gigantesque ballon m\u00e9t\u00e9orologique que j&#8217;utilise comme surface de projection ainsi que pour d&#8217;autres choses, alors pour cet aspect-l\u00e0 je n\u2019en sais rien encore.<\/span><\/p>\n<p><span style=\"color: #333333;\"><strong>PWM :<\/strong> Pourquoi avez-vous choisi de travailler avec PWM pour d\u00e9velopper cette pi\u00e8ce ?<\/span><\/p>\n<p><span style=\"color: #333333;\"><strong>Ed Roy : <\/strong>Il y a eu un \u00e9l\u00e9ment de synchronicit\u00e9. Mais aussi, je suis originaire de Montr\u00e9al. Quand Paula Danckert \u00e9tait l\u00e0, je venais toujours passer. J&#8217;ai eu une discussion avec Emma il y a quelques ann\u00e9es \u00e0 propos de cette pi\u00e8ce parce que je cherchais un dramaturge.<\/span><\/p>\n<p><span style=\"color: #333333;\">Je pense que la dramaturgie fonctionne mieux lorsqu\u2019il existe aussi une relation personnelle entre les artistes. Je suis moi-m\u00eame dramaturge. Et pour moi, la dramaturgie demande quelqu\u2019un de bien inform\u00e9 qui peut s&#8217;investir personnellement dans un projet. Le voyage devient ainsi partag\u00e9. Et au cours des deux derniers ateliers de d\u00e9veloppement, c&#8217;est ce qu&#8217;Emma et moi avons fait.<\/span><\/p>\n<p><span style=\"color: #333333;\"><strong>PWM :<\/strong> Quand la pi\u00e8ce sera-t-elle pr\u00e9sent\u00e9e en premi\u00e8re ?<\/span><\/p>\n<p><span style=\"color: #333333;\"><strong>Ed Roy :<\/strong> Quelle audace !<\/span><\/p>\n<p><span style=\"color: #333333;\">Dans un monde id\u00e9al : en 2020 ou en 2021. Si c\u2019\u00e9tait hier, ce serait encore mieux, mais la pi\u00e8ce a besoin de plus de temps. Nous nous pr\u00e9cipitons si souvent vers cette id\u00e9e du produit final. Et au d\u00e9but de ma carri\u00e8re de metteur en sc\u00e8ne et de dramaturge, nous montions des pi\u00e8ces tr\u00e8s, tr\u00e8s rapidement. Ou alors, on m&#8217;engageait comme metteur en sc\u00e8ne pour un spectacle avec une p\u00e9riode de r\u00e9p\u00e9tition de dix jours, et ce pour une pi\u00e8ce qui n&#8217;\u00e9tait m\u00eame pas encore termin\u00e9e. Et cela m\u2019a effectivement permis d\u2019acqu\u00e9rir les comp\u00e9tences n\u00e9cessaires pour monter des pi\u00e8ces tr\u00e8s rapidement. Mais pour cette pi\u00e8ce-ci, j\u2019ai \u00e9tabli des relations qui me permettront de travailler \u00e0 ma propre mani\u00e8re.<\/span><\/p>\n<p><span style=\"color: #333333;\"><strong>PWM :<\/strong> Le fait que ce spectacle soit si personnel a-t-il une incidence sur la fa\u00e7on dont vous l\u2019\u00e9crivez ?<\/span><\/p>\n<p><span style=\"color: #333333;\"><strong>Ed Roy :<\/strong> C&#8217;est vrai que c\u2019est personnel. Mais tout ce qu\u2019on fait est personnel. Je ne peux pas parler pour tout le monde, mais si je dois passer du temps avec un artiste et que nous allons monter un spectacle ensemble, je dois croire en son sujet. Et \u00e7a, \u00e7a repr\u00e9sente un aspect de moi-m\u00eame, d&#8217;une fa\u00e7on ou d&#8217;une autre. Donc, si un spectacle est \u00e0 chier, je le prends personnellement.<\/span><\/p>\n<p><span style=\"color: #333333;\"><strong>PWM :<\/strong> M\u00eame dans le genre de situation dont vous parliez tout \u00e0 l&#8217;heure o\u00f9 vous vous joigniez au processus \u00e0 la toute derni\u00e8re minute avec tr\u00e8s peu de temps de r\u00e9p\u00e9tition ?<\/span><\/p>\n<p><span style=\"color: #333333;\"><strong>Ed Roy :<\/strong> Je me mariais compl\u00e8tement \u00e0 ces \u0153uvres. Mais voil\u00e0 le truc, je vivais aussi les mille morts lorsqu\u2019elles ne fonctionnaient pas. C\u2019est lorsque je me suis rendu compte que \u00e7a ne marchait pas pour moi que j\u2019ai arr\u00eat\u00e9 de participer \u00e0 de tels projets. J&#8217;ai d\u00e9cid\u00e9 \u00e0 ce moment-l\u00e0 que je n&#8217;\u00e9tais pas sur une cha\u00eene de production ; si j\u2019avais voulu l\u2019\u00eatre, j&#8217;aurais fait ce choix au d\u00e9but de ma vingtaine et je serais all\u00e9 travailler dans une usine automobile. \u00c0 mon avis, c&#8217;est un pi\u00e8ge. Mais c&#8217;est le d\u00e9fi de ce domaine. Je ne peux pas prendre cette d\u00e9cision pour quelqu&#8217;un d&#8217;autre, mais quand j&#8217;entreprends un projet, je le prends personnellement.<\/span><\/p>\n<p><span style=\"color: #333333;\">Pour vraiment conna\u00eetre quelque chose, pour trouver quelque chose d&#8217;original, il faut se d\u00e9barrasser de beaucoup avant d&#8217;en arriver \u00e0 quelque chose d&#8217;int\u00e9ressant. Cela demande du temps. Donc, avec un projet qui s\u2019est \u00e9tal\u00e9 sur une si longue p\u00e9riode, il y a d\u2019autres projets qui s\u2019y sont ins\u00e9r\u00e9s et qui ont, eux aussi, fait partie du processus. Parfois, on prend un projet qui \u00e9tait en veilleuse et tout \u00e0 coup on est capable de le voir avec un regard neuf. Pour l&#8217;instant, tout ce que j&#8217;ai en t\u00eate, c&#8217;est ce projet. Et puis, plus tard, d&#8217;autres choses se manifesteront.<\/span><\/p>","protected":false},"excerpt":{"rendered":"<p>De Harris Frost Ed Roy, praticien de th\u00e9\u00e2tre laur\u00e9at d&#8217;un prix Dora, s\u2019est entretenu avec nous en juillet pour parler de son nouveau one-man-show The History of the World, qu&#8217;il d\u00e9veloppe actuellement en collaboration avec le PWM. &nbsp; PWM : Pour commencer, pourriez-vous nous parler bri\u00e8vement de ce nouveau projet sur lequel vous travaillez ? &hellip; <\/p>\n<p class=\"link-more\"><a href=\"https:\/\/www.playwrights.ca\/fr\/entretien-avec-ed-roy-au-sujet-de-son-nouveau-spectacle-de-la-creativite-et-des-chaines-de-production\/\" class=\"more-link\">Continuer la lecture<span class=\"screen-reader-text\"> de &laquo; Entretien avec Ed Roy au sujet de son nouveau spectacle, de la cr\u00e9ativit\u00e9 et des cha\u00eenes de production &raquo;<\/span><\/a><\/p>","protected":false},"author":13,"featured_media":3859,"parent":0,"menu_order":0,"comment_status":"closed","ping_status":"closed","template":"","meta":{"inline_featured_image":false,"ub_ctt_via":"","_exactmetrics_skip_tracking":false,"_exactmetrics_sitenote_active":false,"_exactmetrics_sitenote_note":"","_exactmetrics_sitenote_category":0,"footnotes":""},"class_list":["post-3858","page","type-page","status-publish","has-post-thumbnail","hentry"],"featured_image_src":"https:\/\/www.playwrights.ca\/wp-content\/uploads\/2018\/12\/Ed-Roy_web_FR.png","yoast_head":"<!-- This site is optimized with the Yoast SEO plugin v15.0 - https:\/\/yoast.com\/wordpress\/plugins\/seo\/ -->\n<title>Entretien avec Ed Roy au sujet de son nouveau spectacle, de la cr\u00e9ativit\u00e9 et des cha\u00eenes de production - Playwrights&#039; Workshop Montr\u00e9al<\/title>\n<meta name=\"robots\" content=\"index, follow, max-snippet:-1, max-image-preview:large, max-video-preview:-1\" \/>\n<link rel=\"canonical\" href=\"https:\/\/www.playwrights.ca\/fr\/entretien-avec-ed-roy-au-sujet-de-son-nouveau-spectacle-de-la-creativite-et-des-chaines-de-production\/\" \/>\n<meta property=\"og:locale\" content=\"fr_CA\" \/>\n<meta property=\"og:type\" content=\"article\" \/>\n<meta property=\"og:title\" content=\"Entretien avec Ed Roy au sujet de son nouveau spectacle, de la cr\u00e9ativit\u00e9 et des cha\u00eenes de production - Playwrights&#039; Workshop Montr\u00e9al\" \/>\n<meta property=\"og:description\" content=\"De Harris Frost Ed Roy, praticien de th\u00e9\u00e2tre laur\u00e9at d&#8217;un prix Dora, s\u2019est entretenu avec nous en juillet pour parler de son nouveau one-man-show The History of the World, qu&#8217;il d\u00e9veloppe actuellement en collaboration avec le PWM. &nbsp; PWM : Pour commencer, pourriez-vous nous parler bri\u00e8vement de ce nouveau projet sur lequel vous travaillez ? &hellip; Continuer la lecture de &laquo; Entretien avec Ed Roy au sujet de son nouveau spectacle, de la cr\u00e9ativit\u00e9 et des cha\u00eenes de production &raquo;\" \/>\n<meta property=\"og:url\" content=\"https:\/\/www.playwrights.ca\/fr\/entretien-avec-ed-roy-au-sujet-de-son-nouveau-spectacle-de-la-creativite-et-des-chaines-de-production\/\" \/>\n<meta property=\"og:site_name\" content=\"Playwrights&#039; Workshop Montr\u00e9al\" \/>\n<meta property=\"article:publisher\" content=\"https:\/\/www.facebook.com\/PlaywrightsWorkshopMontreal\/\" \/>\n<meta property=\"article:modified_time\" content=\"2019-01-12T02:09:17+00:00\" \/>\n<meta property=\"og:image\" content=\"https:\/\/www.playwrights.ca\/wp-content\/uploads\/2018\/12\/Ed-Roy_web_FR.png\" \/>\n\t<meta property=\"og:image:width\" content=\"900\" \/>\n\t<meta property=\"og:image:height\" content=\"500\" \/>\n<meta name=\"twitter:card\" content=\"summary\" \/>\n<meta name=\"twitter:creator\" content=\"@PWMontreal\" \/>\n<meta name=\"twitter:site\" content=\"@PWMontreal\" \/>\n<script type=\"application\/ld+json\" class=\"yoast-schema-graph\">{\"@context\":\"https:\/\/schema.org\",\"@graph\":[{\"@type\":\"WebSite\",\"@id\":\"https:\/\/www.playwrights.ca\/fr\/#website\",\"url\":\"https:\/\/www.playwrights.ca\/fr\/\",\"name\":\"Playwrights&#039; Workshop Montr\\u00e9al\",\"description\":\"Nationally-mandated theatre development centre\",\"potentialAction\":[{\"@type\":\"SearchAction\",\"target\":\"https:\/\/www.playwrights.ca\/fr\/?s={search_term_string}\",\"query-input\":\"required name=search_term_string\"}],\"inLanguage\":\"fr-CA\"},{\"@type\":\"ImageObject\",\"@id\":\"https:\/\/www.playwrights.ca\/entretien-avec-ed-roy-au-sujet-de-son-nouveau-spectacle-de-la-creativite-et-des-chaines-de-production\/#primaryimage\",\"inLanguage\":\"fr-CA\",\"url\":\"https:\/\/www.playwrights.ca\/wp-content\/uploads\/2018\/12\/Ed-Roy_web_FR.png\",\"width\":900,\"height\":500,\"caption\":\"Ed Roy\"},{\"@type\":\"WebPage\",\"@id\":\"https:\/\/www.playwrights.ca\/entretien-avec-ed-roy-au-sujet-de-son-nouveau-spectacle-de-la-creativite-et-des-chaines-de-production\/#webpage\",\"url\":\"https:\/\/www.playwrights.ca\/entretien-avec-ed-roy-au-sujet-de-son-nouveau-spectacle-de-la-creativite-et-des-chaines-de-production\/\",\"name\":\"Entretien avec Ed Roy au sujet de son nouveau spectacle, de la cr\\u00e9ativit\\u00e9 et des cha\\u00eenes de production - Playwrights&#039; Workshop Montr\\u00e9al\",\"isPartOf\":{\"@id\":\"https:\/\/www.playwrights.ca\/fr\/#website\"},\"primaryImageOfPage\":{\"@id\":\"https:\/\/www.playwrights.ca\/entretien-avec-ed-roy-au-sujet-de-son-nouveau-spectacle-de-la-creativite-et-des-chaines-de-production\/#primaryimage\"},\"datePublished\":\"2018-12-30T00:58:41+00:00\",\"dateModified\":\"2019-01-12T02:09:17+00:00\",\"inLanguage\":\"fr-CA\",\"potentialAction\":[{\"@type\":\"ReadAction\",\"target\":[\"https:\/\/www.playwrights.ca\/entretien-avec-ed-roy-au-sujet-de-son-nouveau-spectacle-de-la-creativite-et-des-chaines-de-production\/\"]}]}]}<\/script>\n<!-- \/ Yoast SEO plugin. -->","jetpack_sharing_enabled":true,"_links":{"self":[{"href":"https:\/\/www.playwrights.ca\/fr\/wp-json\/wp\/v2\/pages\/3858","targetHints":{"allow":["GET"]}}],"collection":[{"href":"https:\/\/www.playwrights.ca\/fr\/wp-json\/wp\/v2\/pages"}],"about":[{"href":"https:\/\/www.playwrights.ca\/fr\/wp-json\/wp\/v2\/types\/page"}],"author":[{"embeddable":true,"href":"https:\/\/www.playwrights.ca\/fr\/wp-json\/wp\/v2\/users\/13"}],"replies":[{"embeddable":true,"href":"https:\/\/www.playwrights.ca\/fr\/wp-json\/wp\/v2\/comments?post=3858"}],"version-history":[{"count":9,"href":"https:\/\/www.playwrights.ca\/fr\/wp-json\/wp\/v2\/pages\/3858\/revisions"}],"predecessor-version":[{"id":4095,"href":"https:\/\/www.playwrights.ca\/fr\/wp-json\/wp\/v2\/pages\/3858\/revisions\/4095"}],"wp:featuredmedia":[{"embeddable":true,"href":"https:\/\/www.playwrights.ca\/fr\/wp-json\/wp\/v2\/media\/3859"}],"wp:attachment":[{"href":"https:\/\/www.playwrights.ca\/fr\/wp-json\/wp\/v2\/media?parent=3858"}],"curies":[{"name":"wp","href":"https:\/\/api.w.org\/{rel}","templated":true}]}}