{"id":4005,"date":"2019-01-12T00:32:29","date_gmt":"2019-01-12T00:32:29","guid":{"rendered":"https:\/\/www.playwrights.ca\/?page_id=4005"},"modified":"2019-01-12T00:40:28","modified_gmt":"2019-01-12T00:40:28","slug":"words-with-will-une-nouvelle-serie-de-lecture-de-piece-de-theatre","status":"publish","type":"page","link":"https:\/\/www.playwrights.ca\/fr\/words-with-will-une-nouvelle-serie-de-lecture-de-piece-de-theatre\/","title":{"rendered":"WORDS WITH WILL : Une nouvelle s\u00e9rie de lecture de pi\u00e8ce de th\u00e9\u00e2tre"},"content":{"rendered":"<p><strong>Pr\u00e9sent\u00e9 par Th\u00e9\u00e2tre Repercussion, d\u00e9velopp\u00e9 en collaboration avec&nbsp;Playwrights\u2019 Workshop Montr\u00e9al<\/strong><\/p>\n<p><span style=\"color: #333333;\">Mettant en vedette de nouvelles \u0153uvres inspir\u00e9es par\/dialoguant avec\/qui parle \u00e0 Shakespeare.<\/span><\/p>\n<p><strong><span style=\"color: #333333;\"><em>Thy Women\u2019s Weeds<\/em>&nbsp;d\u2019Erin Shields<\/span><\/strong><br \/>\n<strong><span style=\"color: #333333;\"><em>Cockroach&nbsp;<\/em>de Jeff Ho<\/span><\/strong><\/p>\n<p><span style=\"color: #333333;\"><em>Cockroach<\/em>&nbsp;de Jeff Ho, ancien auteur et dramaturge et ancien \u00e9l\u00e8ve de Repercussion, est un solo de sa relation tr\u00e8s personnelle avec la langue, la culture, le traumatisme et le canon.<\/span><\/p>\n<p><span style=\"color: #333333;\"><em>Thy Woman\u2019s Weeds<\/em>, du dramaturge Erin Shields, laur\u00e9at d\u2019un prix du Gouverneur g\u00e9n\u00e9ral, est une exploration th\u00e9\u00e2trale de ce que signifie \u00eatre une femme qui travaille avec Shakespeare.<\/span><\/p>\n<p><strong>Horaire<\/strong><\/p>\n<p><span style=\"color: #333333;\"><em>Thy Woman\u2019s Weeds &#8211;&nbsp;<\/em>mercredi le 24 octobre \u00e0 20h<\/span><br \/>\n<span style=\"color: #333333;\"><em>Cockroach &#8211;&nbsp;<\/em>jeudi le 25 octobre \u00e0 20h<\/span><br \/>\n<span style=\"color: #333333;\"><em>Thy Woman\u2019s Weeds &#8211;&nbsp;<\/em>dimanche le 28 octobre \u00e0 14h<\/span><br \/>\n<span style=\"color: #333333;\"><em>Cockroach &#8211;&nbsp;<\/em>samedi le 27 octobre \u00e0 20h<\/span><br \/>\n<span style=\"color: #333333;\"><em>Thy Woman\u2019s Weeds &#8211;&nbsp;<\/em>dimanche le 28 octobre \u00e0 17h<\/span><\/p>\n<p><span style=\"color: #333333;\">Le public est invit\u00e9 \u00e0 rencontrer\/participer aux pi\u00e8ces de th\u00e9\u00e2tre \u00e0 cette \u00e9tape cruciale du processus et \u00e0 participer aux discussions qui suivent chaque repr\u00e9sentation.<\/span><\/p>\n<p><strong><span style=\"color: #333333;\">Lieu<\/span><\/strong><br \/>\n<span style=\"color: #333333;\">Le Centre Segal des arts de la sc\u00e8ne<\/span><br \/>\n<span style=\"color: #333333;\">(<a style=\"color: #333333;\" href=\"https:\/\/goo.gl\/maps\/tudaSFuhA1q\">5170 Chemin de la C\u00f4te-Sainte-Catherine, Montr\u00e9al, QC H3W 1M7<\/a>)<\/span><\/p>\n<p><strong>Billets<\/strong><br \/>\n<span style=\"color: #333333;\">L\u2019entr\u00e9e pour cette s\u00e9rie s\u2019inscrit dans notre politique Payez-ce-que-Vous-Voulez.&nbsp;<\/span><span style=\"color: #333333;\">Nombre de places limit\u00e9. Pour r\u00e9server, veuillez contacter 514-931-2644 ou communications@repercussiontheatre.com<\/span><\/p>\n<p><span style=\"color: #333333;\">Age recommand\u00e9 : 13 ans et plus pour une langue forte.<\/span><\/p>\n<p><span style=\"color: #333333;\">Rendu possible par le Conseil des arts du Canada et la Fondation Cole<\/span><\/p>\n<p style=\"text-align: center;\"><img loading=\"lazy\" decoding=\"async\" class=\"alignnone size-medium wp-image-3991\" src=\"https:\/\/www.playwrights.ca\/wp-content\/uploads\/2018\/10\/Canada-Council-logo_web-300x55.jpg\" alt=\"Canada Council logo\" width=\"300\" height=\"55\" srcset=\"https:\/\/www.playwrights.ca\/wp-content\/uploads\/2018\/10\/Canada-Council-logo_web-300x55.jpg 300w, https:\/\/www.playwrights.ca\/wp-content\/uploads\/2018\/10\/Canada-Council-logo_web-768x141.jpg 768w, https:\/\/www.playwrights.ca\/wp-content\/uploads\/2018\/10\/Canada-Council-logo_web-1024x188.jpg 1024w, https:\/\/www.playwrights.ca\/wp-content\/uploads\/2018\/10\/Canada-Council-logo_web.jpg 1200w\" sizes=\"auto, (max-width: 300px) 100vw, 300px\" \/>&nbsp;.&nbsp; &nbsp;&nbsp;<img loading=\"lazy\" decoding=\"async\" class=\"alignnone size-medium wp-image-3993\" src=\"https:\/\/www.playwrights.ca\/wp-content\/uploads\/2018\/10\/Cole-Foundation_Logo-300x157.png\" alt=\"Cole Foundation\" width=\"300\" height=\"157\" srcset=\"https:\/\/www.playwrights.ca\/wp-content\/uploads\/2018\/10\/Cole-Foundation_Logo-300x157.png 300w, https:\/\/www.playwrights.ca\/wp-content\/uploads\/2018\/10\/Cole-Foundation_Logo-768x402.png 768w, https:\/\/www.playwrights.ca\/wp-content\/uploads\/2018\/10\/Cole-Foundation_Logo-1024x536.png 1024w, https:\/\/www.playwrights.ca\/wp-content\/uploads\/2018\/10\/Cole-Foundation_Logo.png 1562w\" sizes=\"auto, (max-width: 300px) 100vw, 300px\" \/><\/p>","protected":false},"excerpt":{"rendered":"<p>Pr\u00e9sent\u00e9 par Th\u00e9\u00e2tre Repercussion, d\u00e9velopp\u00e9 en collaboration avec&nbsp;Playwrights\u2019 Workshop Montr\u00e9al Mettant en vedette de nouvelles \u0153uvres inspir\u00e9es par\/dialoguant avec\/qui parle \u00e0 Shakespeare. Thy Women\u2019s Weeds&nbsp;d\u2019Erin Shields Cockroach&nbsp;de Jeff Ho Cockroach&nbsp;de Jeff Ho, ancien auteur et dramaturge et ancien \u00e9l\u00e8ve de Repercussion, est un solo de sa relation tr\u00e8s personnelle avec la langue, la culture, le &hellip; <\/p>\n<p class=\"link-more\"><a href=\"https:\/\/www.playwrights.ca\/fr\/words-with-will-une-nouvelle-serie-de-lecture-de-piece-de-theatre\/\" class=\"more-link\">Continuer la lecture<span class=\"screen-reader-text\"> de &laquo; WORDS WITH WILL : Une nouvelle s\u00e9rie de lecture de pi\u00e8ce de th\u00e9\u00e2tre &raquo;<\/span><\/a><\/p>","protected":false},"author":13,"featured_media":3978,"parent":0,"menu_order":0,"comment_status":"closed","ping_status":"closed","template":"","meta":{"inline_featured_image":false,"ub_ctt_via":"","_exactmetrics_skip_tracking":false,"_exactmetrics_sitenote_active":false,"_exactmetrics_sitenote_note":"","_exactmetrics_sitenote_category":0,"footnotes":""},"class_list":["post-4005","page","type-page","status-publish","has-post-thumbnail","hentry"],"featured_image_src":"https:\/\/www.playwrights.ca\/wp-content\/uploads\/2019\/01\/Words-with-Will_en_web.png","yoast_head":"<!-- This site is optimized with the Yoast SEO plugin v15.0 - https:\/\/yoast.com\/wordpress\/plugins\/seo\/ -->\n<title>WORDS WITH WILL : Une nouvelle s\u00e9rie de lecture de pi\u00e8ce de th\u00e9\u00e2tre - Playwrights&#039; Workshop Montr\u00e9al<\/title>\n<meta name=\"robots\" content=\"index, follow, max-snippet:-1, max-image-preview:large, max-video-preview:-1\" \/>\n<link rel=\"canonical\" href=\"https:\/\/www.playwrights.ca\/fr\/words-with-will-une-nouvelle-serie-de-lecture-de-piece-de-theatre\/\" \/>\n<meta property=\"og:locale\" content=\"fr_CA\" \/>\n<meta property=\"og:type\" content=\"article\" \/>\n<meta property=\"og:title\" content=\"WORDS WITH WILL : Une nouvelle s\u00e9rie de lecture de pi\u00e8ce de th\u00e9\u00e2tre - Playwrights&#039; Workshop Montr\u00e9al\" \/>\n<meta property=\"og:description\" content=\"Pr\u00e9sent\u00e9 par Th\u00e9\u00e2tre Repercussion, d\u00e9velopp\u00e9 en collaboration avec&nbsp;Playwrights\u2019 Workshop Montr\u00e9al Mettant en vedette de nouvelles \u0153uvres inspir\u00e9es par\/dialoguant avec\/qui parle \u00e0 Shakespeare. Thy Women\u2019s Weeds&nbsp;d\u2019Erin Shields Cockroach&nbsp;de Jeff Ho Cockroach&nbsp;de Jeff Ho, ancien auteur et dramaturge et ancien \u00e9l\u00e8ve de Repercussion, est un solo de sa relation tr\u00e8s personnelle avec la langue, la culture, le &hellip; Continuer la lecture de &laquo; WORDS WITH WILL : Une nouvelle s\u00e9rie de lecture de pi\u00e8ce de th\u00e9\u00e2tre &raquo;\" \/>\n<meta property=\"og:url\" content=\"https:\/\/www.playwrights.ca\/fr\/words-with-will-une-nouvelle-serie-de-lecture-de-piece-de-theatre\/\" \/>\n<meta property=\"og:site_name\" content=\"Playwrights&#039; Workshop Montr\u00e9al\" \/>\n<meta property=\"article:publisher\" content=\"https:\/\/www.facebook.com\/PlaywrightsWorkshopMontreal\/\" \/>\n<meta property=\"article:modified_time\" content=\"2019-01-12T00:40:28+00:00\" \/>\n<meta property=\"og:image\" content=\"https:\/\/www.playwrights.ca\/wp-content\/uploads\/2019\/01\/Words-with-Will_en_web.png\" \/>\n\t<meta property=\"og:image:width\" content=\"900\" \/>\n\t<meta property=\"og:image:height\" content=\"500\" \/>\n<meta name=\"twitter:card\" content=\"summary\" \/>\n<meta name=\"twitter:creator\" content=\"@PWMontreal\" \/>\n<meta name=\"twitter:site\" content=\"@PWMontreal\" \/>\n<script type=\"application\/ld+json\" class=\"yoast-schema-graph\">{\"@context\":\"https:\/\/schema.org\",\"@graph\":[{\"@type\":\"WebSite\",\"@id\":\"https:\/\/www.playwrights.ca\/fr\/#website\",\"url\":\"https:\/\/www.playwrights.ca\/fr\/\",\"name\":\"Playwrights&#039; Workshop Montr\\u00e9al\",\"description\":\"Nationally-mandated theatre development centre\",\"potentialAction\":[{\"@type\":\"SearchAction\",\"target\":\"https:\/\/www.playwrights.ca\/fr\/?s={search_term_string}\",\"query-input\":\"required name=search_term_string\"}],\"inLanguage\":\"fr-CA\"},{\"@type\":\"ImageObject\",\"@id\":\"https:\/\/www.playwrights.ca\/fr\/words-with-will-une-nouvelle-serie-de-lecture-de-piece-de-theatre\/#primaryimage\",\"inLanguage\":\"fr-CA\",\"url\":\"https:\/\/www.playwrights.ca\/wp-content\/uploads\/2019\/01\/Words-with-Will_en_web.png\",\"width\":900,\"height\":500,\"caption\":\"Words with Will\"},{\"@type\":\"WebPage\",\"@id\":\"https:\/\/www.playwrights.ca\/fr\/words-with-will-une-nouvelle-serie-de-lecture-de-piece-de-theatre\/#webpage\",\"url\":\"https:\/\/www.playwrights.ca\/fr\/words-with-will-une-nouvelle-serie-de-lecture-de-piece-de-theatre\/\",\"name\":\"WORDS WITH WILL : Une nouvelle s\\u00e9rie de lecture de pi\\u00e8ce de th\\u00e9\\u00e2tre - Playwrights&#039; Workshop Montr\\u00e9al\",\"isPartOf\":{\"@id\":\"https:\/\/www.playwrights.ca\/fr\/#website\"},\"primaryImageOfPage\":{\"@id\":\"https:\/\/www.playwrights.ca\/fr\/words-with-will-une-nouvelle-serie-de-lecture-de-piece-de-theatre\/#primaryimage\"},\"datePublished\":\"2019-01-12T00:32:29+00:00\",\"dateModified\":\"2019-01-12T00:40:28+00:00\",\"inLanguage\":\"fr-CA\",\"potentialAction\":[{\"@type\":\"ReadAction\",\"target\":[\"https:\/\/www.playwrights.ca\/fr\/words-with-will-une-nouvelle-serie-de-lecture-de-piece-de-theatre\/\"]}]}]}<\/script>\n<!-- \/ Yoast SEO plugin. -->","jetpack_sharing_enabled":true,"_links":{"self":[{"href":"https:\/\/www.playwrights.ca\/fr\/wp-json\/wp\/v2\/pages\/4005","targetHints":{"allow":["GET"]}}],"collection":[{"href":"https:\/\/www.playwrights.ca\/fr\/wp-json\/wp\/v2\/pages"}],"about":[{"href":"https:\/\/www.playwrights.ca\/fr\/wp-json\/wp\/v2\/types\/page"}],"author":[{"embeddable":true,"href":"https:\/\/www.playwrights.ca\/fr\/wp-json\/wp\/v2\/users\/13"}],"replies":[{"embeddable":true,"href":"https:\/\/www.playwrights.ca\/fr\/wp-json\/wp\/v2\/comments?post=4005"}],"version-history":[{"count":4,"href":"https:\/\/www.playwrights.ca\/fr\/wp-json\/wp\/v2\/pages\/4005\/revisions"}],"predecessor-version":[{"id":4010,"href":"https:\/\/www.playwrights.ca\/fr\/wp-json\/wp\/v2\/pages\/4005\/revisions\/4010"}],"wp:featuredmedia":[{"embeddable":true,"href":"https:\/\/www.playwrights.ca\/fr\/wp-json\/wp\/v2\/media\/3978"}],"wp:attachment":[{"href":"https:\/\/www.playwrights.ca\/fr\/wp-json\/wp\/v2\/media?parent=4005"}],"curies":[{"name":"wp","href":"https:\/\/api.w.org\/{rel}","templated":true}]}}