{"id":4945,"date":"2019-04-01T17:07:10","date_gmt":"2019-04-01T17:07:10","guid":{"rendered":"https:\/\/www.playwrights.ca\/?page_id=4945"},"modified":"2019-05-07T20:52:32","modified_gmt":"2019-05-07T20:52:32","slug":"exploration-des-pratiques-avec-jesse-stong","status":"publish","type":"page","link":"https:\/\/www.playwrights.ca\/fr\/exploration-des-pratiques-avec-jesse-stong\/","title":{"rendered":"Exploration des pratiques avec Jesse Stong"},"content":{"rendered":"<p>&nbsp;<\/p>\n<p><span style=\"color: #2f0bc3;\"><em>Veuillez noter que cette formation se d\u00e9roulera en anglais.<\/em><\/span><\/p>\n<p><strong>Dates : <\/strong>le 16, 17 et 18 2019&nbsp;<br \/>\n<strong>Heures : <\/strong>18h-22h (Les sessions de groupes se terminent \u00e0 21h.&nbsp; La derni\u00e8re heure sera consacr\u00e9e aux consultations personnelles)<br \/>\n<strong>Lieu :<\/strong>&nbsp;PWM<br \/>\n<strong>Co\u00fbt :<\/strong>&nbsp;45$<em>&nbsp;(Une exemption aux frais peut \u00eatre accord\u00e9e s\u2019ils posent un obstacle \u00e0 quiconque pourrait \u00eatre int\u00e9ress\u00e9\/admissible)<\/em><\/p>\n<p>Par des activit\u00e9s innovatrices et interactives, Jesse Stong (formateur culturel\/auteur dramatique) aidera des artistes<br \/>\n\u00e9mergents \u00e0 r\u00e9diger de solides demandes de subvention pour leurs prochains projets artistiques. De la premi\u00e8re id\u00e9e \u00e0 la<br \/>\nr\u00e9daction de textes dynamiques en passant par des remue-m\u00e9ninges en groupe pour \u00e9tablir et organiser les grandes lignes<br \/>\nd\u2019un projet selon des calendriers et budgets r\u00e9alistes. \u00c0 la fin de ces s\u00e9ances pratiques, chaque participant aura en main<br \/>\nune premi\u00e8re version d\u2019une prochaine demande de subvention, ainsi qu\u2019une trousse de conseils relativement aux diverses<br \/>\nsources de financement, aux strat\u00e9gies de financement ind\u00e9pendant et \u00e0 l\u2019\u00e9tablissement de partenariats en vue de la<br \/>\nr\u00e9alisation de leurs projets.<\/p>\n<p><strong>Directive d&#8217;application :<\/strong><\/p>\n<ul>\n<li>Envoyez un paragraphe d\u00e9crivant votre int\u00e9r\u00eat pour l&#8217;atelier.<\/li>\n<li>Veuillez joindre une biographie et \/ ou un CV.<\/li>\n<li><span lang=\"en-CA\"><span lang=\"en-US\">Envoyez s&#8217;il vous&nbsp;pla\u00eet&nbsp;toutes&nbsp;les applications&nbsp; \u00e0&nbsp;<\/span><\/span><a href=\"mailto:jesse@playwrights.ca\" rel=\"noopener\">jesse@playwrights.ca<\/a>&nbsp;&nbsp;et&nbsp;<a href=\"mailto:harris@playwrights.ca\">harris@playwrights.ca<\/a><\/li>\n<li>Avec&nbsp;ligne objet :&nbsp;Exploration des pratiques avec Jesse&nbsp;Stong&nbsp;<\/li>\n<li>Date&nbsp;limite&nbsp;:&nbsp; Le 4 avril 2019 \u00e0 13h<\/li>\n<\/ul>\n<p><strong>Biographie<\/strong><\/p>\n<p>Jesse est heureux de retourner pour une troisi\u00e8me ann\u00e9e de suite au r\u00f4le de concepteur et directeur de l\u2019Unit\u00e9 des jeunes cr\u00e9ateurs du PWM. Jesse est dipl\u00f4m\u00e9 en \u00e9criture dramatique de l\u2019\u00c9cole nationale de th\u00e9\u00e2tre du Canada et termine actuellement sa ma\u00eetrise en p\u00e9dagogie artistique \u00e0 l\u2019Universit\u00e9 Concordia. Jesse a r\u00e9cemment \u00e9t\u00e9 directeur adjoint au Disability Summit du Centre national des arts et a re\u00e7u le prix de la Fondation Micha\u00eblle Jean en 2016 pour ses ateliers novateurs d\u2019\u00e9criture et de marionnettes destin\u00e9s aux \u00e9coles et aux groupes jeunesse. Jesse est fier d\u2019\u00eatre membre du conseil d\u2019administration de Les Muses : Centre des arts de la sc\u00e8ne, un centre de formation en danse et en interpr\u00e9tation pour les personnes qui vivent avec des diff\u00e9rences intellectuelles, ainsi qu\u2019animateur d\u2019ateliers d\u2019\u00e9criture pour la Quebec Writers\u2019 Federation.<\/p>\n<p>&nbsp;<\/p>\n<p style=\"text-align: center;\">CETTE FORMATION EST R\u00c9ALIS\u00c9E AVEC LE SOUTIEN FINANCIER DE:<\/p>\n<p><img loading=\"lazy\" decoding=\"async\" class=\"aligncenter\" src=\"https:\/\/www.playwrights.ca\/wp-content\/uploads\/2018\/12\/Emploi-Que\u0301bec-and-Compe\u0301tence-Culture-Logos_web-300x64.png\" alt=\"Emploi-Que\u0301bec and Compe\u0301tence Culture Logos\" width=\"300\" height=\"64\"><\/p>","protected":false},"excerpt":{"rendered":"<p>&nbsp; Veuillez noter que cette formation se d\u00e9roulera en anglais. Dates : le 16, 17 et 18 2019&nbsp; Heures : 18h-22h (Les sessions de groupes se terminent \u00e0 21h.&nbsp; La derni\u00e8re heure sera consacr\u00e9e aux consultations personnelles) Lieu :&nbsp;PWM Co\u00fbt :&nbsp;45$&nbsp;(Une exemption aux frais peut \u00eatre accord\u00e9e s\u2019ils posent un obstacle \u00e0 quiconque pourrait \u00eatre &hellip; <\/p>\n<p class=\"link-more\"><a href=\"https:\/\/www.playwrights.ca\/fr\/exploration-des-pratiques-avec-jesse-stong\/\" class=\"more-link\">Continuer la lecture<span class=\"screen-reader-text\"> de &laquo; Exploration des pratiques avec Jesse Stong &raquo;<\/span><\/a><\/p>","protected":false},"author":22,"featured_media":5287,"parent":0,"menu_order":0,"comment_status":"closed","ping_status":"closed","template":"","meta":{"inline_featured_image":false,"ub_ctt_via":"","_exactmetrics_skip_tracking":false,"_exactmetrics_sitenote_active":false,"_exactmetrics_sitenote_note":"","_exactmetrics_sitenote_category":0,"footnotes":""},"class_list":["post-4945","page","type-page","status-publish","has-post-thumbnail","hentry"],"featured_image_src":"https:\/\/www.playwrights.ca\/wp-content\/uploads\/2019\/04\/2019-Explorations-des-pratiques-avec-Jesse-Stong_web.png","yoast_head":"<!-- This site is optimized with the Yoast SEO plugin v15.0 - https:\/\/yoast.com\/wordpress\/plugins\/seo\/ -->\n<title>Exploration des pratiques avec Jesse Stong - Playwrights&#039; Workshop Montr\u00e9al<\/title>\n<meta name=\"robots\" content=\"index, follow, max-snippet:-1, max-image-preview:large, max-video-preview:-1\" \/>\n<link rel=\"canonical\" href=\"https:\/\/www.playwrights.ca\/fr\/exploration-des-pratiques-avec-jesse-stong\/\" \/>\n<meta property=\"og:locale\" content=\"fr_CA\" \/>\n<meta property=\"og:type\" content=\"article\" \/>\n<meta property=\"og:title\" content=\"Exploration des pratiques avec Jesse Stong - Playwrights&#039; Workshop Montr\u00e9al\" \/>\n<meta property=\"og:description\" content=\"&nbsp; Veuillez noter que cette formation se d\u00e9roulera en anglais. Dates : le 16, 17 et 18 2019&nbsp; Heures : 18h-22h (Les sessions de groupes se terminent \u00e0 21h.&nbsp; La derni\u00e8re heure sera consacr\u00e9e aux consultations personnelles) Lieu :&nbsp;PWM Co\u00fbt :&nbsp;45$&nbsp;(Une exemption aux frais peut \u00eatre accord\u00e9e s\u2019ils posent un obstacle \u00e0 quiconque pourrait \u00eatre &hellip; Continuer la lecture de &laquo; Exploration des pratiques avec Jesse Stong &raquo;\" \/>\n<meta property=\"og:url\" content=\"https:\/\/www.playwrights.ca\/fr\/exploration-des-pratiques-avec-jesse-stong\/\" \/>\n<meta property=\"og:site_name\" content=\"Playwrights&#039; Workshop Montr\u00e9al\" \/>\n<meta property=\"article:publisher\" content=\"https:\/\/www.facebook.com\/PlaywrightsWorkshopMontreal\/\" \/>\n<meta property=\"article:modified_time\" content=\"2019-05-07T20:52:32+00:00\" \/>\n<meta property=\"og:image\" content=\"https:\/\/www.playwrights.ca\/wp-content\/uploads\/2019\/04\/2019-Explorations-des-pratiques-avec-Jesse-Stong_web.png\" \/>\n\t<meta property=\"og:image:width\" content=\"900\" \/>\n\t<meta property=\"og:image:height\" content=\"500\" \/>\n<meta name=\"twitter:card\" content=\"summary\" \/>\n<meta name=\"twitter:creator\" content=\"@PWMontreal\" \/>\n<meta name=\"twitter:site\" content=\"@PWMontreal\" \/>\n<script type=\"application\/ld+json\" class=\"yoast-schema-graph\">{\"@context\":\"https:\/\/schema.org\",\"@graph\":[{\"@type\":\"WebSite\",\"@id\":\"https:\/\/www.playwrights.ca\/fr\/#website\",\"url\":\"https:\/\/www.playwrights.ca\/fr\/\",\"name\":\"Playwrights&#039; Workshop Montr\\u00e9al\",\"description\":\"Nationally-mandated theatre development centre\",\"potentialAction\":[{\"@type\":\"SearchAction\",\"target\":\"https:\/\/www.playwrights.ca\/fr\/?s={search_term_string}\",\"query-input\":\"required name=search_term_string\"}],\"inLanguage\":\"fr-CA\"},{\"@type\":\"ImageObject\",\"@id\":\"https:\/\/www.playwrights.ca\/exploration-des-pratiques-avec-jesse-stong\/#primaryimage\",\"inLanguage\":\"fr-CA\",\"url\":\"https:\/\/www.playwrights.ca\/wp-content\/uploads\/2019\/04\/2019-Explorations-des-pratiques-avec-Jesse-Stong_web.png\",\"width\":900,\"height\":500,\"caption\":\"2019 Explorations des pratiques avec Jesse Stong\"},{\"@type\":\"WebPage\",\"@id\":\"https:\/\/www.playwrights.ca\/exploration-des-pratiques-avec-jesse-stong\/#webpage\",\"url\":\"https:\/\/www.playwrights.ca\/exploration-des-pratiques-avec-jesse-stong\/\",\"name\":\"Exploration des pratiques avec Jesse Stong - Playwrights&#039; Workshop Montr\\u00e9al\",\"isPartOf\":{\"@id\":\"https:\/\/www.playwrights.ca\/fr\/#website\"},\"primaryImageOfPage\":{\"@id\":\"https:\/\/www.playwrights.ca\/exploration-des-pratiques-avec-jesse-stong\/#primaryimage\"},\"datePublished\":\"2019-04-01T17:07:10+00:00\",\"dateModified\":\"2019-05-07T20:52:32+00:00\",\"inLanguage\":\"fr-CA\",\"potentialAction\":[{\"@type\":\"ReadAction\",\"target\":[\"https:\/\/www.playwrights.ca\/exploration-des-pratiques-avec-jesse-stong\/\"]}]}]}<\/script>\n<!-- \/ Yoast SEO plugin. -->","jetpack_sharing_enabled":true,"_links":{"self":[{"href":"https:\/\/www.playwrights.ca\/fr\/wp-json\/wp\/v2\/pages\/4945","targetHints":{"allow":["GET"]}}],"collection":[{"href":"https:\/\/www.playwrights.ca\/fr\/wp-json\/wp\/v2\/pages"}],"about":[{"href":"https:\/\/www.playwrights.ca\/fr\/wp-json\/wp\/v2\/types\/page"}],"author":[{"embeddable":true,"href":"https:\/\/www.playwrights.ca\/fr\/wp-json\/wp\/v2\/users\/22"}],"replies":[{"embeddable":true,"href":"https:\/\/www.playwrights.ca\/fr\/wp-json\/wp\/v2\/comments?post=4945"}],"version-history":[{"count":10,"href":"https:\/\/www.playwrights.ca\/fr\/wp-json\/wp\/v2\/pages\/4945\/revisions"}],"predecessor-version":[{"id":5686,"href":"https:\/\/www.playwrights.ca\/fr\/wp-json\/wp\/v2\/pages\/4945\/revisions\/5686"}],"wp:featuredmedia":[{"embeddable":true,"href":"https:\/\/www.playwrights.ca\/fr\/wp-json\/wp\/v2\/media\/5287"}],"wp:attachment":[{"href":"https:\/\/www.playwrights.ca\/fr\/wp-json\/wp\/v2\/media?parent=4945"}],"curies":[{"name":"wp","href":"https:\/\/api.w.org\/{rel}","templated":true}]}}