{"id":6286,"date":"2019-08-30T21:19:10","date_gmt":"2019-08-30T21:19:10","guid":{"rendered":"https:\/\/www.playwrights.ca\/?page_id=6286"},"modified":"2019-08-30T21:19:10","modified_gmt":"2019-08-30T21:19:10","slug":"clea_fr","status":"publish","type":"page","link":"https:\/\/www.playwrights.ca\/fr\/clea_fr\/","title":{"rendered":"\u00c9crire pour le th\u00e9\u00e2tre de marionnettes avec Clea Minaker"},"content":{"rendered":"<h4>\u00c9crire pour le th\u00e9\u00e2tre de marionnettes avec Clea Minaker<\/h4>\n<p><em>Cette formation est pr\u00e9sent\u00e9e en collaboration avec l\u2019AQM (l\u2019Association qu\u00e9b\u00e9coise des marionnettistes)<\/em><\/p>\n<p><b>Dates:<\/b><span style=\"font-weight: 400;\"> le 5 au 8 novembre 2019 (4 jours)<br \/>\n<\/span><b>Heures:<\/b><span style=\"font-weight: 400;\"> 10h \u00e0 15h chaque journ\u00e9e<br \/>\n<\/span><b>Lieu:<\/b><span style=\"font-weight: 400;\">\u00a0 Maison internationale des arts de la marionnette\u00a0: <\/span><span style=\"font-weight: 400;\">30 Avenue Saint-Just, Outremont, QC H2V 1X8<br \/>\n<\/span><b>Frais de participation:<\/b><span style=\"font-weight: 400;\"> $60 (Veuillez nous contacter si ces frais pr\u00e9sentent un obstacle \u00e0 votre participation)<\/span><\/p>\n<h4>\u00c9crire pour le th\u00e9\u00e2tre de marionnettes :\u00a0approches interdisciplinaires de cr\u00e9ation<\/h4>\n<p><span style=\"font-weight: 400;\">Cette formation de quatre jours s\u2019articule autour du th\u00e9\u00e2tre de marionnettes\u00a0 sous forme d\u2019une exploration et exp\u00e9rimentation cr\u00e9atrice.<\/span><\/p>\n<p><span style=\"font-weight: 400;\">Dans le th\u00e9\u00e2tre de marionnettes, les r\u00e9cits se d\u00e9roulent comme des fils interd\u00e9pendants : les objets et les mat\u00e9riaux, le mouvement et la pr\u00e9sence, la lumi\u00e8re, le son et le texte. Lorsque les interpr\u00e8tes activent ces \u00e9l\u00e9ments &#8211; en les mettant en relation les uns avec les autres, avec le temps, et avec l\u2019espace &#8211; un langage po\u00e9tique unique<\/span> <span style=\"font-weight: 400;\">prend forme.<\/span><\/p>\n<p><span style=\"font-weight: 400;\">Cet atelier pose les questions suivantes : que signifie cr\u00e9er et composer dans un langage \u00e0 la fois mat\u00e9riel et temporel ? Comment discuter la dramaturgie visuelle ? Enfin, o\u00f9 commencer lorsqu\u2019on veut &#8220;\u00e9crire&#8221; avec des images ?<\/span><\/p>\n<p><span style=\"font-weight: 400;\">Pendant l&#8217;atelier, les participants seront invit\u00e9s \u00e0 participer \u00e0 des exercices de marionnettes et \u00e0 des spectacles, ainsi qu&#8217;\u00e0 exp\u00e9rimenter avec des supports visuels et des techniques d&#8217;\u00e9criture cr\u00e9ative, afin de b\u00e2tir des narrations visuelles interpr\u00e9t\u00e9es.<\/span><\/p>\n<p><span style=\"font-weight: 400;\">Cet atelier n&#8217;est pas une introduction aux aspects techniques de la cr\u00e9ation ou de la manipulation de marionnettes, on cherche plut\u00f4t \u00e0 interroger l&#8217;interaction entre mat\u00e9riel et interpr\u00e8te. L&#8217;atelier invite les participants de divers horizons (performance, marionnettes, conception, \u00e9criture, technique de la sc\u00e8ne, arts visuels, etc.) \u00e0 acqu\u00e9rir une connaissance profonde des possibilit\u00e9s artistiques uniques offertes par le th\u00e9\u00e2tre de marionnettes.<\/span><\/p>\n<p><span style=\"font-weight: 400;\">Outre des improvisations structur\u00e9es, ainsi que des exercices individuels et en groupe, les participants auront la possibilit\u00e9 d\u2019explorer des projets d\u2019int\u00e9r\u00eat personnel dans le cadre de la formation.<\/span><\/p>\n<p><em><span style=\"font-weight: 400;\">Veuillez noter que cette formation se d\u00e9roulera principalement en anglais, mais de nombreux exercices et discussions se d\u00e9rouleront en anglais et en fran\u00e7ais afin de r\u00e9pondre au mieux aux besoins de tous les participants.<\/span><\/em><\/p>\n<p><b>Comment Postuler\u00a0:<\/b><\/p>\n<p><span style=\"font-weight: 400;\">Pour s\u2019inscrire \u00e0 cet atelier, veuillez soumettre une biographie\/CV ainsi qu\u2019un court texte (1 ou 2 paragraphes) expliquant votre int\u00e9r\u00eat pour l\u2019atelier ainsi que votre exp\u00e9rience en tant que marionnettiste ou artiste interdisciplinaire. Les demandes d\u2019inscription doivent \u00eatre envoy\u00e9es \u00e0 <\/span><a href=\"mailto:harris@playwrights.ca\"><span style=\"font-weight: 400;\">harris@playwrights.ca<\/span><\/a><span style=\"font-weight: 400;\">. La date limite pour postuler est le jeudi le 3 octobre 2019 avant 1pm.<\/span><\/p>\n<p><strong>Biographie de Clea Minaker<\/strong><\/p>\n<p><span style=\"font-weight: 400;\">Clea Minaker est une marionnettiste, conceptrice, directrice et cr\u00e9atrice interdisciplinaire. Dipl\u00f4m\u00e9e de la sixi\u00e8me promotion (2002-2005) de l\u2019\u00c9cole nationale sup\u00e9rieure des arts de la marionnette \u00e0 Charleville-M\u00e9zi\u00e8res, en France. \u00c0 traver ses cr\u00e9ations personnelles, Clea a explor\u00e9 son int\u00e9r\u00eat pour l&#8217;ombre, la lumi\u00e8re, les projections vid\u00e9o en direct, ainsi que la po\u00e9tique de la manipulation et du geste corporel.<\/span><\/p>\n<p><span style=\"font-weight: 400;\">Clea a souvent travaill\u00e9 comme collaboratrice dans les domaines du th\u00e9\u00e2tre, de la musique live, de l\u2019op\u00e9ra, de la danse, du cin\u00e9ma et des\u00a0 arts visuels, notamment avec Feist (The Reminder Tour 2007\/2008), Atom Egoyan, So-called, Kid Koala. Elle a cr\u00e9\u00e9 des \u0153uvres pour : l&#8217;Orchestre du Centre national des Arts, Convergence: an International Summit on Art and Technology at the Banff Centre, IF! Istanbul, le Mus\u00e9e d&#8217;art contemporain de San Diego, et le Festival Casteliers. Clea a cr\u00e9\u00e9 sa premi\u00e8re performance solo The Book of Thel au Th\u00e9\u00e2tre Lachapelle, Sc\u00e8nes Contemporains, en 2013.<\/span><\/p>\n<p><span style=\"font-weight: 400;\">Clea a enseign\u00e9 le th\u00e9\u00e2tre de marionnettes, le th\u00e9\u00e2tre d\u2019ombres et la cr\u00e9ation interdisciplinaire \u00e0 l\u2019UQAM (D.E.S.S. Marionnettes contemporain), l\u2019Universit\u00e9 Concordia, l\u2019\u00c9cole Nationale de Th\u00e9\u00e2tre du Canada, Playwrights\u2019 Workshop Montr\u00e9al, U.B.C.O, l\u2019Universit\u00e9 Mcgill. Elle est actuellement co-directrice du Banff Centre Puppet Intensive\u00a0 offert par The Old Trout Puppet Workshop.<\/span><\/p>\n<p><span style=\"font-weight: 400;\">\u00a0En 2009, Cl\u00e9a<\/span><span style=\"font-weight: 400;\">\u00a0a \u00e9t\u00e9 la\u00a0Prot\u00e9g\u00e9e du Prix Siminovitch en\u00a0sc\u00e9nographie, choisie \u00e0 ce titre par le laur\u00e9at\u00a0Ronnie Burkett.<\/span><\/p>\n<p>Cette formation est offerte en collaboration avec:<\/p>\n<p><img decoding=\"async\" class=\"aligncenter\" src=\"https:\/\/www.playwrights.ca\/wp-content\/uploads\/2019\/08\/logo_aqm_bleu_standard-150x150.jpg\" alt=\"Association qu\u00c3\u00a9b\u00c3\u00a9coise des marionnettistes \" \/><\/p>\n<p>Cette est formation soutenue par\u00a0:<\/p>\n<p><img loading=\"lazy\" decoding=\"async\" class=\"aligncenter wp-image-4053\" src=\"https:\/\/www.playwrights.ca\/wp-content\/uploads\/2018\/12\/Emploi-Que%CC%81bec-and-Compe%CC%81tence-Culture-Logos_web-e1559839721901.png\" alt=\"Emploi-Que\u0301bec and Compe\u0301tence Culture Logos\" width=\"350\" height=\"75\" \/><\/p>","protected":false},"excerpt":{"rendered":"<p>\u00c9crire pour le th\u00e9\u00e2tre de marionnettes avec Clea Minaker Cette formation est pr\u00e9sent\u00e9e en collaboration avec l\u2019AQM (l\u2019Association qu\u00e9b\u00e9coise des marionnettistes) Dates: le 5 au 8 novembre 2019 (4 jours) Heures: 10h \u00e0 15h chaque journ\u00e9e Lieu:\u00a0 Maison internationale des arts de la marionnette\u00a0: 30 Avenue Saint-Just, Outremont, QC H2V 1X8 Frais de participation: $60 &hellip; <\/p>\n<p class=\"link-more\"><a href=\"https:\/\/www.playwrights.ca\/fr\/clea_fr\/\" class=\"more-link\">Continuer la lecture<span class=\"screen-reader-text\"> de &laquo; \u00c9crire pour le th\u00e9\u00e2tre de marionnettes avec Clea Minaker &raquo;<\/span><\/a><\/p>","protected":false},"author":11,"featured_media":6290,"parent":0,"menu_order":0,"comment_status":"closed","ping_status":"closed","template":"","meta":{"inline_featured_image":false,"ub_ctt_via":"","_exactmetrics_skip_tracking":false,"_exactmetrics_sitenote_active":false,"_exactmetrics_sitenote_note":"","_exactmetrics_sitenote_category":0,"footnotes":""},"class_list":["post-6286","page","type-page","status-publish","has-post-thumbnail","hentry"],"featured_image_src":"https:\/\/www.playwrights.ca\/wp-content\/uploads\/2019\/08\/FR-Exploring-Practice-with-Clea_Minaker_website.png","yoast_head":"<!-- This site is optimized with the Yoast SEO plugin v15.0 - https:\/\/yoast.com\/wordpress\/plugins\/seo\/ -->\n<title>\u00c9crire pour le th\u00e9\u00e2tre de marionnettes avec Clea Minaker - Playwrights&#039; Workshop Montr\u00e9al<\/title>\n<meta name=\"robots\" content=\"index, follow, max-snippet:-1, max-image-preview:large, max-video-preview:-1\" \/>\n<link rel=\"canonical\" href=\"https:\/\/www.playwrights.ca\/fr\/clea_fr\/\" \/>\n<meta property=\"og:locale\" content=\"fr_CA\" \/>\n<meta property=\"og:type\" content=\"article\" \/>\n<meta property=\"og:title\" content=\"\u00c9crire pour le th\u00e9\u00e2tre de marionnettes avec Clea Minaker - Playwrights&#039; Workshop Montr\u00e9al\" \/>\n<meta property=\"og:description\" content=\"\u00c9crire pour le th\u00e9\u00e2tre de marionnettes avec Clea Minaker Cette formation est pr\u00e9sent\u00e9e en collaboration avec l\u2019AQM (l\u2019Association qu\u00e9b\u00e9coise des marionnettistes) Dates: le 5 au 8 novembre 2019 (4 jours) Heures: 10h \u00e0 15h chaque journ\u00e9e Lieu:\u00a0 Maison internationale des arts de la marionnette\u00a0: 30 Avenue Saint-Just, Outremont, QC H2V 1X8 Frais de participation: $60 &hellip; Continuer la lecture de &laquo; \u00c9crire pour le th\u00e9\u00e2tre de marionnettes avec Clea Minaker &raquo;\" \/>\n<meta property=\"og:url\" content=\"https:\/\/www.playwrights.ca\/fr\/clea_fr\/\" \/>\n<meta property=\"og:site_name\" content=\"Playwrights&#039; Workshop Montr\u00e9al\" \/>\n<meta property=\"article:publisher\" content=\"https:\/\/www.facebook.com\/PlaywrightsWorkshopMontreal\/\" \/>\n<meta property=\"og:image\" content=\"https:\/\/www.playwrights.ca\/wp-content\/uploads\/2019\/08\/FR-Exploring-Practice-with-Clea_Minaker_website.png\" \/>\n\t<meta property=\"og:image:width\" content=\"900\" \/>\n\t<meta property=\"og:image:height\" content=\"500\" \/>\n<meta name=\"twitter:card\" content=\"summary\" \/>\n<meta name=\"twitter:creator\" content=\"@PWMontreal\" \/>\n<meta name=\"twitter:site\" content=\"@PWMontreal\" \/>\n<script type=\"application\/ld+json\" class=\"yoast-schema-graph\">{\"@context\":\"https:\/\/schema.org\",\"@graph\":[{\"@type\":\"WebSite\",\"@id\":\"https:\/\/www.playwrights.ca\/fr\/#website\",\"url\":\"https:\/\/www.playwrights.ca\/fr\/\",\"name\":\"Playwrights&#039; Workshop Montr\\u00e9al\",\"description\":\"Nationally-mandated theatre development centre\",\"potentialAction\":[{\"@type\":\"SearchAction\",\"target\":\"https:\/\/www.playwrights.ca\/fr\/?s={search_term_string}\",\"query-input\":\"required name=search_term_string\"}],\"inLanguage\":\"fr-CA\"},{\"@type\":\"ImageObject\",\"@id\":\"https:\/\/www.playwrights.ca\/clea_fr\/#primaryimage\",\"inLanguage\":\"fr-CA\",\"url\":\"https:\/\/www.playwrights.ca\/wp-content\/uploads\/2019\/08\/FR-Exploring-Practice-with-Clea_Minaker_website.png\",\"width\":900,\"height\":500},{\"@type\":\"WebPage\",\"@id\":\"https:\/\/www.playwrights.ca\/clea_fr\/#webpage\",\"url\":\"https:\/\/www.playwrights.ca\/clea_fr\/\",\"name\":\"\\u00c9crire pour le th\\u00e9\\u00e2tre de marionnettes avec Clea Minaker - Playwrights&#039; Workshop Montr\\u00e9al\",\"isPartOf\":{\"@id\":\"https:\/\/www.playwrights.ca\/fr\/#website\"},\"primaryImageOfPage\":{\"@id\":\"https:\/\/www.playwrights.ca\/clea_fr\/#primaryimage\"},\"datePublished\":\"2019-08-30T21:19:10+00:00\",\"dateModified\":\"2019-08-30T21:19:10+00:00\",\"inLanguage\":\"fr-CA\",\"potentialAction\":[{\"@type\":\"ReadAction\",\"target\":[\"https:\/\/www.playwrights.ca\/clea_fr\/\"]}]}]}<\/script>\n<!-- \/ Yoast SEO plugin. -->","jetpack_sharing_enabled":true,"_links":{"self":[{"href":"https:\/\/www.playwrights.ca\/fr\/wp-json\/wp\/v2\/pages\/6286","targetHints":{"allow":["GET"]}}],"collection":[{"href":"https:\/\/www.playwrights.ca\/fr\/wp-json\/wp\/v2\/pages"}],"about":[{"href":"https:\/\/www.playwrights.ca\/fr\/wp-json\/wp\/v2\/types\/page"}],"author":[{"embeddable":true,"href":"https:\/\/www.playwrights.ca\/fr\/wp-json\/wp\/v2\/users\/11"}],"replies":[{"embeddable":true,"href":"https:\/\/www.playwrights.ca\/fr\/wp-json\/wp\/v2\/comments?post=6286"}],"version-history":[{"count":4,"href":"https:\/\/www.playwrights.ca\/fr\/wp-json\/wp\/v2\/pages\/6286\/revisions"}],"predecessor-version":[{"id":6293,"href":"https:\/\/www.playwrights.ca\/fr\/wp-json\/wp\/v2\/pages\/6286\/revisions\/6293"}],"wp:featuredmedia":[{"embeddable":true,"href":"https:\/\/www.playwrights.ca\/fr\/wp-json\/wp\/v2\/media\/6290"}],"wp:attachment":[{"href":"https:\/\/www.playwrights.ca\/fr\/wp-json\/wp\/v2\/media?parent=6286"}],"curies":[{"name":"wp","href":"https:\/\/api.w.org\/{rel}","templated":true}]}}