{"id":6742,"date":"2019-11-14T17:55:23","date_gmt":"2019-11-14T22:55:23","guid":{"rendered":"https:\/\/www.playwrights.ca\/?page_id=6742"},"modified":"2023-08-30T09:23:21","modified_gmt":"2023-08-30T13:23:21","slug":"home","status":"publish","type":"page","link":"https:\/\/www.playwrights.ca\/fr\/","title":{"rendered":"Accueil"},"content":{"rendered":"<article class=\"pwmhome\">\n<div class=\"process\">\n<h1 class=\"padded-multiline\"><a href=\"https:\/\/www.playwrights.ca\/fr\/who-we-are\/\">Nous sommes un centre de d\u00e9veloppement th\u00e9\u00e2tral participant \u00e0 la cr\u00e9ation d\u2019oeuvres nouvelles.<\/a><\/h1>\n<h5><a href=\"https:\/\/www.playwrights.ca\/fr\/dramaturgy-at-pwm\/\"><span class=\"stronger\">D\u00e9couvrez-nous<\/span><\/a><\/h5>\n<\/div>\n<hr>\n<div class=\"latest\">\n<h2 class=\"hometitle\">Derni\u00e8res nouvelles:<\/h2>\n<p>&nbsp;<\/p>\n<center><span id=\"black-hover\" class=\"hiblack\"><div class=\"pt-cv-wrapper\"><div class=\"pt-cv-view pt-cv-grid pt-cv-colsys\" id=\"pt-cv-view-871fe2apux\"><div data-id=\"pt-cv-page-1\" class=\"pt-cv-page\" data-cvc=\"4\"><div class=\"col-md-3 col-sm-6 col-xs-12 pt-cv-content-item pt-cv-1-col\" ><div class='pt-cv-ifield'><a href=\"https:\/\/www.playwrights.ca\/fr\/2026\/03\/23\/the-2026-gros-morne-playwrights-residency-is-now-accepting-applications\/\" class=\"_self pt-cv-href-thumbnail pt-cv-thumb-default\" target=\"_self\" ><img loading=\"lazy\" decoding=\"async\" width=\"525\" height=\"175\" src=\"https:\/\/www.playwrights.ca\/wp-content\/uploads\/2026\/03\/2026-Gros-Morne-Playwrights-Residency-Website-Banners-1024x341.png\" class=\"pt-cv-thumbnail\" alt=\"A view of the Bonne Bay Aquarium and Research Station at the Gros Morne National Park. On the upper left side, the words Call for Applications written in white. Beneath, the words Gros Morne Playwrights&#039; Residency 2026 written in white.\" srcset=\"https:\/\/www.playwrights.ca\/wp-content\/uploads\/2026\/03\/2026-Gros-Morne-Playwrights-Residency-Website-Banners-1024x341.png 1024w, https:\/\/www.playwrights.ca\/wp-content\/uploads\/2026\/03\/2026-Gros-Morne-Playwrights-Residency-Website-Banners-300x100.png 300w, https:\/\/www.playwrights.ca\/wp-content\/uploads\/2026\/03\/2026-Gros-Morne-Playwrights-Residency-Website-Banners-150x50.png 150w, https:\/\/www.playwrights.ca\/wp-content\/uploads\/2026\/03\/2026-Gros-Morne-Playwrights-Residency-Website-Banners-768x256.png 768w, https:\/\/www.playwrights.ca\/wp-content\/uploads\/2026\/03\/2026-Gros-Morne-Playwrights-Residency-Website-Banners-1536x512.png 1536w, https:\/\/www.playwrights.ca\/wp-content\/uploads\/2026\/03\/2026-Gros-Morne-Playwrights-Residency-Website-Banners-18x6.png 18w, https:\/\/www.playwrights.ca\/wp-content\/uploads\/2026\/03\/2026-Gros-Morne-Playwrights-Residency-Website-Banners.png 1872w\" sizes=\"auto, 100vw\" \/><\/a>\n<p class=\"pt-cv-title\"><a href=\"https:\/\/www.playwrights.ca\/fr\/2026\/03\/23\/the-2026-gros-morne-playwrights-residency-is-now-accepting-applications\/\" class=\"_self\" target=\"_self\" >The 2026 Gros Morne Playwrights\u2019 Residency is now accepting applications.<\/a><\/p><\/div><\/div>\n<div class=\"col-md-3 col-sm-6 col-xs-12 pt-cv-content-item pt-cv-1-col\" ><div class='pt-cv-ifield'><a href=\"https:\/\/www.playwrights.ca\/fr\/2026\/02\/04\/adaptation-101-from-inspiration-to-action-with-nick-carpenter\/\" class=\"_self pt-cv-href-thumbnail pt-cv-thumb-default\" target=\"_self\" ><img loading=\"lazy\" decoding=\"async\" width=\"525\" height=\"175\" src=\"https:\/\/www.playwrights.ca\/wp-content\/uploads\/2026\/02\/2025-2026-Exploring-Practice-Website-Banners-5-1024x341.png\" class=\"pt-cv-thumbnail\" alt=\"A royal blue background with a green paint spatter on the upper left corner. On the left side of the banner, written in white, the words Exploring Practice. To the right of these words, a headshot of the workshop facilitator, Nick Carpenter.\" srcset=\"https:\/\/www.playwrights.ca\/wp-content\/uploads\/2026\/02\/2025-2026-Exploring-Practice-Website-Banners-5-1024x341.png 1024w, https:\/\/www.playwrights.ca\/wp-content\/uploads\/2026\/02\/2025-2026-Exploring-Practice-Website-Banners-5-300x100.png 300w, https:\/\/www.playwrights.ca\/wp-content\/uploads\/2026\/02\/2025-2026-Exploring-Practice-Website-Banners-5-150x50.png 150w, https:\/\/www.playwrights.ca\/wp-content\/uploads\/2026\/02\/2025-2026-Exploring-Practice-Website-Banners-5-768x256.png 768w, https:\/\/www.playwrights.ca\/wp-content\/uploads\/2026\/02\/2025-2026-Exploring-Practice-Website-Banners-5-1536x512.png 1536w, https:\/\/www.playwrights.ca\/wp-content\/uploads\/2026\/02\/2025-2026-Exploring-Practice-Website-Banners-5-18x6.png 18w, https:\/\/www.playwrights.ca\/wp-content\/uploads\/2026\/02\/2025-2026-Exploring-Practice-Website-Banners-5.png 1872w\" sizes=\"auto, 100vw\" \/><\/a>\n<p class=\"pt-cv-title\"><a href=\"https:\/\/www.playwrights.ca\/fr\/2026\/02\/04\/adaptation-101-from-inspiration-to-action-with-nick-carpenter\/\" class=\"_self\" target=\"_self\" >Adaptation 101; From Inspiration to Action with Nick Carpenter<\/a><\/p><\/div><\/div>\n<div class=\"col-md-3 col-sm-6 col-xs-12 pt-cv-content-item pt-cv-1-col\" ><div class='pt-cv-ifield'><a href=\"https:\/\/www.playwrights.ca\/fr\/2026\/01\/26\/2026-glassco-translation-residency-in-tadoussac\/\" class=\"_self pt-cv-href-thumbnail pt-cv-thumb-default\" target=\"_self\" ><img loading=\"lazy\" decoding=\"async\" width=\"525\" height=\"175\" src=\"https:\/\/www.playwrights.ca\/wp-content\/uploads\/2026\/01\/Untitled-design-14-1024x341.png\" class=\"pt-cv-thumbnail\" alt=\"A view of Tadoussac from a window at Fletcher Cottage. The words 2026 Glassco Translation Residency in Tadoussac, Call for Applications written in white, with a brown highlight.\" srcset=\"https:\/\/www.playwrights.ca\/wp-content\/uploads\/2026\/01\/Untitled-design-14-1024x341.png 1024w, https:\/\/www.playwrights.ca\/wp-content\/uploads\/2026\/01\/Untitled-design-14-300x100.png 300w, https:\/\/www.playwrights.ca\/wp-content\/uploads\/2026\/01\/Untitled-design-14-150x50.png 150w, https:\/\/www.playwrights.ca\/wp-content\/uploads\/2026\/01\/Untitled-design-14-768x256.png 768w, https:\/\/www.playwrights.ca\/wp-content\/uploads\/2026\/01\/Untitled-design-14-1536x512.png 1536w, https:\/\/www.playwrights.ca\/wp-content\/uploads\/2026\/01\/Untitled-design-14-18x6.png 18w, https:\/\/www.playwrights.ca\/wp-content\/uploads\/2026\/01\/Untitled-design-14.png 1872w\" sizes=\"auto, 100vw\" \/><\/a>\n<p class=\"pt-cv-title\"><a href=\"https:\/\/www.playwrights.ca\/fr\/2026\/01\/26\/2026-glassco-translation-residency-in-tadoussac\/\" class=\"_self\" target=\"_self\" >2026 Glassco Translation Residency in Tadoussac<\/a><\/p><\/div><\/div>\n<div class=\"col-md-3 col-sm-6 col-xs-12 pt-cv-content-item pt-cv-1-col\" ><div class='pt-cv-ifield'><a href=\"https:\/\/www.playwrights.ca\/fr\/2025\/11\/20\/impact-creation-2025-support-emerging-theatre-creators\/\" class=\"_self pt-cv-href-thumbnail pt-cv-thumb-default\" target=\"_self\" ><img loading=\"lazy\" decoding=\"async\" width=\"525\" height=\"175\" src=\"https:\/\/www.playwrights.ca\/wp-content\/uploads\/2025\/11\/Impact-Creation-2025-2026-Website-Banner-10-1024x341.png\" class=\"pt-cv-thumbnail\" alt=\"\" srcset=\"https:\/\/www.playwrights.ca\/wp-content\/uploads\/2025\/11\/Impact-Creation-2025-2026-Website-Banner-10-1024x341.png 1024w, https:\/\/www.playwrights.ca\/wp-content\/uploads\/2025\/11\/Impact-Creation-2025-2026-Website-Banner-10-300x100.png 300w, https:\/\/www.playwrights.ca\/wp-content\/uploads\/2025\/11\/Impact-Creation-2025-2026-Website-Banner-10-150x50.png 150w, https:\/\/www.playwrights.ca\/wp-content\/uploads\/2025\/11\/Impact-Creation-2025-2026-Website-Banner-10-768x256.png 768w, https:\/\/www.playwrights.ca\/wp-content\/uploads\/2025\/11\/Impact-Creation-2025-2026-Website-Banner-10-1536x512.png 1536w, https:\/\/www.playwrights.ca\/wp-content\/uploads\/2025\/11\/Impact-Creation-2025-2026-Website-Banner-10-18x6.png 18w, https:\/\/www.playwrights.ca\/wp-content\/uploads\/2025\/11\/Impact-Creation-2025-2026-Website-Banner-10.png 1872w\" sizes=\"auto, 100vw\" \/><\/a>\n<p class=\"pt-cv-title\"><a href=\"https:\/\/www.playwrights.ca\/fr\/2025\/11\/20\/impact-creation-2025-support-emerging-theatre-creators\/\" class=\"_self\" target=\"_self\" >Impact Creation 2025: Support Emerging Theatre Creators<\/a><\/p><\/div><\/div><\/div><\/div><\/div><\/span><\/center>\n<p>&nbsp;<\/p>\n<h5><span class=\"stronger fixit\"><a href=\"https:\/\/www.playwrights.ca\/fr\/latest-news\/\">Plus de nouvelles<\/a><\/span><\/h5>\n<\/div>\n<hr>\n<div class=\"programs\">\n<h2 class=\"hometitle\">Nos programmes sont tous orient\u00e9s vers la collaboration et le d\u00e9veloppement artistique.<\/h2>\n<h5 class=\"has-text-align-center\"><span style=\"color: #808080;\">Explore some of our programs:<\/span><\/h5>\n<h5 class=\"has-text-align-center\">&nbsp;<a href=\"https:\/\/www.playwrights.ca\/fr\/professional-development\/\">D\u00e9veloppement Professionnel<\/a>,&nbsp;<a href=\"https:\/\/www.playwrights.ca\/fr\/residencies-programming\/\">Residencies &amp; programming<\/a>,&nbsp;<a href=\"https:\/\/www.playwrights.ca\/fr\/partnerships\/\">Partnerships<\/a><\/h5>\n<article>\n<div>&nbsp;<\/div>\n<\/article>\n<\/div>\n<\/article>","protected":false},"excerpt":{"rendered":"<p>We&#8217;re a theatre creation &amp; development centre sparking collaborative exploration of new work. Discover our process Latest news at PWM: &nbsp; &nbsp; Read more news Our programs encourage exchange and expansion. Explore some of our programs: &nbsp;Professional Development,&nbsp;Residencies &amp; programming,&nbsp;Partnerships &nbsp;<\/p>","protected":false},"author":14,"featured_media":0,"parent":0,"menu_order":0,"comment_status":"closed","ping_status":"closed","template":"","meta":{"inline_featured_image":false,"ub_ctt_via":"","_exactmetrics_skip_tracking":false,"_exactmetrics_sitenote_active":false,"_exactmetrics_sitenote_note":"","_exactmetrics_sitenote_category":0,"footnotes":""},"class_list":["post-6742","page","type-page","status-publish","hentry"],"featured_image_src":null,"yoast_head":"<!-- This site is optimized with the Yoast SEO plugin v15.0 - https:\/\/yoast.com\/wordpress\/plugins\/seo\/ -->\n<title>Playwrights&#039; Workshop Montr\u00e9al - explore our programs<\/title>\n<meta name=\"description\" content=\"PWM is a nationally-mandated theatre development centre. We partner with artists and theatre companies to create and develop new work for the stage.\" \/>\n<meta name=\"robots\" content=\"index, follow, max-snippet:-1, max-image-preview:large, max-video-preview:-1\" \/>\n<link rel=\"canonical\" href=\"https:\/\/www.playwrights.ca\/fr\/\" \/>\n<meta property=\"og:locale\" content=\"fr_CA\" \/>\n<meta property=\"og:type\" content=\"article\" \/>\n<meta property=\"og:title\" content=\"Playwrights&#039; Workshop Montr\u00e9al - explore our programs\" \/>\n<meta property=\"og:description\" content=\"PWM is a nationally-mandated theatre development centre. We partner with artists and theatre companies to create and develop new work for the stage.\" \/>\n<meta property=\"og:url\" content=\"https:\/\/www.playwrights.ca\/fr\/\" \/>\n<meta property=\"og:site_name\" content=\"Playwrights&#039; Workshop Montr\u00e9al\" \/>\n<meta property=\"article:publisher\" content=\"https:\/\/www.facebook.com\/PlaywrightsWorkshopMontreal\/\" \/>\n<meta property=\"article:modified_time\" content=\"2023-08-30T13:23:21+00:00\" \/>\n<meta name=\"twitter:card\" content=\"summary\" \/>\n<meta name=\"twitter:creator\" content=\"@PWMontreal\" \/>\n<meta name=\"twitter:site\" content=\"@PWMontreal\" \/>\n<script type=\"application\/ld+json\" class=\"yoast-schema-graph\">{\"@context\":\"https:\/\/schema.org\",\"@graph\":[{\"@type\":\"WebSite\",\"@id\":\"https:\/\/www.playwrights.ca\/fr\/#website\",\"url\":\"https:\/\/www.playwrights.ca\/fr\/\",\"name\":\"Playwrights&#039; Workshop Montr\\u00e9al\",\"description\":\"Nationally-mandated theatre development centre\",\"potentialAction\":[{\"@type\":\"SearchAction\",\"target\":\"https:\/\/www.playwrights.ca\/fr\/?s={search_term_string}\",\"query-input\":\"required name=search_term_string\"}],\"inLanguage\":\"fr-CA\"},{\"@type\":\"WebPage\",\"@id\":\"https:\/\/www.playwrights.ca\/#webpage\",\"url\":\"https:\/\/www.playwrights.ca\/\",\"name\":\"Playwrights' Workshop Montr\\u00e9al - explore our programs\",\"isPartOf\":{\"@id\":\"https:\/\/www.playwrights.ca\/fr\/#website\"},\"datePublished\":\"2019-11-14T22:55:23+00:00\",\"dateModified\":\"2023-08-30T13:23:21+00:00\",\"description\":\"PWM is a nationally-mandated theatre development centre. We partner with artists and theatre companies to create and develop new work for the stage.\",\"inLanguage\":\"fr-CA\",\"potentialAction\":[{\"@type\":\"ReadAction\",\"target\":[\"https:\/\/www.playwrights.ca\/\"]}]}]}<\/script>\n<!-- \/ Yoast SEO plugin. -->","jetpack_sharing_enabled":true,"_links":{"self":[{"href":"https:\/\/www.playwrights.ca\/fr\/wp-json\/wp\/v2\/pages\/6742","targetHints":{"allow":["GET"]}}],"collection":[{"href":"https:\/\/www.playwrights.ca\/fr\/wp-json\/wp\/v2\/pages"}],"about":[{"href":"https:\/\/www.playwrights.ca\/fr\/wp-json\/wp\/v2\/types\/page"}],"author":[{"embeddable":true,"href":"https:\/\/www.playwrights.ca\/fr\/wp-json\/wp\/v2\/users\/14"}],"replies":[{"embeddable":true,"href":"https:\/\/www.playwrights.ca\/fr\/wp-json\/wp\/v2\/comments?post=6742"}],"version-history":[{"count":16,"href":"https:\/\/www.playwrights.ca\/fr\/wp-json\/wp\/v2\/pages\/6742\/revisions"}],"predecessor-version":[{"id":14743,"href":"https:\/\/www.playwrights.ca\/fr\/wp-json\/wp\/v2\/pages\/6742\/revisions\/14743"}],"wp:attachment":[{"href":"https:\/\/www.playwrights.ca\/fr\/wp-json\/wp\/v2\/media?parent=6742"}],"curies":[{"name":"wp","href":"https:\/\/api.w.org\/{rel}","templated":true}]}}