{"id":8241,"date":"2020-11-06T07:26:52","date_gmt":"2020-11-06T12:26:52","guid":{"rendered":"https:\/\/www.playwrights.ca\/?page_id=8241"},"modified":"2023-12-19T09:25:59","modified_gmt":"2023-12-19T14:25:59","slug":"pwm-mai-joint-support","status":"publish","type":"page","link":"https:\/\/www.playwrights.ca\/fr\/pwm-mai-joint-support\/","title":{"rendered":"accompagnement jumel\u00e9 aux artistes int\u00e9ress\u00e9.e.s par une collaboration avec un.e conseiller.\u00e8re dramaturgique"},"content":{"rendered":"<p><strong>Through this program, Playwrights\u2019 Workshop Montr\u00e9al and the MAI<\/strong><a href=\"https:\/\/www.m-a-i.qc.ca\"><strong> (Montr\u00e9al, arts interculturels)<\/strong><\/a><strong> join forces to support <\/strong>artists in theatre, performance, dance, circus, interdisciplinary arts and visual arts (with a performance component) who are interested in working with a dramaturg from theatre and performance. <strong>&nbsp;<\/strong><\/p>\n\n\n\n<p>This partnership between PWM and the MAI accompanies creators (individuals or collectives) on their journey to develop a project and explore their practice, and is intended for artists who identify as Indigenous (First Nations, M\u00e9tis, and Inuit), Black, POC, racialized (including recent immigrants), 2SLGBTQQIPAA+, d\/Deaf, neurodivergent, disabled, living with chronic illness and\/or chronic pain.&nbsp;<\/p>\n\n\n\n<div class=\"wp-block-getwid-section getwid-margin-bottom-none\"><div class=\"wp-block-getwid-section__wrapper getwid-padding-bottom-none\" style=\"margin-left:25%;margin-right:25%\"><div class=\"wp-block-getwid-section__inner-wrapper\"><div class=\"wp-block-getwid-section__background-holder\"><div class=\"wp-block-getwid-section__background\"><\/div><div class=\"wp-block-getwid-section__foreground\"><\/div><\/div><div class=\"wp-block-getwid-section__content\"><div class=\"wp-block-getwid-section__inner-content\">\n<div class=\"wp-block-columns are-vertically-aligned-center is-layout-flex wp-container-core-columns-is-layout-9d6595d7 wp-block-columns-is-layout-flex\">\n<div class=\"wp-block-column is-vertically-aligned-center is-layout-flow wp-block-column-is-layout-flow\"><div class=\"wp-block-image\">\n<figure class=\"aligncenter size-medium is-resized\"><a href=\"https:\/\/www.playwrights.ca\/fr\/\" target=\"_blank\" rel=\"noopener noreferrer\"><img loading=\"lazy\" decoding=\"async\" src=\"https:\/\/www.playwrights.ca\/wp-content\/uploads\/2019\/01\/PWM-Logo-2018_Color-300x225.png\" alt=\"PWM logo\" class=\"wp-image-3928\" width=\"150\" height=\"113\" srcset=\"https:\/\/www.playwrights.ca\/wp-content\/uploads\/2019\/01\/PWM-Logo-2018_Color-300x225.png 300w, https:\/\/www.playwrights.ca\/wp-content\/uploads\/2019\/01\/PWM-Logo-2018_Color-768x576.png 768w, https:\/\/www.playwrights.ca\/wp-content\/uploads\/2019\/01\/PWM-Logo-2018_Color-1024x768.png 1024w\" sizes=\"auto, (max-width: 150px) 100vw, 150px\" \/><\/a><\/figure>\n<\/div>\n\n\n<p><\/p>\n<\/div>\n\n\n\n<div class=\"wp-block-column is-vertically-aligned-center is-layout-flow wp-block-column-is-layout-flow\"><div class=\"wp-block-image\">\n<figure class=\"aligncenter size-medium is-resized\"><a href=\"https:\/\/www.m-a-i.qc.ca\" target=\"_blank\" rel=\"noopener noreferrer\"><img loading=\"lazy\" decoding=\"async\" src=\"https:\/\/www.playwrights.ca\/wp-content\/uploads\/2020\/07\/mai_logo-300x167.png\" alt=\"\" class=\"wp-image-7949\" width=\"150\" height=\"84\" srcset=\"https:\/\/www.playwrights.ca\/wp-content\/uploads\/2020\/07\/mai_logo-300x167.png 300w, https:\/\/www.playwrights.ca\/wp-content\/uploads\/2020\/07\/mai_logo-768x427.png 768w, https:\/\/www.playwrights.ca\/wp-content\/uploads\/2020\/07\/mai_logo.png 900w\" sizes=\"auto, (max-width: 150px) 100vw, 150px\" \/><\/a><\/figure>\n<\/div>\n\n\n<p><\/p>\n<\/div>\n<\/div>\n<\/div><\/div><\/div><\/div><\/div>\n\n\n\n<h2 class=\"wp-block-heading\">Goals<\/h2>\n\n\n\n<p>The PWM + MAI joint support is aimed at artists encountering structural and systemic obstacles to their full participation in the arts because of their claimed identity and\/or perceived identity in society. The program strives to eliminate barriers to their full participation in the arts by offering financial allocations and guidance that are adapted to the learning and creative needs and desires of each participant.&nbsp;<\/p>\n\n\n\n<p>The PWM + MAI joint support is part of the MAI\u2019s Alliance program. The program includes three streams: general program, joint supports and punctual supports. If you want more information on the <strong>general program<\/strong>, <strong>punctual supports <\/strong>and\/or<strong> other joint support programs<\/strong>, please visit the <a href=\"https:\/\/www.m-a-i.qc.ca\">MAI website<\/a> for specific guidelines relative to each stream.<\/p>\n\n\n\n<h2 class=\"wp-block-heading\">Working with a dramaturg at PWM<\/h2>\n\n\n\n<p><strong>Dramaturgie<\/strong> is an exploration of all the elements that make a work, how they are brought together to create meaning, and what the process for developing that work might be. PWM primarily works on projects that centre text and narrative but also on pieces where text and storytelling are not the primary components or concerns.<\/p>\n\n\n\n<p>PWM\u2019s work centres the artist and our dynamic collaborative process is tailored to meet the needs of their project. We listen deeply to understand who an artist is, what they are making and how they want their work to evolve. We offer feedback and reflection through questions and conversation and often accompany the artists from draft to draft or iteration to iteration. We work one-on-one, but also through workshops and residencies.<\/p>\n\n\n\n<p>PWM understands that the work of playwriting and performance making is not created in a vacuum, but that it interacts with society. Theatre can be impactful, and therefore PWM considers not only how a piece is made and by whom, but also its effect and meaning beyond the walls of its creation studio.<\/p>\n\n\n\n<h2 class=\"wp-block-heading\">Support Provided<\/h2>\n\n\n\n<p>The PWM + MAI joint support offers the following to the selected artist:&nbsp;&nbsp;<\/p>\n\n\n\n<ul class=\"wp-block-list\">\n<li>Aide personnalis\u00e9e \u00e0 la coordination de projet<\/li>\n\n\n\n<li>$5,000 fund allocation from the MAI for the development of a project*;<\/li>\n\n\n\n<li>Training, referrals, collective reflection opportunities, and other support meetings;<\/li>\n\n\n\n<li>80 hours of access to the MAI rehearsal studios;<\/li>\n\n\n\n<li>30 hours with a PWM dramaturg, including a 20 hour workshop or residency in PWM\u2019s studio<\/li>\n<\/ul>\n\n\n\n<p>*The PWM + MAI joint support for artists interested in working with a dramaturg is not a grant program. <strong>The program offers an allocation of funds ($5,000) for the artists to establish mentorships and collaborations, supporting their learning and creation process (for example, to work with a mentor, a sound designer, a choreographer, a grant writer, or other experts and collaborators).<\/strong> You can read \u2018<a href=\"https:\/\/www.m-a-i.qc.ca\/wp-content\/uploads\/2020\/06\/alliance-allocationsFR.pdf\">Les allocations du MAI : fonctionnement<\/a>\u2019 for more information about what is eligible and ineligible in spending these funds on your work.<\/p>\n\n\n\n<div class=\"wp-block-getwid-section\"><div class=\"wp-block-getwid-section__wrapper\"><div class=\"wp-block-getwid-section__inner-wrapper\"><div class=\"wp-block-getwid-section__background-holder\"><div class=\"wp-block-getwid-section__background has-background\" style=\"background-color:#f9f8fb\"><\/div><div class=\"wp-block-getwid-section__foreground\"><\/div><\/div><div class=\"wp-block-getwid-section__content\"><div class=\"wp-block-getwid-section__inner-content\">\n<p class=\"has-text-color\" style=\"color:#2f0bc3\"><strong>Applications for the 2023-2024 PWM + MAI Joint Support Program for Artists are now closed.<\/strong><\/p>\n<\/div><\/div><\/div><\/div><\/div>\n\n\n\n<h2 class=\"wp-block-heading\">Program History<\/h2>\n\n\n\n<div class=\"wp-block-getwid-content-timeline\" data-animation=\"none\" data-filling=\"true\"><div class=\"wp-block-getwid-content-timeline__line\"><div class=\"wp-block-getwid-content-timeline__bar\"><\/div><\/div><div class=\"wp-block-getwid-content-timeline__wrapper\">\n<div class=\"wp-block-getwid-content-timeline-item\"><div class=\"wp-block-getwid-content-timeline-item__wrapper\"><div class=\"wp-block-getwid-content-timeline-item__card\"><div class=\"wp-block-getwid-content-timeline-item__card-wrapper\"><div class=\"wp-block-getwid-content-timeline-item__image-wrapper\"><img loading=\"lazy\" decoding=\"async\" width=\"1920\" height=\"1080\" class=\"wp-block-getwid-content-timeline-item__image wp-image-15645\" src=\"https:\/\/www.playwrights.ca\/wp-content\/uploads\/2023\/12\/Ulfet-Sevdi-Announcement-PWMMAI.png\" alt=\"\" srcset=\"https:\/\/www.playwrights.ca\/wp-content\/uploads\/2023\/12\/Ulfet-Sevdi-Announcement-PWMMAI.png 1920w, https:\/\/www.playwrights.ca\/wp-content\/uploads\/2023\/12\/Ulfet-Sevdi-Announcement-PWMMAI-300x169.png 300w, https:\/\/www.playwrights.ca\/wp-content\/uploads\/2023\/12\/Ulfet-Sevdi-Announcement-PWMMAI-1024x576.png 1024w, https:\/\/www.playwrights.ca\/wp-content\/uploads\/2023\/12\/Ulfet-Sevdi-Announcement-PWMMAI-768x432.png 768w, https:\/\/www.playwrights.ca\/wp-content\/uploads\/2023\/12\/Ulfet-Sevdi-Announcement-PWMMAI-1536x864.png 1536w, https:\/\/www.playwrights.ca\/wp-content\/uploads\/2023\/12\/Ulfet-Sevdi-Announcement-PWMMAI-18x10.png 18w\" sizes=\"auto, (max-width: 706px) 89vw, (max-width: 767px) 82vw, 740px\" \/><\/div><div class=\"wp-block-getwid-content-timeline-item__content-wrapper\">\n<h3 class=\"wp-block-heading\"><a href=\"https:\/\/www.playwrights.ca\/fr\/2023\/12\/10\/pwmmai-joint-support-artists-2023\/\">Introducing 2023-2024 PWM+MAI Joint Support Artist \u00dclfet Sevdi<\/a><\/h3>\n\n\n\n<p><\/p>\n<\/div><\/div><\/div><div class=\"wp-block-getwid-content-timeline-item__point\"><div class=\"wp-block-getwid-content-timeline-item__point-content\"><\/div><\/div><div class=\"wp-block-getwid-content-timeline-item__meta\"><\/div><\/div><\/div>\n\n\n\n<div class=\"wp-block-getwid-content-timeline-item\"><div class=\"wp-block-getwid-content-timeline-item__wrapper\"><div class=\"wp-block-getwid-content-timeline-item__card\"><div class=\"wp-block-getwid-content-timeline-item__card-wrapper\"><div class=\"wp-block-getwid-content-timeline-item__image-wrapper\"><img loading=\"lazy\" decoding=\"async\" width=\"1920\" height=\"1080\" class=\"wp-block-getwid-content-timeline-item__image wp-image-15199\" src=\"https:\/\/www.playwrights.ca\/wp-content\/uploads\/2023\/09\/1.jpg\" alt=\"\" srcset=\"https:\/\/www.playwrights.ca\/wp-content\/uploads\/2023\/09\/1.jpg 1920w, https:\/\/www.playwrights.ca\/wp-content\/uploads\/2023\/09\/1-300x169.jpg 300w, https:\/\/www.playwrights.ca\/wp-content\/uploads\/2023\/09\/1-1024x576.jpg 1024w, https:\/\/www.playwrights.ca\/wp-content\/uploads\/2023\/09\/1-768x432.jpg 768w, https:\/\/www.playwrights.ca\/wp-content\/uploads\/2023\/09\/1-1536x864.jpg 1536w, https:\/\/www.playwrights.ca\/wp-content\/uploads\/2023\/09\/1-18x10.jpg 18w\" sizes=\"auto, (max-width: 706px) 89vw, (max-width: 767px) 82vw, 740px\" \/><\/div><div class=\"wp-block-getwid-content-timeline-item__content-wrapper\">\n<h3 class=\"wp-block-heading\"><a href=\"https:\/\/www.playwrights.ca\/fr\/2021\/11\/05\/pwmmai-joint-support-artist\/\">Introducing 2021-2022 PWM+MAI Joint Support Artist Jamila &#8216;Jai&#8217; Joseph<\/a><\/h3>\n\n\n\n<p><\/p>\n<\/div><\/div><\/div><div class=\"wp-block-getwid-content-timeline-item__point\"><div class=\"wp-block-getwid-content-timeline-item__point-content\"><\/div><\/div><div class=\"wp-block-getwid-content-timeline-item__meta\"><\/div><\/div><\/div>\n\n\n\n<div class=\"wp-block-getwid-content-timeline-item\"><div class=\"wp-block-getwid-content-timeline-item__wrapper\"><div class=\"wp-block-getwid-content-timeline-item__card\"><div class=\"wp-block-getwid-content-timeline-item__card-wrapper\"><div class=\"wp-block-getwid-content-timeline-item__image-wrapper\"><img loading=\"lazy\" decoding=\"async\" width=\"1920\" height=\"1080\" class=\"wp-block-getwid-content-timeline-item__image wp-image-8493\" src=\"https:\/\/www.playwrights.ca\/wp-content\/uploads\/2021\/01\/2020-PWMMAI-joint-support-artist-hero-image-FR.png\" alt=\"\" srcset=\"https:\/\/www.playwrights.ca\/wp-content\/uploads\/2021\/01\/2020-PWMMAI-joint-support-artist-hero-image-FR.png 1920w, https:\/\/www.playwrights.ca\/wp-content\/uploads\/2021\/01\/2020-PWMMAI-joint-support-artist-hero-image-FR-300x169.png 300w, https:\/\/www.playwrights.ca\/wp-content\/uploads\/2021\/01\/2020-PWMMAI-joint-support-artist-hero-image-FR-1024x576.png 1024w, https:\/\/www.playwrights.ca\/wp-content\/uploads\/2021\/01\/2020-PWMMAI-joint-support-artist-hero-image-FR-768x432.png 768w, https:\/\/www.playwrights.ca\/wp-content\/uploads\/2021\/01\/2020-PWMMAI-joint-support-artist-hero-image-FR-1536x864.png 1536w, https:\/\/www.playwrights.ca\/wp-content\/uploads\/2021\/01\/2020-PWMMAI-joint-support-artist-hero-image-FR-16x9.png 16w\" sizes=\"auto, (max-width: 706px) 89vw, (max-width: 767px) 82vw, 740px\" \/><\/div><div class=\"wp-block-getwid-content-timeline-item__content-wrapper\">\n<h3 class=\"wp-block-heading\"><a href=\"https:\/\/www.playwrights.ca\/fr\/2021\/01\/22\/2020-2021-pwmmai-support-artist\/\">Introducing 2020-2021 PWM+MAI Joint Support Artist Tanha Gomes<\/a><\/h3>\n\n\n\n<p><\/p>\n<\/div><\/div><\/div><div class=\"wp-block-getwid-content-timeline-item__point\"><div class=\"wp-block-getwid-content-timeline-item__point-content\"><\/div><\/div><div class=\"wp-block-getwid-content-timeline-item__meta\"><\/div><\/div><\/div>\n<\/div><\/div>\n\n\n\n<div style=\"height:40px\" aria-hidden=\"true\" class=\"wp-block-spacer\"><\/div>\n\n\n\n<div class=\"wp-block-getwid-section\"><div class=\"wp-block-getwid-section__wrapper\"><div class=\"wp-block-getwid-section__inner-wrapper\"><div class=\"wp-block-getwid-section__background-holder\"><div class=\"wp-block-getwid-section__background has-background\" style=\"background-color:#f9f8fb\"><\/div><div class=\"wp-block-getwid-section__foreground\"><\/div><\/div><div class=\"wp-block-getwid-section__content\"><div class=\"wp-block-getwid-section__inner-content\">\n<p class=\"has-text-align-center has-text-color\" style=\"color:#2f0bc3\"><strong>To stay updated about the PWM + MAI joint support and the latest PWM&#8217;s news, subscribe to our newsletter <a href=\"https:\/\/us7.list-manage.com\/subscribe?u=f7a5a7cdb1e30bcbb7aca8cf4&amp;id=846174290b\">ici<\/a>.<\/strong><\/p>\n<\/div><\/div><\/div><\/div><\/div>\n\n\n\n<h5 class=\"wp-block-heading has-text-align-center\" id=\"block-2a25d9de-6a5a-4161-a574-d7a573d00c6c\">THIS PROGRAM IS FINANCIALLY SUPPORTED BY THE MINISTRY OF CULTURE AND COMMUNICATIONS AND THE CITY OF MONTREAL AS PART OF L\u2019ENTENTE SUR LE D\u00c9VELOPPEMENT CULTUREL DE MONTR\u00c9AL, AS WELL AS BY THE CANADA COUNCIL FOR THE ARTS.<\/h5>\n\n\n\n<div class=\"wp-block-columns is-layout-flex wp-container-core-columns-is-layout-9d6595d7 wp-block-columns-is-layout-flex\">\n<div class=\"wp-block-column is-vertically-aligned-center is-layout-flow wp-block-column-is-layout-flow\"><div class=\"wp-block-image\">\n<figure class=\"aligncenter size-medium\"><a href=\"https:\/\/montreal.ca\"><img loading=\"lazy\" decoding=\"async\" width=\"300\" height=\"200\" src=\"https:\/\/www.playwrights.ca\/wp-content\/uploads\/2020\/07\/Montreal-City_logo-300x200.png\" alt=\"\" class=\"wp-image-7947\" srcset=\"https:\/\/www.playwrights.ca\/wp-content\/uploads\/2020\/07\/Montreal-City_logo-300x200.png 300w, https:\/\/www.playwrights.ca\/wp-content\/uploads\/2020\/07\/Montreal-City_logo-768x513.png 768w, https:\/\/www.playwrights.ca\/wp-content\/uploads\/2020\/07\/Montreal-City_logo.png 800w\" sizes=\"auto, (max-width: 300px) 100vw, 300px\" \/><\/a><\/figure>\n<\/div><\/div>\n\n\n\n<div class=\"wp-block-column is-layout-flow wp-block-column-is-layout-flow\"><div class=\"wp-block-image\">\n<figure class=\"aligncenter size-full\"><a href=\"https:\/\/www.mcc.gouv.qc.ca\"><img loading=\"lazy\" decoding=\"async\" width=\"211\" height=\"100\" src=\"https:\/\/www.playwrights.ca\/wp-content\/uploads\/2023\/09\/bandeau_signature.gif\" alt=\"\" class=\"wp-image-15137\"\/><\/a><\/figure>\n<\/div><\/div>\n\n\n\n<div class=\"wp-block-column is-vertically-aligned-center is-layout-flow wp-block-column-is-layout-flow\"><div class=\"wp-block-image\">\n<figure class=\"aligncenter size-medium\"><a href=\"https:\/\/canadacouncil.ca\"><img loading=\"lazy\" decoding=\"async\" width=\"300\" height=\"55\" src=\"https:\/\/www.playwrights.ca\/wp-content\/uploads\/2018\/10\/Canada-Council-logo_web-300x55.jpg\" alt=\"Canada Council logo\" class=\"wp-image-3991\" srcset=\"https:\/\/www.playwrights.ca\/wp-content\/uploads\/2018\/10\/Canada-Council-logo_web-300x55.jpg 300w, https:\/\/www.playwrights.ca\/wp-content\/uploads\/2018\/10\/Canada-Council-logo_web-768x141.jpg 768w, https:\/\/www.playwrights.ca\/wp-content\/uploads\/2018\/10\/Canada-Council-logo_web-1024x188.jpg 1024w, https:\/\/www.playwrights.ca\/wp-content\/uploads\/2018\/10\/Canada-Council-logo_web.jpg 1200w\" sizes=\"auto, (max-width: 300px) 100vw, 300px\" \/><\/a><\/figure>\n<\/div><\/div>\n<\/div>","protected":false},"excerpt":{"rendered":"<p>Through this program, Playwrights\u2019 Workshop Montr\u00e9al and the MAI (Montr\u00e9al, arts interculturels) join forces to support artists in theatre, performance, dance, circus, interdisciplinary arts and visual arts (with a performance component) who are interested in working with a dramaturg from theatre and performance. &nbsp; This partnership between PWM and the MAI accompanies creators (individuals or &hellip; <\/p>\n<p class=\"link-more\"><a href=\"https:\/\/www.playwrights.ca\/fr\/pwm-mai-joint-support\/\" class=\"more-link\">Continuer la lecture<span class=\"screen-reader-text\"> de &laquo; PWM + MAI joint support for artists interested in working with a dramaturg &raquo;<\/span><\/a><\/p>","protected":false},"author":13,"featured_media":15201,"parent":0,"menu_order":0,"comment_status":"closed","ping_status":"closed","template":"","meta":{"inline_featured_image":false,"ub_ctt_via":"","_exactmetrics_skip_tracking":false,"_exactmetrics_sitenote_active":false,"_exactmetrics_sitenote_note":"","_exactmetrics_sitenote_category":0,"footnotes":""},"class_list":["post-8241","page","type-page","status-publish","has-post-thumbnail","hentry"],"featured_image_src":"https:\/\/www.playwrights.ca\/wp-content\/uploads\/2023\/09\/Program-page-banner.png","yoast_head":"<!-- This site is optimized with the Yoast SEO plugin v15.0 - https:\/\/yoast.com\/wordpress\/plugins\/seo\/ -->\n<title>PWM + MAI joint support for artists interested in working with a dramaturg - Playwrights&#039; Workshop Montr\u00e9al<\/title>\n<meta name=\"description\" content=\"The PWM + MAI joint support for artists interested in working with a dramaturg accompanies creators on their journey to develop a project and explore their practice. It is aimed at artists encountering structural and systemic obstacles to their full participation in the arts because of their claimed identity and\/or perceived identity in society.\" \/>\n<meta name=\"robots\" content=\"index, follow, max-snippet:-1, max-image-preview:large, max-video-preview:-1\" \/>\n<link rel=\"canonical\" href=\"https:\/\/www.playwrights.ca\/fr\/pwm-mai-joint-support\/\" \/>\n<meta property=\"og:locale\" content=\"fr_CA\" \/>\n<meta property=\"og:type\" content=\"article\" \/>\n<meta property=\"og:title\" content=\"PWM + MAI joint support for artists interested in working with a dramaturg - Playwrights&#039; Workshop Montr\u00e9al\" \/>\n<meta property=\"og:description\" content=\"The PWM + MAI joint support for artists interested in working with a dramaturg accompanies creators on their journey to develop a project and explore their practice. It is aimed at artists encountering structural and systemic obstacles to their full participation in the arts because of their claimed identity and\/or perceived identity in society.\" \/>\n<meta property=\"og:url\" content=\"https:\/\/www.playwrights.ca\/fr\/pwm-mai-joint-support\/\" \/>\n<meta property=\"og:site_name\" content=\"Playwrights&#039; Workshop Montr\u00e9al\" \/>\n<meta property=\"article:publisher\" content=\"https:\/\/www.facebook.com\/PlaywrightsWorkshopMontreal\/\" \/>\n<meta property=\"article:modified_time\" content=\"2023-12-19T14:25:59+00:00\" \/>\n<meta property=\"og:image\" content=\"https:\/\/www.playwrights.ca\/wp-content\/uploads\/2023\/09\/Program-page-banner.png\" \/>\n\t<meta property=\"og:image:width\" content=\"1872\" \/>\n\t<meta property=\"og:image:height\" content=\"445\" \/>\n<meta name=\"twitter:card\" content=\"summary\" \/>\n<meta name=\"twitter:creator\" content=\"@PWMontreal\" \/>\n<meta name=\"twitter:site\" content=\"@PWMontreal\" \/>\n<script type=\"application\/ld+json\" class=\"yoast-schema-graph\">{\"@context\":\"https:\/\/schema.org\",\"@graph\":[{\"@type\":\"WebSite\",\"@id\":\"https:\/\/www.playwrights.ca\/fr\/#website\",\"url\":\"https:\/\/www.playwrights.ca\/fr\/\",\"name\":\"Playwrights&#039; Workshop Montr\\u00e9al\",\"description\":\"Nationally-mandated theatre development centre\",\"potentialAction\":[{\"@type\":\"SearchAction\",\"target\":\"https:\/\/www.playwrights.ca\/fr\/?s={search_term_string}\",\"query-input\":\"required name=search_term_string\"}],\"inLanguage\":\"fr-CA\"},{\"@type\":\"ImageObject\",\"@id\":\"https:\/\/www.playwrights.ca\/pwm-mai-joint-support\/#primaryimage\",\"inLanguage\":\"fr-CA\",\"url\":\"https:\/\/www.playwrights.ca\/wp-content\/uploads\/2023\/09\/Program-page-banner.png\",\"width\":1872,\"height\":445},{\"@type\":\"WebPage\",\"@id\":\"https:\/\/www.playwrights.ca\/pwm-mai-joint-support\/#webpage\",\"url\":\"https:\/\/www.playwrights.ca\/pwm-mai-joint-support\/\",\"name\":\"PWM + MAI joint support for artists interested in working with a dramaturg - Playwrights&#039; Workshop Montr\\u00e9al\",\"isPartOf\":{\"@id\":\"https:\/\/www.playwrights.ca\/fr\/#website\"},\"primaryImageOfPage\":{\"@id\":\"https:\/\/www.playwrights.ca\/pwm-mai-joint-support\/#primaryimage\"},\"datePublished\":\"2020-11-06T12:26:52+00:00\",\"dateModified\":\"2023-12-19T14:25:59+00:00\",\"description\":\"The PWM + MAI joint support for artists interested in working with a dramaturg accompanies creators on their journey to develop a project and explore their practice. It is aimed at artists encountering structural and systemic obstacles to their full participation in the arts because of their claimed identity and\/or perceived identity in society.\",\"inLanguage\":\"fr-CA\",\"potentialAction\":[{\"@type\":\"ReadAction\",\"target\":[\"https:\/\/www.playwrights.ca\/pwm-mai-joint-support\/\"]}]}]}<\/script>\n<!-- \/ Yoast SEO plugin. -->","jetpack_sharing_enabled":true,"_links":{"self":[{"href":"https:\/\/www.playwrights.ca\/fr\/wp-json\/wp\/v2\/pages\/8241","targetHints":{"allow":["GET"]}}],"collection":[{"href":"https:\/\/www.playwrights.ca\/fr\/wp-json\/wp\/v2\/pages"}],"about":[{"href":"https:\/\/www.playwrights.ca\/fr\/wp-json\/wp\/v2\/types\/page"}],"author":[{"embeddable":true,"href":"https:\/\/www.playwrights.ca\/fr\/wp-json\/wp\/v2\/users\/13"}],"replies":[{"embeddable":true,"href":"https:\/\/www.playwrights.ca\/fr\/wp-json\/wp\/v2\/comments?post=8241"}],"version-history":[{"count":15,"href":"https:\/\/www.playwrights.ca\/fr\/wp-json\/wp\/v2\/pages\/8241\/revisions"}],"predecessor-version":[{"id":15675,"href":"https:\/\/www.playwrights.ca\/fr\/wp-json\/wp\/v2\/pages\/8241\/revisions\/15675"}],"wp:featuredmedia":[{"embeddable":true,"href":"https:\/\/www.playwrights.ca\/fr\/wp-json\/wp\/v2\/media\/15201"}],"wp:attachment":[{"href":"https:\/\/www.playwrights.ca\/fr\/wp-json\/wp\/v2\/media?parent=8241"}],"curies":[{"name":"wp","href":"https:\/\/api.w.org\/{rel}","templated":true}]}}