{"id":9048,"date":"2021-04-07T11:02:44","date_gmt":"2021-04-07T15:02:44","guid":{"rendered":"https:\/\/www.playwrights.ca\/national-residencies\/glassco-translation-residency-copy\/"},"modified":"2026-04-13T09:56:47","modified_gmt":"2026-04-13T13:56:47","slug":"glassco-translation-residency","status":"publish","type":"page","link":"https:\/\/www.playwrights.ca\/fr\/partnerships\/glassco-translation-residency\/","title":{"rendered":"R\u00e9sidence de Traduction Glassco \u00e0 Tadoussac"},"content":{"rendered":"<div class=\"wp-block-getwid-section element-full-width\"><div class=\"wp-block-getwid-section__wrapper\" style=\"padding-top:16px;padding-bottom:16px\"><div class=\"wp-block-getwid-section__inner-wrapper\"><div class=\"wp-block-getwid-section__background-holder\"><div class=\"wp-block-getwid-section__background has-background\" style=\"background-color:#f4f3f7\"><\/div><div class=\"wp-block-getwid-section__foreground\"><\/div><\/div><div class=\"wp-block-getwid-section__content\"><div class=\"wp-block-getwid-section__inner-content\">\n<h3 class=\"wp-block-heading\">Applications for the 2026 Glassco Translation Residency are now closed. <a href=\"https:\/\/www.zeffy.com\/en-CA\/newsletter-form\/subscribe-to-get-notified-about-new-events-29226\" target=\"_blank\" rel=\"noreferrer noopener\">Abonnez-vous \u00e0 notre infolettre<\/a> to learn about open opportunities.<\/h3>\n<\/div><\/div><\/div><\/div><\/div>\n\n\n\n<div style=\"height:24px\" aria-hidden=\"true\" class=\"wp-block-spacer\"><\/div>\n\n\n\n<p>The Glassco Translation Residency in Tadoussac is dedicated to <strong>the art of translation for the stage<\/strong>. Throughout its distinguished history, this unique residency has supported the translation of plays into multiple languages including Cantonese, Catalan,&nbsp;Cree, English, Finnish, French, Innu-aimun,&nbsp;Italian,&nbsp;Portuguese, Spanish, Tamil, Tagalog and Urdu.<\/p>\n\n\n\n<p>For a period of ten days, the residency gives translators a quiet and pressure-free work environment in which to connect and exchange with the playwright. Set in beautiful Tadoussac, in the C\u00f4te-Nord region of Qu\u00e9bec, the residency\u2019s collaborative approach encourages the unearthing of ideas embedded within the plays \u2013 leading to a nuanced and generative translation process.<\/p>\n\n\n\n<p>Les participants sont encourag\u00e9s \u00e0 approfondir leur connaissance de l\u2019expression artistique par l\u2019entremise de discussions informelles sur les d\u00e9fis de la traduction. La richesse des \u00e9changes linguistiques et culturels est tout aussi gratifiante et repr\u00e9sente une porte d\u2019entr\u00e9e qui permet de tisser des liens solides aux quatre coins du pays.<\/p>\n\n\n\n<div class=\"wp-block-group\"><div class=\"wp-block-group__inner-container is-layout-flow wp-block-group-is-layout-flow\"><\/div><\/div>\n\n\n\n<div class=\"wp-block-group\"><div class=\"wp-block-group__inner-container is-layout-flow wp-block-group-is-layout-flow\">\n<h2 class=\"wp-block-heading\">Crit\u00e8res d\u2019admissibilit\u00e9 g\u00e9n\u00e9rales :<\/h2>\n\n\n\n<p>Plays submitted should currently be in the process of being translated. It is preferable that the project have committed interest from a theatre company for a possible production. The play should ideally have had a production in its original language. Both the playwright and the translator must be available to attend the residency together.<\/p>\n<\/div><\/div>\n\n\n\n<h2 class=\"wp-block-heading\">Histoire<\/h2>\n\n\n\n<figure class=\"wp-block-gallery has-nested-images columns-default is-cropped wp-block-gallery-1 is-layout-flex wp-block-gallery-is-layout-flex\">\n<figure class=\"wp-block-image size-large\"><img loading=\"lazy\" decoding=\"async\" width=\"350\" height=\"300\" data-id=\"4754\" src=\"https:\/\/www.playwrights.ca\/wp-content\/uploads\/2019\/03\/Tadoussac-web-photo-1.png\" alt=\"\" class=\"wp-image-4754\" srcset=\"https:\/\/www.playwrights.ca\/wp-content\/uploads\/2019\/03\/Tadoussac-web-photo-1.png 350w, https:\/\/www.playwrights.ca\/wp-content\/uploads\/2019\/03\/Tadoussac-web-photo-1-300x257.png 300w\" sizes=\"auto, (max-width: 350px) 100vw, 350px\" \/><\/figure>\n\n\n\n<figure class=\"wp-block-image size-large\"><img loading=\"lazy\" decoding=\"async\" width=\"350\" height=\"300\" data-id=\"4755\" src=\"https:\/\/www.playwrights.ca\/wp-content\/uploads\/2019\/03\/Tadoussac-web-photo-2.png\" alt=\"\" class=\"wp-image-4755\" srcset=\"https:\/\/www.playwrights.ca\/wp-content\/uploads\/2019\/03\/Tadoussac-web-photo-2.png 350w, https:\/\/www.playwrights.ca\/wp-content\/uploads\/2019\/03\/Tadoussac-web-photo-2-300x257.png 300w\" sizes=\"auto, (max-width: 350px) 100vw, 350px\" \/><\/figure>\n\n\n\n<figure class=\"wp-block-image size-large\"><img loading=\"lazy\" decoding=\"async\" width=\"350\" height=\"300\" data-id=\"4756\" src=\"https:\/\/www.playwrights.ca\/wp-content\/uploads\/2019\/03\/Tadoussac-web-photo-3.png\" alt=\"\" class=\"wp-image-4756\" srcset=\"https:\/\/www.playwrights.ca\/wp-content\/uploads\/2019\/03\/Tadoussac-web-photo-3.png 350w, https:\/\/www.playwrights.ca\/wp-content\/uploads\/2019\/03\/Tadoussac-web-photo-3-300x257.png 300w\" sizes=\"auto, (max-width: 350px) 100vw, 350px\" \/><\/figure>\n<\/figure>\n\n\n\n<p>This residency was first imagined in 1998, when William \u201cBill\u201d Glassco opened the doors of his family home, Fletcher Cottage, to translators and playwrights. Skilfully led and sculpted by Linda Gaboriau for over a decade, the residency blossomed into the exceptional program it is today. She was followed in her efforts by translator Bobby Theodore, who seamlessly continued to build on her legacy. After having participated in the residency as a translator several times, Maryse Warda stepped into the translation dramaturg role in 2022, bringing her wealth of experience and care.<\/p>\n\n\n\n<h4 class=\"wp-block-heading\">To date, the residency has translated&nbsp;81 plays:<\/h4>\n\n\n\n<ul class=\"wp-block-list\">\n<li>48 ont fait l\u2019objet de productions au Canada<\/li>\n\n\n\n<li>8 ont fait l\u2019objet de productions \u00e0 l'international<\/li>\n\n\n\n<li>5 ont fait l\u2019objet de publications<\/li>\n<\/ul>\n\n\n\n<p>Unsurprisingly, jurors on PWM\u2019s latest core grant application to the Canada Council for the Arts called it, \u201can exceptional activity\u201d &#8211; a testament to the residency\u2019s solid&nbsp;reputation in the national artistic community.<\/p>\n\n\n\n<h2 class=\"wp-block-heading\">Testimonials<\/h2>\n\n\n\n<p>Learn more about the Glassco Translation Residency directly from the participants&#8217; pens! Check out our 2025 Glassco Residency brochure.<\/p>\n\n\n\n<div data-wp-interactive=\"core\/file\" class=\"wp-block-file\"><object data-wp-bind--hidden=\"!state.hasPdfPreview\" hidden class=\"wp-block-file__embed\" data=\"https:\/\/www.playwrights.ca\/wp-content\/uploads\/2025\/09\/2025-Residency-in-Tadoussac-Brochure-6.pdf\" type=\"application\/pdf\" style=\"width:100%;height:600px\" aria-label=\"Contenu incorpor\u00e9 2025 Residency in Tadoussac Brochure .\"><\/object><a id=\"wp-block-file--media-6baf35c7-f97b-4b7b-9ff0-ead7ec3da4bb\" href=\"https:\/\/www.playwrights.ca\/wp-content\/uploads\/2025\/09\/2025-Residency-in-Tadoussac-Brochure-6.pdf\">2025 Residency in Tadoussac Brochure <\/a><a href=\"https:\/\/www.playwrights.ca\/wp-content\/uploads\/2025\/09\/2025-Residency-in-Tadoussac-Brochure-6.pdf\" class=\"wp-block-file__button wp-element-button\" download aria-describedby=\"wp-block-file--media-6baf35c7-f97b-4b7b-9ff0-ead7ec3da4bb\">Download<\/a><\/div>\n\n\n\n<h5 class=\"wp-block-heading\">YEARLY BROCHURES<\/h5>\n\n\n\n<p>Click on the year you want to read.<\/p>\n\n\n\n<h5 class=\"wp-block-heading has-black-color has-text-color\"><a href=\"https:\/\/www.playwrights.ca\/wp-content\/uploads\/2024\/08\/2024-Residency-in-Tadoussac-Brochure.pdf\" target=\"_blank\" rel=\"noreferrer noopener\">2024<\/a>, <a href=\"https:\/\/www.playwrights.ca\/wp-content\/uploads\/2023\/11\/2023-Glassco-Residency-in-Tadoussac-Brochure-A4-21-x-29.7-cm-A4-21-x-29.7-cm.pdf\" target=\"_blank\" rel=\"noreferrer noopener\">2023<\/a>, <a href=\"https:\/\/www.playwrights.ca\/wp-content\/uploads\/2023\/02\/Donor-The-2022-Residency-in-Tadoussac-Brochure-A4-21-x-29.7-cm-A4-21-x-29.7-cm.pdf\" target=\"_blank\" rel=\"noreferrer noopener\">2022<\/a>,&nbsp;<a href=\"https:\/\/www.playwrights.ca\/wp-content\/uploads\/2020\/03\/2019_Tadoussac-brochure_screens.pdf\" target=\"_blank\" rel=\"noreferrer noopener\">2019<\/a>,&nbsp;<a href=\"https:\/\/www.playwrights.ca\/wp-content\/uploads\/2019\/02\/The-2018-Glassco-Translation-Residency-in-Tadoussac-Brochure.pdf\" target=\"_blank\" rel=\"noreferrer noopener\">2018<\/a>,&nbsp;<a href=\"https:\/\/www.playwrights.ca\/wp-content\/uploads\/2019\/04\/2017-Tadoussac-brochure_for-online.pdf\" target=\"_blank\" rel=\"noreferrer noopener\">2017<\/a>,&nbsp;<a href=\"https:\/\/www.playwrights.ca\/wp-content\/uploads\/2017\/08\/2016-Tad-brochure-compressed.pdf\" target=\"_blank\" rel=\"noreferrer noopener\">2016<\/a>,&nbsp;<a href=\"https:\/\/www.playwrights.ca\/wp-content\/uploads\/2017\/08\/The-2015-Glassco-Translation-Residency-in-Tadoussac.pdf\" target=\"_blank\" rel=\"noreferrer noopener\">2015<\/a>,&nbsp;<a href=\"https:\/\/www.playwrights.ca\/wp-content\/uploads\/2017\/08\/Tadoussac-2014-brochure_compressed.pdf\" target=\"_blank\" rel=\"noreferrer noopener\">2014<\/a>,&nbsp;<a href=\"https:\/\/www.playwrights.ca\/wp-content\/uploads\/2017\/08\/Tadoussac-2013-brochure.pdf\" target=\"_blank\" rel=\"noreferrer noopener\">2013<\/a>,<br><a href=\"https:\/\/www.playwrights.ca\/wp-content\/uploads\/2017\/08\/Tadoussac-2012-brochure.pdf\" target=\"_blank\" rel=\"noreferrer noopener\">2012<\/a>,&nbsp;<a href=\"https:\/\/www.playwrights.ca\/wp-content\/uploads\/2017\/08\/Tadoussac-2011-brochure_compressed.pdf\" target=\"_blank\" rel=\"noreferrer noopener\">2011<\/a>,&nbsp;<a href=\"https:\/\/www.playwrights.ca\/wp-content\/uploads\/2017\/08\/Tadoussac-2010-brochure.pdf\" target=\"_blank\" rel=\"noreferrer noopener\">2010<\/a>,&nbsp;<a href=\"https:\/\/www.playwrights.ca\/wp-content\/uploads\/2017\/08\/Tadoussac-2009-brochure.pdf\" target=\"_blank\" rel=\"noreferrer noopener\">2009<\/a>,&nbsp;<a href=\"https:\/\/www.playwrights.ca\/wp-content\/uploads\/2017\/08\/Tadoussac-2008-brochure.pdf\" target=\"_blank\" rel=\"noreferrer noopener\">2008<\/a>,&nbsp;<a href=\"https:\/\/www.playwrights.ca\/wp-content\/uploads\/2017\/08\/Tadoussac-2007-brochure.pdf\" target=\"_blank\" rel=\"noreferrer noopener\">2007<\/a>,&nbsp;<a href=\"https:\/\/www.playwrights.ca\/wp-content\/uploads\/2017\/08\/Tadoussac-2006-brochure.pdf\" target=\"_blank\" rel=\"noreferrer noopener\">2006<\/a><\/h5>\n\n\n\n<h5 class=\"wp-block-heading\">CALLS FOR APPLICATIONS<\/h5>\n\n\n\n<p><a href=\"https:\/\/www.playwrights.ca\/fr\/2025\/01\/17\/2025-glassco-translation-residency-in-tadoussac\/\" target=\"_blank\" rel=\"noreferrer noopener\">Click here to read our latest Call for Applications to this program.<\/a><\/p>\n\n\n\n<hr class=\"wp-block-separator has-css-opacity is-style-wide\"\/>\n\n\n\n<p>La R\u00e9sidence de traduction Glassco \u00e0 Tadoussac est rendue possible gr\u00e2ce \u00e0 notre partenariat avec le Programme de Conversations Interculturelles de la Fondation Cole, au d\u00e9vouement de la productrice de la r\u00e9sidence Briony Glassco, ainsi qu'aux donations \u00e0 la m\u00e9moire du grand artiste th\u00e9\u00e2tral canadien, Bill Glassco. Nous sommes \u00e9galement reconnaissants envers le Conseil des arts du Canada, le Conseil des arts et des lettres du Qu\u00e9bec et le Conseil des arts de Montr\u00e9al pour leur soutien continu.<\/p>\n\n\n<div class=\"wp-block-image\">\n<figure class=\"aligncenter size-full is-resized\"><img loading=\"lazy\" decoding=\"async\" width=\"810\" height=\"300\" src=\"https:\/\/www.playwrights.ca\/wp-content\/uploads\/2018\/11\/Tadoussac-supporters.png\" alt=\"Supporters: The Cole Foundation, Friends and Family of Bill Glassco, The Canada Council for the Arts, Le Conseil des arts et des lettres du Qu\u00e9bec, Le Conseil des arts et des lettres du Qu\u00e9bec\" class=\"wp-image-3566\" style=\"width:810px;height:300px\" srcset=\"https:\/\/www.playwrights.ca\/wp-content\/uploads\/2018\/11\/Tadoussac-supporters.png 810w, https:\/\/www.playwrights.ca\/wp-content\/uploads\/2018\/11\/Tadoussac-supporters-300x111.png 300w, https:\/\/www.playwrights.ca\/wp-content\/uploads\/2018\/11\/Tadoussac-supporters-768x284.png 768w\" sizes=\"auto, (max-width: 706px) 89vw, (max-width: 767px) 82vw, 740px\" \/><\/figure>\n<\/div>","protected":false},"excerpt":{"rendered":"<p>The Glassco Translation Residency in Tadoussac is dedicated to the art of translation for the stage. Throughout its distinguished history, this unique residency has supported the translation of plays into multiple languages including Cantonese, Catalan,&nbsp;Cree, English, Finnish, French, Innu-aimun,&nbsp;Italian,&nbsp;Portuguese, Spanish, Tamil, Tagalog and Urdu. For a period of ten days, the residency gives translators a &hellip; <\/p>\n<p class=\"link-more\"><a href=\"https:\/\/www.playwrights.ca\/fr\/partnerships\/glassco-translation-residency\/\" class=\"more-link\">Continuer la lecture<span class=\"screen-reader-text\"> de &laquo; Glassco Translation Residency in Tadoussac &raquo;<\/span><\/a><\/p>","protected":false},"author":13,"featured_media":13376,"parent":137,"menu_order":0,"comment_status":"closed","ping_status":"closed","template":"","meta":{"inline_featured_image":false,"ub_ctt_via":"","_exactmetrics_skip_tracking":false,"_exactmetrics_sitenote_active":false,"_exactmetrics_sitenote_note":"","_exactmetrics_sitenote_category":0,"footnotes":""},"class_list":["post-9048","page","type-page","status-publish","has-post-thumbnail","hentry"],"featured_image_src":"https:\/\/www.playwrights.ca\/wp-content\/uploads\/2023\/02\/Untitled-design-2.png","yoast_head":"<!-- This site is optimized with the Yoast SEO plugin v15.0 - https:\/\/yoast.com\/wordpress\/plugins\/seo\/ -->\n<title>Glassco Translation Residency in Tadoussac<\/title>\n<meta name=\"description\" content=\"The Glassco Translation Residency in Tadoussac offers Canada&#039;s finest playwrights and translators an intensive work environment free from daily pressures.\" \/>\n<meta name=\"robots\" content=\"index, follow, max-snippet:-1, max-image-preview:large, max-video-preview:-1\" \/>\n<link rel=\"canonical\" href=\"https:\/\/www.playwrights.ca\/fr\/partnerships\/glassco-translation-residency\/\" \/>\n<meta property=\"og:locale\" content=\"fr_CA\" \/>\n<meta property=\"og:type\" content=\"article\" \/>\n<meta property=\"og:title\" content=\"Glassco Translation Residency in Tadoussac\" \/>\n<meta property=\"og:description\" content=\"The Glassco Translation Residency in Tadoussac offers Canada&#039;s finest playwrights and translators an intensive work environment free from daily pressures.\" \/>\n<meta property=\"og:url\" content=\"https:\/\/www.playwrights.ca\/fr\/partnerships\/glassco-translation-residency\/\" \/>\n<meta property=\"og:site_name\" content=\"Playwrights&#039; Workshop Montr\u00e9al\" \/>\n<meta property=\"article:publisher\" content=\"https:\/\/www.facebook.com\/PlaywrightsWorkshopMontreal\/\" \/>\n<meta property=\"article:modified_time\" content=\"2026-04-13T13:56:47+00:00\" \/>\n<meta property=\"og:image\" content=\"https:\/\/www.playwrights.ca\/wp-content\/uploads\/2023\/02\/Untitled-design-2.png\" \/>\n\t<meta property=\"og:image:width\" content=\"2000\" \/>\n\t<meta property=\"og:image:height\" content=\"474\" \/>\n<meta name=\"twitter:card\" content=\"summary\" \/>\n<meta name=\"twitter:creator\" content=\"@PWMontreal\" \/>\n<meta name=\"twitter:site\" content=\"@PWMontreal\" \/>\n<script type=\"application\/ld+json\" class=\"yoast-schema-graph\">{\"@context\":\"https:\/\/schema.org\",\"@graph\":[{\"@type\":\"WebSite\",\"@id\":\"https:\/\/www.playwrights.ca\/fr\/#website\",\"url\":\"https:\/\/www.playwrights.ca\/fr\/\",\"name\":\"Playwrights&#039; Workshop Montr\\u00e9al\",\"description\":\"Nationally-mandated theatre development centre\",\"potentialAction\":[{\"@type\":\"SearchAction\",\"target\":\"https:\/\/www.playwrights.ca\/fr\/?s={search_term_string}\",\"query-input\":\"required name=search_term_string\"}],\"inLanguage\":\"fr-CA\"},{\"@type\":\"ImageObject\",\"@id\":\"https:\/\/www.playwrights.ca\/partnerships\/glassco-translation-residency\/#primaryimage\",\"inLanguage\":\"fr-CA\",\"url\":\"https:\/\/www.playwrights.ca\/wp-content\/uploads\/2023\/02\/Untitled-design-2.png\",\"width\":2000,\"height\":474},{\"@type\":\"WebPage\",\"@id\":\"https:\/\/www.playwrights.ca\/partnerships\/glassco-translation-residency\/#webpage\",\"url\":\"https:\/\/www.playwrights.ca\/partnerships\/glassco-translation-residency\/\",\"name\":\"Glassco Translation Residency in Tadoussac\",\"isPartOf\":{\"@id\":\"https:\/\/www.playwrights.ca\/fr\/#website\"},\"primaryImageOfPage\":{\"@id\":\"https:\/\/www.playwrights.ca\/partnerships\/glassco-translation-residency\/#primaryimage\"},\"datePublished\":\"2021-04-07T15:02:44+00:00\",\"dateModified\":\"2026-04-13T13:56:47+00:00\",\"description\":\"The Glassco Translation Residency in Tadoussac offers Canada's finest playwrights and translators an intensive work environment free from daily pressures.\",\"inLanguage\":\"fr-CA\",\"potentialAction\":[{\"@type\":\"ReadAction\",\"target\":[\"https:\/\/www.playwrights.ca\/partnerships\/glassco-translation-residency\/\"]}]}]}<\/script>\n<!-- \/ Yoast SEO plugin. -->","jetpack_sharing_enabled":true,"_links":{"self":[{"href":"https:\/\/www.playwrights.ca\/fr\/wp-json\/wp\/v2\/pages\/9048","targetHints":{"allow":["GET"]}}],"collection":[{"href":"https:\/\/www.playwrights.ca\/fr\/wp-json\/wp\/v2\/pages"}],"about":[{"href":"https:\/\/www.playwrights.ca\/fr\/wp-json\/wp\/v2\/types\/page"}],"author":[{"embeddable":true,"href":"https:\/\/www.playwrights.ca\/fr\/wp-json\/wp\/v2\/users\/13"}],"replies":[{"embeddable":true,"href":"https:\/\/www.playwrights.ca\/fr\/wp-json\/wp\/v2\/comments?post=9048"}],"version-history":[{"count":135,"href":"https:\/\/www.playwrights.ca\/fr\/wp-json\/wp\/v2\/pages\/9048\/revisions"}],"predecessor-version":[{"id":19152,"href":"https:\/\/www.playwrights.ca\/fr\/wp-json\/wp\/v2\/pages\/9048\/revisions\/19152"}],"up":[{"embeddable":true,"href":"https:\/\/www.playwrights.ca\/fr\/wp-json\/wp\/v2\/pages\/137"}],"wp:featuredmedia":[{"embeddable":true,"href":"https:\/\/www.playwrights.ca\/fr\/wp-json\/wp\/v2\/media\/13376"}],"wp:attachment":[{"href":"https:\/\/www.playwrights.ca\/fr\/wp-json\/wp\/v2\/media?parent=9048"}],"curies":[{"name":"wp","href":"https:\/\/api.w.org\/{rel}","templated":true}]}}